{"id":21696,"date":"2025-01-24T09:09:05","date_gmt":"2025-01-24T09:09:05","guid":{"rendered":"https:\/\/www.blockmoulds.com\/anleitungen\/guide-to-producing-interlocking-concrete-blocks\/"},"modified":"2025-02-25T14:21:01","modified_gmt":"2025-02-25T14:21:01","slug":"stapelbaren-betonbloecken","status":"publish","type":"page","link":"https:\/\/www.blockmoulds.com\/de\/anleitungen\/stapelbaren-betonbloecken\/","title":{"rendered":"Anleitung zur Herstellung von stapelbaren Betonbl\u00f6cken"},"content":{"rendered":"<div class=\"wpb-content-wrapper\"><p>[vc_row css=&#8220;.vc_custom_1575389208941{margin-top: 20px !important;}&#8220;][vc_column][vc_column_text css=&#8220;&#8220;]<\/p>\n<h2 class=\"title30 title-underline font-bold text-uppercase poppins-font text-center\" style=\"text-align: center;\">JEDER KANN STAPELBARE BL\u00d6CKE AUS BETON HERSTELLEN!<\/h2>\n<p style=\"text-align: center;\">Vorgefertigte Betonstapelbl\u00f6cke k\u00f6nnen einfach hergestellt werden, indem die folgenden Anweisungen befolgt werden. Gie\u00dfen Sie je nach Bedarf verschiedene Betonbl\u00f6cke und reduzieren Sie die Investitionskosten auf ein Minimum. Vom gegossenen Beton bis zum fertigen Betonstein.<\/p>\n<p>[\/vc_column_text][\/vc_column][\/vc_row][vc_row full_width=&#8220;stretch_row&#8220; equal_height=&#8220;yes&#8220; css=&#8220;.vc_custom_1575389214932{padding-top: 20px !important;padding-bottom: 15px !important;}&#8220;][vc_column width=&#8220;1\/3&#8243; css=&#8220;.vc_custom_1574358433425{background-color: #ffffff !important;}&#8220;][vc_single_image image=&#8220;3303&#8243; img_size=&#8220;720&#215;430&#8243; css_animation=&#8220;zoomIn&#8220;][vc_column_text css=&#8220;.vc_custom_1584370650705{padding-right: 20px !important;padding-left: 20px !important;}&#8220;]<\/p>\n<h2 class=\"title30 title-underline font-bold text-uppercase poppins-font text-left\" style=\"text-align: center;\">SCHRITT 1<\/h2>\n<h4 class=\"vc_custom_heading\" style=\"text-align: center;\"><strong>VORBEREITUNG<\/strong><\/h4>\n<p style=\"text-align: center;\">Legen Sie eine Platte aus Stahl oder Beton auf den Boden, um eine ebene Oberfl\u00e4che zu erhalten, und legen Sie die Gussformkonstruktion darauf. Wenn die Form bereits verwendet wurde, reinigen Sie sie zuerst und entfernen Sie alle eventuellen Betonreste.<\/p>\n<p>[\/vc_column_text][\/vc_column][vc_column width=&#8220;1\/3&#8243; css=&#8220;.vc_custom_1574358441365{background-color: #ffffff !important;}&#8220;][vc_single_image image=&#8220;3307&#8243; img_size=&#8220;720&#215;430&#8243; css_animation=&#8220;zoomIn&#8220;][vc_column_text css=&#8220;.vc_custom_1584371069358{padding-right: 20px !important;padding-bottom: 53px !important;padding-left: 20px !important;}&#8220;]<\/p>\n<h2 class=\"title30 title-underline font-bold text-uppercase poppins-font text-center\" style=\"text-align: center;\">SCHRITT 2<\/h2>\n<h4 class=\"vc_custom_heading\" style=\"text-align: center;\"><strong>ANBRINGEN L\u00d6SUNGSMITTEL<\/strong><\/h4>\n<p style=\"text-align: center;\">Spr\u00fchen Sie ein Schal\u00f6l in die Gussform. Stellen Sie sicher, dass Sie die ganze Oberfl\u00e4che an der Innenseite der Form und den Boden einspr\u00fchen.<\/p>\n<p>[\/vc_column_text][\/vc_column][vc_column width=&#8220;1\/3&#8243; css=&#8220;.vc_custom_1574358454873{background-color: #ffffff !important;}&#8220;][vc_single_image image=&#8220;3336&#8243; img_size=&#8220;720&#215;430&#8243; css_animation=&#8220;zoomIn&#8220;][vc_column_text css=&#8220;.vc_custom_1584371127012{padding-right: 20px !important;padding-bottom: 69px !important;padding-left: 20px !important;}&#8220;]<\/p>\n<h2 class=\"title30 title-underline font-bold text-uppercase poppins-font text-center\" style=\"text-align: center;\">SCHRITT 3<\/h2>\n<h4 class=\"vc_custom_heading\" style=\"text-align: center;\"><strong>MISCHEN UND GIESSEN DES BETONS<\/strong><\/h4>\n<p style=\"text-align: center;\">Gie\u00dfen Sie den Beton in die Gussform. Stellen Sie sicher, dass Sie die Form vollst\u00e4ndig f\u00fcllen.<\/p>\n<p>[\/vc_column_text][\/vc_column][\/vc_row][vc_row full_width=&#8220;stretch_row&#8220; equal_height=&#8220;yes&#8220; css=&#8220;.vc_custom_1558555360312{padding-top: 30px !important;padding-bottom: 15px !important;}&#8220;][vc_column width=&#8220;1\/3&#8243; css=&#8220;.vc_custom_1574358464800{background-color: #ffffff !important;}&#8220;][vc_single_image image=&#8220;3340&#8243; img_size=&#8220;720&#215;430&#8243; css_animation=&#8220;zoomIn&#8220;][vc_column_text css=&#8220;.vc_custom_1584371146562{padding-right: 20px !important;padding-left: 20px !important;}&#8220;]<\/p>\n<h2 class=\"title30 title-underline font-bold text-uppercase poppins-font text-center\" style=\"text-align: center;\">SCHRITT 4<\/h2>\n<h4 class=\"vc_custom_heading\" style=\"text-align: center;\"><strong>R\u00dcTTELN<\/strong><\/h4>\n<p style=\"text-align: center;\">Verwenden Sie w\u00e4hrend des Gie\u00dfens einen Betonr\u00fcttler, um Luftblasen zu entfernen und den Beton zu verdichten. Luftblasen k\u00f6nnen den Beton erheblich schw\u00e4chen. W\u00e4hrend des Vibrierens werden Sie kleine Luftblasen nach oben steigen sehen und es entsteht eine flache und glatte Oberfl\u00e4che.<\/p>\n<p>[\/vc_column_text][\/vc_column][vc_column width=&#8220;1\/3&#8243; css=&#8220;.vc_custom_1574358473702{background-color: #ffffff !important;}&#8220;][vc_single_image image=&#8220;3344&#8243; img_size=&#8220;720&#215;430&#8243; css_animation=&#8220;zoomIn&#8220;][vc_column_text css=&#8220;.vc_custom_1584371227325{padding-right: 20px !important;padding-bottom: 35px !important;padding-left: 20px !important;}&#8220;]<\/p>\n<h2 class=\"title30 title-underline font-bold text-uppercase poppins-font text-center\" style=\"text-align: center;\">SCHRITT 5<\/h2>\n<h4 class=\"vc_custom_heading\" style=\"text-align: center;\"><strong>STREICHEN SIE DEN BETON GLATT<\/strong><\/h4>\n<p style=\"text-align: center;\">Egalisieren Sie den Beton mithilfe einer Truffel (Gl\u00e4ttkelle) um eine glatte und dichte Oberfl\u00e4che zu erzeugen. Beachten Sie die Aush\u00e4rtezeit des Betons, die von der Betonmischung und der Produktionsumgebung abh\u00e4ngt.<\/p>\n<p>[\/vc_column_text][\/vc_column][vc_column width=&#8220;1\/3&#8243; css=&#8220;.vc_custom_1574358483841{background-color: #ffffff !important;}&#8220;][vc_single_image image=&#8220;5076&#8243; img_size=&#8220;720&#215;430&#8243; css_animation=&#8220;zoomIn&#8220;][vc_column_text css=&#8220;.vc_custom_1585043080550{padding-right: 20px !important;padding-bottom: 34px !important;padding-left: 20px !important;}&#8220;]<\/p>\n<h2 class=\"title30 title-underline font-bold text-uppercase poppins-font text-center\" style=\"text-align: center;\">SCHRITT 6<\/h2>\n<h4 class=\"vc_custom_heading\" style=\"text-align: center;\"><strong>DIE FORM \u00d6FFNEN<\/strong><\/h4>\n<p style=\"text-align: center;\">Entfernen Sie die Keile mit einem Hammer und setzen Sie sie in die speziell daf\u00fcr vorgesehenen Aussparungen an der Au\u00dfenseite der Seitenverkleidung ein. \u00d6ffnen Sie die Form einfach mit dem speziellen <a href=\"https:\/\/www.blockmoulds.com\/de\/shop\/formoeffner\/\"><strong>Form\u00f6ffner<\/strong><\/a>.<\/p>\n<p>[\/vc_column_text][\/vc_column][\/vc_row][vc_row full_width=&#8220;stretch_row_content_no_spaces&#8220; css=&#8220;.vc_custom_1574363755266{margin-top: 30px !important;padding-top: 45px !important;padding-bottom: 20px !important;background-color: #ffffff !important;}&#8220;][vc_column][vc_column_text css=&#8220;.vc_custom_1584370902152{padding-right: 20px !important;padding-left: 20px !important;}&#8220;]<\/p>\n<h2 class=\"title30 title-underline font-bold text-uppercase poppins-font text-center\" style=\"text-align: center;\">SCHRITT 7<\/h2>\n<h4 class=\"vc_custom_heading\" style=\"text-align: center;\"><strong>GEBRAUCHSFERTIG!<\/strong><\/h4>\n<p style=\"text-align: center;\">Nach dem \u00d6ffnen der Form ist Ihr Block einsatzbereit, nachdem der Beton vollst\u00e4ndig ausgeh\u00e4rtet ist. Die hergestellten Bl\u00f6cke k\u00f6nnen einfach mit unserem Zubeh\u00f6r, wie Bl\u00f6ckenklemmen, einem Blockkippvorrichtung oder Hebeb\u00fcgeln oder Hebejoch, positioniert oder gestapelt werden.<\/p>\n<p>[\/vc_column_text][vc_media_grid element_width=&#8220;2&#8243; gap=&#8220;0&#8243; grid_id=&#8220;vc_gid:1740493237029-1ad3119c-0e67-8&#8243; include=&#8220;3166,3162,3155,3074,2810,2772&#8243;][\/vc_column][\/vc_row][vc_column width=&#8220;1\/3&#8243; css=&#8220;.vc_custom_1555240453077{background-color: #ffffff !important;}&#8220;][\/vc_column]<\/p>\n<\/div>","protected":false},"excerpt":{"rendered":"<p>[vc_row css=&#8220;.vc_custom_1575389208941{margin-top: 20px !important;}&#8220;][vc_column][vc_column_text css=&#8220;&#8220;] JEDER KANN STAPELBARE BL\u00d6CKE AUS BETON HERSTELLEN! Vorgefertigte Betonstapelbl\u00f6cke k\u00f6nnen einfach hergestellt werden, indem die folgenden Anweisungen befolgt werden. Gie\u00dfen Sie je nach Bedarf verschiedene Betonbl\u00f6cke und reduzieren Sie die Investitionskosten auf ein Minimum. Vom gegossenen Beton bis zum fertigen Betonstein. [\/vc_column_text][\/vc_column][\/vc_row][vc_row full_width=&#8220;stretch_row&#8220; equal_height=&#8220;yes&#8220; css=&#8220;.vc_custom_1575389214932{padding-top: 20px !important;padding-bottom: 15px !important;}&#8220;][vc_column width=&#8220;1\/3&#8243; [&hellip;]<\/p>\n","protected":false},"author":2,"featured_media":0,"parent":7441,"menu_order":0,"comment_status":"closed","ping_status":"closed","template":"","meta":{"footnotes":""},"class_list":["post-21696","page","type-page","status-publish","hentry"],"yoast_head":"<!-- This site is optimized with the Yoast SEO plugin v27.4 - https:\/\/yoast.com\/product\/yoast-seo-wordpress\/ -->\n<title>Anleitung zur Herstellung von stapelbaren Betonbl\u00f6cken - Block Moulds<\/title>\n<meta name=\"description\" content=\"Unsere Anleitung zum Gie\u00dfen von stapelbaren Betonbl\u00f6cken. Jeder kann Stapelbl\u00f6cke aus Beton herstellen.\" \/>\n<meta name=\"robots\" content=\"index, follow, max-snippet:-1, max-image-preview:large, max-video-preview:-1\" \/>\n<link rel=\"canonical\" href=\"https:\/\/www.blockmoulds.com\/de\/anleitungen\/stapelbaren-betonbloecken\/\" \/>\n<meta property=\"og:locale\" content=\"de_DE\" \/>\n<meta property=\"og:type\" content=\"article\" \/>\n<meta property=\"og:title\" content=\"Anleitung zur Herstellung von stapelbaren Betonbl\u00f6cken - Block Moulds\" \/>\n<meta property=\"og:description\" content=\"Unsere Anleitung zum Gie\u00dfen von stapelbaren Betonbl\u00f6cken. Jeder kann Stapelbl\u00f6cke aus Beton herstellen.\" \/>\n<meta property=\"og:url\" content=\"https:\/\/www.blockmoulds.com\/de\/anleitungen\/stapelbaren-betonbloecken\/\" \/>\n<meta property=\"og:site_name\" content=\"Block Moulds\" \/>\n<meta property=\"article:modified_time\" content=\"2025-02-25T14:21:01+00:00\" \/>\n<meta name=\"twitter:card\" content=\"summary_large_image\" \/>\n<meta name=\"twitter:label1\" content=\"Gesch\u00e4tzte Lesezeit\" \/>\n\t<meta name=\"twitter:data1\" content=\"5\u00a0Minuten\" \/>\n<script type=\"application\/ld+json\" class=\"yoast-schema-graph\">{\"@context\":\"https:\\\/\\\/schema.org\",\"@graph\":[{\"@type\":\"WebPage\",\"@id\":\"https:\\\/\\\/www.blockmoulds.com\\\/de\\\/anleitungen\\\/stapelbaren-betonbloecken\\\/\",\"url\":\"https:\\\/\\\/www.blockmoulds.com\\\/de\\\/anleitungen\\\/stapelbaren-betonbloecken\\\/\",\"name\":\"Anleitung zur Herstellung von stapelbaren Betonbl\u00f6cken - Block Moulds\",\"isPartOf\":{\"@id\":\"https:\\\/\\\/www.blockmoulds.com\\\/de\\\/#website\"},\"datePublished\":\"2025-01-24T09:09:05+00:00\",\"dateModified\":\"2025-02-25T14:21:01+00:00\",\"description\":\"Unsere Anleitung zum Gie\u00dfen von stapelbaren Betonbl\u00f6cken. Jeder kann Stapelbl\u00f6cke aus Beton herstellen.\",\"breadcrumb\":{\"@id\":\"https:\\\/\\\/www.blockmoulds.com\\\/de\\\/anleitungen\\\/stapelbaren-betonbloecken\\\/#breadcrumb\"},\"inLanguage\":\"de\",\"potentialAction\":[{\"@type\":\"ReadAction\",\"target\":[\"https:\\\/\\\/www.blockmoulds.com\\\/de\\\/anleitungen\\\/stapelbaren-betonbloecken\\\/\"]}]},{\"@type\":\"BreadcrumbList\",\"@id\":\"https:\\\/\\\/www.blockmoulds.com\\\/de\\\/anleitungen\\\/stapelbaren-betonbloecken\\\/#breadcrumb\",\"itemListElement\":[{\"@type\":\"ListItem\",\"position\":1,\"name\":\"Home\",\"item\":\"https:\\\/\\\/www.blockmoulds.com\\\/de\\\/\"},{\"@type\":\"ListItem\",\"position\":2,\"name\":\"Anleitungen\",\"item\":\"https:\\\/\\\/www.blockmoulds.com\\\/de\\\/anleitungen\\\/\"},{\"@type\":\"ListItem\",\"position\":3,\"name\":\"Anleitung zur Herstellung von stapelbaren Betonbl\u00f6cken\"}]},{\"@type\":\"WebSite\",\"@id\":\"https:\\\/\\\/www.blockmoulds.com\\\/de\\\/#website\",\"url\":\"https:\\\/\\\/www.blockmoulds.com\\\/de\\\/\",\"name\":\"Block Moulds\",\"description\":\"Benefits of modular construction\",\"potentialAction\":[{\"@type\":\"SearchAction\",\"target\":{\"@type\":\"EntryPoint\",\"urlTemplate\":\"https:\\\/\\\/www.blockmoulds.com\\\/de\\\/?s={search_term_string}\"},\"query-input\":{\"@type\":\"PropertyValueSpecification\",\"valueRequired\":true,\"valueName\":\"search_term_string\"}}],\"inLanguage\":\"de\"}]}<\/script>\n<!-- \/ Yoast SEO plugin. -->","yoast_head_json":{"title":"Anleitung zur Herstellung von stapelbaren Betonbl\u00f6cken - Block Moulds","description":"Unsere Anleitung zum Gie\u00dfen von stapelbaren Betonbl\u00f6cken. Jeder kann Stapelbl\u00f6cke aus Beton herstellen.","robots":{"index":"index","follow":"follow","max-snippet":"max-snippet:-1","max-image-preview":"max-image-preview:large","max-video-preview":"max-video-preview:-1"},"canonical":"https:\/\/www.blockmoulds.com\/de\/anleitungen\/stapelbaren-betonbloecken\/","og_locale":"de_DE","og_type":"article","og_title":"Anleitung zur Herstellung von stapelbaren Betonbl\u00f6cken - Block Moulds","og_description":"Unsere Anleitung zum Gie\u00dfen von stapelbaren Betonbl\u00f6cken. Jeder kann Stapelbl\u00f6cke aus Beton herstellen.","og_url":"https:\/\/www.blockmoulds.com\/de\/anleitungen\/stapelbaren-betonbloecken\/","og_site_name":"Block Moulds","article_modified_time":"2025-02-25T14:21:01+00:00","twitter_card":"summary_large_image","twitter_misc":{"Gesch\u00e4tzte Lesezeit":"5\u00a0Minuten"},"schema":{"@context":"https:\/\/schema.org","@graph":[{"@type":"WebPage","@id":"https:\/\/www.blockmoulds.com\/de\/anleitungen\/stapelbaren-betonbloecken\/","url":"https:\/\/www.blockmoulds.com\/de\/anleitungen\/stapelbaren-betonbloecken\/","name":"Anleitung zur Herstellung von stapelbaren Betonbl\u00f6cken - Block Moulds","isPartOf":{"@id":"https:\/\/www.blockmoulds.com\/de\/#website"},"datePublished":"2025-01-24T09:09:05+00:00","dateModified":"2025-02-25T14:21:01+00:00","description":"Unsere Anleitung zum Gie\u00dfen von stapelbaren Betonbl\u00f6cken. Jeder kann Stapelbl\u00f6cke aus Beton herstellen.","breadcrumb":{"@id":"https:\/\/www.blockmoulds.com\/de\/anleitungen\/stapelbaren-betonbloecken\/#breadcrumb"},"inLanguage":"de","potentialAction":[{"@type":"ReadAction","target":["https:\/\/www.blockmoulds.com\/de\/anleitungen\/stapelbaren-betonbloecken\/"]}]},{"@type":"BreadcrumbList","@id":"https:\/\/www.blockmoulds.com\/de\/anleitungen\/stapelbaren-betonbloecken\/#breadcrumb","itemListElement":[{"@type":"ListItem","position":1,"name":"Home","item":"https:\/\/www.blockmoulds.com\/de\/"},{"@type":"ListItem","position":2,"name":"Anleitungen","item":"https:\/\/www.blockmoulds.com\/de\/anleitungen\/"},{"@type":"ListItem","position":3,"name":"Anleitung zur Herstellung von stapelbaren Betonbl\u00f6cken"}]},{"@type":"WebSite","@id":"https:\/\/www.blockmoulds.com\/de\/#website","url":"https:\/\/www.blockmoulds.com\/de\/","name":"Block Moulds","description":"Benefits of modular construction","potentialAction":[{"@type":"SearchAction","target":{"@type":"EntryPoint","urlTemplate":"https:\/\/www.blockmoulds.com\/de\/?s={search_term_string}"},"query-input":{"@type":"PropertyValueSpecification","valueRequired":true,"valueName":"search_term_string"}}],"inLanguage":"de"}]}},"_links":{"self":[{"href":"https:\/\/www.blockmoulds.com\/de\/wp-json\/wp\/v2\/pages\/21696","targetHints":{"allow":["GET"]}}],"collection":[{"href":"https:\/\/www.blockmoulds.com\/de\/wp-json\/wp\/v2\/pages"}],"about":[{"href":"https:\/\/www.blockmoulds.com\/de\/wp-json\/wp\/v2\/types\/page"}],"author":[{"embeddable":true,"href":"https:\/\/www.blockmoulds.com\/de\/wp-json\/wp\/v2\/users\/2"}],"replies":[{"embeddable":true,"href":"https:\/\/www.blockmoulds.com\/de\/wp-json\/wp\/v2\/comments?post=21696"}],"version-history":[{"count":6,"href":"https:\/\/www.blockmoulds.com\/de\/wp-json\/wp\/v2\/pages\/21696\/revisions"}],"predecessor-version":[{"id":22457,"href":"https:\/\/www.blockmoulds.com\/de\/wp-json\/wp\/v2\/pages\/21696\/revisions\/22457"}],"up":[{"embeddable":true,"href":"https:\/\/www.blockmoulds.com\/de\/wp-json\/wp\/v2\/pages\/7441"}],"wp:attachment":[{"href":"https:\/\/www.blockmoulds.com\/de\/wp-json\/wp\/v2\/media?parent=21696"}],"curies":[{"name":"wp","href":"https:\/\/api.w.org\/{rel}","templated":true}]}}