{"id":7441,"date":"2018-03-22T07:13:19","date_gmt":"2018-03-22T07:13:19","guid":{"rendered":"https:\/\/www.blockmoulds.com\/instructions\/"},"modified":"2025-02-25T14:17:13","modified_gmt":"2025-02-25T14:17:13","slug":"anleitungen","status":"publish","type":"page","link":"https:\/\/www.blockmoulds.com\/de\/anleitungen\/","title":{"rendered":"Anleitungen"},"content":{"rendered":"<div class=\"wpb-content-wrapper\"><p>[vc_row css=&#8220;.vc_custom_1575389208941{margin-top: 20px !important;}&#8220;][vc_column][vc_column_text css=&#8220;&#8220;]<\/p>\n<h2 class=\"title30 title-underline font-bold text-uppercase poppins-font text-center\" style=\"text-align: center;\">ANLEITUNGEN<\/h2>\n<p>[\/vc_column_text][\/vc_column][\/vc_row][vc_row full_width=&#8220;stretch_row&#8220; equal_height=&#8220;yes&#8220; css=&#8220;.vc_custom_1575389214932{padding-top: 20px !important;padding-bottom: 15px !important;}&#8220;][vc_column width=&#8220;1\/2&#8243; css=&#8220;.vc_custom_1574358433425{background-color: #ffffff !important;}&#8220;][vc_single_image image=&#8220;21723&#8243; img_size=&#8220;720&#215;430&#8243; onclick=&#8220;custom_link&#8220; css_animation=&#8220;zoomIn&#8220; css=&#8220;&#8220; link=&#8220;https:\/\/www.blockmoulds.com\/de\/anleitungen\/stapelbaren-betonbloecken\/&#8220;][vc_column_text css=&#8220;.vc_custom_1737713116348{padding-right: 20px !important;padding-left: 20px !important;}&#8220;]<\/p>\n<p style=\"text-align: center;\"><a href=\"https:\/\/www.blockmoulds.com\/de\/anleitungen\/stapelbaren-betonbloecken\/\">ANLEITUNG ZUR HERSTELLUNG VON<\/a><\/p>\n<h2 class=\"title30 title-underline font-bold text-uppercase poppins-font text-center\" style=\"text-align: center;\"><a href=\"https:\/\/www.blockmoulds.com\/de\/anleitungen\/stapelbaren-betonbloecken\/\">STAPELBAREN BETONBL\u00d6CKEN<\/a><\/h2>\n<p>[\/vc_column_text][\/vc_column][vc_column width=&#8220;1\/2&#8243; css=&#8220;.vc_custom_1574358441365{background-color: #ffffff !important;}&#8220;][vc_single_image image=&#8220;21608&#8243; img_size=&#8220;720&#215;430&#8243; onclick=&#8220;custom_link&#8220; css_animation=&#8220;zoomIn&#8220; css=&#8220;&#8220; link=&#8220;https:\/\/www.blockmoulds.com\/de\/anleitungen\/hebeankern\/&#8220;][vc_column_text css=&#8220;.vc_custom_1737713327674{padding-right: 20px !important;padding-left: 20px !important;}&#8220;]<\/p>\n<p style=\"text-align: center;\"><a href=\"https:\/\/www.blockmoulds.com\/de\/anleitungen\/hebeankern\/\">ANLEITUNG ZUR INSTALLATION VON\u00a0<\/a><\/p>\n<h2 class=\"title30 title-underline font-bold text-uppercase poppins-font text-center\" style=\"text-align: center;\"><a href=\"https:\/\/www.blockmoulds.com\/de\/anleitungen\/hebeankern\/\">HEBEANKERN IN GUSSFORMEN<\/a><\/h2>\n<p>[\/vc_column_text][\/vc_column][\/vc_row][vc_column width=&#8220;1\/3&#8243; css=&#8220;.vc_custom_1555240453077{background-color: #ffffff !important;}&#8220;][\/vc_column]<\/p>\n<\/div>","protected":false},"excerpt":{"rendered":"<p>[vc_row css=&#8220;.vc_custom_1575389208941{margin-top: 20px !important;}&#8220;][vc_column][vc_column_text css=&#8220;&#8220;] ANLEITUNGEN [\/vc_column_text][\/vc_column][\/vc_row][vc_row full_width=&#8220;stretch_row&#8220; equal_height=&#8220;yes&#8220; css=&#8220;.vc_custom_1575389214932{padding-top: 20px !important;padding-bottom: 15px !important;}&#8220;][vc_column width=&#8220;1\/2&#8243; css=&#8220;.vc_custom_1574358433425{background-color: #ffffff !important;}&#8220;][vc_single_image image=&#8220;21723&#8243; img_size=&#8220;720&#215;430&#8243; onclick=&#8220;custom_link&#8220; css_animation=&#8220;zoomIn&#8220; css=&#8220;&#8220; link=&#8220;https:\/\/www.blockmoulds.com\/de\/anleitungen\/stapelbaren-betonbloecken\/&#8220;][vc_column_text css=&#8220;.vc_custom_1737713116348{padding-right: 20px !important;padding-left: 20px !important;}&#8220;] ANLEITUNG ZUR HERSTELLUNG VON STAPELBAREN BETONBL\u00d6CKEN [\/vc_column_text][\/vc_column][vc_column width=&#8220;1\/2&#8243; css=&#8220;.vc_custom_1574358441365{background-color: #ffffff !important;}&#8220;][vc_single_image image=&#8220;21608&#8243; img_size=&#8220;720&#215;430&#8243; onclick=&#8220;custom_link&#8220; css_animation=&#8220;zoomIn&#8220; css=&#8220;&#8220; link=&#8220;https:\/\/www.blockmoulds.com\/de\/anleitungen\/hebeankern\/&#8220;][vc_column_text css=&#8220;.vc_custom_1737713327674{padding-right: 20px !important;padding-left: 20px !important;}&#8220;] ANLEITUNG ZUR INSTALLATION VON\u00a0 [&hellip;]<\/p>\n","protected":false},"author":1,"featured_media":16949,"parent":0,"menu_order":0,"comment_status":"closed","ping_status":"closed","template":"","meta":{"footnotes":""},"class_list":["post-7441","page","type-page","status-publish","has-post-thumbnail","hentry"],"yoast_head":"<!-- This site is optimized with the Yoast SEO plugin v27.4 - https:\/\/yoast.com\/product\/yoast-seo-wordpress\/ -->\n<title>Anleitung zur Herstellung von hochwertigen Betonbl\u00f6cke<\/title>\n<meta name=\"description\" content=\"Unsere Anleitung zum Gie\u00dfen von stapelbaren Betonbl\u00f6cken. Jeder kann Stapelbl\u00f6cke aus Beton herstellen.\" \/>\n<meta name=\"robots\" content=\"index, follow, max-snippet:-1, max-image-preview:large, max-video-preview:-1\" \/>\n<link rel=\"canonical\" href=\"https:\/\/www.blockmoulds.com\/de\/anleitungen\/\" \/>\n<meta property=\"og:locale\" content=\"de_DE\" \/>\n<meta property=\"og:type\" content=\"article\" \/>\n<meta property=\"og:title\" content=\"Anleitung zur Herstellung von hochwertigen Betonbl\u00f6cke\" \/>\n<meta property=\"og:description\" content=\"Unsere Anleitung zum Gie\u00dfen von stapelbaren Betonbl\u00f6cken. Jeder kann Stapelbl\u00f6cke aus Beton herstellen.\" \/>\n<meta property=\"og:url\" content=\"https:\/\/www.blockmoulds.com\/de\/anleitungen\/\" \/>\n<meta property=\"og:site_name\" content=\"Block Moulds\" \/>\n<meta property=\"article:modified_time\" content=\"2025-02-25T14:17:13+00:00\" \/>\n<meta property=\"og:image\" content=\"https:\/\/www.blockmoulds.com\/wp-content\/uploads\/2023\/09\/steel-moulds-for-lego-concrete-blocks-slider3.jpg\" \/>\n\t<meta property=\"og:image:width\" content=\"984\" \/>\n\t<meta property=\"og:image:height\" content=\"607\" \/>\n\t<meta property=\"og:image:type\" content=\"image\/jpeg\" \/>\n<meta name=\"twitter:card\" content=\"summary_large_image\" \/>\n<meta name=\"twitter:label1\" content=\"Gesch\u00e4tzte Lesezeit\" \/>\n\t<meta name=\"twitter:data1\" content=\"1\u00a0Minute\" \/>\n<script type=\"application\/ld+json\" class=\"yoast-schema-graph\">{\"@context\":\"https:\\\/\\\/schema.org\",\"@graph\":[{\"@type\":\"WebPage\",\"@id\":\"https:\\\/\\\/www.blockmoulds.com\\\/de\\\/anleitungen\\\/\",\"url\":\"https:\\\/\\\/www.blockmoulds.com\\\/de\\\/anleitungen\\\/\",\"name\":\"Anleitung zur Herstellung von hochwertigen Betonbl\u00f6cke\",\"isPartOf\":{\"@id\":\"https:\\\/\\\/www.blockmoulds.com\\\/de\\\/#website\"},\"primaryImageOfPage\":{\"@id\":\"https:\\\/\\\/www.blockmoulds.com\\\/de\\\/anleitungen\\\/#primaryimage\"},\"image\":{\"@id\":\"https:\\\/\\\/www.blockmoulds.com\\\/de\\\/anleitungen\\\/#primaryimage\"},\"thumbnailUrl\":\"https:\\\/\\\/www.blockmoulds.com\\\/wp-content\\\/uploads\\\/2023\\\/09\\\/steel-moulds-for-lego-concrete-blocks-slider3.jpg\",\"datePublished\":\"2018-03-22T07:13:19+00:00\",\"dateModified\":\"2025-02-25T14:17:13+00:00\",\"description\":\"Unsere Anleitung zum Gie\u00dfen von stapelbaren Betonbl\u00f6cken. Jeder kann Stapelbl\u00f6cke aus Beton herstellen.\",\"breadcrumb\":{\"@id\":\"https:\\\/\\\/www.blockmoulds.com\\\/de\\\/anleitungen\\\/#breadcrumb\"},\"inLanguage\":\"de\",\"potentialAction\":[{\"@type\":\"ReadAction\",\"target\":[\"https:\\\/\\\/www.blockmoulds.com\\\/de\\\/anleitungen\\\/\"]}]},{\"@type\":\"ImageObject\",\"inLanguage\":\"de\",\"@id\":\"https:\\\/\\\/www.blockmoulds.com\\\/de\\\/anleitungen\\\/#primaryimage\",\"url\":\"https:\\\/\\\/www.blockmoulds.com\\\/wp-content\\\/uploads\\\/2023\\\/09\\\/steel-moulds-for-lego-concrete-blocks-slider3.jpg\",\"contentUrl\":\"https:\\\/\\\/www.blockmoulds.com\\\/wp-content\\\/uploads\\\/2023\\\/09\\\/steel-moulds-for-lego-concrete-blocks-slider3.jpg\",\"width\":984,\"height\":607},{\"@type\":\"BreadcrumbList\",\"@id\":\"https:\\\/\\\/www.blockmoulds.com\\\/de\\\/anleitungen\\\/#breadcrumb\",\"itemListElement\":[{\"@type\":\"ListItem\",\"position\":1,\"name\":\"Home\",\"item\":\"https:\\\/\\\/www.blockmoulds.com\\\/de\\\/\"},{\"@type\":\"ListItem\",\"position\":2,\"name\":\"Anleitungen\"}]},{\"@type\":\"WebSite\",\"@id\":\"https:\\\/\\\/www.blockmoulds.com\\\/de\\\/#website\",\"url\":\"https:\\\/\\\/www.blockmoulds.com\\\/de\\\/\",\"name\":\"Block Moulds\",\"description\":\"Benefits of modular construction\",\"potentialAction\":[{\"@type\":\"SearchAction\",\"target\":{\"@type\":\"EntryPoint\",\"urlTemplate\":\"https:\\\/\\\/www.blockmoulds.com\\\/de\\\/?s={search_term_string}\"},\"query-input\":{\"@type\":\"PropertyValueSpecification\",\"valueRequired\":true,\"valueName\":\"search_term_string\"}}],\"inLanguage\":\"de\"}]}<\/script>\n<!-- \/ Yoast SEO plugin. -->","yoast_head_json":{"title":"Anleitung zur Herstellung von hochwertigen Betonbl\u00f6cke","description":"Unsere Anleitung zum Gie\u00dfen von stapelbaren Betonbl\u00f6cken. Jeder kann Stapelbl\u00f6cke aus Beton herstellen.","robots":{"index":"index","follow":"follow","max-snippet":"max-snippet:-1","max-image-preview":"max-image-preview:large","max-video-preview":"max-video-preview:-1"},"canonical":"https:\/\/www.blockmoulds.com\/de\/anleitungen\/","og_locale":"de_DE","og_type":"article","og_title":"Anleitung zur Herstellung von hochwertigen Betonbl\u00f6cke","og_description":"Unsere Anleitung zum Gie\u00dfen von stapelbaren Betonbl\u00f6cken. Jeder kann Stapelbl\u00f6cke aus Beton herstellen.","og_url":"https:\/\/www.blockmoulds.com\/de\/anleitungen\/","og_site_name":"Block Moulds","article_modified_time":"2025-02-25T14:17:13+00:00","og_image":[{"width":984,"height":607,"url":"https:\/\/www.blockmoulds.com\/wp-content\/uploads\/2023\/09\/steel-moulds-for-lego-concrete-blocks-slider3.jpg","type":"image\/jpeg"}],"twitter_card":"summary_large_image","twitter_misc":{"Gesch\u00e4tzte Lesezeit":"1\u00a0Minute"},"schema":{"@context":"https:\/\/schema.org","@graph":[{"@type":"WebPage","@id":"https:\/\/www.blockmoulds.com\/de\/anleitungen\/","url":"https:\/\/www.blockmoulds.com\/de\/anleitungen\/","name":"Anleitung zur Herstellung von hochwertigen Betonbl\u00f6cke","isPartOf":{"@id":"https:\/\/www.blockmoulds.com\/de\/#website"},"primaryImageOfPage":{"@id":"https:\/\/www.blockmoulds.com\/de\/anleitungen\/#primaryimage"},"image":{"@id":"https:\/\/www.blockmoulds.com\/de\/anleitungen\/#primaryimage"},"thumbnailUrl":"https:\/\/www.blockmoulds.com\/wp-content\/uploads\/2023\/09\/steel-moulds-for-lego-concrete-blocks-slider3.jpg","datePublished":"2018-03-22T07:13:19+00:00","dateModified":"2025-02-25T14:17:13+00:00","description":"Unsere Anleitung zum Gie\u00dfen von stapelbaren Betonbl\u00f6cken. Jeder kann Stapelbl\u00f6cke aus Beton herstellen.","breadcrumb":{"@id":"https:\/\/www.blockmoulds.com\/de\/anleitungen\/#breadcrumb"},"inLanguage":"de","potentialAction":[{"@type":"ReadAction","target":["https:\/\/www.blockmoulds.com\/de\/anleitungen\/"]}]},{"@type":"ImageObject","inLanguage":"de","@id":"https:\/\/www.blockmoulds.com\/de\/anleitungen\/#primaryimage","url":"https:\/\/www.blockmoulds.com\/wp-content\/uploads\/2023\/09\/steel-moulds-for-lego-concrete-blocks-slider3.jpg","contentUrl":"https:\/\/www.blockmoulds.com\/wp-content\/uploads\/2023\/09\/steel-moulds-for-lego-concrete-blocks-slider3.jpg","width":984,"height":607},{"@type":"BreadcrumbList","@id":"https:\/\/www.blockmoulds.com\/de\/anleitungen\/#breadcrumb","itemListElement":[{"@type":"ListItem","position":1,"name":"Home","item":"https:\/\/www.blockmoulds.com\/de\/"},{"@type":"ListItem","position":2,"name":"Anleitungen"}]},{"@type":"WebSite","@id":"https:\/\/www.blockmoulds.com\/de\/#website","url":"https:\/\/www.blockmoulds.com\/de\/","name":"Block Moulds","description":"Benefits of modular construction","potentialAction":[{"@type":"SearchAction","target":{"@type":"EntryPoint","urlTemplate":"https:\/\/www.blockmoulds.com\/de\/?s={search_term_string}"},"query-input":{"@type":"PropertyValueSpecification","valueRequired":true,"valueName":"search_term_string"}}],"inLanguage":"de"}]}},"_links":{"self":[{"href":"https:\/\/www.blockmoulds.com\/de\/wp-json\/wp\/v2\/pages\/7441","targetHints":{"allow":["GET"]}}],"collection":[{"href":"https:\/\/www.blockmoulds.com\/de\/wp-json\/wp\/v2\/pages"}],"about":[{"href":"https:\/\/www.blockmoulds.com\/de\/wp-json\/wp\/v2\/types\/page"}],"author":[{"embeddable":true,"href":"https:\/\/www.blockmoulds.com\/de\/wp-json\/wp\/v2\/users\/1"}],"replies":[{"embeddable":true,"href":"https:\/\/www.blockmoulds.com\/de\/wp-json\/wp\/v2\/comments?post=7441"}],"version-history":[{"count":5,"href":"https:\/\/www.blockmoulds.com\/de\/wp-json\/wp\/v2\/pages\/7441\/revisions"}],"predecessor-version":[{"id":21744,"href":"https:\/\/www.blockmoulds.com\/de\/wp-json\/wp\/v2\/pages\/7441\/revisions\/21744"}],"wp:featuredmedia":[{"embeddable":true,"href":"https:\/\/www.blockmoulds.com\/de\/wp-json\/wp\/v2\/media\/16949"}],"wp:attachment":[{"href":"https:\/\/www.blockmoulds.com\/de\/wp-json\/wp\/v2\/media?parent=7441"}],"curies":[{"name":"wp","href":"https:\/\/api.w.org\/{rel}","templated":true}]}}