{"id":7446,"date":"2019-01-09T10:02:29","date_gmt":"2019-01-09T10:02:29","guid":{"rendered":"https:\/\/www.blockmoulds.com\/gallery\/"},"modified":"2025-03-03T08:00:55","modified_gmt":"2025-03-03T08:00:55","slug":"fotos","status":"publish","type":"page","link":"https:\/\/www.blockmoulds.com\/de\/fotos\/","title":{"rendered":"Fotos"},"content":{"rendered":"<div class=\"wpb-content-wrapper\"><p>[vc_row css=&#8220;.vc_custom_1573914601479{margin-top: px !important;padding-top: 40px !important;padding-bottom: 40px !important;}&#8220;][vc_column][vc_column_text]<\/p>\n<h2 class=\"title30 title-underline font-bold text-uppercase poppins-font text-center\" style=\"text-align: center;\"><span style=\"color: #ffffff;\">BLOCKGUSSFORMEN UND EINS\u00c4TZE<\/span><\/h2>\n<p>[\/vc_column_text][vc_gallery type=&#8220;image_grid&#8220; images=&#8220;5391,3913,3885,3889,3833,3845&#8243; img_size=&#8220;385&#215;250&#8243; onclick=&#8220;&#8220; css=&#8220;&#8220;][\/vc_column][\/vc_row][vc_row css=&#8220;.vc_custom_1573914656089{padding-top: 40px !important;padding-bottom: 40px !important;}&#8220;][vc_column][vc_column_text]<\/p>\n<h2 class=\"title30 title-underline font-bold text-uppercase poppins-font text-center\" style=\"text-align: center;\"><span style=\"color: #ffffff;\">HERSTELLUNG VON BETONBLOCK<\/span><\/h2>\n<p>[\/vc_column_text][vc_gallery type=&#8220;image_grid&#8220; images=&#8220;15943,16949,15931,7413,5048,5294&#8243; img_size=&#8220;385&#215;250&#8243; onclick=&#8220;&#8220; css=&#8220;&#8220;][\/vc_column][\/vc_row][vc_row css=&#8220;.vc_custom_1573914656089{padding-top: 40px !important;padding-bottom: 40px !important;}&#8220;][vc_column][vc_column_text]<\/p>\n<h2 class=\"title30 title-underline font-bold text-uppercase poppins-font text-center\" style=\"text-align: center;\"><span style=\"color: #ffffff;\">HEBEGER\u00c4TE &amp; ZUBEH\u00d6R<\/span><\/h2>\n<p>[\/vc_column_text][vc_gallery type=&#8220;image_grid&#8220; images=&#8220;13340,13310,13300,13243,16657,10179&#8243; img_size=&#8220;385&#215;250&#8243; onclick=&#8220;&#8220; css=&#8220;&#8220;][\/vc_column][\/vc_row][vc_row css=&#8220;.vc_custom_1573914656089{padding-top: 40px !important;padding-bottom: 40px !important;}&#8220;][vc_column][vc_column_text]<\/p>\n<h2 class=\"title30 title-underline font-bold text-uppercase poppins-font text-center\" style=\"text-align: center;\"><span style=\"color: #ffffff;\">GUSSFORMEN BETONPLATTEN<\/span><\/h2>\n<p>[\/vc_column_text][vc_gallery type=&#8220;image_grid&#8220; images=&#8220;16643,12267,16955&#8243; img_size=&#8220;385&#215;250&#8243; onclick=&#8220;&#8220; css=&#8220;&#8220;][\/vc_column][\/vc_row][vc_row full_width=&#8220;stretch_row&#8220; css=&#8220;.vc_custom_1575450240982{padding-top: 50px !important;padding-bottom: 50px !important;background-color: #e5e5e5 !important;}&#8220;][vc_column][vc_column_text css=&#8220;&#8220;]<\/p>\n<h2 class=\"title30 font-bold text-uppercase poppins-font text-center\" style=\"text-align: center;\"><span style=\"color: #333333;\">DIE REVOLUTION AUF DEM GEBIET DER BETONBLOCK HERSTELLUNG<\/span><\/h2>\n<h3 class=\"title10 title-underline font-bold text-uppercase poppins-font text-center\" style=\"text-align: center;\"><span style=\"color: #333333;\">WIR BIETEN BLOCKHERSTELLERN EINE NEUE M\u00d6GLICHKEIT, VERSCHIEDENE FORMEN UND GR\u00d6SSEN ZU PRODUZIEREN<\/span><\/h3>\n<p style=\"text-align: center;\">Block Moulds wurde f\u00fcr Hersteller von stapelbaren Betonsteinen gegr\u00fcndet, um universelle Betonsteine in verschiedenen Formen und Gr\u00f6\u00dfen zu geringen Kosten herzustellen. Wir entwerfen, produzieren und verkaufen die Stahlformen weltweit und bauen ein internationales Netzwerk von Vertretern und Vertriebspartnern auf.<\/p>\n<p style=\"text-align: center;\">Einfachheit im Bereich Entwurf und Konstruktion bildet den Kern unserer Unternehmensvision. Wir m\u00f6chten es Herstellern leicht und interessant machen, stapelbare bl\u00f6cke aus gegossenem Beton herzustellen.<\/p>\n<p style=\"text-align: center;\">Wir haben das tolle Spielzeug aus unserer Kindheit in die Bauwelt f\u00fcr den heutigen Erwachsen integriert. Block Moulds strebt danach, die Hersteller von Betonsteinen auf wirtschaftliche Weise, die Produkte herstellen zu lassen, mit denen die Nutzer die Objekte ihrer Tr\u00e4ume bauen k\u00f6nnen. Die M\u00f6glichkeiten von stapelbaren Betonsteinen werden hierdurch nur noch durch die Kreativit\u00e4t des Bauherrn begrenzt.<\/p>\n<p style=\"text-align: center;\">Wir freuen uns, Ihnen ein modulares System anbieten zu k\u00f6nnen, dass eine flexible und kosteng\u00fcnstige L\u00f6sung f\u00fcr die Herstellung verschiedener nachhaltiger Betonprodukte bietet. Unser Sortiment kann zu Recht als eine L\u00f6sung bezeichnet werden, um maximale Ergebnisse mit minimalen Mitteln zu erzielen.<\/p>\n<h3 class=\"title10 title-underline font-bold text-uppercase poppins-font text-center\" style=\"text-align: center;\"><span style=\"color: #333333;\">WIE IHRE KINDHEIT DIE INSPIRATION F\u00dcR DIE HEUTIGEN KONSTRUKTIONEN AUS BETON FORMTE<\/span><\/h3>\n<p style=\"text-align: center;\"><a href=\"https:\/\/www.blockmoulds.com\/de\/shop\/\"><strong>Unsere Produkte<\/strong><\/a> f\u00fcr den Bau von Betonkonstruktionen, sind von den sch\u00f6nen Erinnerungen Ihrer Kindheit inspiriert. Unsere Betonbl\u00f6cke bieten hochqualitative und effiziente L\u00f6sungen f\u00fcr Bauprojekte. Unsere einzigartigen und patentierten Formen bieten wesentliche praktische und finanzielle <a href=\"https:\/\/www.blockmoulds.com\/de\/warum-sollten-sie-uns-waehlen\/\"><strong>Vorteile<\/strong><\/a> f\u00fcr Hersteller von Betonbl\u00f6cken. Wir wollen den gr\u00f6\u00dftm\u00f6glichen Output von Blockformen und -gr\u00f6\u00dfen mit m\u00f6glichst wenigen unterschiedlichen Elementen erzeugen.<\/p>\n<p>[\/vc_column_text][\/vc_column][\/vc_row]<\/p>\n<\/div>","protected":false},"excerpt":{"rendered":"<p>[vc_row css=&#8220;.vc_custom_1573914601479{margin-top: px !important;padding-top: 40px !important;padding-bottom: 40px !important;}&#8220;][vc_column][vc_column_text] BLOCKGUSSFORMEN UND EINS\u00c4TZE [\/vc_column_text][vc_gallery type=&#8220;image_grid&#8220; images=&#8220;5391,3913,3885,3889,3833,3845&#8243; img_size=&#8220;385&#215;250&#8243; onclick=&#8220;&#8220; css=&#8220;&#8220;][\/vc_column][\/vc_row][vc_row css=&#8220;.vc_custom_1573914656089{padding-top: 40px !important;padding-bottom: 40px !important;}&#8220;][vc_column][vc_column_text] HERSTELLUNG VON BETONBLOCK [\/vc_column_text][vc_gallery type=&#8220;image_grid&#8220; images=&#8220;15943,16949,15931,7413,5048,5294&#8243; img_size=&#8220;385&#215;250&#8243; onclick=&#8220;&#8220; css=&#8220;&#8220;][\/vc_column][\/vc_row][vc_row css=&#8220;.vc_custom_1573914656089{padding-top: 40px !important;padding-bottom: 40px !important;}&#8220;][vc_column][vc_column_text] HEBEGER\u00c4TE &amp; ZUBEH\u00d6R [\/vc_column_text][vc_gallery type=&#8220;image_grid&#8220; images=&#8220;13340,13310,13300,13243,16657,10179&#8243; img_size=&#8220;385&#215;250&#8243; onclick=&#8220;&#8220; css=&#8220;&#8220;][\/vc_column][\/vc_row][vc_row css=&#8220;.vc_custom_1573914656089{padding-top: 40px !important;padding-bottom: 40px !important;}&#8220;][vc_column][vc_column_text] GUSSFORMEN BETONPLATTEN [\/vc_column_text][vc_gallery type=&#8220;image_grid&#8220; images=&#8220;16643,12267,16955&#8243; [&hellip;]<\/p>\n","protected":false},"author":1,"featured_media":16949,"parent":0,"menu_order":0,"comment_status":"closed","ping_status":"closed","template":"","meta":{"footnotes":""},"class_list":["post-7446","page","type-page","status-publish","has-post-thumbnail","hentry"],"yoast_head":"<!-- This site is optimized with the Yoast SEO plugin v27.4 - https:\/\/yoast.com\/product\/yoast-seo-wordpress\/ -->\n<title>Eine umfangreiche Sammlung von Bildern und Videos von Betongussformen - Block Moulds<\/title>\n<meta name=\"description\" content=\"Gussformen f\u00fcr Beton Stapelbl\u00f6cke. Schauen Sie sich die vielf\u00e4ltigen M\u00f6glichkeiten mit den Produkten von Block Moulds an. Lassen Sie sich von unseren Bildern und Videos inspirieren.\" \/>\n<meta name=\"robots\" content=\"index, follow, max-snippet:-1, max-image-preview:large, max-video-preview:-1\" \/>\n<link rel=\"canonical\" href=\"https:\/\/www.blockmoulds.com\/de\/fotos\/\" \/>\n<meta property=\"og:locale\" content=\"de_DE\" \/>\n<meta property=\"og:type\" content=\"article\" \/>\n<meta property=\"og:title\" content=\"Eine umfangreiche Sammlung von Bildern und Videos von Betongussformen - Block Moulds\" \/>\n<meta property=\"og:description\" content=\"Gussformen f\u00fcr Beton Stapelbl\u00f6cke. Schauen Sie sich die vielf\u00e4ltigen M\u00f6glichkeiten mit den Produkten von Block Moulds an. Lassen Sie sich von unseren Bildern und Videos inspirieren.\" \/>\n<meta property=\"og:url\" content=\"https:\/\/www.blockmoulds.com\/de\/fotos\/\" \/>\n<meta property=\"og:site_name\" content=\"Block Moulds\" \/>\n<meta property=\"article:modified_time\" content=\"2025-03-03T08:00:55+00:00\" \/>\n<meta property=\"og:image\" content=\"https:\/\/www.blockmoulds.com\/wp-content\/uploads\/2023\/09\/steel-moulds-for-lego-concrete-blocks-slider3.jpg\" \/>\n\t<meta property=\"og:image:width\" content=\"984\" \/>\n\t<meta property=\"og:image:height\" content=\"607\" \/>\n\t<meta property=\"og:image:type\" content=\"image\/jpeg\" \/>\n<meta name=\"twitter:card\" content=\"summary_large_image\" \/>\n<meta name=\"twitter:label1\" content=\"Gesch\u00e4tzte Lesezeit\" \/>\n\t<meta name=\"twitter:data1\" content=\"6\u00a0Minuten\" \/>\n<script type=\"application\/ld+json\" class=\"yoast-schema-graph\">{\"@context\":\"https:\\\/\\\/schema.org\",\"@graph\":[{\"@type\":\"WebPage\",\"@id\":\"https:\\\/\\\/www.blockmoulds.com\\\/de\\\/fotos\\\/\",\"url\":\"https:\\\/\\\/www.blockmoulds.com\\\/de\\\/fotos\\\/\",\"name\":\"Eine umfangreiche Sammlung von Bildern und Videos von Betongussformen - Block Moulds\",\"isPartOf\":{\"@id\":\"https:\\\/\\\/www.blockmoulds.com\\\/de\\\/#website\"},\"primaryImageOfPage\":{\"@id\":\"https:\\\/\\\/www.blockmoulds.com\\\/de\\\/fotos\\\/#primaryimage\"},\"image\":{\"@id\":\"https:\\\/\\\/www.blockmoulds.com\\\/de\\\/fotos\\\/#primaryimage\"},\"thumbnailUrl\":\"https:\\\/\\\/www.blockmoulds.com\\\/wp-content\\\/uploads\\\/2023\\\/09\\\/steel-moulds-for-lego-concrete-blocks-slider3.jpg\",\"datePublished\":\"2019-01-09T10:02:29+00:00\",\"dateModified\":\"2025-03-03T08:00:55+00:00\",\"description\":\"Gussformen f\u00fcr Beton Stapelbl\u00f6cke. Schauen Sie sich die vielf\u00e4ltigen M\u00f6glichkeiten mit den Produkten von Block Moulds an. Lassen Sie sich von unseren Bildern und Videos inspirieren.\",\"breadcrumb\":{\"@id\":\"https:\\\/\\\/www.blockmoulds.com\\\/de\\\/fotos\\\/#breadcrumb\"},\"inLanguage\":\"de\",\"potentialAction\":[{\"@type\":\"ReadAction\",\"target\":[\"https:\\\/\\\/www.blockmoulds.com\\\/de\\\/fotos\\\/\"]}]},{\"@type\":\"ImageObject\",\"inLanguage\":\"de\",\"@id\":\"https:\\\/\\\/www.blockmoulds.com\\\/de\\\/fotos\\\/#primaryimage\",\"url\":\"https:\\\/\\\/www.blockmoulds.com\\\/wp-content\\\/uploads\\\/2023\\\/09\\\/steel-moulds-for-lego-concrete-blocks-slider3.jpg\",\"contentUrl\":\"https:\\\/\\\/www.blockmoulds.com\\\/wp-content\\\/uploads\\\/2023\\\/09\\\/steel-moulds-for-lego-concrete-blocks-slider3.jpg\",\"width\":984,\"height\":607},{\"@type\":\"BreadcrumbList\",\"@id\":\"https:\\\/\\\/www.blockmoulds.com\\\/de\\\/fotos\\\/#breadcrumb\",\"itemListElement\":[{\"@type\":\"ListItem\",\"position\":1,\"name\":\"Home\",\"item\":\"https:\\\/\\\/www.blockmoulds.com\\\/de\\\/\"},{\"@type\":\"ListItem\",\"position\":2,\"name\":\"Fotos\"}]},{\"@type\":\"WebSite\",\"@id\":\"https:\\\/\\\/www.blockmoulds.com\\\/de\\\/#website\",\"url\":\"https:\\\/\\\/www.blockmoulds.com\\\/de\\\/\",\"name\":\"Block Moulds\",\"description\":\"Benefits of modular construction\",\"potentialAction\":[{\"@type\":\"SearchAction\",\"target\":{\"@type\":\"EntryPoint\",\"urlTemplate\":\"https:\\\/\\\/www.blockmoulds.com\\\/de\\\/?s={search_term_string}\"},\"query-input\":{\"@type\":\"PropertyValueSpecification\",\"valueRequired\":true,\"valueName\":\"search_term_string\"}}],\"inLanguage\":\"de\"}]}<\/script>\n<!-- \/ Yoast SEO plugin. -->","yoast_head_json":{"title":"Eine umfangreiche Sammlung von Bildern und Videos von Betongussformen - Block Moulds","description":"Gussformen f\u00fcr Beton Stapelbl\u00f6cke. Schauen Sie sich die vielf\u00e4ltigen M\u00f6glichkeiten mit den Produkten von Block Moulds an. Lassen Sie sich von unseren Bildern und Videos inspirieren.","robots":{"index":"index","follow":"follow","max-snippet":"max-snippet:-1","max-image-preview":"max-image-preview:large","max-video-preview":"max-video-preview:-1"},"canonical":"https:\/\/www.blockmoulds.com\/de\/fotos\/","og_locale":"de_DE","og_type":"article","og_title":"Eine umfangreiche Sammlung von Bildern und Videos von Betongussformen - Block Moulds","og_description":"Gussformen f\u00fcr Beton Stapelbl\u00f6cke. Schauen Sie sich die vielf\u00e4ltigen M\u00f6glichkeiten mit den Produkten von Block Moulds an. Lassen Sie sich von unseren Bildern und Videos inspirieren.","og_url":"https:\/\/www.blockmoulds.com\/de\/fotos\/","og_site_name":"Block Moulds","article_modified_time":"2025-03-03T08:00:55+00:00","og_image":[{"width":984,"height":607,"url":"https:\/\/www.blockmoulds.com\/wp-content\/uploads\/2023\/09\/steel-moulds-for-lego-concrete-blocks-slider3.jpg","type":"image\/jpeg"}],"twitter_card":"summary_large_image","twitter_misc":{"Gesch\u00e4tzte Lesezeit":"6\u00a0Minuten"},"schema":{"@context":"https:\/\/schema.org","@graph":[{"@type":"WebPage","@id":"https:\/\/www.blockmoulds.com\/de\/fotos\/","url":"https:\/\/www.blockmoulds.com\/de\/fotos\/","name":"Eine umfangreiche Sammlung von Bildern und Videos von Betongussformen - Block Moulds","isPartOf":{"@id":"https:\/\/www.blockmoulds.com\/de\/#website"},"primaryImageOfPage":{"@id":"https:\/\/www.blockmoulds.com\/de\/fotos\/#primaryimage"},"image":{"@id":"https:\/\/www.blockmoulds.com\/de\/fotos\/#primaryimage"},"thumbnailUrl":"https:\/\/www.blockmoulds.com\/wp-content\/uploads\/2023\/09\/steel-moulds-for-lego-concrete-blocks-slider3.jpg","datePublished":"2019-01-09T10:02:29+00:00","dateModified":"2025-03-03T08:00:55+00:00","description":"Gussformen f\u00fcr Beton Stapelbl\u00f6cke. Schauen Sie sich die vielf\u00e4ltigen M\u00f6glichkeiten mit den Produkten von Block Moulds an. Lassen Sie sich von unseren Bildern und Videos inspirieren.","breadcrumb":{"@id":"https:\/\/www.blockmoulds.com\/de\/fotos\/#breadcrumb"},"inLanguage":"de","potentialAction":[{"@type":"ReadAction","target":["https:\/\/www.blockmoulds.com\/de\/fotos\/"]}]},{"@type":"ImageObject","inLanguage":"de","@id":"https:\/\/www.blockmoulds.com\/de\/fotos\/#primaryimage","url":"https:\/\/www.blockmoulds.com\/wp-content\/uploads\/2023\/09\/steel-moulds-for-lego-concrete-blocks-slider3.jpg","contentUrl":"https:\/\/www.blockmoulds.com\/wp-content\/uploads\/2023\/09\/steel-moulds-for-lego-concrete-blocks-slider3.jpg","width":984,"height":607},{"@type":"BreadcrumbList","@id":"https:\/\/www.blockmoulds.com\/de\/fotos\/#breadcrumb","itemListElement":[{"@type":"ListItem","position":1,"name":"Home","item":"https:\/\/www.blockmoulds.com\/de\/"},{"@type":"ListItem","position":2,"name":"Fotos"}]},{"@type":"WebSite","@id":"https:\/\/www.blockmoulds.com\/de\/#website","url":"https:\/\/www.blockmoulds.com\/de\/","name":"Block Moulds","description":"Benefits of modular construction","potentialAction":[{"@type":"SearchAction","target":{"@type":"EntryPoint","urlTemplate":"https:\/\/www.blockmoulds.com\/de\/?s={search_term_string}"},"query-input":{"@type":"PropertyValueSpecification","valueRequired":true,"valueName":"search_term_string"}}],"inLanguage":"de"}]}},"_links":{"self":[{"href":"https:\/\/www.blockmoulds.com\/de\/wp-json\/wp\/v2\/pages\/7446","targetHints":{"allow":["GET"]}}],"collection":[{"href":"https:\/\/www.blockmoulds.com\/de\/wp-json\/wp\/v2\/pages"}],"about":[{"href":"https:\/\/www.blockmoulds.com\/de\/wp-json\/wp\/v2\/types\/page"}],"author":[{"embeddable":true,"href":"https:\/\/www.blockmoulds.com\/de\/wp-json\/wp\/v2\/users\/1"}],"replies":[{"embeddable":true,"href":"https:\/\/www.blockmoulds.com\/de\/wp-json\/wp\/v2\/comments?post=7446"}],"version-history":[{"count":2,"href":"https:\/\/www.blockmoulds.com\/de\/wp-json\/wp\/v2\/pages\/7446\/revisions"}],"predecessor-version":[{"id":22621,"href":"https:\/\/www.blockmoulds.com\/de\/wp-json\/wp\/v2\/pages\/7446\/revisions\/22621"}],"wp:featuredmedia":[{"embeddable":true,"href":"https:\/\/www.blockmoulds.com\/de\/wp-json\/wp\/v2\/media\/16949"}],"wp:attachment":[{"href":"https:\/\/www.blockmoulds.com\/de\/wp-json\/wp\/v2\/media?parent=7446"}],"curies":[{"name":"wp","href":"https:\/\/api.w.org\/{rel}","templated":true}]}}