{"id":7477,"date":"2019-04-28T16:39:07","date_gmt":"2019-04-28T16:39:07","guid":{"rendered":"https:\/\/www.blockmoulds.com\/anwendungen\/building-structure-walls\/"},"modified":"2025-03-03T08:20:39","modified_gmt":"2025-03-03T08:20:39","slug":"mauern-und-gebaeude","status":"publish","type":"page","link":"https:\/\/www.blockmoulds.com\/de\/anwendungen\/mauern-und-gebaeude\/","title":{"rendered":"Mauern und Geb\u00e4ude"},"content":{"rendered":"<div class=\"wpb-content-wrapper\"><p>[vc_row full_width=&#8220;stretch_row_content&#8220; full_height=&#8220;yes&#8220; equal_height=&#8220;yes&#8220; content_placement=&#8220;middle&#8220;][vc_column width=&#8220;1\/2&#8243;][vc_column_text css=&#8220;.vc_custom_1584441543205{padding-top: 20px !important;padding-right: 15px !important;padding-left: 50px !important;}&#8220;]<\/p>\n<h2 class=\"title30 font-bold text-uppercase poppins-font text-LEFT\" style=\"text-align: right;\">ERSTELLEN SIE ERWEITERBARE, ANPASSBARE UND EINFACHE VERSETZBARE STRUKTUREN<\/h2>\n<h4 style=\"text-align: right;\"><span style=\"color: #ff0000;\"><strong>____<\/strong><\/span><\/h4>\n<p>&nbsp;<\/p>\n<p style=\"text-align: right;\">Die Bl\u00f6cke, die mit unseren Gussformen hergestellt sind, sind <strong><a href=\"https:\/\/www.blockmoulds.com\/de\/vorteile-der-modularen-konstruktion\/\">modular<\/a><\/strong>. Sie werden verwendet, um verschiedene Geb\u00e4ude und Strukturen zu erstellen. Sie k\u00f6nnen solche Strukturen auf Wunsch \u00e4ndern, erweitern oder zerlegen. Eine willkommene L\u00f6sung f\u00fcr beispielsweise Lagerhallen, Industriehallen und tempor\u00e4re Baustrukturen.<\/p>\n<p style=\"text-align: right;\">Bl\u00f6cke k\u00f6nnen gestapelt, verstreut und gedreht eingesetzt werden, um alle Arten von modularen Industriegeb\u00e4uden zu erstellen: von tempor\u00e4ren B\u00fcros bis zu Wohnungen und von Lagerhallen bis zu Zugangskontrollen.<\/p>\n<p style=\"text-align: right;\">Sie sind nicht auf eine bestimmte Konfiguration oder einen festen Entwurf beschr\u00e4nkt. Bauen Sie nachhaltige Geb\u00e4ude auf der Basis von tempor\u00e4ren und (semi) permanenten Strukturen, die an einem bestimmten Ort ben\u00f6tigt werden. Dieses Betonbausystem wird h\u00e4ufig auch zum Bau von St\u00fctzmauern verwendet, <a href=\"https:\/\/www.blockmoulds.com\/de\/anwendungen\/fahrsilos\/\"><strong>Fahrsilos<\/strong><\/a> und <strong><a href=\"https:\/\/www.blockmoulds.com\/de\/anwendungen\/lagerboxen\/\">Lagerboxen<\/a><\/strong>.<\/p>\n<p>[\/vc_column_text][\/vc_column][vc_column width=&#8220;1\/2&#8243;][vc_single_image image=&#8220;3391&#8243; img_size=&#8220;full&#8220; alignment=&#8220;center&#8220; css_animation=&#8220;none&#8220;][\/vc_column][\/vc_row][vc_row full_width=&#8220;stretch_row_content&#8220; full_height=&#8220;yes&#8220; equal_height=&#8220;yes&#8220; content_placement=&#8220;middle&#8220; css=&#8220;.vc_custom_1575195864145{background-color: #e5e5e5 !important;}&#8220;][vc_column width=&#8220;1\/2&#8243;][vc_single_image image=&#8220;3379&#8243; img_size=&#8220;880&#215;650&#8243; alignment=&#8220;center&#8220; css_animation=&#8220;none&#8220;][\/vc_column][vc_column width=&#8220;1\/2&#8243;][vc_column_text css=&#8220;.vc_custom_1740488252666{padding-top: 20px !important;padding-right: 50px !important;padding-left: 15px !important;}&#8220;]<\/p>\n<h2 class=\"title30 font-bold text-uppercase poppins-font text-RIGHT\" style=\"text-align: left;\">BAUEN SIE MIT BETONBL\u00d6CKEN, WAS IN IHREN GEDANKEN AUFKOMMT<\/h2>\n<h4><strong><span style=\"color: #ff0000;\">____<\/span><\/strong><\/h4>\n<p>&nbsp;<\/p>\n<p>Unsere Mission ist es, die Bauherren von morgen zu inspirieren, flexible Betonkonstruktionen f\u00fcr Industriebauten einzusetzen. Die Formen, mit denen diese Betonbl\u00f6cke gegossen werden, sind genauso modular aufgebaut wie die daraus hergestellten Produkte.<\/p>\n<p>Produzieren Sie mit Hilfe <a href=\"https:\/\/www.blockmoulds.com\/de\/vorteile-der-modularen-konstruktion\/\"><strong>unserer revolution\u00e4ren Gussformen<\/strong><\/a> viele Formen und Gr\u00f6\u00dfen. Die konventionellen Gussformen mit festen &#8218;L&#8216;-f\u00f6rmigen Elementen, die andere Hersteller seit Jahren liefern, beschr\u00e4nken die Nutzer in der Anzahl von Formen und Gr\u00f6\u00dfen, die hergestellt werden k\u00f6nnen.<\/p>\n<p>Wir sehen die Dinge anders und haben unser Bestes getan, um die Herstellung von Betonbl\u00f6cken aus Sicht des Anwenders zu betrachten. Hersteller von Betonbl\u00f6cken sollten nicht gezwungen werden, eine F\u00fclle von Formkonstruktionen zu kaufen, um viele verschiedene Bl\u00f6cke herzustellen.<\/p>\n<p>Unser patentiertes Konzept erm\u00f6glicht dem Benutzer den einfachen Austausch von Elementen, um mehrere Arten von Abmessungen und Formen zu erstellen.[\/vc_column_text][\/vc_column][\/vc_row][vc_row equal_height=&#8220;yes&#8220;][vc_column width=&#8220;1\/2&#8243; offset=&#8220;vc_col-xs-12&#8243;][vc_gallery type=&#8220;image_grid&#8220; images=&#8220;3395,3391,3387,3379,3383,3375,3371,3367,13489&#8243; img_size=&#8220;280&#215;200&#8243; onclick=&#8220;&#8220; css=&#8220;.vc_custom_1740990036801{padding-top: 25px !important;}&#8220;][\/vc_column][vc_column width=&#8220;1\/2&#8243;]\n<div class=\"wpcf7 no-js\" id=\"wpcf7-f7733-o1\" lang=\"en-US\" dir=\"ltr\" data-wpcf7-id=\"7733\">\n<div class=\"screen-reader-response\"><p role=\"status\" aria-live=\"polite\" aria-atomic=\"true\"><\/p> <ul><\/ul><\/div>\n<form action=\"\/de\/wp-json\/wp\/v2\/pages\/7477#wpcf7-f7733-o1\" method=\"post\" class=\"wpcf7-form init\" aria-label=\"Contact form\" novalidate=\"novalidate\" data-status=\"init\">\n<fieldset class=\"hidden-fields-container\"><input type=\"hidden\" name=\"_wpcf7\" value=\"7733\" \/><input type=\"hidden\" name=\"_wpcf7_version\" value=\"6.1.5\" \/><input type=\"hidden\" name=\"_wpcf7_locale\" value=\"en_US\" \/><input type=\"hidden\" name=\"_wpcf7_unit_tag\" value=\"wpcf7-f7733-o1\" \/><input type=\"hidden\" name=\"_wpcf7_container_post\" value=\"0\" \/><input type=\"hidden\" name=\"_wpcf7_posted_data_hash\" value=\"\" \/><input type=\"hidden\" name=\"_wpcf7_recaptcha_response\" value=\"\" \/>\n<\/fieldset>\n<div class=\"contact-form-page contact-form\">\n\t<h2 class=\"title18 font-bold text-uppercase rale-font\">Kontaktformular\n\t<\/h2>\n\t<p class=\"contact-name\"><br \/>\n<span class=\"wpcf7-form-control-wrap\" data-name=\"your-name\"><input size=\"40\" maxlength=\"400\" class=\"wpcf7-form-control wpcf7-text wpcf7-validates-as-required border\" aria-required=\"true\" aria-invalid=\"false\" placeholder=\"Name*\" value=\"\" type=\"text\" name=\"your-name\" \/><\/span>\n\t<\/p>\n\t<p class=\"contact-email\"><br \/>\n<span class=\"wpcf7-form-control-wrap\" data-name=\"your-email\"><input size=\"40\" maxlength=\"400\" class=\"wpcf7-form-control wpcf7-email wpcf7-validates-as-required wpcf7-text wpcf7-validates-as-email border\" aria-required=\"true\" aria-invalid=\"false\" placeholder=\"Email*\" value=\"\" type=\"email\" name=\"your-email\" \/><\/span>\n\t<\/p>\n\t<p class=\"contact-message\"><br \/>\n<span class=\"wpcf7-form-control-wrap\" data-name=\"your-message\"><textarea cols=\"40\" rows=\"10\" maxlength=\"2000\" class=\"wpcf7-form-control wpcf7-textarea border\" aria-invalid=\"false\" placeholder=\"Nachricht*\" name=\"your-message\"><\/textarea><\/span>\n\t<\/p>\n\t<p>Durch das Ausf\u00fcllen unseres Kontaktformulars stimmen Sie der Verarbeitung Ihrer personenbezogenen Daten gem\u00e4\u00df den Bestimmungen unserer <a href=\"https:\/\/www.blockmoulds.com\/de\/datenschutzerklaerung-und-cookie-erklaerung\/\" target=\"_blank\">Datenschutzerkl\u00e4rung und Cookie-Erkl\u00e4rung<\/a> zu\n\t<\/p>\n\t<p><span class=\"wpcf7-form-control-wrap\" data-name=\"checkbox-900\"><span class=\"wpcf7-form-control wpcf7-checkbox wpcf7-validates-as-required\"><span class=\"wpcf7-list-item first last\"><span class=\"wpcf7-list-item-label\">Ich gebe die Erlaubnis<\/span><input type=\"checkbox\" name=\"checkbox-900[]\" value=\"Ich gebe die Erlaubnis\" \/><\/span><\/span><\/span>\n\t<\/p>\n\n\t<p class=\"contact-submit\"><br \/>\n<input class=\"wpcf7-form-control wpcf7-submit has-spinner shop-button\" type=\"submit\" value=\"Absenden\" \/>\n\t<\/p>\n<\/div><input type='hidden' class='wpcf7-pum' value='{\"closepopup\":false,\"closedelay\":0,\"openpopup\":false,\"openpopup_id\":0}' \/><div class=\"wpcf7-response-output\" aria-hidden=\"true\"><\/div>\n<\/form>\n<\/div>\n[\/vc_column][\/vc_row]<\/p>\n<\/div>","protected":false},"excerpt":{"rendered":"<p>[vc_row full_width=&#8220;stretch_row_content&#8220; full_height=&#8220;yes&#8220; equal_height=&#8220;yes&#8220; content_placement=&#8220;middle&#8220;][vc_column width=&#8220;1\/2&#8243;][vc_column_text css=&#8220;.vc_custom_1584441543205{padding-top: 20px !important;padding-right: 15px !important;padding-left: 50px !important;}&#8220;] ERSTELLEN SIE ERWEITERBARE, ANPASSBARE UND EINFACHE VERSETZBARE STRUKTUREN ____ &nbsp; Die Bl\u00f6cke, die mit unseren Gussformen hergestellt sind, sind modular. Sie werden verwendet, um verschiedene Geb\u00e4ude und Strukturen zu erstellen. Sie k\u00f6nnen solche Strukturen auf Wunsch \u00e4ndern, erweitern oder zerlegen. Eine willkommene [&hellip;]<\/p>\n","protected":false},"author":2,"featured_media":0,"parent":7451,"menu_order":0,"comment_status":"closed","ping_status":"closed","template":"","meta":{"footnotes":""},"class_list":["post-7477","page","type-page","status-publish","hentry"],"yoast_head":"<!-- This site is optimized with the Yoast SEO plugin v27.4 - https:\/\/yoast.com\/product\/yoast-seo-wordpress\/ -->\n<title>Mauern und Geb\u00e4ude mit modularen Betonbl\u00f6cken - Block Moulds<\/title>\n<meta name=\"description\" content=\"Erfahren Sie, wie Unternehmen flexible und kosteng\u00fcnstige Mauern und Geb\u00e4ude herstellen. Lernen Sie mehr \u00fcber die Vorteile bei Kosten und Nutzung. Betrachten Sie die Beispiele.\" \/>\n<meta name=\"robots\" content=\"index, follow, max-snippet:-1, max-image-preview:large, max-video-preview:-1\" \/>\n<link rel=\"canonical\" href=\"https:\/\/www.blockmoulds.com\/de\/anwendungen\/mauern-und-gebaeude\/\" \/>\n<meta property=\"og:locale\" content=\"de_DE\" \/>\n<meta property=\"og:type\" content=\"article\" \/>\n<meta property=\"og:title\" content=\"Mauern und Geb\u00e4ude mit modularen Betonbl\u00f6cken - Block Moulds\" \/>\n<meta property=\"og:description\" content=\"Erfahren Sie, wie Unternehmen flexible und kosteng\u00fcnstige Mauern und Geb\u00e4ude herstellen. Lernen Sie mehr \u00fcber die Vorteile bei Kosten und Nutzung. Betrachten Sie die Beispiele.\" \/>\n<meta property=\"og:url\" content=\"https:\/\/www.blockmoulds.com\/de\/anwendungen\/mauern-und-gebaeude\/\" \/>\n<meta property=\"og:site_name\" content=\"Block Moulds\" \/>\n<meta property=\"article:modified_time\" content=\"2025-03-03T08:20:39+00:00\" \/>\n<meta name=\"twitter:card\" content=\"summary_large_image\" \/>\n<meta name=\"twitter:label1\" content=\"Gesch\u00e4tzte Lesezeit\" \/>\n\t<meta name=\"twitter:data1\" content=\"2\u00a0Minuten\" \/>\n<script type=\"application\/ld+json\" class=\"yoast-schema-graph\">{\"@context\":\"https:\\\/\\\/schema.org\",\"@graph\":[{\"@type\":\"WebPage\",\"@id\":\"https:\\\/\\\/www.blockmoulds.com\\\/de\\\/anwendungen\\\/mauern-und-gebaeude\\\/\",\"url\":\"https:\\\/\\\/www.blockmoulds.com\\\/de\\\/anwendungen\\\/mauern-und-gebaeude\\\/\",\"name\":\"Mauern und Geb\u00e4ude mit modularen Betonbl\u00f6cken - Block Moulds\",\"isPartOf\":{\"@id\":\"https:\\\/\\\/www.blockmoulds.com\\\/de\\\/#website\"},\"datePublished\":\"2019-04-28T16:39:07+00:00\",\"dateModified\":\"2025-03-03T08:20:39+00:00\",\"description\":\"Erfahren Sie, wie Unternehmen flexible und kosteng\u00fcnstige Mauern und Geb\u00e4ude herstellen. Lernen Sie mehr \u00fcber die Vorteile bei Kosten und Nutzung. Betrachten Sie die Beispiele.\",\"breadcrumb\":{\"@id\":\"https:\\\/\\\/www.blockmoulds.com\\\/de\\\/anwendungen\\\/mauern-und-gebaeude\\\/#breadcrumb\"},\"inLanguage\":\"de\",\"potentialAction\":[{\"@type\":\"ReadAction\",\"target\":[\"https:\\\/\\\/www.blockmoulds.com\\\/de\\\/anwendungen\\\/mauern-und-gebaeude\\\/\"]}]},{\"@type\":\"BreadcrumbList\",\"@id\":\"https:\\\/\\\/www.blockmoulds.com\\\/de\\\/anwendungen\\\/mauern-und-gebaeude\\\/#breadcrumb\",\"itemListElement\":[{\"@type\":\"ListItem\",\"position\":1,\"name\":\"Home\",\"item\":\"https:\\\/\\\/www.blockmoulds.com\\\/de\\\/\"},{\"@type\":\"ListItem\",\"position\":2,\"name\":\"Anwendungen\",\"item\":\"https:\\\/\\\/www.blockmoulds.com\\\/de\\\/anwendungen\\\/\"},{\"@type\":\"ListItem\",\"position\":3,\"name\":\"Mauern und Geb\u00e4ude\"}]},{\"@type\":\"WebSite\",\"@id\":\"https:\\\/\\\/www.blockmoulds.com\\\/de\\\/#website\",\"url\":\"https:\\\/\\\/www.blockmoulds.com\\\/de\\\/\",\"name\":\"Block Moulds\",\"description\":\"Benefits of modular construction\",\"potentialAction\":[{\"@type\":\"SearchAction\",\"target\":{\"@type\":\"EntryPoint\",\"urlTemplate\":\"https:\\\/\\\/www.blockmoulds.com\\\/de\\\/?s={search_term_string}\"},\"query-input\":{\"@type\":\"PropertyValueSpecification\",\"valueRequired\":true,\"valueName\":\"search_term_string\"}}],\"inLanguage\":\"de\"}]}<\/script>\n<!-- \/ Yoast SEO plugin. -->","yoast_head_json":{"title":"Mauern und Geb\u00e4ude mit modularen Betonbl\u00f6cken - Block Moulds","description":"Erfahren Sie, wie Unternehmen flexible und kosteng\u00fcnstige Mauern und Geb\u00e4ude herstellen. Lernen Sie mehr \u00fcber die Vorteile bei Kosten und Nutzung. Betrachten Sie die Beispiele.","robots":{"index":"index","follow":"follow","max-snippet":"max-snippet:-1","max-image-preview":"max-image-preview:large","max-video-preview":"max-video-preview:-1"},"canonical":"https:\/\/www.blockmoulds.com\/de\/anwendungen\/mauern-und-gebaeude\/","og_locale":"de_DE","og_type":"article","og_title":"Mauern und Geb\u00e4ude mit modularen Betonbl\u00f6cken - Block Moulds","og_description":"Erfahren Sie, wie Unternehmen flexible und kosteng\u00fcnstige Mauern und Geb\u00e4ude herstellen. Lernen Sie mehr \u00fcber die Vorteile bei Kosten und Nutzung. Betrachten Sie die Beispiele.","og_url":"https:\/\/www.blockmoulds.com\/de\/anwendungen\/mauern-und-gebaeude\/","og_site_name":"Block Moulds","article_modified_time":"2025-03-03T08:20:39+00:00","twitter_card":"summary_large_image","twitter_misc":{"Gesch\u00e4tzte Lesezeit":"2\u00a0Minuten"},"schema":{"@context":"https:\/\/schema.org","@graph":[{"@type":"WebPage","@id":"https:\/\/www.blockmoulds.com\/de\/anwendungen\/mauern-und-gebaeude\/","url":"https:\/\/www.blockmoulds.com\/de\/anwendungen\/mauern-und-gebaeude\/","name":"Mauern und Geb\u00e4ude mit modularen Betonbl\u00f6cken - Block Moulds","isPartOf":{"@id":"https:\/\/www.blockmoulds.com\/de\/#website"},"datePublished":"2019-04-28T16:39:07+00:00","dateModified":"2025-03-03T08:20:39+00:00","description":"Erfahren Sie, wie Unternehmen flexible und kosteng\u00fcnstige Mauern und Geb\u00e4ude herstellen. Lernen Sie mehr \u00fcber die Vorteile bei Kosten und Nutzung. Betrachten Sie die Beispiele.","breadcrumb":{"@id":"https:\/\/www.blockmoulds.com\/de\/anwendungen\/mauern-und-gebaeude\/#breadcrumb"},"inLanguage":"de","potentialAction":[{"@type":"ReadAction","target":["https:\/\/www.blockmoulds.com\/de\/anwendungen\/mauern-und-gebaeude\/"]}]},{"@type":"BreadcrumbList","@id":"https:\/\/www.blockmoulds.com\/de\/anwendungen\/mauern-und-gebaeude\/#breadcrumb","itemListElement":[{"@type":"ListItem","position":1,"name":"Home","item":"https:\/\/www.blockmoulds.com\/de\/"},{"@type":"ListItem","position":2,"name":"Anwendungen","item":"https:\/\/www.blockmoulds.com\/de\/anwendungen\/"},{"@type":"ListItem","position":3,"name":"Mauern und Geb\u00e4ude"}]},{"@type":"WebSite","@id":"https:\/\/www.blockmoulds.com\/de\/#website","url":"https:\/\/www.blockmoulds.com\/de\/","name":"Block Moulds","description":"Benefits of modular construction","potentialAction":[{"@type":"SearchAction","target":{"@type":"EntryPoint","urlTemplate":"https:\/\/www.blockmoulds.com\/de\/?s={search_term_string}"},"query-input":{"@type":"PropertyValueSpecification","valueRequired":true,"valueName":"search_term_string"}}],"inLanguage":"de"}]}},"_links":{"self":[{"href":"https:\/\/www.blockmoulds.com\/de\/wp-json\/wp\/v2\/pages\/7477","targetHints":{"allow":["GET"]}}],"collection":[{"href":"https:\/\/www.blockmoulds.com\/de\/wp-json\/wp\/v2\/pages"}],"about":[{"href":"https:\/\/www.blockmoulds.com\/de\/wp-json\/wp\/v2\/types\/page"}],"author":[{"embeddable":true,"href":"https:\/\/www.blockmoulds.com\/de\/wp-json\/wp\/v2\/users\/2"}],"replies":[{"embeddable":true,"href":"https:\/\/www.blockmoulds.com\/de\/wp-json\/wp\/v2\/comments?post=7477"}],"version-history":[{"count":2,"href":"https:\/\/www.blockmoulds.com\/de\/wp-json\/wp\/v2\/pages\/7477\/revisions"}],"predecessor-version":[{"id":22651,"href":"https:\/\/www.blockmoulds.com\/de\/wp-json\/wp\/v2\/pages\/7477\/revisions\/22651"}],"up":[{"embeddable":true,"href":"https:\/\/www.blockmoulds.com\/de\/wp-json\/wp\/v2\/pages\/7451"}],"wp:attachment":[{"href":"https:\/\/www.blockmoulds.com\/de\/wp-json\/wp\/v2\/media?parent=7477"}],"curies":[{"name":"wp","href":"https:\/\/api.w.org\/{rel}","templated":true}]}}