{"id":7489,"date":"2019-05-30T19:48:09","date_gmt":"2019-05-30T19:48:09","guid":{"rendered":"https:\/\/www.blockmoulds.com\/anwendungen\/flood-protection\/"},"modified":"2025-03-03T08:29:38","modified_gmt":"2025-03-03T08:29:38","slug":"hochwasserschutz","status":"publish","type":"page","link":"https:\/\/www.blockmoulds.com\/de\/anwendungen\/hochwasserschutz\/","title":{"rendered":"Hochwasserschutz"},"content":{"rendered":"<div class=\"wpb-content-wrapper\"><p>[vc_row full_width=&#8220;stretch_row_content&#8220; full_height=&#8220;yes&#8220; equal_height=&#8220;yes&#8220; content_placement=&#8220;middle&#8220;][vc_column width=&#8220;1\/2&#8243;][vc_column_text css=&#8220;.vc_custom_1584441153576{padding-top: 20px !important;padding-right: 15px !important;padding-left: 50px !important;}&#8220;]<\/p>\n<h2 class=\"title30 font-bold text-uppercase poppins-font text-LEFT\" style=\"text-align: right;\">HOCHWASSERSCHUTZ MIT DEN VORTEILEN VON MODULAREN BETON BARRIEREN<\/h2>\n<h4 style=\"text-align: right;\"><span style=\"color: #ff0000;\"><strong>____<\/strong><\/span><\/h4>\n<p style=\"text-align: right;\">Eine Wassersperre f\u00fcr den Hochwasserschutz wird eingesetzt, um die sch\u00e4dlichen Auswirkungen steigender Wasserspiegel zu kontrollieren, zu verringern oder zu verhindern. Mit stapelbaren Betonbausteinen kann eine hervorragende modulare Wassersperre geschaffen werden. Die vorgefertigten Units werden trocken \u00fcbereinandergestapelt. Die Bl\u00f6cke haben Noppen und Aussparungen, die f\u00fcr Festigkeit und Stabilit\u00e4t sorgen. Aufgrund ihrer Masse, sowie den Noppen und Vertiefungen, werden sich die Bl\u00f6cke nicht verschieben und daher wird kein Bindematerial wie z.B. M\u00f6rtel ben\u00f6tigt.<\/p>\n<p style=\"text-align: right;\">Vorgefertigte Betonprodukte werden h\u00e4ufig zum Bau neuer See- oder Wasserschutzanlagen gebaut oder zum Anheben von Flussufern verwendet. Diese W\u00e4nde k\u00f6nnen ohne Spezialwerkzeug gebaut werden und bilden eine robuste, kosteng\u00fcnstige und einfache L\u00f6sung.<\/p>\n<p style=\"text-align: right;\">Die Bl\u00f6cke k\u00f6nnen einfach mit <a href=\"https:\/\/www.blockmoulds.com\/de\/shop\/\"><strong>unseren modularen Stahlformen<\/strong><\/a> hergestellt werden. Wir haben <a href=\"https:\/\/www.blockmoulds.com\/de\/anleitungen\/\"><strong>Anleitungen<\/strong><\/a>\u00a0verf\u00fcgbar, die Sie dar\u00fcber informieren, wie Sie den Beton in die Gussform gie\u00dfen m\u00fcssen. Unser patentiertes Gussformkonzept umfasst eine Reihe von Produkten, um Betonbl\u00f6cke so effizient wie m\u00f6glich herzustellen. Die Stahlgussformen von Block Moulds sind genauso flexibel, als die Betonbl\u00f6cke, die damit hergestellt werden.<\/p>\n<p>[\/vc_column_text][\/vc_column][vc_column width=&#8220;1\/2&#8243;][vc_single_image image=&#8220;3166&#8243; img_size=&#8220;880&#215;550&#8243; alignment=&#8220;center&#8220;][\/vc_column][\/vc_row][vc_row full_width=&#8220;stretch_row_content&#8220; full_height=&#8220;yes&#8220; equal_height=&#8220;yes&#8220; content_placement=&#8220;middle&#8220; css=&#8220;.vc_custom_1575198564807{background-color: #e5e5e5 !important;}&#8220;][vc_column width=&#8220;1\/2&#8243;][vc_single_image image=&#8220;3155&#8243; img_size=&#8220;880&#215;650&#8243; alignment=&#8220;center&#8220;][\/vc_column][vc_column width=&#8220;1\/2&#8243;][vc_column_text css=&#8220;.vc_custom_1740488940064{padding-top: 20px !important;padding-right: 50px !important;padding-left: 15px !important;}&#8220;]<\/p>\n<h2 class=\"title30 font-bold text-uppercase poppins-font text-RIGHT\" style=\"text-align: left;\">ENTWERFEN SIE EINFACH DIE L\u00d6SUNG DIE ZU IHNEN PASST<\/h2>\n<h4><strong><span style=\"color: #ff0000;\">____<\/span><\/strong><\/h4>\n<p>&nbsp;<\/p>\n<p>Verschiedene Elemente der Gussformkonstruktion werden wiederverwendet, um Formen mit anderen Abmessungen herzustellen. Wenn Sie gleich lange, aber unterschiedlich hohe Bl\u00f6cke herstellen m\u00f6chten, m\u00fcssen nur die Seitenw\u00e4nde ausgetauscht werden. Die Bodenplatte und die Deckplatte der Form k\u00f6nnen wiederverwendet werden. Kein anderes Formsystem zur Herstellung von stapelbaren Betonbl\u00f6cken bietet so viel Entscheidungsfreiheit und l\u00e4sst sich daher leicht an spezifische Situationen anpassen.<\/p>\n<p>Es ist ein perfektes stapelbares System f\u00fcr die Herstellung von Bausteinen, mit dem Architekten und Entwerfer ma\u00dfgeschneiderte Kreationen entwerfen k\u00f6nnen. Dar\u00fcber hinaus ist es g\u00fcnstiger als traditionelle Baumethoden.<\/p>\n<p>Modulare Flutmauern aus nachhaltigen Betonbl\u00f6cken sind ideale L\u00f6sungen f\u00fcr:<\/p>\n<ul>\n<li>K\u00fcstenschutzmauern, Wasserwege und Flussufer<\/li>\n<li>\u00dcberwachung von K\u00fcsten- und \u00dcberschwemmungsgebieten<\/li>\n<li>K\u00fcstenschutz<\/li>\n<\/ul>\n<p>Dar\u00fcber hinaus kann die Montage der Bl\u00f6cke bei allen Wetterbedingungen erfolgen.[\/vc_column_text][\/vc_column][\/vc_row][vc_row][vc_column width=&#8220;1\/2&#8243;][vc_gallery type=&#8220;image_grid&#8220; images=&#8220;3166,3162,3155,3148&#8243; img_size=&#8220;280&#215;200&#8243; onclick=&#8220;&#8220; css=&#8220;.vc_custom_1740990576579{padding-top: 25px !important;}&#8220;][\/vc_column][vc_column width=&#8220;1\/2&#8243;]\n<div class=\"wpcf7 no-js\" id=\"wpcf7-f7733-o1\" lang=\"en-US\" dir=\"ltr\" data-wpcf7-id=\"7733\">\n<div class=\"screen-reader-response\"><p role=\"status\" aria-live=\"polite\" aria-atomic=\"true\"><\/p> <ul><\/ul><\/div>\n<form action=\"\/de\/wp-json\/wp\/v2\/pages\/7489#wpcf7-f7733-o1\" method=\"post\" class=\"wpcf7-form init\" aria-label=\"Contact form\" novalidate=\"novalidate\" data-status=\"init\">\n<fieldset class=\"hidden-fields-container\"><input type=\"hidden\" name=\"_wpcf7\" value=\"7733\" \/><input type=\"hidden\" name=\"_wpcf7_version\" value=\"6.1.5\" \/><input type=\"hidden\" name=\"_wpcf7_locale\" value=\"en_US\" \/><input type=\"hidden\" name=\"_wpcf7_unit_tag\" value=\"wpcf7-f7733-o1\" \/><input type=\"hidden\" name=\"_wpcf7_container_post\" value=\"0\" \/><input type=\"hidden\" name=\"_wpcf7_posted_data_hash\" value=\"\" \/><input type=\"hidden\" name=\"_wpcf7_recaptcha_response\" value=\"\" \/>\n<\/fieldset>\n<div class=\"contact-form-page contact-form\">\n\t<h2 class=\"title18 font-bold text-uppercase rale-font\">Kontaktformular\n\t<\/h2>\n\t<p class=\"contact-name\"><br \/>\n<span class=\"wpcf7-form-control-wrap\" data-name=\"your-name\"><input size=\"40\" maxlength=\"400\" class=\"wpcf7-form-control wpcf7-text wpcf7-validates-as-required border\" aria-required=\"true\" aria-invalid=\"false\" placeholder=\"Name*\" value=\"\" type=\"text\" name=\"your-name\" \/><\/span>\n\t<\/p>\n\t<p class=\"contact-email\"><br \/>\n<span class=\"wpcf7-form-control-wrap\" data-name=\"your-email\"><input size=\"40\" maxlength=\"400\" class=\"wpcf7-form-control wpcf7-email wpcf7-validates-as-required wpcf7-text wpcf7-validates-as-email border\" aria-required=\"true\" aria-invalid=\"false\" placeholder=\"Email*\" value=\"\" type=\"email\" name=\"your-email\" \/><\/span>\n\t<\/p>\n\t<p class=\"contact-message\"><br \/>\n<span class=\"wpcf7-form-control-wrap\" data-name=\"your-message\"><textarea cols=\"40\" rows=\"10\" maxlength=\"2000\" class=\"wpcf7-form-control wpcf7-textarea border\" aria-invalid=\"false\" placeholder=\"Nachricht*\" name=\"your-message\"><\/textarea><\/span>\n\t<\/p>\n\t<p>Durch das Ausf\u00fcllen unseres Kontaktformulars stimmen Sie der Verarbeitung Ihrer personenbezogenen Daten gem\u00e4\u00df den Bestimmungen unserer <a href=\"https:\/\/www.blockmoulds.com\/de\/datenschutzerklaerung-und-cookie-erklaerung\/\" target=\"_blank\">Datenschutzerkl\u00e4rung und Cookie-Erkl\u00e4rung<\/a> zu\n\t<\/p>\n\t<p><span class=\"wpcf7-form-control-wrap\" data-name=\"checkbox-900\"><span class=\"wpcf7-form-control wpcf7-checkbox wpcf7-validates-as-required\"><span class=\"wpcf7-list-item first last\"><span class=\"wpcf7-list-item-label\">Ich gebe die Erlaubnis<\/span><input type=\"checkbox\" name=\"checkbox-900[]\" value=\"Ich gebe die Erlaubnis\" \/><\/span><\/span><\/span>\n\t<\/p>\n\n\t<p class=\"contact-submit\"><br \/>\n<input class=\"wpcf7-form-control wpcf7-submit has-spinner shop-button\" type=\"submit\" value=\"Absenden\" \/>\n\t<\/p>\n<\/div><input type='hidden' class='wpcf7-pum' value='{\"closepopup\":false,\"closedelay\":0,\"openpopup\":false,\"openpopup_id\":0}' \/><div class=\"wpcf7-response-output\" aria-hidden=\"true\"><\/div>\n<\/form>\n<\/div>\n[\/vc_column][\/vc_row]<\/p>\n<\/div>","protected":false},"excerpt":{"rendered":"<p>[vc_row full_width=&#8220;stretch_row_content&#8220; full_height=&#8220;yes&#8220; equal_height=&#8220;yes&#8220; content_placement=&#8220;middle&#8220;][vc_column width=&#8220;1\/2&#8243;][vc_column_text css=&#8220;.vc_custom_1584441153576{padding-top: 20px !important;padding-right: 15px !important;padding-left: 50px !important;}&#8220;] HOCHWASSERSCHUTZ MIT DEN VORTEILEN VON MODULAREN BETON BARRIEREN ____ Eine Wassersperre f\u00fcr den Hochwasserschutz wird eingesetzt, um die sch\u00e4dlichen Auswirkungen steigender Wasserspiegel zu kontrollieren, zu verringern oder zu verhindern. Mit stapelbaren Betonbausteinen kann eine hervorragende modulare Wassersperre geschaffen werden. Die vorgefertigten Units [&hellip;]<\/p>\n","protected":false},"author":2,"featured_media":0,"parent":7451,"menu_order":0,"comment_status":"closed","ping_status":"closed","template":"","meta":{"footnotes":""},"class_list":["post-7489","page","type-page","status-publish","hentry"],"yoast_head":"<!-- This site is optimized with the Yoast SEO plugin v27.4 - https:\/\/yoast.com\/product\/yoast-seo-wordpress\/ -->\n<title>Hochwasserschutz aus stapelbaren, vorgefertigten Betonbl\u00f6cken hergestellt<\/title>\n<meta name=\"description\" content=\"Hochwasserschutz mit stapelbaren Betonbl\u00f6cken, um die sch\u00e4dlichen Auswirkungen steigender Wasserspiegel zu kontrollieren, zu verringern oder zu verhindern.\" \/>\n<meta name=\"robots\" content=\"index, follow, max-snippet:-1, max-image-preview:large, max-video-preview:-1\" \/>\n<link rel=\"canonical\" href=\"https:\/\/www.blockmoulds.com\/de\/anwendungen\/hochwasserschutz\/\" \/>\n<meta property=\"og:locale\" content=\"de_DE\" \/>\n<meta property=\"og:type\" content=\"article\" \/>\n<meta property=\"og:title\" content=\"Hochwasserschutz aus stapelbaren, vorgefertigten Betonbl\u00f6cken hergestellt\" \/>\n<meta property=\"og:description\" content=\"Hochwasserschutz mit stapelbaren Betonbl\u00f6cken, um die sch\u00e4dlichen Auswirkungen steigender Wasserspiegel zu kontrollieren, zu verringern oder zu verhindern.\" \/>\n<meta property=\"og:url\" content=\"https:\/\/www.blockmoulds.com\/de\/anwendungen\/hochwasserschutz\/\" \/>\n<meta property=\"og:site_name\" content=\"Block Moulds\" \/>\n<meta property=\"article:modified_time\" content=\"2025-03-03T08:29:38+00:00\" \/>\n<meta name=\"twitter:card\" content=\"summary_large_image\" \/>\n<meta name=\"twitter:label1\" content=\"Gesch\u00e4tzte Lesezeit\" \/>\n\t<meta name=\"twitter:data1\" content=\"2\u00a0Minuten\" \/>\n<script type=\"application\/ld+json\" class=\"yoast-schema-graph\">{\"@context\":\"https:\\\/\\\/schema.org\",\"@graph\":[{\"@type\":\"WebPage\",\"@id\":\"https:\\\/\\\/www.blockmoulds.com\\\/de\\\/anwendungen\\\/hochwasserschutz\\\/\",\"url\":\"https:\\\/\\\/www.blockmoulds.com\\\/de\\\/anwendungen\\\/hochwasserschutz\\\/\",\"name\":\"Hochwasserschutz aus stapelbaren, vorgefertigten Betonbl\u00f6cken hergestellt\",\"isPartOf\":{\"@id\":\"https:\\\/\\\/www.blockmoulds.com\\\/de\\\/#website\"},\"datePublished\":\"2019-05-30T19:48:09+00:00\",\"dateModified\":\"2025-03-03T08:29:38+00:00\",\"description\":\"Hochwasserschutz mit stapelbaren Betonbl\u00f6cken, um die sch\u00e4dlichen Auswirkungen steigender Wasserspiegel zu kontrollieren, zu verringern oder zu verhindern.\",\"breadcrumb\":{\"@id\":\"https:\\\/\\\/www.blockmoulds.com\\\/de\\\/anwendungen\\\/hochwasserschutz\\\/#breadcrumb\"},\"inLanguage\":\"de\",\"potentialAction\":[{\"@type\":\"ReadAction\",\"target\":[\"https:\\\/\\\/www.blockmoulds.com\\\/de\\\/anwendungen\\\/hochwasserschutz\\\/\"]}]},{\"@type\":\"BreadcrumbList\",\"@id\":\"https:\\\/\\\/www.blockmoulds.com\\\/de\\\/anwendungen\\\/hochwasserschutz\\\/#breadcrumb\",\"itemListElement\":[{\"@type\":\"ListItem\",\"position\":1,\"name\":\"Home\",\"item\":\"https:\\\/\\\/www.blockmoulds.com\\\/de\\\/\"},{\"@type\":\"ListItem\",\"position\":2,\"name\":\"Anwendungen\",\"item\":\"https:\\\/\\\/www.blockmoulds.com\\\/de\\\/anwendungen\\\/\"},{\"@type\":\"ListItem\",\"position\":3,\"name\":\"Hochwasserschutz\"}]},{\"@type\":\"WebSite\",\"@id\":\"https:\\\/\\\/www.blockmoulds.com\\\/de\\\/#website\",\"url\":\"https:\\\/\\\/www.blockmoulds.com\\\/de\\\/\",\"name\":\"Block Moulds\",\"description\":\"Benefits of modular construction\",\"potentialAction\":[{\"@type\":\"SearchAction\",\"target\":{\"@type\":\"EntryPoint\",\"urlTemplate\":\"https:\\\/\\\/www.blockmoulds.com\\\/de\\\/?s={search_term_string}\"},\"query-input\":{\"@type\":\"PropertyValueSpecification\",\"valueRequired\":true,\"valueName\":\"search_term_string\"}}],\"inLanguage\":\"de\"}]}<\/script>\n<!-- \/ Yoast SEO plugin. -->","yoast_head_json":{"title":"Hochwasserschutz aus stapelbaren, vorgefertigten Betonbl\u00f6cken hergestellt","description":"Hochwasserschutz mit stapelbaren Betonbl\u00f6cken, um die sch\u00e4dlichen Auswirkungen steigender Wasserspiegel zu kontrollieren, zu verringern oder zu verhindern.","robots":{"index":"index","follow":"follow","max-snippet":"max-snippet:-1","max-image-preview":"max-image-preview:large","max-video-preview":"max-video-preview:-1"},"canonical":"https:\/\/www.blockmoulds.com\/de\/anwendungen\/hochwasserschutz\/","og_locale":"de_DE","og_type":"article","og_title":"Hochwasserschutz aus stapelbaren, vorgefertigten Betonbl\u00f6cken hergestellt","og_description":"Hochwasserschutz mit stapelbaren Betonbl\u00f6cken, um die sch\u00e4dlichen Auswirkungen steigender Wasserspiegel zu kontrollieren, zu verringern oder zu verhindern.","og_url":"https:\/\/www.blockmoulds.com\/de\/anwendungen\/hochwasserschutz\/","og_site_name":"Block Moulds","article_modified_time":"2025-03-03T08:29:38+00:00","twitter_card":"summary_large_image","twitter_misc":{"Gesch\u00e4tzte Lesezeit":"2\u00a0Minuten"},"schema":{"@context":"https:\/\/schema.org","@graph":[{"@type":"WebPage","@id":"https:\/\/www.blockmoulds.com\/de\/anwendungen\/hochwasserschutz\/","url":"https:\/\/www.blockmoulds.com\/de\/anwendungen\/hochwasserschutz\/","name":"Hochwasserschutz aus stapelbaren, vorgefertigten Betonbl\u00f6cken hergestellt","isPartOf":{"@id":"https:\/\/www.blockmoulds.com\/de\/#website"},"datePublished":"2019-05-30T19:48:09+00:00","dateModified":"2025-03-03T08:29:38+00:00","description":"Hochwasserschutz mit stapelbaren Betonbl\u00f6cken, um die sch\u00e4dlichen Auswirkungen steigender Wasserspiegel zu kontrollieren, zu verringern oder zu verhindern.","breadcrumb":{"@id":"https:\/\/www.blockmoulds.com\/de\/anwendungen\/hochwasserschutz\/#breadcrumb"},"inLanguage":"de","potentialAction":[{"@type":"ReadAction","target":["https:\/\/www.blockmoulds.com\/de\/anwendungen\/hochwasserschutz\/"]}]},{"@type":"BreadcrumbList","@id":"https:\/\/www.blockmoulds.com\/de\/anwendungen\/hochwasserschutz\/#breadcrumb","itemListElement":[{"@type":"ListItem","position":1,"name":"Home","item":"https:\/\/www.blockmoulds.com\/de\/"},{"@type":"ListItem","position":2,"name":"Anwendungen","item":"https:\/\/www.blockmoulds.com\/de\/anwendungen\/"},{"@type":"ListItem","position":3,"name":"Hochwasserschutz"}]},{"@type":"WebSite","@id":"https:\/\/www.blockmoulds.com\/de\/#website","url":"https:\/\/www.blockmoulds.com\/de\/","name":"Block Moulds","description":"Benefits of modular construction","potentialAction":[{"@type":"SearchAction","target":{"@type":"EntryPoint","urlTemplate":"https:\/\/www.blockmoulds.com\/de\/?s={search_term_string}"},"query-input":{"@type":"PropertyValueSpecification","valueRequired":true,"valueName":"search_term_string"}}],"inLanguage":"de"}]}},"_links":{"self":[{"href":"https:\/\/www.blockmoulds.com\/de\/wp-json\/wp\/v2\/pages\/7489","targetHints":{"allow":["GET"]}}],"collection":[{"href":"https:\/\/www.blockmoulds.com\/de\/wp-json\/wp\/v2\/pages"}],"about":[{"href":"https:\/\/www.blockmoulds.com\/de\/wp-json\/wp\/v2\/types\/page"}],"author":[{"embeddable":true,"href":"https:\/\/www.blockmoulds.com\/de\/wp-json\/wp\/v2\/users\/2"}],"replies":[{"embeddable":true,"href":"https:\/\/www.blockmoulds.com\/de\/wp-json\/wp\/v2\/comments?post=7489"}],"version-history":[{"count":2,"href":"https:\/\/www.blockmoulds.com\/de\/wp-json\/wp\/v2\/pages\/7489\/revisions"}],"predecessor-version":[{"id":22672,"href":"https:\/\/www.blockmoulds.com\/de\/wp-json\/wp\/v2\/pages\/7489\/revisions\/22672"}],"up":[{"embeddable":true,"href":"https:\/\/www.blockmoulds.com\/de\/wp-json\/wp\/v2\/pages\/7451"}],"wp:attachment":[{"href":"https:\/\/www.blockmoulds.com\/de\/wp-json\/wp\/v2\/media?parent=7489"}],"curies":[{"name":"wp","href":"https:\/\/api.w.org\/{rel}","templated":true}]}}