{"id":7501,"date":"2019-06-11T19:30:33","date_gmt":"2019-06-11T19:30:33","guid":{"rendered":"https:\/\/www.blockmoulds.com\/anwendungen\/applications-boundary-walls-fencing\/"},"modified":"2025-03-03T08:33:55","modified_gmt":"2025-03-03T08:33:55","slug":"umzaeunungen","status":"publish","type":"page","link":"https:\/\/www.blockmoulds.com\/de\/anwendungen\/umzaeunungen\/","title":{"rendered":"Umz\u00e4unungen"},"content":{"rendered":"<div class=\"wpb-content-wrapper\"><p>[vc_row full_width=&#8220;stretch_row_content&#8220; full_height=&#8220;yes&#8220; equal_height=&#8220;yes&#8220; content_placement=&#8220;middle&#8220;][vc_column width=&#8220;1\/2&#8243;][vc_column_text css=&#8220;.vc_custom_1740487735767{padding-top: 20px !important;padding-right: 15px !important;padding-left: 50px !important;}&#8220;]<\/p>\n<h2 class=\"title30 font-bold text-uppercase poppins-font text-LEFT\" style=\"text-align: right;\">UMZ\u00c4UNUNGEN AUS BETONBL\u00d6CKEN: EINE EFFIZIENTE ART UND WEISE, UM GRENZEN ZU NIEDRIGEN KOSTEN ANZUGEBEN<\/h2>\n<h4 style=\"text-align: right;\"><span style=\"color: #ff0000;\"><strong>____<\/strong><\/span><\/h4>\n<p>&nbsp;<\/p>\n<p style=\"text-align: right;\">Gro\u00dfe stapelbare Betonbl\u00f6cke werden sowohl von gro\u00dfen, als auch von kleinen Unternehmen verwendet, um tempor\u00e4re oder permanente Umz\u00e4unungen, Begrenzungsmauern und Gel\u00e4ndeabtrennungen zu schaffen.<\/p>\n<p style=\"text-align: right;\">Mit den Bl\u00f6cken, hergestellt mithilfe von speziellen <a href=\"https:\/\/www.blockmoulds.com\/de\/shop\/\"><strong>Gussformen<\/strong><\/a>, k\u00f6nnen Sie wunderbare L\u00f6sungen erstellen, die nur durch die Kreativit\u00e4t des Benutzers eingeschr\u00e4nkt sind. Bauen Sie so hoch wie n\u00f6tig und ber\u00fccksichtigen Sie dabei die Sicherheit. Mit dem nachhaltigen Interlock-System k\u00f6nnen Sie effizient stabile und unterschiedliche W\u00e4nde erstellen, die schneller als gew\u00f6hnliche Betonz\u00e4une oder Umz\u00e4unungen gebaut werden k\u00f6nnen. Ben\u00f6tigen Sie eine effiziente und kosteng\u00fcnstige M\u00f6glichkeit, um Grenzen anzudeuten oder die Gel\u00e4ndesicherheit zu gew\u00e4hrleisten? Gestapelte Blockw\u00e4nde sind die Antwort<\/p>\n<p style=\"text-align: right;\">Sch\u00fctzen Sie Ihr Eigentum, indem Sie mit Betonsteinen eine physische Grenze schaffen. Mit diesen Mega-Bl\u00f6cken k\u00f6nnen Sie den Raum auch an industriellen (Projekt-) Standorten anordnen und so unterschiedliche Arbeitsbereiche schaffen.<\/p>\n<p style=\"text-align: right;\">Wir bieten die Form an, die f\u00fcr die Herstellung dieser innovativen stapelbaren &#8222;Big Blocks&#8220; erforderlich ist. Produzieren Sie solide, hochwertige und stapelbare Bl\u00f6cke aus hochwertigem Beton. Die Bl\u00f6cke bieten endlose Gestaltungsm\u00f6glichkeiten, um jede Art von Konstruktion schnell und einfach zu bauen und anzupassen.<\/p>\n<p>[\/vc_column_text][\/vc_column][vc_column width=&#8220;1\/2&#8243;][vc_single_image image=&#8220;3351&#8243; img_size=&#8220;880&#215;550&#8243; alignment=&#8220;center&#8220; css_animation=&#8220;none&#8220;][\/vc_column][\/vc_row][vc_row full_width=&#8220;stretch_row_content&#8220; full_height=&#8220;yes&#8220; equal_height=&#8220;yes&#8220; content_placement=&#8220;middle&#8220; css=&#8220;.vc_custom_1575194638225{background-color: #e5e5e5 !important;}&#8220;][vc_column width=&#8220;1\/2&#8243;][vc_single_image image=&#8220;3363&#8243; img_size=&#8220;880&#215;650&#8243; alignment=&#8220;center&#8220; css_animation=&#8220;none&#8220;][\/vc_column][vc_column width=&#8220;1\/2&#8243;][vc_column_text css=&#8220;.vc_custom_1740487800358{padding-top: 10px !important;padding-right: 50px !important;padding-left: 15px !important;}&#8220;]<\/p>\n<h2 class=\"title30 font-bold text-uppercase poppins-font text-RIGHT\" style=\"text-align: left;\">MIT BLOCK MOULDS K\u00d6NNEN SIE \u00dcBERALL BAUEN<\/h2>\n<h4><strong><span style=\"color: #ff0000;\">____<\/span><\/strong><\/h4>\n<p>&nbsp;<\/p>\n<p>Das Interlock-Prinzip bietet Flexibilit\u00e4t, da Strukturen durch Entfernen oder Verschieben der Bl\u00f6cke einfach angepasst oder erweitert werden k\u00f6nnen. Es wird kein M\u00f6rtel ben\u00f6tigt, wodurch eine erhebliche Menge Zement eingespart wird. Die Bl\u00f6cke sind wie Baukl\u00f6tze; wenn sie nicht wie vorgesehen platziert werden, passen sie nicht.<\/p>\n<p>Die Betonbl\u00f6cke k\u00f6nnen schnell und einfach installiert werden, insbesondere wenn ein Kugelkopfanker in die Oberseite der Bl\u00f6cke gegossen wird oder wenn die Bl\u00f6cke Rinnen f\u00fcr Gabelstaplerl\u00f6ffel oder Ladegabeln haben. W\u00e4hrend des Stapelproze\u00df m\u00fcssen die Bl\u00f6cke \u00fcberpr\u00fcft werden, um sicherzustellen, dass keine Fremdk\u00f6rper vorhanden sind, die ein einwandfreies Zusammenf\u00fcgen der Einheiten verhindern k\u00f6nnten. Eine mit diesen Betonbl\u00f6cken gebaute Struktur kann jederzeit problemlos erweitert oder modifiziert werden.<\/p>\n<p>Aufgrund ihres Gewichts und der Noppen an der Oberseite, k\u00f6nnen diese Bl\u00f6cke ohne Bindemittel gestapelt werden. Die Betonbl\u00f6cke werden im Werk hergestellt und k\u00f6nnen bei jeder Witterung schnell vor Ort montiert werden.[\/vc_column_text][\/vc_column][\/vc_row][vc_row equal_height=&#8220;yes&#8220;][vc_column width=&#8220;1\/2&#8243; offset=&#8220;vc_col-xs-12&#8243;][vc_gallery type=&#8220;image_grid&#8220; images=&#8220;3351,3355,3363,3359,13483,13454&#8243; img_size=&#8220;280&#215;200&#8243; onclick=&#8220;&#8220; css=&#8220;.vc_custom_1740990832122{padding-top: 25px !important;}&#8220;][\/vc_column][vc_column width=&#8220;1\/2&#8243;]\n<div class=\"wpcf7 no-js\" id=\"wpcf7-f7733-o1\" lang=\"en-US\" dir=\"ltr\" data-wpcf7-id=\"7733\">\n<div class=\"screen-reader-response\"><p role=\"status\" aria-live=\"polite\" aria-atomic=\"true\"><\/p> <ul><\/ul><\/div>\n<form action=\"\/de\/wp-json\/wp\/v2\/pages\/7501#wpcf7-f7733-o1\" method=\"post\" class=\"wpcf7-form init\" aria-label=\"Contact form\" novalidate=\"novalidate\" data-status=\"init\">\n<fieldset class=\"hidden-fields-container\"><input type=\"hidden\" name=\"_wpcf7\" value=\"7733\" \/><input type=\"hidden\" name=\"_wpcf7_version\" value=\"6.1.5\" \/><input type=\"hidden\" name=\"_wpcf7_locale\" value=\"en_US\" \/><input type=\"hidden\" name=\"_wpcf7_unit_tag\" value=\"wpcf7-f7733-o1\" \/><input type=\"hidden\" name=\"_wpcf7_container_post\" value=\"0\" \/><input type=\"hidden\" name=\"_wpcf7_posted_data_hash\" value=\"\" \/><input type=\"hidden\" name=\"_wpcf7_recaptcha_response\" value=\"\" \/>\n<\/fieldset>\n<div class=\"contact-form-page contact-form\">\n\t<h2 class=\"title18 font-bold text-uppercase rale-font\">Kontaktformular\n\t<\/h2>\n\t<p class=\"contact-name\"><br \/>\n<span class=\"wpcf7-form-control-wrap\" data-name=\"your-name\"><input size=\"40\" maxlength=\"400\" class=\"wpcf7-form-control wpcf7-text wpcf7-validates-as-required border\" aria-required=\"true\" aria-invalid=\"false\" placeholder=\"Name*\" value=\"\" type=\"text\" name=\"your-name\" \/><\/span>\n\t<\/p>\n\t<p class=\"contact-email\"><br \/>\n<span class=\"wpcf7-form-control-wrap\" data-name=\"your-email\"><input size=\"40\" maxlength=\"400\" class=\"wpcf7-form-control wpcf7-email wpcf7-validates-as-required wpcf7-text wpcf7-validates-as-email border\" aria-required=\"true\" aria-invalid=\"false\" placeholder=\"Email*\" value=\"\" type=\"email\" name=\"your-email\" \/><\/span>\n\t<\/p>\n\t<p class=\"contact-message\"><br \/>\n<span class=\"wpcf7-form-control-wrap\" data-name=\"your-message\"><textarea cols=\"40\" rows=\"10\" maxlength=\"2000\" class=\"wpcf7-form-control wpcf7-textarea border\" aria-invalid=\"false\" placeholder=\"Nachricht*\" name=\"your-message\"><\/textarea><\/span>\n\t<\/p>\n\t<p>Durch das Ausf\u00fcllen unseres Kontaktformulars stimmen Sie der Verarbeitung Ihrer personenbezogenen Daten gem\u00e4\u00df den Bestimmungen unserer <a href=\"https:\/\/www.blockmoulds.com\/de\/datenschutzerklaerung-und-cookie-erklaerung\/\" target=\"_blank\">Datenschutzerkl\u00e4rung und Cookie-Erkl\u00e4rung<\/a> zu\n\t<\/p>\n\t<p><span class=\"wpcf7-form-control-wrap\" data-name=\"checkbox-900\"><span class=\"wpcf7-form-control wpcf7-checkbox wpcf7-validates-as-required\"><span class=\"wpcf7-list-item first last\"><span class=\"wpcf7-list-item-label\">Ich gebe die Erlaubnis<\/span><input type=\"checkbox\" name=\"checkbox-900[]\" value=\"Ich gebe die Erlaubnis\" \/><\/span><\/span><\/span>\n\t<\/p>\n\n\t<p class=\"contact-submit\"><br \/>\n<input class=\"wpcf7-form-control wpcf7-submit has-spinner shop-button\" type=\"submit\" value=\"Absenden\" \/>\n\t<\/p>\n<\/div><input type='hidden' class='wpcf7-pum' value='{\"closepopup\":false,\"closedelay\":0,\"openpopup\":false,\"openpopup_id\":0}' \/><div class=\"wpcf7-response-output\" aria-hidden=\"true\"><\/div>\n<\/form>\n<\/div>\n[\/vc_column][\/vc_row]<\/p>\n<\/div>","protected":false},"excerpt":{"rendered":"<p>[vc_row full_width=&#8220;stretch_row_content&#8220; full_height=&#8220;yes&#8220; equal_height=&#8220;yes&#8220; content_placement=&#8220;middle&#8220;][vc_column width=&#8220;1\/2&#8243;][vc_column_text css=&#8220;.vc_custom_1740487735767{padding-top: 20px !important;padding-right: 15px !important;padding-left: 50px !important;}&#8220;] UMZ\u00c4UNUNGEN AUS BETONBL\u00d6CKEN: EINE EFFIZIENTE ART UND WEISE, UM GRENZEN ZU NIEDRIGEN KOSTEN ANZUGEBEN ____ &nbsp; Gro\u00dfe stapelbare Betonbl\u00f6cke werden sowohl von gro\u00dfen, als auch von kleinen Unternehmen verwendet, um tempor\u00e4re oder permanente Umz\u00e4unungen, Begrenzungsmauern und Gel\u00e4ndeabtrennungen zu schaffen. Mit den Bl\u00f6cken, [&hellip;]<\/p>\n","protected":false},"author":2,"featured_media":0,"parent":7451,"menu_order":0,"comment_status":"closed","ping_status":"closed","template":"","meta":{"footnotes":""},"class_list":["post-7501","page","type-page","status-publish","hentry"],"yoast_head":"<!-- This site is optimized with the Yoast SEO plugin v27.4 - https:\/\/yoast.com\/product\/yoast-seo-wordpress\/ -->\n<title>Umz\u00e4unungen aus stapelbaren Betonsteine - Block Moulds<\/title>\n<meta name=\"description\" content=\"Z\u00e4une und Umz\u00e4unungen aus Betonbl\u00f6cken sind starke, nachhaltige Konstruktionen, die ohne Bindemittel gebaut werden k\u00f6nnen.\" \/>\n<meta name=\"robots\" content=\"index, follow, max-snippet:-1, max-image-preview:large, max-video-preview:-1\" \/>\n<link rel=\"canonical\" href=\"https:\/\/www.blockmoulds.com\/de\/anwendungen\/umzaeunungen\/\" \/>\n<meta property=\"og:locale\" content=\"de_DE\" \/>\n<meta property=\"og:type\" content=\"article\" \/>\n<meta property=\"og:title\" content=\"Umz\u00e4unungen aus stapelbaren Betonsteine - Block Moulds\" \/>\n<meta property=\"og:description\" content=\"Z\u00e4une und Umz\u00e4unungen aus Betonbl\u00f6cken sind starke, nachhaltige Konstruktionen, die ohne Bindemittel gebaut werden k\u00f6nnen.\" \/>\n<meta property=\"og:url\" content=\"https:\/\/www.blockmoulds.com\/de\/anwendungen\/umzaeunungen\/\" \/>\n<meta property=\"og:site_name\" content=\"Block Moulds\" \/>\n<meta property=\"article:modified_time\" content=\"2025-03-03T08:33:55+00:00\" \/>\n<meta name=\"twitter:card\" content=\"summary_large_image\" \/>\n<meta name=\"twitter:label1\" content=\"Gesch\u00e4tzte Lesezeit\" \/>\n\t<meta name=\"twitter:data1\" content=\"2\u00a0Minuten\" \/>\n<script type=\"application\/ld+json\" class=\"yoast-schema-graph\">{\"@context\":\"https:\\\/\\\/schema.org\",\"@graph\":[{\"@type\":\"WebPage\",\"@id\":\"https:\\\/\\\/www.blockmoulds.com\\\/de\\\/anwendungen\\\/umzaeunungen\\\/\",\"url\":\"https:\\\/\\\/www.blockmoulds.com\\\/de\\\/anwendungen\\\/umzaeunungen\\\/\",\"name\":\"Umz\u00e4unungen aus stapelbaren Betonsteine - Block Moulds\",\"isPartOf\":{\"@id\":\"https:\\\/\\\/www.blockmoulds.com\\\/de\\\/#website\"},\"datePublished\":\"2019-06-11T19:30:33+00:00\",\"dateModified\":\"2025-03-03T08:33:55+00:00\",\"description\":\"Z\u00e4une und Umz\u00e4unungen aus Betonbl\u00f6cken sind starke, nachhaltige Konstruktionen, die ohne Bindemittel gebaut werden k\u00f6nnen.\",\"breadcrumb\":{\"@id\":\"https:\\\/\\\/www.blockmoulds.com\\\/de\\\/anwendungen\\\/umzaeunungen\\\/#breadcrumb\"},\"inLanguage\":\"de\",\"potentialAction\":[{\"@type\":\"ReadAction\",\"target\":[\"https:\\\/\\\/www.blockmoulds.com\\\/de\\\/anwendungen\\\/umzaeunungen\\\/\"]}]},{\"@type\":\"BreadcrumbList\",\"@id\":\"https:\\\/\\\/www.blockmoulds.com\\\/de\\\/anwendungen\\\/umzaeunungen\\\/#breadcrumb\",\"itemListElement\":[{\"@type\":\"ListItem\",\"position\":1,\"name\":\"Home\",\"item\":\"https:\\\/\\\/www.blockmoulds.com\\\/de\\\/\"},{\"@type\":\"ListItem\",\"position\":2,\"name\":\"Anwendungen\",\"item\":\"https:\\\/\\\/www.blockmoulds.com\\\/de\\\/anwendungen\\\/\"},{\"@type\":\"ListItem\",\"position\":3,\"name\":\"Umz\u00e4unungen\"}]},{\"@type\":\"WebSite\",\"@id\":\"https:\\\/\\\/www.blockmoulds.com\\\/de\\\/#website\",\"url\":\"https:\\\/\\\/www.blockmoulds.com\\\/de\\\/\",\"name\":\"Block Moulds\",\"description\":\"Benefits of modular construction\",\"potentialAction\":[{\"@type\":\"SearchAction\",\"target\":{\"@type\":\"EntryPoint\",\"urlTemplate\":\"https:\\\/\\\/www.blockmoulds.com\\\/de\\\/?s={search_term_string}\"},\"query-input\":{\"@type\":\"PropertyValueSpecification\",\"valueRequired\":true,\"valueName\":\"search_term_string\"}}],\"inLanguage\":\"de\"}]}<\/script>\n<!-- \/ Yoast SEO plugin. -->","yoast_head_json":{"title":"Umz\u00e4unungen aus stapelbaren Betonsteine - Block Moulds","description":"Z\u00e4une und Umz\u00e4unungen aus Betonbl\u00f6cken sind starke, nachhaltige Konstruktionen, die ohne Bindemittel gebaut werden k\u00f6nnen.","robots":{"index":"index","follow":"follow","max-snippet":"max-snippet:-1","max-image-preview":"max-image-preview:large","max-video-preview":"max-video-preview:-1"},"canonical":"https:\/\/www.blockmoulds.com\/de\/anwendungen\/umzaeunungen\/","og_locale":"de_DE","og_type":"article","og_title":"Umz\u00e4unungen aus stapelbaren Betonsteine - Block Moulds","og_description":"Z\u00e4une und Umz\u00e4unungen aus Betonbl\u00f6cken sind starke, nachhaltige Konstruktionen, die ohne Bindemittel gebaut werden k\u00f6nnen.","og_url":"https:\/\/www.blockmoulds.com\/de\/anwendungen\/umzaeunungen\/","og_site_name":"Block Moulds","article_modified_time":"2025-03-03T08:33:55+00:00","twitter_card":"summary_large_image","twitter_misc":{"Gesch\u00e4tzte Lesezeit":"2\u00a0Minuten"},"schema":{"@context":"https:\/\/schema.org","@graph":[{"@type":"WebPage","@id":"https:\/\/www.blockmoulds.com\/de\/anwendungen\/umzaeunungen\/","url":"https:\/\/www.blockmoulds.com\/de\/anwendungen\/umzaeunungen\/","name":"Umz\u00e4unungen aus stapelbaren Betonsteine - Block Moulds","isPartOf":{"@id":"https:\/\/www.blockmoulds.com\/de\/#website"},"datePublished":"2019-06-11T19:30:33+00:00","dateModified":"2025-03-03T08:33:55+00:00","description":"Z\u00e4une und Umz\u00e4unungen aus Betonbl\u00f6cken sind starke, nachhaltige Konstruktionen, die ohne Bindemittel gebaut werden k\u00f6nnen.","breadcrumb":{"@id":"https:\/\/www.blockmoulds.com\/de\/anwendungen\/umzaeunungen\/#breadcrumb"},"inLanguage":"de","potentialAction":[{"@type":"ReadAction","target":["https:\/\/www.blockmoulds.com\/de\/anwendungen\/umzaeunungen\/"]}]},{"@type":"BreadcrumbList","@id":"https:\/\/www.blockmoulds.com\/de\/anwendungen\/umzaeunungen\/#breadcrumb","itemListElement":[{"@type":"ListItem","position":1,"name":"Home","item":"https:\/\/www.blockmoulds.com\/de\/"},{"@type":"ListItem","position":2,"name":"Anwendungen","item":"https:\/\/www.blockmoulds.com\/de\/anwendungen\/"},{"@type":"ListItem","position":3,"name":"Umz\u00e4unungen"}]},{"@type":"WebSite","@id":"https:\/\/www.blockmoulds.com\/de\/#website","url":"https:\/\/www.blockmoulds.com\/de\/","name":"Block Moulds","description":"Benefits of modular construction","potentialAction":[{"@type":"SearchAction","target":{"@type":"EntryPoint","urlTemplate":"https:\/\/www.blockmoulds.com\/de\/?s={search_term_string}"},"query-input":{"@type":"PropertyValueSpecification","valueRequired":true,"valueName":"search_term_string"}}],"inLanguage":"de"}]}},"_links":{"self":[{"href":"https:\/\/www.blockmoulds.com\/de\/wp-json\/wp\/v2\/pages\/7501","targetHints":{"allow":["GET"]}}],"collection":[{"href":"https:\/\/www.blockmoulds.com\/de\/wp-json\/wp\/v2\/pages"}],"about":[{"href":"https:\/\/www.blockmoulds.com\/de\/wp-json\/wp\/v2\/types\/page"}],"author":[{"embeddable":true,"href":"https:\/\/www.blockmoulds.com\/de\/wp-json\/wp\/v2\/users\/2"}],"replies":[{"embeddable":true,"href":"https:\/\/www.blockmoulds.com\/de\/wp-json\/wp\/v2\/comments?post=7501"}],"version-history":[{"count":3,"href":"https:\/\/www.blockmoulds.com\/de\/wp-json\/wp\/v2\/pages\/7501\/revisions"}],"predecessor-version":[{"id":22690,"href":"https:\/\/www.blockmoulds.com\/de\/wp-json\/wp\/v2\/pages\/7501\/revisions\/22690"}],"up":[{"embeddable":true,"href":"https:\/\/www.blockmoulds.com\/de\/wp-json\/wp\/v2\/pages\/7451"}],"wp:attachment":[{"href":"https:\/\/www.blockmoulds.com\/de\/wp-json\/wp\/v2\/media?parent=7501"}],"curies":[{"name":"wp","href":"https:\/\/api.w.org\/{rel}","templated":true}]}}