{"id":7718,"date":"2019-01-28T08:11:13","date_gmt":"2019-01-28T08:11:13","guid":{"rendered":"https:\/\/www.blockmoulds.com\/disclaimer\/"},"modified":"2023-06-01T17:06:24","modified_gmt":"2023-06-01T17:06:24","slug":"disclaimer","status":"publish","type":"page","link":"https:\/\/www.blockmoulds.com\/de\/disclaimer\/","title":{"rendered":"Disclaimer"},"content":{"rendered":"<div class=\"wpb-content-wrapper\"><p>[vc_row][vc_column][vc_column_text]<strong>Rechtliche Hinweise<\/strong><\/p>\n<p>Die Informationen, Dienstleistungen oder Produkte auf dieser Website k\u00f6nnen Fehler enthalten und vor\u00fcbergehend nicht verf\u00fcgbar sein. Block Moulds (BM International Solutions B.V.) unternimmt alle Anstrengungen, um s\u00e4mtliche Informationen, Dienstleistungen und Produkte m\u00f6glichst korrekt und fehlerfrei anzubieten. Dennoch kann Block Moulds nicht f\u00fcr etwaige Fehler, Defekte oder andere Sch\u00e4den, die sich aus der Nutzung dieser Website ergeben, haftbar gemacht werden. Block Moulds \u00fcbernimmt deshalb in den Grenzen, die das niederl\u00e4ndische Recht zul\u00e4sst, keinerlei Haftung.<\/p>\n<p><strong>Hinweise zum Urheberrecht<\/strong><br \/>\nInhalte dieser Website d\u00fcrfen ohne vorherige schriftliche Genehmigung der Block Moulds nicht vervielf\u00e4ltigt oder f\u00fcr andere Zwecke genutzt werden. Ausgenommen sind das Herunterladen, das Betrachten auf einem einzelnen Computer und\/oder der Ausdruck eines einzelnen Papierexemplars f\u00fcr pers\u00f6nliche und nicht gewerbliche Zwecke.<\/p>\n<p><strong>Erkl\u00e4rung zum Datenschutz<\/strong><br \/>\nBlock Moulds respektiert die Privatsph\u00e4re aller Besucher seiner Website. Sie k\u00f6nnen diese Website anonym besuchen. Beim Besuch dieser Website wird Block Moulds unter Einhaltung der nachfolgenden Bestimmungen keine Daten von Ihnen sammeln und\/oder in irgendeiner Weise verarbeiten. Wenn Sie diese Website besuchen, wird Ihre IP-Adresse mit Hilfe eines sogenannten Statistikservers registriert. Dieser Server generiert Daten, die anonym verarbeitet und nur f\u00fcr statistische Zwecke genutzt werden. Ihre pers\u00f6nlichen Daten behandelt Block Moulds selbstverst\u00e4ndlich streng vertraulich. Wir verwenden Ihre Daten, um Ihnen die gew\u00fcnschten relevanten Informationen zukommen zu lassen. Wir geben diese Informationen nur an Dritte weiter, die wir hinzuziehen, um Ihnen die gew\u00fcnschten Informationen geben zu k\u00f6nnen. Durch Eingabe Ihrer Daten erkl\u00e4ren Sie sich damit einverstanden. Diese Erkl\u00e4rung zum Datenschutz gilt nicht f\u00fcr Websites Dritter, die \u00fcber Links auf dieser Website aufgerufen werden k\u00f6nnen. Block Moulds B.V. beh\u00e4lt sich das Recht vor, \u00c4nderungen an dieser Erkl\u00e4rung zum Datenschutz vorzunehmen. Darum empfiehlt es sich, diese Erkl\u00e4rung zum Datenschutz regelm\u00e4\u00dfig zu lesen, damit Sie \u00fcber solche \u00c4nderungen informiert sind.<\/p>\n<p><strong>Lieferbedingungen<\/strong><br \/>\nF\u00fcr alle unsere Angebote, an uns gegebenen und von uns best\u00e4tigten Bestellungen, Lieferungen und mit uns abgeschlossenen Vertr\u00e4gen, gelten unsere Verkaufs- und Lieferbedingungen. Die gelieferten Waren bleiben unser Eigentum bis der ganzen Zahlung stattgefunden hat. Anwendung von den Allgemeine Bedingungen der anderen Partie werden nachdr\u00fccklich abgelehnt. Bei der Abgabe Ihrer Bestellungen nehmen wir an, da\u00df Sie mit unseren Verkaufs- und Lieferbedingungen einverstanden sind.<\/p>\n<p>\u00a9 2023 BM International Solutions B.V.. Alle Rechte vorbehalten[\/vc_column_text][\/vc_column][\/vc_row]<\/p>\n<\/div>","protected":false},"excerpt":{"rendered":"<p>[vc_row][vc_column][vc_column_text]Rechtliche Hinweise Die Informationen, Dienstleistungen oder Produkte auf dieser Website k\u00f6nnen Fehler enthalten und vor\u00fcbergehend nicht verf\u00fcgbar sein. Block Moulds (BM International Solutions B.V.) unternimmt alle Anstrengungen, um s\u00e4mtliche Informationen, Dienstleistungen und Produkte m\u00f6glichst korrekt und fehlerfrei anzubieten. Dennoch kann Block Moulds nicht f\u00fcr etwaige Fehler, Defekte oder andere Sch\u00e4den, die sich aus der Nutzung [&hellip;]<\/p>\n","protected":false},"author":1,"featured_media":0,"parent":0,"menu_order":0,"comment_status":"closed","ping_status":"closed","template":"","meta":{"footnotes":""},"class_list":["post-7718","page","type-page","status-publish","hentry"],"yoast_head":"<!-- This site is optimized with the Yoast SEO plugin v27.4 - https:\/\/yoast.com\/product\/yoast-seo-wordpress\/ -->\n<title>Disclaimer - Block Moulds<\/title>\n<meta name=\"robots\" content=\"index, follow, max-snippet:-1, max-image-preview:large, max-video-preview:-1\" \/>\n<link rel=\"canonical\" href=\"https:\/\/www.blockmoulds.com\/de\/disclaimer\/\" \/>\n<meta property=\"og:locale\" content=\"de_DE\" \/>\n<meta property=\"og:type\" content=\"article\" \/>\n<meta property=\"og:title\" content=\"Disclaimer - Block Moulds\" \/>\n<meta property=\"og:description\" content=\"[vc_row][vc_column][vc_column_text]Rechtliche Hinweise Die Informationen, Dienstleistungen oder Produkte auf dieser Website k\u00f6nnen Fehler enthalten und vor\u00fcbergehend nicht verf\u00fcgbar sein. Block Moulds (BM International Solutions B.V.) unternimmt alle Anstrengungen, um s\u00e4mtliche Informationen, Dienstleistungen und Produkte m\u00f6glichst korrekt und fehlerfrei anzubieten. Dennoch kann Block Moulds nicht f\u00fcr etwaige Fehler, Defekte oder andere Sch\u00e4den, die sich aus der Nutzung [&hellip;]\" \/>\n<meta property=\"og:url\" content=\"https:\/\/www.blockmoulds.com\/de\/disclaimer\/\" \/>\n<meta property=\"og:site_name\" content=\"Block Moulds\" \/>\n<meta property=\"article:modified_time\" content=\"2023-06-01T17:06:24+00:00\" \/>\n<meta name=\"twitter:card\" content=\"summary_large_image\" \/>\n<meta name=\"twitter:label1\" content=\"Gesch\u00e4tzte Lesezeit\" \/>\n\t<meta name=\"twitter:data1\" content=\"2\u00a0Minuten\" \/>\n<script type=\"application\/ld+json\" class=\"yoast-schema-graph\">{\"@context\":\"https:\\\/\\\/schema.org\",\"@graph\":[{\"@type\":\"WebPage\",\"@id\":\"https:\\\/\\\/www.blockmoulds.com\\\/de\\\/disclaimer\\\/\",\"url\":\"https:\\\/\\\/www.blockmoulds.com\\\/de\\\/disclaimer\\\/\",\"name\":\"Disclaimer - Block Moulds\",\"isPartOf\":{\"@id\":\"https:\\\/\\\/www.blockmoulds.com\\\/de\\\/#website\"},\"datePublished\":\"2019-01-28T08:11:13+00:00\",\"dateModified\":\"2023-06-01T17:06:24+00:00\",\"breadcrumb\":{\"@id\":\"https:\\\/\\\/www.blockmoulds.com\\\/de\\\/disclaimer\\\/#breadcrumb\"},\"inLanguage\":\"de\",\"potentialAction\":[{\"@type\":\"ReadAction\",\"target\":[\"https:\\\/\\\/www.blockmoulds.com\\\/de\\\/disclaimer\\\/\"]}]},{\"@type\":\"BreadcrumbList\",\"@id\":\"https:\\\/\\\/www.blockmoulds.com\\\/de\\\/disclaimer\\\/#breadcrumb\",\"itemListElement\":[{\"@type\":\"ListItem\",\"position\":1,\"name\":\"Home\",\"item\":\"https:\\\/\\\/www.blockmoulds.com\\\/de\\\/\"},{\"@type\":\"ListItem\",\"position\":2,\"name\":\"Disclaimer\"}]},{\"@type\":\"WebSite\",\"@id\":\"https:\\\/\\\/www.blockmoulds.com\\\/de\\\/#website\",\"url\":\"https:\\\/\\\/www.blockmoulds.com\\\/de\\\/\",\"name\":\"Block Moulds\",\"description\":\"Benefits of modular construction\",\"potentialAction\":[{\"@type\":\"SearchAction\",\"target\":{\"@type\":\"EntryPoint\",\"urlTemplate\":\"https:\\\/\\\/www.blockmoulds.com\\\/de\\\/?s={search_term_string}\"},\"query-input\":{\"@type\":\"PropertyValueSpecification\",\"valueRequired\":true,\"valueName\":\"search_term_string\"}}],\"inLanguage\":\"de\"}]}<\/script>\n<!-- \/ Yoast SEO plugin. -->","yoast_head_json":{"title":"Disclaimer - Block Moulds","robots":{"index":"index","follow":"follow","max-snippet":"max-snippet:-1","max-image-preview":"max-image-preview:large","max-video-preview":"max-video-preview:-1"},"canonical":"https:\/\/www.blockmoulds.com\/de\/disclaimer\/","og_locale":"de_DE","og_type":"article","og_title":"Disclaimer - Block Moulds","og_description":"[vc_row][vc_column][vc_column_text]Rechtliche Hinweise Die Informationen, Dienstleistungen oder Produkte auf dieser Website k\u00f6nnen Fehler enthalten und vor\u00fcbergehend nicht verf\u00fcgbar sein. Block Moulds (BM International Solutions B.V.) unternimmt alle Anstrengungen, um s\u00e4mtliche Informationen, Dienstleistungen und Produkte m\u00f6glichst korrekt und fehlerfrei anzubieten. Dennoch kann Block Moulds nicht f\u00fcr etwaige Fehler, Defekte oder andere Sch\u00e4den, die sich aus der Nutzung [&hellip;]","og_url":"https:\/\/www.blockmoulds.com\/de\/disclaimer\/","og_site_name":"Block Moulds","article_modified_time":"2023-06-01T17:06:24+00:00","twitter_card":"summary_large_image","twitter_misc":{"Gesch\u00e4tzte Lesezeit":"2\u00a0Minuten"},"schema":{"@context":"https:\/\/schema.org","@graph":[{"@type":"WebPage","@id":"https:\/\/www.blockmoulds.com\/de\/disclaimer\/","url":"https:\/\/www.blockmoulds.com\/de\/disclaimer\/","name":"Disclaimer - Block Moulds","isPartOf":{"@id":"https:\/\/www.blockmoulds.com\/de\/#website"},"datePublished":"2019-01-28T08:11:13+00:00","dateModified":"2023-06-01T17:06:24+00:00","breadcrumb":{"@id":"https:\/\/www.blockmoulds.com\/de\/disclaimer\/#breadcrumb"},"inLanguage":"de","potentialAction":[{"@type":"ReadAction","target":["https:\/\/www.blockmoulds.com\/de\/disclaimer\/"]}]},{"@type":"BreadcrumbList","@id":"https:\/\/www.blockmoulds.com\/de\/disclaimer\/#breadcrumb","itemListElement":[{"@type":"ListItem","position":1,"name":"Home","item":"https:\/\/www.blockmoulds.com\/de\/"},{"@type":"ListItem","position":2,"name":"Disclaimer"}]},{"@type":"WebSite","@id":"https:\/\/www.blockmoulds.com\/de\/#website","url":"https:\/\/www.blockmoulds.com\/de\/","name":"Block Moulds","description":"Benefits of modular construction","potentialAction":[{"@type":"SearchAction","target":{"@type":"EntryPoint","urlTemplate":"https:\/\/www.blockmoulds.com\/de\/?s={search_term_string}"},"query-input":{"@type":"PropertyValueSpecification","valueRequired":true,"valueName":"search_term_string"}}],"inLanguage":"de"}]}},"_links":{"self":[{"href":"https:\/\/www.blockmoulds.com\/de\/wp-json\/wp\/v2\/pages\/7718","targetHints":{"allow":["GET"]}}],"collection":[{"href":"https:\/\/www.blockmoulds.com\/de\/wp-json\/wp\/v2\/pages"}],"about":[{"href":"https:\/\/www.blockmoulds.com\/de\/wp-json\/wp\/v2\/types\/page"}],"author":[{"embeddable":true,"href":"https:\/\/www.blockmoulds.com\/de\/wp-json\/wp\/v2\/users\/1"}],"replies":[{"embeddable":true,"href":"https:\/\/www.blockmoulds.com\/de\/wp-json\/wp\/v2\/comments?post=7718"}],"version-history":[{"count":0,"href":"https:\/\/www.blockmoulds.com\/de\/wp-json\/wp\/v2\/pages\/7718\/revisions"}],"wp:attachment":[{"href":"https:\/\/www.blockmoulds.com\/de\/wp-json\/wp\/v2\/media?parent=7718"}],"curies":[{"name":"wp","href":"https:\/\/api.w.org\/{rel}","templated":true}]}}