{"id":13406,"date":"2022-10-18T08:14:45","date_gmt":"2022-10-18T08:14:45","guid":{"rendered":"https:\/\/www.blockmoulds.com\/shop\/set-of-rubber-pads\/"},"modified":"2023-11-15T16:49:30","modified_gmt":"2023-11-15T16:49:30","slug":"gummiprofilen-fuer-greifzange","status":"publish","type":"product","link":"https:\/\/www.blockmoulds.com\/de\/produkt\/gummiprofilen-fuer-greifzange\/","title":{"rendered":"Gummiprofilen f\u00fcr Greifzange"},"content":{"rendered":"","protected":false},"excerpt":{"rendered":"<p>(Ersatz-) Gummipads, die einen besseren Halt bieten, geeignet f\u00fcr die Greifzange zum Anheben von Betonbl\u00f6cken. Die silber \/ wei\u00df farbigen Gummis verursachen keine Sch\u00e4den und schwarze Flecken auf den Betonbl\u00f6cken.<\/p>\n","protected":false},"featured_media":17247,"template":"","meta":[],"product_brand":[],"product_cat":[236],"product_tag":[],"class_list":{"0":"post-13406","1":"product","2":"type-product","3":"status-publish","4":"has-post-thumbnail","6":"product_cat-lifting-accessories-de","8":"first","9":"instock","10":"taxable","11":"shipping-taxable","12":"purchasable","13":"product-type-simple"},"yoast_head":"<!-- This site is optimized with the Yoast SEO plugin v27.4 - https:\/\/yoast.com\/product\/yoast-seo-wordpress\/ -->\n<title>Gummiprofilen f\u00fcr Greifzange - Block Moulds<\/title>\n<meta name=\"robots\" content=\"index, follow, max-snippet:-1, max-image-preview:large, max-video-preview:-1\" \/>\n<link rel=\"canonical\" href=\"https:\/\/www.blockmoulds.com\/de\/produkt\/gummiprofilen-fuer-greifzange\/\" \/>\n<meta property=\"og:locale\" content=\"de_DE\" \/>\n<meta property=\"og:type\" content=\"article\" \/>\n<meta property=\"og:title\" content=\"Gummiprofilen f\u00fcr Greifzange - Block Moulds\" \/>\n<meta property=\"og:description\" content=\"(Ersatz-) Gummipads, die einen besseren Halt bieten, geeignet f\u00fcr die Greifzange zum Anheben von Betonbl\u00f6cken. Die silber \/ wei\u00df farbigen Gummis verursachen keine Sch\u00e4den und schwarze Flecken auf den Betonbl\u00f6cken.\" \/>\n<meta property=\"og:url\" content=\"https:\/\/www.blockmoulds.com\/de\/produkt\/gummiprofilen-fuer-greifzange\/\" \/>\n<meta property=\"og:site_name\" content=\"Block Moulds\" \/>\n<meta property=\"article:modified_time\" content=\"2023-11-15T16:49:30+00:00\" \/>\n<meta property=\"og:image\" content=\"https:\/\/www.blockmoulds.com\/wp-content\/uploads\/2022\/10\/spare_rubber_pads_block_lifting_clamp.jpg\" \/>\n\t<meta property=\"og:image:width\" content=\"900\" \/>\n\t<meta property=\"og:image:height\" content=\"900\" \/>\n\t<meta property=\"og:image:type\" content=\"image\/jpeg\" \/>\n<meta name=\"twitter:card\" content=\"summary_large_image\" \/>\n<script type=\"application\/ld+json\" class=\"yoast-schema-graph\">{\"@context\":\"https:\\\/\\\/schema.org\",\"@graph\":[{\"@type\":\"WebPage\",\"@id\":\"https:\\\/\\\/www.blockmoulds.com\\\/de\\\/produkt\\\/gummiprofilen-fuer-greifzange\\\/\",\"url\":\"https:\\\/\\\/www.blockmoulds.com\\\/de\\\/produkt\\\/gummiprofilen-fuer-greifzange\\\/\",\"name\":\"Gummiprofilen f\u00fcr Greifzange - Block Moulds\",\"isPartOf\":{\"@id\":\"https:\\\/\\\/www.blockmoulds.com\\\/de\\\/#website\"},\"primaryImageOfPage\":{\"@id\":\"https:\\\/\\\/www.blockmoulds.com\\\/de\\\/produkt\\\/gummiprofilen-fuer-greifzange\\\/#primaryimage\"},\"image\":{\"@id\":\"https:\\\/\\\/www.blockmoulds.com\\\/de\\\/produkt\\\/gummiprofilen-fuer-greifzange\\\/#primaryimage\"},\"thumbnailUrl\":\"https:\\\/\\\/www.blockmoulds.com\\\/wp-content\\\/uploads\\\/2022\\\/10\\\/spare_rubber_pads_block_lifting_clamp.jpg\",\"datePublished\":\"2022-10-18T08:14:45+00:00\",\"dateModified\":\"2023-11-15T16:49:30+00:00\",\"breadcrumb\":{\"@id\":\"https:\\\/\\\/www.blockmoulds.com\\\/de\\\/produkt\\\/gummiprofilen-fuer-greifzange\\\/#breadcrumb\"},\"inLanguage\":\"de\",\"potentialAction\":[{\"@type\":\"ReadAction\",\"target\":[\"https:\\\/\\\/www.blockmoulds.com\\\/de\\\/produkt\\\/gummiprofilen-fuer-greifzange\\\/\"]}]},{\"@type\":\"ImageObject\",\"inLanguage\":\"de\",\"@id\":\"https:\\\/\\\/www.blockmoulds.com\\\/de\\\/produkt\\\/gummiprofilen-fuer-greifzange\\\/#primaryimage\",\"url\":\"https:\\\/\\\/www.blockmoulds.com\\\/wp-content\\\/uploads\\\/2022\\\/10\\\/spare_rubber_pads_block_lifting_clamp.jpg\",\"contentUrl\":\"https:\\\/\\\/www.blockmoulds.com\\\/wp-content\\\/uploads\\\/2022\\\/10\\\/spare_rubber_pads_block_lifting_clamp.jpg\",\"width\":900,\"height\":900,\"caption\":\"spare rubber pads block lifting clamp\"},{\"@type\":\"BreadcrumbList\",\"@id\":\"https:\\\/\\\/www.blockmoulds.com\\\/de\\\/produkt\\\/gummiprofilen-fuer-greifzange\\\/#breadcrumb\",\"itemListElement\":[{\"@type\":\"ListItem\",\"position\":1,\"name\":\"Home\",\"item\":\"https:\\\/\\\/www.blockmoulds.com\\\/de\\\/\"},{\"@type\":\"ListItem\",\"position\":2,\"name\":\"Shop\",\"item\":\"https:\\\/\\\/www.blockmoulds.com\\\/de\\\/shop\\\/\"},{\"@type\":\"ListItem\",\"position\":3,\"name\":\"Gummiprofilen f\u00fcr Greifzange\"}]},{\"@type\":\"WebSite\",\"@id\":\"https:\\\/\\\/www.blockmoulds.com\\\/de\\\/#website\",\"url\":\"https:\\\/\\\/www.blockmoulds.com\\\/de\\\/\",\"name\":\"Block Moulds\",\"description\":\"Benefits of modular construction\",\"potentialAction\":[{\"@type\":\"SearchAction\",\"target\":{\"@type\":\"EntryPoint\",\"urlTemplate\":\"https:\\\/\\\/www.blockmoulds.com\\\/de\\\/?s={search_term_string}\"},\"query-input\":{\"@type\":\"PropertyValueSpecification\",\"valueRequired\":true,\"valueName\":\"search_term_string\"}}],\"inLanguage\":\"de\"}]}<\/script>\n<!-- \/ Yoast SEO plugin. -->","yoast_head_json":{"title":"Gummiprofilen f\u00fcr Greifzange - Block Moulds","robots":{"index":"index","follow":"follow","max-snippet":"max-snippet:-1","max-image-preview":"max-image-preview:large","max-video-preview":"max-video-preview:-1"},"canonical":"https:\/\/www.blockmoulds.com\/de\/produkt\/gummiprofilen-fuer-greifzange\/","og_locale":"de_DE","og_type":"article","og_title":"Gummiprofilen f\u00fcr Greifzange - Block Moulds","og_description":"(Ersatz-) Gummipads, die einen besseren Halt bieten, geeignet f\u00fcr die Greifzange zum Anheben von Betonbl\u00f6cken. Die silber \/ wei\u00df farbigen Gummis verursachen keine Sch\u00e4den und schwarze Flecken auf den Betonbl\u00f6cken.","og_url":"https:\/\/www.blockmoulds.com\/de\/produkt\/gummiprofilen-fuer-greifzange\/","og_site_name":"Block Moulds","article_modified_time":"2023-11-15T16:49:30+00:00","og_image":[{"width":900,"height":900,"url":"https:\/\/www.blockmoulds.com\/wp-content\/uploads\/2022\/10\/spare_rubber_pads_block_lifting_clamp.jpg","type":"image\/jpeg"}],"twitter_card":"summary_large_image","schema":{"@context":"https:\/\/schema.org","@graph":[{"@type":"WebPage","@id":"https:\/\/www.blockmoulds.com\/de\/produkt\/gummiprofilen-fuer-greifzange\/","url":"https:\/\/www.blockmoulds.com\/de\/produkt\/gummiprofilen-fuer-greifzange\/","name":"Gummiprofilen f\u00fcr Greifzange - Block Moulds","isPartOf":{"@id":"https:\/\/www.blockmoulds.com\/de\/#website"},"primaryImageOfPage":{"@id":"https:\/\/www.blockmoulds.com\/de\/produkt\/gummiprofilen-fuer-greifzange\/#primaryimage"},"image":{"@id":"https:\/\/www.blockmoulds.com\/de\/produkt\/gummiprofilen-fuer-greifzange\/#primaryimage"},"thumbnailUrl":"https:\/\/www.blockmoulds.com\/wp-content\/uploads\/2022\/10\/spare_rubber_pads_block_lifting_clamp.jpg","datePublished":"2022-10-18T08:14:45+00:00","dateModified":"2023-11-15T16:49:30+00:00","breadcrumb":{"@id":"https:\/\/www.blockmoulds.com\/de\/produkt\/gummiprofilen-fuer-greifzange\/#breadcrumb"},"inLanguage":"de","potentialAction":[{"@type":"ReadAction","target":["https:\/\/www.blockmoulds.com\/de\/produkt\/gummiprofilen-fuer-greifzange\/"]}]},{"@type":"ImageObject","inLanguage":"de","@id":"https:\/\/www.blockmoulds.com\/de\/produkt\/gummiprofilen-fuer-greifzange\/#primaryimage","url":"https:\/\/www.blockmoulds.com\/wp-content\/uploads\/2022\/10\/spare_rubber_pads_block_lifting_clamp.jpg","contentUrl":"https:\/\/www.blockmoulds.com\/wp-content\/uploads\/2022\/10\/spare_rubber_pads_block_lifting_clamp.jpg","width":900,"height":900,"caption":"spare rubber pads block lifting clamp"},{"@type":"BreadcrumbList","@id":"https:\/\/www.blockmoulds.com\/de\/produkt\/gummiprofilen-fuer-greifzange\/#breadcrumb","itemListElement":[{"@type":"ListItem","position":1,"name":"Home","item":"https:\/\/www.blockmoulds.com\/de\/"},{"@type":"ListItem","position":2,"name":"Shop","item":"https:\/\/www.blockmoulds.com\/de\/shop\/"},{"@type":"ListItem","position":3,"name":"Gummiprofilen f\u00fcr Greifzange"}]},{"@type":"WebSite","@id":"https:\/\/www.blockmoulds.com\/de\/#website","url":"https:\/\/www.blockmoulds.com\/de\/","name":"Block Moulds","description":"Benefits of modular construction","potentialAction":[{"@type":"SearchAction","target":{"@type":"EntryPoint","urlTemplate":"https:\/\/www.blockmoulds.com\/de\/?s={search_term_string}"},"query-input":{"@type":"PropertyValueSpecification","valueRequired":true,"valueName":"search_term_string"}}],"inLanguage":"de"}]}},"_links":{"self":[{"href":"https:\/\/www.blockmoulds.com\/de\/wp-json\/wp\/v2\/product\/13406","targetHints":{"allow":["GET"]}}],"collection":[{"href":"https:\/\/www.blockmoulds.com\/de\/wp-json\/wp\/v2\/product"}],"about":[{"href":"https:\/\/www.blockmoulds.com\/de\/wp-json\/wp\/v2\/types\/product"}],"wp:featuredmedia":[{"embeddable":true,"href":"https:\/\/www.blockmoulds.com\/de\/wp-json\/wp\/v2\/media\/17247"}],"wp:attachment":[{"href":"https:\/\/www.blockmoulds.com\/de\/wp-json\/wp\/v2\/media?parent=13406"}],"wp:term":[{"taxonomy":"product_brand","embeddable":true,"href":"https:\/\/www.blockmoulds.com\/de\/wp-json\/wp\/v2\/product_brand?post=13406"},{"taxonomy":"product_cat","embeddable":true,"href":"https:\/\/www.blockmoulds.com\/de\/wp-json\/wp\/v2\/product_cat?post=13406"},{"taxonomy":"product_tag","embeddable":true,"href":"https:\/\/www.blockmoulds.com\/de\/wp-json\/wp\/v2\/product_tag?post=13406"}],"curies":[{"name":"wp","href":"https:\/\/api.w.org\/{rel}","templated":true}]}}