{"id":13410,"date":"2022-09-07T19:20:01","date_gmt":"2022-09-07T19:20:01","guid":{"rendered":"https:\/\/www.blockmoulds.com\/shop\/2-leg-chain-slings-for-lifting\/"},"modified":"2022-10-21T15:22:05","modified_gmt":"2022-10-21T15:22:05","slug":"hebekette-2-strang","status":"publish","type":"product","link":"https:\/\/www.blockmoulds.com\/de\/produkt\/hebekette-2-strang\/","title":{"rendered":"Hebekette 2 Strang"},"content":{"rendered":"","protected":false},"excerpt":{"rendered":"<p>Ein Zweistrangkette ist eine Kette mit 2 (Ketten) Str\u00e4nge und ausgestattet mit gabellasthaken mit Sicherheits-Schmiedefalle. Die 2-Strangkette eignet sich f\u00fcr zuverl\u00e4ssiges, sicheres und schnelles Heben von Objekten, die an zwei Hebepunkten angehoben werden m\u00fcssen.<br \/>\nDie Hebeketten sind gut f\u00fcr den sicheren Transport von Betonbl\u00f6cken zu verwenden. Die 2-Strangkette wird komplett mit Gabelhaken zur Verbindung mit Kugelkopf-Transportankersystem geliefert.<\/p>\n<p>Wird oftmals in Kombination mit den verf\u00fcgbaren Schnellkupplungssystem zum Transport von Betonfertigteilen verwendet, die aus den folgenden Produkten bestehen:<br \/>\n\u2022 <a href=\"https:\/\/www.blockmoulds.com\/de\/shop\/kugelkopfhaken\/\"><strong>Kugelkopf-Betonanker-Haken<\/strong><\/a><br \/>\n\u2022 <a href=\"https:\/\/www.blockmoulds.com\/de\/shop\/kugelkopf-transportanker\/\"><strong>Kugelkopf-Transportanker<\/strong><\/a><br \/>\n\u2022 <a href=\"https:\/\/www.blockmoulds.com\/de\/shop\/magnetaussparungkoerper\/\"><strong>Magnet Aussparungsk\u00f6rper<\/strong><\/a><br \/>\n\u2022 <a href=\"https:\/\/www.blockmoulds.com\/de\/shop\/gummidichtungsring\/\"><strong>Gummidichtungsring f\u00fcr die Ankerbefestigung<\/strong><\/a><\/p>\n<p>Die Hebekette kann auch mit dem <a href=\"https:\/\/www.blockmoulds.com\/de\/shop\/staplertraversen-doppelte-richtung\/\"><strong>Hebevorrichtung f\u00fcr Gabelstapler<\/strong><\/a>\u00a0verbunden werden, der zum pr\u00e4zisen Heben und Transportieren von Betonbl\u00f6cken verwendet wird.<\/p>\n<p>Tragf\u00e4higkeit (WLL)<br \/>\nNeigungswinkel \u00df 0-45\u00b0 : 4250 Kg<br \/>\nNeigungswinkel \u00df 45-60\u00ba: 3150 Kg<\/p>\n<p>Nutzl\u00e4nge \/ Arbeitsl\u00e4nge<br \/>\n2x 1m<\/p>\n","protected":false},"featured_media":13183,"template":"","meta":[],"product_brand":[],"product_cat":[236],"product_tag":[],"class_list":{"0":"post-13410","1":"product","2":"type-product","3":"status-publish","4":"has-post-thumbnail","6":"product_cat-lifting-accessories-de","8":"first","9":"instock","10":"taxable","11":"shipping-taxable","12":"purchasable","13":"product-type-simple"},"yoast_head":"<!-- This site is optimized with the Yoast SEO plugin v27.4 - https:\/\/yoast.com\/product\/yoast-seo-wordpress\/ -->\n<title>Hebekette 2 Strang - Block Moulds<\/title>\n<meta name=\"robots\" content=\"index, follow, max-snippet:-1, max-image-preview:large, max-video-preview:-1\" \/>\n<link rel=\"canonical\" href=\"https:\/\/www.blockmoulds.com\/de\/produkt\/hebekette-2-strang\/\" \/>\n<meta property=\"og:locale\" content=\"de_DE\" \/>\n<meta property=\"og:type\" content=\"article\" \/>\n<meta property=\"og:title\" content=\"Hebekette 2 Strang - Block Moulds\" \/>\n<meta property=\"og:description\" content=\"Ein Zweistrangkette ist eine Kette mit 2 (Ketten) Str\u00e4nge und ausgestattet mit gabellasthaken mit Sicherheits-Schmiedefalle. Die 2-Strangkette eignet sich f\u00fcr zuverl\u00e4ssiges, sicheres und schnelles Heben von Objekten, die an zwei Hebepunkten angehoben werden m\u00fcssen. Die Hebeketten sind gut f\u00fcr den sicheren Transport von Betonbl\u00f6cken zu verwenden. Die 2-Strangkette wird komplett mit Gabelhaken zur Verbindung mit Kugelkopf-Transportankersystem geliefert.  Wird oftmals in Kombination mit den verf\u00fcgbaren Schnellkupplungssystem zum Transport von Betonfertigteilen verwendet, die aus den folgenden Produkten bestehen: \u2022 Kugelkopf-Betonanker-Haken \u2022 Kugelkopf-Transportanker \u2022 Magnet Aussparungsk\u00f6rper \u2022 Gummidichtungsring f\u00fcr die Ankerbefestigung  Die Hebekette kann auch mit dem Hebevorrichtung f\u00fcr Gabelstapler\u00a0verbunden werden, der zum pr\u00e4zisen Heben und Transportieren von Betonbl\u00f6cken verwendet wird.  Tragf\u00e4higkeit (WLL) Neigungswinkel \u00df 0-45\u00b0 : 4250 Kg Neigungswinkel \u00df 45-60\u00ba: 3150 Kg  Nutzl\u00e4nge \/ Arbeitsl\u00e4nge 2x 1m\" \/>\n<meta property=\"og:url\" content=\"https:\/\/www.blockmoulds.com\/de\/produkt\/hebekette-2-strang\/\" \/>\n<meta property=\"og:site_name\" content=\"Block Moulds\" \/>\n<meta property=\"article:modified_time\" content=\"2022-10-21T15:22:05+00:00\" \/>\n<meta property=\"og:image\" content=\"https:\/\/www.blockmoulds.com\/wp-content\/uploads\/2022\/09\/2-Leg-Chain-lifting-Slings-.jpg\" \/>\n\t<meta property=\"og:image:width\" content=\"600\" \/>\n\t<meta property=\"og:image:height\" content=\"600\" \/>\n\t<meta property=\"og:image:type\" content=\"image\/jpeg\" \/>\n<meta name=\"twitter:card\" content=\"summary_large_image\" \/>\n<script type=\"application\/ld+json\" class=\"yoast-schema-graph\">{\"@context\":\"https:\\\/\\\/schema.org\",\"@graph\":[{\"@type\":\"WebPage\",\"@id\":\"https:\\\/\\\/www.blockmoulds.com\\\/de\\\/produkt\\\/hebekette-2-strang\\\/\",\"url\":\"https:\\\/\\\/www.blockmoulds.com\\\/de\\\/produkt\\\/hebekette-2-strang\\\/\",\"name\":\"Hebekette 2 Strang - Block Moulds\",\"isPartOf\":{\"@id\":\"https:\\\/\\\/www.blockmoulds.com\\\/de\\\/#website\"},\"primaryImageOfPage\":{\"@id\":\"https:\\\/\\\/www.blockmoulds.com\\\/de\\\/produkt\\\/hebekette-2-strang\\\/#primaryimage\"},\"image\":{\"@id\":\"https:\\\/\\\/www.blockmoulds.com\\\/de\\\/produkt\\\/hebekette-2-strang\\\/#primaryimage\"},\"thumbnailUrl\":\"https:\\\/\\\/www.blockmoulds.com\\\/wp-content\\\/uploads\\\/2022\\\/09\\\/2-Leg-Chain-lifting-Slings-.jpg\",\"datePublished\":\"2022-09-07T19:20:01+00:00\",\"dateModified\":\"2022-10-21T15:22:05+00:00\",\"breadcrumb\":{\"@id\":\"https:\\\/\\\/www.blockmoulds.com\\\/de\\\/produkt\\\/hebekette-2-strang\\\/#breadcrumb\"},\"inLanguage\":\"de\",\"potentialAction\":[{\"@type\":\"ReadAction\",\"target\":[\"https:\\\/\\\/www.blockmoulds.com\\\/de\\\/produkt\\\/hebekette-2-strang\\\/\"]}]},{\"@type\":\"ImageObject\",\"inLanguage\":\"de\",\"@id\":\"https:\\\/\\\/www.blockmoulds.com\\\/de\\\/produkt\\\/hebekette-2-strang\\\/#primaryimage\",\"url\":\"https:\\\/\\\/www.blockmoulds.com\\\/wp-content\\\/uploads\\\/2022\\\/09\\\/2-Leg-Chain-lifting-Slings-.jpg\",\"contentUrl\":\"https:\\\/\\\/www.blockmoulds.com\\\/wp-content\\\/uploads\\\/2022\\\/09\\\/2-Leg-Chain-lifting-Slings-.jpg\",\"width\":600,\"height\":600,\"caption\":\"2 Leg Chain lifting Slings\"},{\"@type\":\"BreadcrumbList\",\"@id\":\"https:\\\/\\\/www.blockmoulds.com\\\/de\\\/produkt\\\/hebekette-2-strang\\\/#breadcrumb\",\"itemListElement\":[{\"@type\":\"ListItem\",\"position\":1,\"name\":\"Home\",\"item\":\"https:\\\/\\\/www.blockmoulds.com\\\/de\\\/\"},{\"@type\":\"ListItem\",\"position\":2,\"name\":\"Shop\",\"item\":\"https:\\\/\\\/www.blockmoulds.com\\\/de\\\/shop\\\/\"},{\"@type\":\"ListItem\",\"position\":3,\"name\":\"Hebekette 2 Strang\"}]},{\"@type\":\"WebSite\",\"@id\":\"https:\\\/\\\/www.blockmoulds.com\\\/de\\\/#website\",\"url\":\"https:\\\/\\\/www.blockmoulds.com\\\/de\\\/\",\"name\":\"Block Moulds\",\"description\":\"Benefits of modular construction\",\"potentialAction\":[{\"@type\":\"SearchAction\",\"target\":{\"@type\":\"EntryPoint\",\"urlTemplate\":\"https:\\\/\\\/www.blockmoulds.com\\\/de\\\/?s={search_term_string}\"},\"query-input\":{\"@type\":\"PropertyValueSpecification\",\"valueRequired\":true,\"valueName\":\"search_term_string\"}}],\"inLanguage\":\"de\"}]}<\/script>\n<!-- \/ Yoast SEO plugin. -->","yoast_head_json":{"title":"Hebekette 2 Strang - Block Moulds","robots":{"index":"index","follow":"follow","max-snippet":"max-snippet:-1","max-image-preview":"max-image-preview:large","max-video-preview":"max-video-preview:-1"},"canonical":"https:\/\/www.blockmoulds.com\/de\/produkt\/hebekette-2-strang\/","og_locale":"de_DE","og_type":"article","og_title":"Hebekette 2 Strang - Block Moulds","og_description":"Ein Zweistrangkette ist eine Kette mit 2 (Ketten) Str\u00e4nge und ausgestattet mit gabellasthaken mit Sicherheits-Schmiedefalle. Die 2-Strangkette eignet sich f\u00fcr zuverl\u00e4ssiges, sicheres und schnelles Heben von Objekten, die an zwei Hebepunkten angehoben werden m\u00fcssen. Die Hebeketten sind gut f\u00fcr den sicheren Transport von Betonbl\u00f6cken zu verwenden. Die 2-Strangkette wird komplett mit Gabelhaken zur Verbindung mit Kugelkopf-Transportankersystem geliefert.  Wird oftmals in Kombination mit den verf\u00fcgbaren Schnellkupplungssystem zum Transport von Betonfertigteilen verwendet, die aus den folgenden Produkten bestehen: \u2022 Kugelkopf-Betonanker-Haken \u2022 Kugelkopf-Transportanker \u2022 Magnet Aussparungsk\u00f6rper \u2022 Gummidichtungsring f\u00fcr die Ankerbefestigung  Die Hebekette kann auch mit dem Hebevorrichtung f\u00fcr Gabelstapler\u00a0verbunden werden, der zum pr\u00e4zisen Heben und Transportieren von Betonbl\u00f6cken verwendet wird.  Tragf\u00e4higkeit (WLL) Neigungswinkel \u00df 0-45\u00b0 : 4250 Kg Neigungswinkel \u00df 45-60\u00ba: 3150 Kg  Nutzl\u00e4nge \/ Arbeitsl\u00e4nge 2x 1m","og_url":"https:\/\/www.blockmoulds.com\/de\/produkt\/hebekette-2-strang\/","og_site_name":"Block Moulds","article_modified_time":"2022-10-21T15:22:05+00:00","og_image":[{"width":600,"height":600,"url":"https:\/\/www.blockmoulds.com\/wp-content\/uploads\/2022\/09\/2-Leg-Chain-lifting-Slings-.jpg","type":"image\/jpeg"}],"twitter_card":"summary_large_image","schema":{"@context":"https:\/\/schema.org","@graph":[{"@type":"WebPage","@id":"https:\/\/www.blockmoulds.com\/de\/produkt\/hebekette-2-strang\/","url":"https:\/\/www.blockmoulds.com\/de\/produkt\/hebekette-2-strang\/","name":"Hebekette 2 Strang - Block Moulds","isPartOf":{"@id":"https:\/\/www.blockmoulds.com\/de\/#website"},"primaryImageOfPage":{"@id":"https:\/\/www.blockmoulds.com\/de\/produkt\/hebekette-2-strang\/#primaryimage"},"image":{"@id":"https:\/\/www.blockmoulds.com\/de\/produkt\/hebekette-2-strang\/#primaryimage"},"thumbnailUrl":"https:\/\/www.blockmoulds.com\/wp-content\/uploads\/2022\/09\/2-Leg-Chain-lifting-Slings-.jpg","datePublished":"2022-09-07T19:20:01+00:00","dateModified":"2022-10-21T15:22:05+00:00","breadcrumb":{"@id":"https:\/\/www.blockmoulds.com\/de\/produkt\/hebekette-2-strang\/#breadcrumb"},"inLanguage":"de","potentialAction":[{"@type":"ReadAction","target":["https:\/\/www.blockmoulds.com\/de\/produkt\/hebekette-2-strang\/"]}]},{"@type":"ImageObject","inLanguage":"de","@id":"https:\/\/www.blockmoulds.com\/de\/produkt\/hebekette-2-strang\/#primaryimage","url":"https:\/\/www.blockmoulds.com\/wp-content\/uploads\/2022\/09\/2-Leg-Chain-lifting-Slings-.jpg","contentUrl":"https:\/\/www.blockmoulds.com\/wp-content\/uploads\/2022\/09\/2-Leg-Chain-lifting-Slings-.jpg","width":600,"height":600,"caption":"2 Leg Chain lifting Slings"},{"@type":"BreadcrumbList","@id":"https:\/\/www.blockmoulds.com\/de\/produkt\/hebekette-2-strang\/#breadcrumb","itemListElement":[{"@type":"ListItem","position":1,"name":"Home","item":"https:\/\/www.blockmoulds.com\/de\/"},{"@type":"ListItem","position":2,"name":"Shop","item":"https:\/\/www.blockmoulds.com\/de\/shop\/"},{"@type":"ListItem","position":3,"name":"Hebekette 2 Strang"}]},{"@type":"WebSite","@id":"https:\/\/www.blockmoulds.com\/de\/#website","url":"https:\/\/www.blockmoulds.com\/de\/","name":"Block Moulds","description":"Benefits of modular construction","potentialAction":[{"@type":"SearchAction","target":{"@type":"EntryPoint","urlTemplate":"https:\/\/www.blockmoulds.com\/de\/?s={search_term_string}"},"query-input":{"@type":"PropertyValueSpecification","valueRequired":true,"valueName":"search_term_string"}}],"inLanguage":"de"}]}},"_links":{"self":[{"href":"https:\/\/www.blockmoulds.com\/de\/wp-json\/wp\/v2\/product\/13410","targetHints":{"allow":["GET"]}}],"collection":[{"href":"https:\/\/www.blockmoulds.com\/de\/wp-json\/wp\/v2\/product"}],"about":[{"href":"https:\/\/www.blockmoulds.com\/de\/wp-json\/wp\/v2\/types\/product"}],"wp:featuredmedia":[{"embeddable":true,"href":"https:\/\/www.blockmoulds.com\/de\/wp-json\/wp\/v2\/media\/13183"}],"wp:attachment":[{"href":"https:\/\/www.blockmoulds.com\/de\/wp-json\/wp\/v2\/media?parent=13410"}],"wp:term":[{"taxonomy":"product_brand","embeddable":true,"href":"https:\/\/www.blockmoulds.com\/de\/wp-json\/wp\/v2\/product_brand?post=13410"},{"taxonomy":"product_cat","embeddable":true,"href":"https:\/\/www.blockmoulds.com\/de\/wp-json\/wp\/v2\/product_cat?post=13410"},{"taxonomy":"product_tag","embeddable":true,"href":"https:\/\/www.blockmoulds.com\/de\/wp-json\/wp\/v2\/product_tag?post=13410"}],"curies":[{"name":"wp","href":"https:\/\/api.w.org\/{rel}","templated":true}]}}