{"id":24600,"date":"2026-02-24T09:53:15","date_gmt":"2026-02-24T09:53:15","guid":{"rendered":"https:\/\/www.blockmoulds.com\/shop\/basic-block-mould-40x20x20\/"},"modified":"2026-04-01T08:49:39","modified_gmt":"2026-04-01T08:49:39","slug":"basic-block-mould-40x20x20","status":"publish","type":"product","link":"https:\/\/www.blockmoulds.com\/de\/produkt\/basic-block-mould-40x20x20\/","title":{"rendered":"Basic block mould 40\u00d720\u00d720"},"content":{"rendered":"","protected":false},"excerpt":{"rendered":"<p>This mould produces concrete interlocking blocks measuring 40\u00d720\u00d720\u202fcm, suitable for smaller-scale construction and modular wall segments. An optional 20\u00d720\u202fcm insert allows you to cast half-sized blocks for brick bond wall arrangement. Removable cast-in handles make it easy to handle the finished concrete blocks. These small concrete blocks enable structures to be assembled considerably faster, thereby reducing working time. The top studs and bottom recesses ensure stable stacking and are compatible with other block sizes. The mould is compact and lightweight, making it easy to transport and handle on site.<\/p>\n","protected":false},"featured_media":24582,"template":"","meta":[],"product_brand":[],"product_cat":[230],"product_tag":[],"class_list":{"0":"post-24600","1":"product","2":"type-product","3":"status-publish","4":"has-post-thumbnail","6":"product_cat-block-moulds-de","8":"first","9":"instock","10":"taxable","11":"shipping-taxable","12":"purchasable","13":"product-type-simple"},"yoast_head":"<!-- This site is optimized with the Yoast SEO plugin v27.4 - https:\/\/yoast.com\/product\/yoast-seo-wordpress\/ -->\n<title>Basic block mould 40\u00d720\u00d720 - Block Moulds<\/title>\n<meta name=\"robots\" content=\"index, follow, max-snippet:-1, max-image-preview:large, max-video-preview:-1\" \/>\n<link rel=\"canonical\" href=\"https:\/\/www.blockmoulds.com\/de\/produkt\/basic-block-mould-40x20x20\/\" \/>\n<meta property=\"og:locale\" content=\"de_DE\" \/>\n<meta property=\"og:type\" content=\"article\" \/>\n<meta property=\"og:title\" content=\"Basic block mould 40\u00d720\u00d720 - Block Moulds\" \/>\n<meta property=\"og:description\" content=\"This mould produces concrete interlocking blocks measuring 40\u00d720\u00d720\u202fcm, suitable for smaller-scale construction and modular wall segments. An optional 20\u00d720\u202fcm insert allows you to cast half-sized blocks for brick bond wall arrangement. Removable cast-in handles make it easy to handle the finished concrete blocks. These small concrete blocks enable structures to be assembled considerably faster, thereby reducing working time. The top studs and bottom recesses ensure stable stacking and are compatible with other block sizes. The mould is compact and lightweight, making it easy to transport and handle on site.\" \/>\n<meta property=\"og:url\" content=\"https:\/\/www.blockmoulds.com\/de\/produkt\/basic-block-mould-40x20x20\/\" \/>\n<meta property=\"og:site_name\" content=\"Block Moulds\" \/>\n<meta property=\"article:modified_time\" content=\"2026-04-01T08:49:39+00:00\" \/>\n<meta property=\"og:image\" content=\"https:\/\/www.blockmoulds.com\/wp-content\/uploads\/2026\/02\/mini-concrete-interlocking-mould-40x20x20-cm.webp\" \/>\n\t<meta property=\"og:image:width\" content=\"1181\" \/>\n\t<meta property=\"og:image:height\" content=\"1181\" \/>\n\t<meta property=\"og:image:type\" content=\"image\/webp\" \/>\n<meta name=\"twitter:card\" content=\"summary_large_image\" \/>\n<meta name=\"twitter:label1\" content=\"Gesch\u00e4tzte Lesezeit\" \/>\n\t<meta name=\"twitter:data1\" content=\"1\u00a0Minute\" \/>\n<script type=\"application\/ld+json\" class=\"yoast-schema-graph\">{\"@context\":\"https:\\\/\\\/schema.org\",\"@graph\":[{\"@type\":\"WebPage\",\"@id\":\"https:\\\/\\\/www.blockmoulds.com\\\/de\\\/produkt\\\/basic-block-mould-40x20x20\\\/\",\"url\":\"https:\\\/\\\/www.blockmoulds.com\\\/de\\\/produkt\\\/basic-block-mould-40x20x20\\\/\",\"name\":\"Basic block mould 40\u00d720\u00d720 - Block Moulds\",\"isPartOf\":{\"@id\":\"https:\\\/\\\/www.blockmoulds.com\\\/de\\\/#website\"},\"primaryImageOfPage\":{\"@id\":\"https:\\\/\\\/www.blockmoulds.com\\\/de\\\/produkt\\\/basic-block-mould-40x20x20\\\/#primaryimage\"},\"image\":{\"@id\":\"https:\\\/\\\/www.blockmoulds.com\\\/de\\\/produkt\\\/basic-block-mould-40x20x20\\\/#primaryimage\"},\"thumbnailUrl\":\"https:\\\/\\\/www.blockmoulds.com\\\/wp-content\\\/uploads\\\/2026\\\/02\\\/mini-concrete-interlocking-mould-40x20x20-cm.webp\",\"datePublished\":\"2026-02-24T09:53:15+00:00\",\"dateModified\":\"2026-04-01T08:49:39+00:00\",\"breadcrumb\":{\"@id\":\"https:\\\/\\\/www.blockmoulds.com\\\/de\\\/produkt\\\/basic-block-mould-40x20x20\\\/#breadcrumb\"},\"inLanguage\":\"de\",\"potentialAction\":[{\"@type\":\"ReadAction\",\"target\":[\"https:\\\/\\\/www.blockmoulds.com\\\/de\\\/produkt\\\/basic-block-mould-40x20x20\\\/\"]}]},{\"@type\":\"ImageObject\",\"inLanguage\":\"de\",\"@id\":\"https:\\\/\\\/www.blockmoulds.com\\\/de\\\/produkt\\\/basic-block-mould-40x20x20\\\/#primaryimage\",\"url\":\"https:\\\/\\\/www.blockmoulds.com\\\/wp-content\\\/uploads\\\/2026\\\/02\\\/mini-concrete-interlocking-mould-40x20x20-cm.webp\",\"contentUrl\":\"https:\\\/\\\/www.blockmoulds.com\\\/wp-content\\\/uploads\\\/2026\\\/02\\\/mini-concrete-interlocking-mould-40x20x20-cm.webp\",\"width\":1181,\"height\":1181,\"caption\":\"mini concrete interlocking mould 40x20x20 cm\"},{\"@type\":\"BreadcrumbList\",\"@id\":\"https:\\\/\\\/www.blockmoulds.com\\\/de\\\/produkt\\\/basic-block-mould-40x20x20\\\/#breadcrumb\",\"itemListElement\":[{\"@type\":\"ListItem\",\"position\":1,\"name\":\"Home\",\"item\":\"https:\\\/\\\/www.blockmoulds.com\\\/de\\\/\"},{\"@type\":\"ListItem\",\"position\":2,\"name\":\"Shop\",\"item\":\"https:\\\/\\\/www.blockmoulds.com\\\/de\\\/shop\\\/\"},{\"@type\":\"ListItem\",\"position\":3,\"name\":\"Basic block mould 40\u00d720\u00d720\"}]},{\"@type\":\"WebSite\",\"@id\":\"https:\\\/\\\/www.blockmoulds.com\\\/de\\\/#website\",\"url\":\"https:\\\/\\\/www.blockmoulds.com\\\/de\\\/\",\"name\":\"Block Moulds\",\"description\":\"Benefits of modular construction\",\"potentialAction\":[{\"@type\":\"SearchAction\",\"target\":{\"@type\":\"EntryPoint\",\"urlTemplate\":\"https:\\\/\\\/www.blockmoulds.com\\\/de\\\/?s={search_term_string}\"},\"query-input\":{\"@type\":\"PropertyValueSpecification\",\"valueRequired\":true,\"valueName\":\"search_term_string\"}}],\"inLanguage\":\"de\"}]}<\/script>\n<!-- \/ Yoast SEO plugin. -->","yoast_head_json":{"title":"Basic block mould 40\u00d720\u00d720 - Block Moulds","robots":{"index":"index","follow":"follow","max-snippet":"max-snippet:-1","max-image-preview":"max-image-preview:large","max-video-preview":"max-video-preview:-1"},"canonical":"https:\/\/www.blockmoulds.com\/de\/produkt\/basic-block-mould-40x20x20\/","og_locale":"de_DE","og_type":"article","og_title":"Basic block mould 40\u00d720\u00d720 - Block Moulds","og_description":"This mould produces concrete interlocking blocks measuring 40\u00d720\u00d720\u202fcm, suitable for smaller-scale construction and modular wall segments. An optional 20\u00d720\u202fcm insert allows you to cast half-sized blocks for brick bond wall arrangement. Removable cast-in handles make it easy to handle the finished concrete blocks. These small concrete blocks enable structures to be assembled considerably faster, thereby reducing working time. The top studs and bottom recesses ensure stable stacking and are compatible with other block sizes. The mould is compact and lightweight, making it easy to transport and handle on site.","og_url":"https:\/\/www.blockmoulds.com\/de\/produkt\/basic-block-mould-40x20x20\/","og_site_name":"Block Moulds","article_modified_time":"2026-04-01T08:49:39+00:00","og_image":[{"width":1181,"height":1181,"url":"https:\/\/www.blockmoulds.com\/wp-content\/uploads\/2026\/02\/mini-concrete-interlocking-mould-40x20x20-cm.webp","type":"image\/webp"}],"twitter_card":"summary_large_image","twitter_misc":{"Gesch\u00e4tzte Lesezeit":"1\u00a0Minute"},"schema":{"@context":"https:\/\/schema.org","@graph":[{"@type":"WebPage","@id":"https:\/\/www.blockmoulds.com\/de\/produkt\/basic-block-mould-40x20x20\/","url":"https:\/\/www.blockmoulds.com\/de\/produkt\/basic-block-mould-40x20x20\/","name":"Basic block mould 40\u00d720\u00d720 - Block Moulds","isPartOf":{"@id":"https:\/\/www.blockmoulds.com\/de\/#website"},"primaryImageOfPage":{"@id":"https:\/\/www.blockmoulds.com\/de\/produkt\/basic-block-mould-40x20x20\/#primaryimage"},"image":{"@id":"https:\/\/www.blockmoulds.com\/de\/produkt\/basic-block-mould-40x20x20\/#primaryimage"},"thumbnailUrl":"https:\/\/www.blockmoulds.com\/wp-content\/uploads\/2026\/02\/mini-concrete-interlocking-mould-40x20x20-cm.webp","datePublished":"2026-02-24T09:53:15+00:00","dateModified":"2026-04-01T08:49:39+00:00","breadcrumb":{"@id":"https:\/\/www.blockmoulds.com\/de\/produkt\/basic-block-mould-40x20x20\/#breadcrumb"},"inLanguage":"de","potentialAction":[{"@type":"ReadAction","target":["https:\/\/www.blockmoulds.com\/de\/produkt\/basic-block-mould-40x20x20\/"]}]},{"@type":"ImageObject","inLanguage":"de","@id":"https:\/\/www.blockmoulds.com\/de\/produkt\/basic-block-mould-40x20x20\/#primaryimage","url":"https:\/\/www.blockmoulds.com\/wp-content\/uploads\/2026\/02\/mini-concrete-interlocking-mould-40x20x20-cm.webp","contentUrl":"https:\/\/www.blockmoulds.com\/wp-content\/uploads\/2026\/02\/mini-concrete-interlocking-mould-40x20x20-cm.webp","width":1181,"height":1181,"caption":"mini concrete interlocking mould 40x20x20 cm"},{"@type":"BreadcrumbList","@id":"https:\/\/www.blockmoulds.com\/de\/produkt\/basic-block-mould-40x20x20\/#breadcrumb","itemListElement":[{"@type":"ListItem","position":1,"name":"Home","item":"https:\/\/www.blockmoulds.com\/de\/"},{"@type":"ListItem","position":2,"name":"Shop","item":"https:\/\/www.blockmoulds.com\/de\/shop\/"},{"@type":"ListItem","position":3,"name":"Basic block mould 40\u00d720\u00d720"}]},{"@type":"WebSite","@id":"https:\/\/www.blockmoulds.com\/de\/#website","url":"https:\/\/www.blockmoulds.com\/de\/","name":"Block Moulds","description":"Benefits of modular construction","potentialAction":[{"@type":"SearchAction","target":{"@type":"EntryPoint","urlTemplate":"https:\/\/www.blockmoulds.com\/de\/?s={search_term_string}"},"query-input":{"@type":"PropertyValueSpecification","valueRequired":true,"valueName":"search_term_string"}}],"inLanguage":"de"}]}},"_links":{"self":[{"href":"https:\/\/www.blockmoulds.com\/de\/wp-json\/wp\/v2\/product\/24600","targetHints":{"allow":["GET"]}}],"collection":[{"href":"https:\/\/www.blockmoulds.com\/de\/wp-json\/wp\/v2\/product"}],"about":[{"href":"https:\/\/www.blockmoulds.com\/de\/wp-json\/wp\/v2\/types\/product"}],"wp:featuredmedia":[{"embeddable":true,"href":"https:\/\/www.blockmoulds.com\/de\/wp-json\/wp\/v2\/media\/24582"}],"wp:attachment":[{"href":"https:\/\/www.blockmoulds.com\/de\/wp-json\/wp\/v2\/media?parent=24600"}],"wp:term":[{"taxonomy":"product_brand","embeddable":true,"href":"https:\/\/www.blockmoulds.com\/de\/wp-json\/wp\/v2\/product_brand?post=24600"},{"taxonomy":"product_cat","embeddable":true,"href":"https:\/\/www.blockmoulds.com\/de\/wp-json\/wp\/v2\/product_cat?post=24600"},{"taxonomy":"product_tag","embeddable":true,"href":"https:\/\/www.blockmoulds.com\/de\/wp-json\/wp\/v2\/product_tag?post=24600"}],"curies":[{"name":"wp","href":"https:\/\/api.w.org\/{rel}","templated":true}]}}