{"id":25057,"date":"2026-04-22T13:12:34","date_gmt":"2026-04-22T13:12:34","guid":{"rendered":"https:\/\/www.blockmoulds.com\/shop\/closing-tool\/"},"modified":"2026-04-23T06:56:56","modified_gmt":"2026-04-23T06:56:56","slug":"schliesswerkzeug","status":"publish","type":"product","link":"https:\/\/www.blockmoulds.com\/de\/produkt\/schliesswerkzeug\/","title":{"rendered":"Schlie\u00dfwerkzeug f\u00fcr Betonblockformen"},"content":{"rendered":"","protected":false},"excerpt":{"rendered":"<p>Dieses Schlie\u00dfwerkzeug wurde speziell entwickelt, um das Schlie\u00dfen von<a href=\"https:\/\/www.blockmoulds.com\/de\/shop\/?product_cat=block-moulds-de\"><strong> Betonblockformen<\/strong><\/a> noch einfacher zu machen. Mit diesem Werkzeug k\u00f6nnen Sie die beiden separaten L-f\u00f6rmigen Teile der Betonblockform m\u00fchelos zueinander bewegen und die Eckverbindungen vollst\u00e4ndig und einfach schlie\u00dfen. Sobald die Eckverbindungen vollst\u00e4ndig zusammengef\u00fcgt sind, sollten sie durch Einsetzen der <a href=\"https:\/\/www.blockmoulds.com\/de\/produkt\/keile\/\"><strong>Keile<\/strong><\/a> gesichert werden.<\/p>\n<p>Dieses Schlie\u00dfwerkzeug besteht aus robustem Stahl und ist feuerverzinkt, um einen hervorragenden Schutz gegen Korrosion und andere \u00e4u\u00dfere Einfl\u00fcsse zu gew\u00e4hrleisten.<\/p>\n<p>Dank unserer Fachkompetenz und langj\u00e4hrigen Anwendererfahrung entwickeln wir Produkte auf Basis bew\u00e4hrter Technologie.<\/p>\n","protected":false},"featured_media":25040,"template":"","meta":[],"product_brand":[],"product_cat":[236],"product_tag":[],"class_list":{"0":"post-25057","1":"product","2":"type-product","3":"status-publish","4":"has-post-thumbnail","6":"product_cat-lifting-accessories-de","8":"first","9":"instock","10":"taxable","11":"shipping-taxable","12":"purchasable","13":"product-type-simple"},"yoast_head":"<!-- This site is optimized with the Yoast SEO plugin v27.4 - https:\/\/yoast.com\/product\/yoast-seo-wordpress\/ -->\n<title>Schlie\u00dfwerkzeug f\u00fcr Betonblockformen - Block Moulds<\/title>\n<meta name=\"robots\" content=\"index, follow, max-snippet:-1, max-image-preview:large, max-video-preview:-1\" \/>\n<link rel=\"canonical\" href=\"https:\/\/www.blockmoulds.com\/de\/produkt\/schliesswerkzeug\/\" \/>\n<meta property=\"og:locale\" content=\"de_DE\" \/>\n<meta property=\"og:type\" content=\"article\" \/>\n<meta property=\"og:title\" content=\"Schlie\u00dfwerkzeug f\u00fcr Betonblockformen - Block Moulds\" \/>\n<meta property=\"og:description\" content=\"Dieses Schlie\u00dfwerkzeug wurde speziell entwickelt, um das Schlie\u00dfen von Betonblockformen noch einfacher zu machen. Mit diesem Werkzeug k\u00f6nnen Sie die beiden separaten L-f\u00f6rmigen Teile der Betonblockform m\u00fchelos zueinander bewegen und die Eckverbindungen vollst\u00e4ndig und einfach schlie\u00dfen. Sobald die Eckverbindungen vollst\u00e4ndig zusammengef\u00fcgt sind, sollten sie durch Einsetzen der Keile gesichert werden.  Dieses Schlie\u00dfwerkzeug besteht aus robustem Stahl und ist feuerverzinkt, um einen hervorragenden Schutz gegen Korrosion und andere \u00e4u\u00dfere Einfl\u00fcsse zu gew\u00e4hrleisten.  Dank unserer Fachkompetenz und langj\u00e4hrigen Anwendererfahrung entwickeln wir Produkte auf Basis bew\u00e4hrter Technologie.\" \/>\n<meta property=\"og:url\" content=\"https:\/\/www.blockmoulds.com\/de\/produkt\/schliesswerkzeug\/\" \/>\n<meta property=\"og:site_name\" content=\"Block Moulds\" \/>\n<meta property=\"article:modified_time\" content=\"2026-04-23T06:56:56+00:00\" \/>\n<meta property=\"og:image\" content=\"https:\/\/www.blockmoulds.com\/wp-content\/uploads\/2026\/04\/mould-closer.jpg\" \/>\n\t<meta property=\"og:image:width\" content=\"900\" \/>\n\t<meta property=\"og:image:height\" content=\"900\" \/>\n\t<meta property=\"og:image:type\" content=\"image\/jpeg\" \/>\n<meta name=\"twitter:card\" content=\"summary_large_image\" \/>\n<meta name=\"twitter:label1\" content=\"Gesch\u00e4tzte Lesezeit\" \/>\n\t<meta name=\"twitter:data1\" content=\"1\u00a0Minute\" \/>\n<script type=\"application\/ld+json\" class=\"yoast-schema-graph\">{\"@context\":\"https:\\\/\\\/schema.org\",\"@graph\":[{\"@type\":\"WebPage\",\"@id\":\"https:\\\/\\\/www.blockmoulds.com\\\/de\\\/produkt\\\/schliesswerkzeug\\\/\",\"url\":\"https:\\\/\\\/www.blockmoulds.com\\\/de\\\/produkt\\\/schliesswerkzeug\\\/\",\"name\":\"Schlie\u00dfwerkzeug f\u00fcr Betonblockformen - Block Moulds\",\"isPartOf\":{\"@id\":\"https:\\\/\\\/www.blockmoulds.com\\\/de\\\/#website\"},\"primaryImageOfPage\":{\"@id\":\"https:\\\/\\\/www.blockmoulds.com\\\/de\\\/produkt\\\/schliesswerkzeug\\\/#primaryimage\"},\"image\":{\"@id\":\"https:\\\/\\\/www.blockmoulds.com\\\/de\\\/produkt\\\/schliesswerkzeug\\\/#primaryimage\"},\"thumbnailUrl\":\"https:\\\/\\\/www.blockmoulds.com\\\/wp-content\\\/uploads\\\/2026\\\/04\\\/mould-closer.jpg\",\"datePublished\":\"2026-04-22T13:12:34+00:00\",\"dateModified\":\"2026-04-23T06:56:56+00:00\",\"breadcrumb\":{\"@id\":\"https:\\\/\\\/www.blockmoulds.com\\\/de\\\/produkt\\\/schliesswerkzeug\\\/#breadcrumb\"},\"inLanguage\":\"de\",\"potentialAction\":[{\"@type\":\"ReadAction\",\"target\":[\"https:\\\/\\\/www.blockmoulds.com\\\/de\\\/produkt\\\/schliesswerkzeug\\\/\"]}]},{\"@type\":\"ImageObject\",\"inLanguage\":\"de\",\"@id\":\"https:\\\/\\\/www.blockmoulds.com\\\/de\\\/produkt\\\/schliesswerkzeug\\\/#primaryimage\",\"url\":\"https:\\\/\\\/www.blockmoulds.com\\\/wp-content\\\/uploads\\\/2026\\\/04\\\/mould-closer.jpg\",\"contentUrl\":\"https:\\\/\\\/www.blockmoulds.com\\\/wp-content\\\/uploads\\\/2026\\\/04\\\/mould-closer.jpg\",\"width\":900,\"height\":900,\"caption\":\"Schlie\u00dfwerkzeug f\u00fcr Betonblockformen\"},{\"@type\":\"BreadcrumbList\",\"@id\":\"https:\\\/\\\/www.blockmoulds.com\\\/de\\\/produkt\\\/schliesswerkzeug\\\/#breadcrumb\",\"itemListElement\":[{\"@type\":\"ListItem\",\"position\":1,\"name\":\"Home\",\"item\":\"https:\\\/\\\/www.blockmoulds.com\\\/de\\\/\"},{\"@type\":\"ListItem\",\"position\":2,\"name\":\"Shop\",\"item\":\"https:\\\/\\\/www.blockmoulds.com\\\/de\\\/shop\\\/\"},{\"@type\":\"ListItem\",\"position\":3,\"name\":\"Schlie\u00dfwerkzeug f\u00fcr Betonblockformen\"}]},{\"@type\":\"WebSite\",\"@id\":\"https:\\\/\\\/www.blockmoulds.com\\\/de\\\/#website\",\"url\":\"https:\\\/\\\/www.blockmoulds.com\\\/de\\\/\",\"name\":\"Block Moulds\",\"description\":\"Benefits of modular construction\",\"potentialAction\":[{\"@type\":\"SearchAction\",\"target\":{\"@type\":\"EntryPoint\",\"urlTemplate\":\"https:\\\/\\\/www.blockmoulds.com\\\/de\\\/?s={search_term_string}\"},\"query-input\":{\"@type\":\"PropertyValueSpecification\",\"valueRequired\":true,\"valueName\":\"search_term_string\"}}],\"inLanguage\":\"de\"}]}<\/script>\n<!-- \/ Yoast SEO plugin. -->","yoast_head_json":{"title":"Schlie\u00dfwerkzeug f\u00fcr Betonblockformen - Block Moulds","robots":{"index":"index","follow":"follow","max-snippet":"max-snippet:-1","max-image-preview":"max-image-preview:large","max-video-preview":"max-video-preview:-1"},"canonical":"https:\/\/www.blockmoulds.com\/de\/produkt\/schliesswerkzeug\/","og_locale":"de_DE","og_type":"article","og_title":"Schlie\u00dfwerkzeug f\u00fcr Betonblockformen - Block Moulds","og_description":"Dieses Schlie\u00dfwerkzeug wurde speziell entwickelt, um das Schlie\u00dfen von Betonblockformen noch einfacher zu machen. Mit diesem Werkzeug k\u00f6nnen Sie die beiden separaten L-f\u00f6rmigen Teile der Betonblockform m\u00fchelos zueinander bewegen und die Eckverbindungen vollst\u00e4ndig und einfach schlie\u00dfen. Sobald die Eckverbindungen vollst\u00e4ndig zusammengef\u00fcgt sind, sollten sie durch Einsetzen der Keile gesichert werden.  Dieses Schlie\u00dfwerkzeug besteht aus robustem Stahl und ist feuerverzinkt, um einen hervorragenden Schutz gegen Korrosion und andere \u00e4u\u00dfere Einfl\u00fcsse zu gew\u00e4hrleisten.  Dank unserer Fachkompetenz und langj\u00e4hrigen Anwendererfahrung entwickeln wir Produkte auf Basis bew\u00e4hrter Technologie.","og_url":"https:\/\/www.blockmoulds.com\/de\/produkt\/schliesswerkzeug\/","og_site_name":"Block Moulds","article_modified_time":"2026-04-23T06:56:56+00:00","og_image":[{"width":900,"height":900,"url":"https:\/\/www.blockmoulds.com\/wp-content\/uploads\/2026\/04\/mould-closer.jpg","type":"image\/jpeg"}],"twitter_card":"summary_large_image","twitter_misc":{"Gesch\u00e4tzte Lesezeit":"1\u00a0Minute"},"schema":{"@context":"https:\/\/schema.org","@graph":[{"@type":"WebPage","@id":"https:\/\/www.blockmoulds.com\/de\/produkt\/schliesswerkzeug\/","url":"https:\/\/www.blockmoulds.com\/de\/produkt\/schliesswerkzeug\/","name":"Schlie\u00dfwerkzeug f\u00fcr Betonblockformen - Block Moulds","isPartOf":{"@id":"https:\/\/www.blockmoulds.com\/de\/#website"},"primaryImageOfPage":{"@id":"https:\/\/www.blockmoulds.com\/de\/produkt\/schliesswerkzeug\/#primaryimage"},"image":{"@id":"https:\/\/www.blockmoulds.com\/de\/produkt\/schliesswerkzeug\/#primaryimage"},"thumbnailUrl":"https:\/\/www.blockmoulds.com\/wp-content\/uploads\/2026\/04\/mould-closer.jpg","datePublished":"2026-04-22T13:12:34+00:00","dateModified":"2026-04-23T06:56:56+00:00","breadcrumb":{"@id":"https:\/\/www.blockmoulds.com\/de\/produkt\/schliesswerkzeug\/#breadcrumb"},"inLanguage":"de","potentialAction":[{"@type":"ReadAction","target":["https:\/\/www.blockmoulds.com\/de\/produkt\/schliesswerkzeug\/"]}]},{"@type":"ImageObject","inLanguage":"de","@id":"https:\/\/www.blockmoulds.com\/de\/produkt\/schliesswerkzeug\/#primaryimage","url":"https:\/\/www.blockmoulds.com\/wp-content\/uploads\/2026\/04\/mould-closer.jpg","contentUrl":"https:\/\/www.blockmoulds.com\/wp-content\/uploads\/2026\/04\/mould-closer.jpg","width":900,"height":900,"caption":"Schlie\u00dfwerkzeug f\u00fcr Betonblockformen"},{"@type":"BreadcrumbList","@id":"https:\/\/www.blockmoulds.com\/de\/produkt\/schliesswerkzeug\/#breadcrumb","itemListElement":[{"@type":"ListItem","position":1,"name":"Home","item":"https:\/\/www.blockmoulds.com\/de\/"},{"@type":"ListItem","position":2,"name":"Shop","item":"https:\/\/www.blockmoulds.com\/de\/shop\/"},{"@type":"ListItem","position":3,"name":"Schlie\u00dfwerkzeug f\u00fcr Betonblockformen"}]},{"@type":"WebSite","@id":"https:\/\/www.blockmoulds.com\/de\/#website","url":"https:\/\/www.blockmoulds.com\/de\/","name":"Block Moulds","description":"Benefits of modular construction","potentialAction":[{"@type":"SearchAction","target":{"@type":"EntryPoint","urlTemplate":"https:\/\/www.blockmoulds.com\/de\/?s={search_term_string}"},"query-input":{"@type":"PropertyValueSpecification","valueRequired":true,"valueName":"search_term_string"}}],"inLanguage":"de"}]}},"_links":{"self":[{"href":"https:\/\/www.blockmoulds.com\/de\/wp-json\/wp\/v2\/product\/25057","targetHints":{"allow":["GET"]}}],"collection":[{"href":"https:\/\/www.blockmoulds.com\/de\/wp-json\/wp\/v2\/product"}],"about":[{"href":"https:\/\/www.blockmoulds.com\/de\/wp-json\/wp\/v2\/types\/product"}],"wp:featuredmedia":[{"embeddable":true,"href":"https:\/\/www.blockmoulds.com\/de\/wp-json\/wp\/v2\/media\/25040"}],"wp:attachment":[{"href":"https:\/\/www.blockmoulds.com\/de\/wp-json\/wp\/v2\/media?parent=25057"}],"wp:term":[{"taxonomy":"product_brand","embeddable":true,"href":"https:\/\/www.blockmoulds.com\/de\/wp-json\/wp\/v2\/product_brand?post=25057"},{"taxonomy":"product_cat","embeddable":true,"href":"https:\/\/www.blockmoulds.com\/de\/wp-json\/wp\/v2\/product_cat?post=25057"},{"taxonomy":"product_tag","embeddable":true,"href":"https:\/\/www.blockmoulds.com\/de\/wp-json\/wp\/v2\/product_tag?post=25057"}],"curies":[{"name":"wp","href":"https:\/\/api.w.org\/{rel}","templated":true}]}}