{"id":25081,"date":"2026-02-04T09:26:35","date_gmt":"2026-02-04T09:26:35","guid":{"rendered":"https:\/\/www.blockmoulds.com\/shop\/form-liner-stacked-stone-pattern-60x60\/"},"modified":"2026-04-23T07:53:49","modified_gmt":"2026-04-23T07:53:49","slug":"schalungsmatrize-naturstein-60x60","status":"publish","type":"product","link":"https:\/\/www.blockmoulds.com\/de\/produkt\/schalungsmatrize-naturstein-60x60\/","title":{"rendered":"Schalungsmatrize Naturstein 60&#215;60"},"content":{"rendered":"","protected":false},"excerpt":{"rendered":"<p>Unsere Schalungsmatrizen f\u00fcr betonbl\u00f6cke verleihen Ihren Bl\u00f6cken ein dekoratives Aussehen und sorgen f\u00fcr einen dreidimensionalen Charakter der Betonoberfl\u00e4chen. Hergestellt aus langlebigem ABS-Kunststoff f\u00fcr wiederholten Gebrauch. Legen Sie die Matrize einfach in den Boden der Form, bevor Sie den Beton einf\u00fcllen, um ein nat\u00fcrliches, detailliertes Muster mit klaren Konturen zu erzielen. Ideal f\u00fcr St\u00fctzmauern, Z\u00e4une und Landschaftsprojekte. Erh\u00e4ltlich in verschiedenen Mustern und Gr\u00f6\u00dfen, passend zu Standardblockma\u00dfen auf dem Markt.<\/p>\n","protected":false},"featured_media":24407,"template":"","meta":[],"product_brand":[],"product_cat":[345],"product_tag":[],"class_list":{"0":"post-25081","1":"product","2":"type-product","3":"status-publish","4":"has-post-thumbnail","6":"product_cat-schalungsmatrizen","8":"first","9":"instock","10":"taxable","11":"shipping-taxable","12":"purchasable","13":"product-type-simple"},"yoast_head":"<!-- This site is optimized with the Yoast SEO plugin v27.5 - https:\/\/yoast.com\/product\/yoast-seo-wordpress\/ -->\n<title>Schalungsmatrize f\u00fcr Betonbl\u00f6cke Naturstein 60x60 - Block Moulds<\/title>\n<meta name=\"robots\" content=\"index, follow, max-snippet:-1, max-image-preview:large, max-video-preview:-1\" \/>\n<link rel=\"canonical\" href=\"https:\/\/www.blockmoulds.com\/de\/produkt\/schalungsmatrize-naturstein-60x60\/\" \/>\n<meta property=\"og:locale\" content=\"de_DE\" \/>\n<meta property=\"og:type\" content=\"article\" \/>\n<meta property=\"og:title\" content=\"Schalungsmatrize f\u00fcr Betonbl\u00f6cke Naturstein 60x60 - Block Moulds\" \/>\n<meta property=\"og:description\" content=\"Unsere Schalungsmatrizen f\u00fcr betonbl\u00f6cke verleihen Ihren Bl\u00f6cken ein dekoratives Aussehen und sorgen f\u00fcr einen dreidimensionalen Charakter der Betonoberfl\u00e4chen. Hergestellt aus langlebigem ABS-Kunststoff f\u00fcr wiederholten Gebrauch. Legen Sie die Matrize einfach in den Boden der Form, bevor Sie den Beton einf\u00fcllen, um ein nat\u00fcrliches, detailliertes Muster mit klaren Konturen zu erzielen. Ideal f\u00fcr St\u00fctzmauern, Z\u00e4une und Landschaftsprojekte. Erh\u00e4ltlich in verschiedenen Mustern und Gr\u00f6\u00dfen, passend zu Standardblockma\u00dfen auf dem Markt.\" \/>\n<meta property=\"og:url\" content=\"https:\/\/www.blockmoulds.com\/de\/produkt\/schalungsmatrize-naturstein-60x60\/\" \/>\n<meta property=\"og:site_name\" content=\"Block Moulds\" \/>\n<meta property=\"article:modified_time\" content=\"2026-04-23T07:53:49+00:00\" \/>\n<meta property=\"og:image\" content=\"https:\/\/www.blockmoulds.com\/wp-content\/uploads\/2026\/02\/stack-stone-60x60-form-liner.jpg\" \/>\n\t<meta property=\"og:image:width\" content=\"900\" \/>\n\t<meta property=\"og:image:height\" content=\"900\" \/>\n\t<meta property=\"og:image:type\" content=\"image\/jpeg\" \/>\n<meta name=\"twitter:card\" content=\"summary_large_image\" \/>\n<meta name=\"twitter:label1\" content=\"Gesch\u00e4tzte Lesezeit\" \/>\n\t<meta name=\"twitter:data1\" content=\"1\u00a0Minute\" \/>\n<script type=\"application\/ld+json\" class=\"yoast-schema-graph\">{\"@context\":\"https:\\\/\\\/schema.org\",\"@graph\":[{\"@type\":\"WebPage\",\"@id\":\"https:\\\/\\\/www.blockmoulds.com\\\/de\\\/produkt\\\/schalungsmatrize-naturstein-60x60\\\/\",\"url\":\"https:\\\/\\\/www.blockmoulds.com\\\/de\\\/produkt\\\/schalungsmatrize-naturstein-60x60\\\/\",\"name\":\"Schalungsmatrize f\u00fcr Betonbl\u00f6cke Naturstein 60x60 - Block Moulds\",\"isPartOf\":{\"@id\":\"https:\\\/\\\/www.blockmoulds.com\\\/de\\\/#website\"},\"primaryImageOfPage\":{\"@id\":\"https:\\\/\\\/www.blockmoulds.com\\\/de\\\/produkt\\\/schalungsmatrize-naturstein-60x60\\\/#primaryimage\"},\"image\":{\"@id\":\"https:\\\/\\\/www.blockmoulds.com\\\/de\\\/produkt\\\/schalungsmatrize-naturstein-60x60\\\/#primaryimage\"},\"thumbnailUrl\":\"https:\\\/\\\/www.blockmoulds.com\\\/wp-content\\\/uploads\\\/2026\\\/02\\\/stack-stone-60x60-form-liner.jpg\",\"datePublished\":\"2026-02-04T09:26:35+00:00\",\"dateModified\":\"2026-04-23T07:53:49+00:00\",\"breadcrumb\":{\"@id\":\"https:\\\/\\\/www.blockmoulds.com\\\/de\\\/produkt\\\/schalungsmatrize-naturstein-60x60\\\/#breadcrumb\"},\"inLanguage\":\"de\",\"potentialAction\":[{\"@type\":\"ReadAction\",\"target\":[\"https:\\\/\\\/www.blockmoulds.com\\\/de\\\/produkt\\\/schalungsmatrize-naturstein-60x60\\\/\"]}]},{\"@type\":\"ImageObject\",\"inLanguage\":\"de\",\"@id\":\"https:\\\/\\\/www.blockmoulds.com\\\/de\\\/produkt\\\/schalungsmatrize-naturstein-60x60\\\/#primaryimage\",\"url\":\"https:\\\/\\\/www.blockmoulds.com\\\/wp-content\\\/uploads\\\/2026\\\/02\\\/stack-stone-60x60-form-liner.jpg\",\"contentUrl\":\"https:\\\/\\\/www.blockmoulds.com\\\/wp-content\\\/uploads\\\/2026\\\/02\\\/stack-stone-60x60-form-liner.jpg\",\"width\":900,\"height\":900,\"caption\":\"Schalungsmatrize f\u00fcr Betonbl\u00f6cke Naturstein 60x60\"},{\"@type\":\"BreadcrumbList\",\"@id\":\"https:\\\/\\\/www.blockmoulds.com\\\/de\\\/produkt\\\/schalungsmatrize-naturstein-60x60\\\/#breadcrumb\",\"itemListElement\":[{\"@type\":\"ListItem\",\"position\":1,\"name\":\"Home\",\"item\":\"https:\\\/\\\/www.blockmoulds.com\\\/de\\\/\"},{\"@type\":\"ListItem\",\"position\":2,\"name\":\"Shop\",\"item\":\"https:\\\/\\\/www.blockmoulds.com\\\/de\\\/shop\\\/\"},{\"@type\":\"ListItem\",\"position\":3,\"name\":\"Schalungsmatrize Naturstein 60&#215;60\"}]},{\"@type\":\"WebSite\",\"@id\":\"https:\\\/\\\/www.blockmoulds.com\\\/de\\\/#website\",\"url\":\"https:\\\/\\\/www.blockmoulds.com\\\/de\\\/\",\"name\":\"Block Moulds\",\"description\":\"Benefits of modular construction\",\"potentialAction\":[{\"@type\":\"SearchAction\",\"target\":{\"@type\":\"EntryPoint\",\"urlTemplate\":\"https:\\\/\\\/www.blockmoulds.com\\\/de\\\/?s={search_term_string}\"},\"query-input\":{\"@type\":\"PropertyValueSpecification\",\"valueRequired\":true,\"valueName\":\"search_term_string\"}}],\"inLanguage\":\"de\"}]}<\/script>\n<!-- \/ Yoast SEO plugin. -->","yoast_head_json":{"title":"Schalungsmatrize f\u00fcr Betonbl\u00f6cke Naturstein 60x60 - Block Moulds","robots":{"index":"index","follow":"follow","max-snippet":"max-snippet:-1","max-image-preview":"max-image-preview:large","max-video-preview":"max-video-preview:-1"},"canonical":"https:\/\/www.blockmoulds.com\/de\/produkt\/schalungsmatrize-naturstein-60x60\/","og_locale":"de_DE","og_type":"article","og_title":"Schalungsmatrize f\u00fcr Betonbl\u00f6cke Naturstein 60x60 - Block Moulds","og_description":"Unsere Schalungsmatrizen f\u00fcr betonbl\u00f6cke verleihen Ihren Bl\u00f6cken ein dekoratives Aussehen und sorgen f\u00fcr einen dreidimensionalen Charakter der Betonoberfl\u00e4chen. Hergestellt aus langlebigem ABS-Kunststoff f\u00fcr wiederholten Gebrauch. Legen Sie die Matrize einfach in den Boden der Form, bevor Sie den Beton einf\u00fcllen, um ein nat\u00fcrliches, detailliertes Muster mit klaren Konturen zu erzielen. Ideal f\u00fcr St\u00fctzmauern, Z\u00e4une und Landschaftsprojekte. Erh\u00e4ltlich in verschiedenen Mustern und Gr\u00f6\u00dfen, passend zu Standardblockma\u00dfen auf dem Markt.","og_url":"https:\/\/www.blockmoulds.com\/de\/produkt\/schalungsmatrize-naturstein-60x60\/","og_site_name":"Block Moulds","article_modified_time":"2026-04-23T07:53:49+00:00","og_image":[{"width":900,"height":900,"url":"https:\/\/www.blockmoulds.com\/wp-content\/uploads\/2026\/02\/stack-stone-60x60-form-liner.jpg","type":"image\/jpeg"}],"twitter_card":"summary_large_image","twitter_misc":{"Gesch\u00e4tzte Lesezeit":"1\u00a0Minute"},"schema":{"@context":"https:\/\/schema.org","@graph":[{"@type":"WebPage","@id":"https:\/\/www.blockmoulds.com\/de\/produkt\/schalungsmatrize-naturstein-60x60\/","url":"https:\/\/www.blockmoulds.com\/de\/produkt\/schalungsmatrize-naturstein-60x60\/","name":"Schalungsmatrize f\u00fcr Betonbl\u00f6cke Naturstein 60x60 - Block Moulds","isPartOf":{"@id":"https:\/\/www.blockmoulds.com\/de\/#website"},"primaryImageOfPage":{"@id":"https:\/\/www.blockmoulds.com\/de\/produkt\/schalungsmatrize-naturstein-60x60\/#primaryimage"},"image":{"@id":"https:\/\/www.blockmoulds.com\/de\/produkt\/schalungsmatrize-naturstein-60x60\/#primaryimage"},"thumbnailUrl":"https:\/\/www.blockmoulds.com\/wp-content\/uploads\/2026\/02\/stack-stone-60x60-form-liner.jpg","datePublished":"2026-02-04T09:26:35+00:00","dateModified":"2026-04-23T07:53:49+00:00","breadcrumb":{"@id":"https:\/\/www.blockmoulds.com\/de\/produkt\/schalungsmatrize-naturstein-60x60\/#breadcrumb"},"inLanguage":"de","potentialAction":[{"@type":"ReadAction","target":["https:\/\/www.blockmoulds.com\/de\/produkt\/schalungsmatrize-naturstein-60x60\/"]}]},{"@type":"ImageObject","inLanguage":"de","@id":"https:\/\/www.blockmoulds.com\/de\/produkt\/schalungsmatrize-naturstein-60x60\/#primaryimage","url":"https:\/\/www.blockmoulds.com\/wp-content\/uploads\/2026\/02\/stack-stone-60x60-form-liner.jpg","contentUrl":"https:\/\/www.blockmoulds.com\/wp-content\/uploads\/2026\/02\/stack-stone-60x60-form-liner.jpg","width":900,"height":900,"caption":"Schalungsmatrize f\u00fcr Betonbl\u00f6cke Naturstein 60x60"},{"@type":"BreadcrumbList","@id":"https:\/\/www.blockmoulds.com\/de\/produkt\/schalungsmatrize-naturstein-60x60\/#breadcrumb","itemListElement":[{"@type":"ListItem","position":1,"name":"Home","item":"https:\/\/www.blockmoulds.com\/de\/"},{"@type":"ListItem","position":2,"name":"Shop","item":"https:\/\/www.blockmoulds.com\/de\/shop\/"},{"@type":"ListItem","position":3,"name":"Schalungsmatrize Naturstein 60&#215;60"}]},{"@type":"WebSite","@id":"https:\/\/www.blockmoulds.com\/de\/#website","url":"https:\/\/www.blockmoulds.com\/de\/","name":"Block Moulds","description":"Benefits of modular construction","potentialAction":[{"@type":"SearchAction","target":{"@type":"EntryPoint","urlTemplate":"https:\/\/www.blockmoulds.com\/de\/?s={search_term_string}"},"query-input":{"@type":"PropertyValueSpecification","valueRequired":true,"valueName":"search_term_string"}}],"inLanguage":"de"}]}},"_links":{"self":[{"href":"https:\/\/www.blockmoulds.com\/de\/wp-json\/wp\/v2\/product\/25081","targetHints":{"allow":["GET"]}}],"collection":[{"href":"https:\/\/www.blockmoulds.com\/de\/wp-json\/wp\/v2\/product"}],"about":[{"href":"https:\/\/www.blockmoulds.com\/de\/wp-json\/wp\/v2\/types\/product"}],"wp:featuredmedia":[{"embeddable":true,"href":"https:\/\/www.blockmoulds.com\/de\/wp-json\/wp\/v2\/media\/24407"}],"wp:attachment":[{"href":"https:\/\/www.blockmoulds.com\/de\/wp-json\/wp\/v2\/media?parent=25081"}],"wp:term":[{"taxonomy":"product_brand","embeddable":true,"href":"https:\/\/www.blockmoulds.com\/de\/wp-json\/wp\/v2\/product_brand?post=25081"},{"taxonomy":"product_cat","embeddable":true,"href":"https:\/\/www.blockmoulds.com\/de\/wp-json\/wp\/v2\/product_cat?post=25081"},{"taxonomy":"product_tag","embeddable":true,"href":"https:\/\/www.blockmoulds.com\/de\/wp-json\/wp\/v2\/product_tag?post=25081"}],"curies":[{"name":"wp","href":"https:\/\/api.w.org\/{rel}","templated":true}]}}