{"id":7833,"date":"2020-03-16T09:43:30","date_gmt":"2020-03-16T09:43:30","guid":{"rendered":"https:\/\/www.blockmoulds.com\/shop\/block-scissor-clamp\/"},"modified":"2026-02-26T12:42:35","modified_gmt":"2026-02-26T12:42:35","slug":"greifzange-fuer-betonbloecke-800-400","status":"publish","type":"product","link":"https:\/\/www.blockmoulds.com\/de\/produkt\/greifzange-fuer-betonbloecke-800-400\/","title":{"rendered":"Greifzange f\u00fcr Betonbl\u00f6cke 800-400"},"content":{"rendered":"","protected":false},"excerpt":{"rendered":"<p>Eine Greifzange f\u00fcr Betonbl\u00f6cke ist eine mechanische Hebegreifer, die beim Anheben von Betonbl\u00f6cken \u00fcber einen Kran, einen LKW-Kran (HIAB) oder einen Gabelstapler vollst\u00e4ndig mechanisch bet\u00e4tigt wird, ohne dass der Fahrer seine sichere Kabine verlassen muss. Die mechanische Hebeklemme minimiert das Schwingen des Betonblocks beim Heben und erm\u00f6glicht eine pr\u00e4zise Positionierung.<\/p>\n<p>Diese Hebeklemmen, auch Blockzange genannt, sind mit einem automatischen Verriegelungsmechanismus ausgestattet. Das System h\u00e4lt die Klemme offen, wenn sie nicht angehoben wird, sodass eine Person das System schnell und einfach bedienen kann. Dies macht das Laden und Entladen von Betonl\u00f6cken effizienter, was sowohl Geld als auch Zeit spart.<\/p>\n<p>Dieses Hebemittel f\u00fcr Betonbl\u00f6cke ist mit austauschbaren Gummiprofilen ausgestattet, um ein Verrutschen der Bl\u00f6cke zu verhindern. Die wei\u00dfen Gummipads hinterlassen zudem keine Spuren auf den Betonsteinen. Die <a href=\"https:\/\/www.blockmoulds.com\/de\/produkt\/gummiprofilen-fuer-greifzange\/\"><strong>Gummiprofile<\/strong><\/a> sind auch als Ersatzteil lieferbar.<\/p>\n<p>Betonblockklemmen werden mit HIAB- oder LKW-Kr\u00e4ne, Turmdrehkr\u00e4ne und Gabelstapler mit einem <a href=\"https:\/\/www.blockmoulds.com\/de\/produkt\/staplertraversen-doppelte-richtung\/\"><strong>Hubjoch<\/strong><\/a> verwendet.<\/p>\n<p>Die Blockzange kann Betonbl\u00f6cke mit einer Breite von <strong>80 cm bis 40 cm<\/strong> anheben. <strong>Tragf\u00e4higkeit (WLL): 3750 Kg<\/strong>.<\/p>\n<p>Zum Heben von 60 cm bis 30 cm breiten Bl\u00f6cken steht die <a href=\"https:\/\/www.blockmoulds.com\/de\/produkt\/greifzange-fuer-betonbloecke-600-300\/\"><strong>BSC-W600-300<\/strong><\/a> zur Verf\u00fcgung.<\/p>\n","protected":false},"featured_media":13233,"template":"","meta":[],"product_brand":[],"product_cat":[236],"product_tag":[],"class_list":{"0":"post-7833","1":"product","2":"type-product","3":"status-publish","4":"has-post-thumbnail","6":"product_cat-lifting-accessories-de","8":"first","9":"instock","10":"taxable","11":"shipping-taxable","12":"purchasable","13":"product-type-simple"},"yoast_head":"<!-- This site is optimized with the Yoast SEO plugin v27.4 - https:\/\/yoast.com\/product\/yoast-seo-wordpress\/ -->\n<title>Greifzange f\u00fcr Betonbl\u00f6cke 800-400 - Block Moulds<\/title>\n<meta name=\"robots\" content=\"index, follow, max-snippet:-1, max-image-preview:large, max-video-preview:-1\" \/>\n<link rel=\"canonical\" href=\"https:\/\/www.blockmoulds.com\/de\/produkt\/greifzange-fuer-betonbloecke-800-400\/\" \/>\n<meta property=\"og:locale\" content=\"de_DE\" \/>\n<meta property=\"og:type\" content=\"article\" \/>\n<meta property=\"og:title\" content=\"Greifzange f\u00fcr Betonbl\u00f6cke 800-400 - Block Moulds\" \/>\n<meta property=\"og:description\" content=\"Eine Greifzange f\u00fcr Betonbl\u00f6cke ist eine mechanische Hebegreifer, die beim Anheben von Betonbl\u00f6cken \u00fcber einen Kran, einen LKW-Kran (HIAB) oder einen Gabelstapler vollst\u00e4ndig mechanisch bet\u00e4tigt wird, ohne dass der Fahrer seine sichere Kabine verlassen muss. Die mechanische Hebeklemme minimiert das Schwingen des Betonblocks beim Heben und erm\u00f6glicht eine pr\u00e4zise Positionierung.  Diese Hebeklemmen, auch Blockzange genannt, sind mit einem automatischen Verriegelungsmechanismus ausgestattet. Das System h\u00e4lt die Klemme offen, wenn sie nicht angehoben wird, sodass eine Person das System schnell und einfach bedienen kann. Dies macht das Laden und Entladen von Betonl\u00f6cken effizienter, was sowohl Geld als auch Zeit spart.  Dieses Hebemittel f\u00fcr Betonbl\u00f6cke ist mit austauschbaren Gummiprofilen ausgestattet, um ein Verrutschen der Bl\u00f6cke zu verhindern. Die wei\u00dfen Gummipads hinterlassen zudem keine Spuren auf den Betonsteinen. Die Gummiprofile sind auch als Ersatzteil lieferbar.  Betonblockklemmen werden mit HIAB- oder LKW-Kr\u00e4ne, Turmdrehkr\u00e4ne und Gabelstapler mit einem Hubjoch verwendet.  Die Blockzange kann Betonbl\u00f6cke mit einer Breite von 80 cm bis 40 cm anheben. Tragf\u00e4higkeit (WLL): 3750 Kg.  Zum Heben von 60 cm bis 30 cm breiten Bl\u00f6cken steht die BSC-W600-300 zur Verf\u00fcgung.\" \/>\n<meta property=\"og:url\" content=\"https:\/\/www.blockmoulds.com\/de\/produkt\/greifzange-fuer-betonbloecke-800-400\/\" \/>\n<meta property=\"og:site_name\" content=\"Block Moulds\" \/>\n<meta property=\"article:modified_time\" content=\"2026-02-26T12:42:35+00:00\" \/>\n<meta property=\"og:image\" content=\"https:\/\/www.blockmoulds.com\/wp-content\/uploads\/2020\/03\/BSC-W800-400_Block_Clamp.jpg\" \/>\n\t<meta property=\"og:image:width\" content=\"900\" \/>\n\t<meta property=\"og:image:height\" content=\"900\" \/>\n\t<meta property=\"og:image:type\" content=\"image\/jpeg\" \/>\n<meta name=\"twitter:card\" content=\"summary_large_image\" \/>\n<meta name=\"twitter:label1\" content=\"Gesch\u00e4tzte Lesezeit\" \/>\n\t<meta name=\"twitter:data1\" content=\"1\u00a0Minute\" \/>\n<script type=\"application\/ld+json\" class=\"yoast-schema-graph\">{\"@context\":\"https:\\\/\\\/schema.org\",\"@graph\":[{\"@type\":\"WebPage\",\"@id\":\"https:\\\/\\\/www.blockmoulds.com\\\/de\\\/produkt\\\/greifzange-fuer-betonbloecke-800-400\\\/\",\"url\":\"https:\\\/\\\/www.blockmoulds.com\\\/de\\\/produkt\\\/greifzange-fuer-betonbloecke-800-400\\\/\",\"name\":\"Greifzange f\u00fcr Betonbl\u00f6cke 800-400 - Block Moulds\",\"isPartOf\":{\"@id\":\"https:\\\/\\\/www.blockmoulds.com\\\/de\\\/#website\"},\"primaryImageOfPage\":{\"@id\":\"https:\\\/\\\/www.blockmoulds.com\\\/de\\\/produkt\\\/greifzange-fuer-betonbloecke-800-400\\\/#primaryimage\"},\"image\":{\"@id\":\"https:\\\/\\\/www.blockmoulds.com\\\/de\\\/produkt\\\/greifzange-fuer-betonbloecke-800-400\\\/#primaryimage\"},\"thumbnailUrl\":\"https:\\\/\\\/www.blockmoulds.com\\\/wp-content\\\/uploads\\\/2020\\\/03\\\/BSC-W800-400_Block_Clamp.jpg\",\"datePublished\":\"2020-03-16T09:43:30+00:00\",\"dateModified\":\"2026-02-26T12:42:35+00:00\",\"breadcrumb\":{\"@id\":\"https:\\\/\\\/www.blockmoulds.com\\\/de\\\/produkt\\\/greifzange-fuer-betonbloecke-800-400\\\/#breadcrumb\"},\"inLanguage\":\"de\",\"potentialAction\":[{\"@type\":\"ReadAction\",\"target\":[\"https:\\\/\\\/www.blockmoulds.com\\\/de\\\/produkt\\\/greifzange-fuer-betonbloecke-800-400\\\/\"]}]},{\"@type\":\"ImageObject\",\"inLanguage\":\"de\",\"@id\":\"https:\\\/\\\/www.blockmoulds.com\\\/de\\\/produkt\\\/greifzange-fuer-betonbloecke-800-400\\\/#primaryimage\",\"url\":\"https:\\\/\\\/www.blockmoulds.com\\\/wp-content\\\/uploads\\\/2020\\\/03\\\/BSC-W800-400_Block_Clamp.jpg\",\"contentUrl\":\"https:\\\/\\\/www.blockmoulds.com\\\/wp-content\\\/uploads\\\/2020\\\/03\\\/BSC-W800-400_Block_Clamp.jpg\",\"width\":900,\"height\":900,\"caption\":\"concrete block scissor clamp 800x400\"},{\"@type\":\"BreadcrumbList\",\"@id\":\"https:\\\/\\\/www.blockmoulds.com\\\/de\\\/produkt\\\/greifzange-fuer-betonbloecke-800-400\\\/#breadcrumb\",\"itemListElement\":[{\"@type\":\"ListItem\",\"position\":1,\"name\":\"Home\",\"item\":\"https:\\\/\\\/www.blockmoulds.com\\\/de\\\/\"},{\"@type\":\"ListItem\",\"position\":2,\"name\":\"Shop\",\"item\":\"https:\\\/\\\/www.blockmoulds.com\\\/de\\\/shop\\\/\"},{\"@type\":\"ListItem\",\"position\":3,\"name\":\"Greifzange f\u00fcr Betonbl\u00f6cke 800-400\"}]},{\"@type\":\"WebSite\",\"@id\":\"https:\\\/\\\/www.blockmoulds.com\\\/de\\\/#website\",\"url\":\"https:\\\/\\\/www.blockmoulds.com\\\/de\\\/\",\"name\":\"Block Moulds\",\"description\":\"Benefits of modular construction\",\"potentialAction\":[{\"@type\":\"SearchAction\",\"target\":{\"@type\":\"EntryPoint\",\"urlTemplate\":\"https:\\\/\\\/www.blockmoulds.com\\\/de\\\/?s={search_term_string}\"},\"query-input\":{\"@type\":\"PropertyValueSpecification\",\"valueRequired\":true,\"valueName\":\"search_term_string\"}}],\"inLanguage\":\"de\"}]}<\/script>\n<!-- \/ Yoast SEO plugin. -->","yoast_head_json":{"title":"Greifzange f\u00fcr Betonbl\u00f6cke 800-400 - Block Moulds","robots":{"index":"index","follow":"follow","max-snippet":"max-snippet:-1","max-image-preview":"max-image-preview:large","max-video-preview":"max-video-preview:-1"},"canonical":"https:\/\/www.blockmoulds.com\/de\/produkt\/greifzange-fuer-betonbloecke-800-400\/","og_locale":"de_DE","og_type":"article","og_title":"Greifzange f\u00fcr Betonbl\u00f6cke 800-400 - Block Moulds","og_description":"Eine Greifzange f\u00fcr Betonbl\u00f6cke ist eine mechanische Hebegreifer, die beim Anheben von Betonbl\u00f6cken \u00fcber einen Kran, einen LKW-Kran (HIAB) oder einen Gabelstapler vollst\u00e4ndig mechanisch bet\u00e4tigt wird, ohne dass der Fahrer seine sichere Kabine verlassen muss. Die mechanische Hebeklemme minimiert das Schwingen des Betonblocks beim Heben und erm\u00f6glicht eine pr\u00e4zise Positionierung.  Diese Hebeklemmen, auch Blockzange genannt, sind mit einem automatischen Verriegelungsmechanismus ausgestattet. Das System h\u00e4lt die Klemme offen, wenn sie nicht angehoben wird, sodass eine Person das System schnell und einfach bedienen kann. Dies macht das Laden und Entladen von Betonl\u00f6cken effizienter, was sowohl Geld als auch Zeit spart.  Dieses Hebemittel f\u00fcr Betonbl\u00f6cke ist mit austauschbaren Gummiprofilen ausgestattet, um ein Verrutschen der Bl\u00f6cke zu verhindern. Die wei\u00dfen Gummipads hinterlassen zudem keine Spuren auf den Betonsteinen. Die Gummiprofile sind auch als Ersatzteil lieferbar.  Betonblockklemmen werden mit HIAB- oder LKW-Kr\u00e4ne, Turmdrehkr\u00e4ne und Gabelstapler mit einem Hubjoch verwendet.  Die Blockzange kann Betonbl\u00f6cke mit einer Breite von 80 cm bis 40 cm anheben. Tragf\u00e4higkeit (WLL): 3750 Kg.  Zum Heben von 60 cm bis 30 cm breiten Bl\u00f6cken steht die BSC-W600-300 zur Verf\u00fcgung.","og_url":"https:\/\/www.blockmoulds.com\/de\/produkt\/greifzange-fuer-betonbloecke-800-400\/","og_site_name":"Block Moulds","article_modified_time":"2026-02-26T12:42:35+00:00","og_image":[{"width":900,"height":900,"url":"https:\/\/www.blockmoulds.com\/wp-content\/uploads\/2020\/03\/BSC-W800-400_Block_Clamp.jpg","type":"image\/jpeg"}],"twitter_card":"summary_large_image","twitter_misc":{"Gesch\u00e4tzte Lesezeit":"1\u00a0Minute"},"schema":{"@context":"https:\/\/schema.org","@graph":[{"@type":"WebPage","@id":"https:\/\/www.blockmoulds.com\/de\/produkt\/greifzange-fuer-betonbloecke-800-400\/","url":"https:\/\/www.blockmoulds.com\/de\/produkt\/greifzange-fuer-betonbloecke-800-400\/","name":"Greifzange f\u00fcr Betonbl\u00f6cke 800-400 - Block Moulds","isPartOf":{"@id":"https:\/\/www.blockmoulds.com\/de\/#website"},"primaryImageOfPage":{"@id":"https:\/\/www.blockmoulds.com\/de\/produkt\/greifzange-fuer-betonbloecke-800-400\/#primaryimage"},"image":{"@id":"https:\/\/www.blockmoulds.com\/de\/produkt\/greifzange-fuer-betonbloecke-800-400\/#primaryimage"},"thumbnailUrl":"https:\/\/www.blockmoulds.com\/wp-content\/uploads\/2020\/03\/BSC-W800-400_Block_Clamp.jpg","datePublished":"2020-03-16T09:43:30+00:00","dateModified":"2026-02-26T12:42:35+00:00","breadcrumb":{"@id":"https:\/\/www.blockmoulds.com\/de\/produkt\/greifzange-fuer-betonbloecke-800-400\/#breadcrumb"},"inLanguage":"de","potentialAction":[{"@type":"ReadAction","target":["https:\/\/www.blockmoulds.com\/de\/produkt\/greifzange-fuer-betonbloecke-800-400\/"]}]},{"@type":"ImageObject","inLanguage":"de","@id":"https:\/\/www.blockmoulds.com\/de\/produkt\/greifzange-fuer-betonbloecke-800-400\/#primaryimage","url":"https:\/\/www.blockmoulds.com\/wp-content\/uploads\/2020\/03\/BSC-W800-400_Block_Clamp.jpg","contentUrl":"https:\/\/www.blockmoulds.com\/wp-content\/uploads\/2020\/03\/BSC-W800-400_Block_Clamp.jpg","width":900,"height":900,"caption":"concrete block scissor clamp 800x400"},{"@type":"BreadcrumbList","@id":"https:\/\/www.blockmoulds.com\/de\/produkt\/greifzange-fuer-betonbloecke-800-400\/#breadcrumb","itemListElement":[{"@type":"ListItem","position":1,"name":"Home","item":"https:\/\/www.blockmoulds.com\/de\/"},{"@type":"ListItem","position":2,"name":"Shop","item":"https:\/\/www.blockmoulds.com\/de\/shop\/"},{"@type":"ListItem","position":3,"name":"Greifzange f\u00fcr Betonbl\u00f6cke 800-400"}]},{"@type":"WebSite","@id":"https:\/\/www.blockmoulds.com\/de\/#website","url":"https:\/\/www.blockmoulds.com\/de\/","name":"Block Moulds","description":"Benefits of modular construction","potentialAction":[{"@type":"SearchAction","target":{"@type":"EntryPoint","urlTemplate":"https:\/\/www.blockmoulds.com\/de\/?s={search_term_string}"},"query-input":{"@type":"PropertyValueSpecification","valueRequired":true,"valueName":"search_term_string"}}],"inLanguage":"de"}]}},"_links":{"self":[{"href":"https:\/\/www.blockmoulds.com\/de\/wp-json\/wp\/v2\/product\/7833","targetHints":{"allow":["GET"]}}],"collection":[{"href":"https:\/\/www.blockmoulds.com\/de\/wp-json\/wp\/v2\/product"}],"about":[{"href":"https:\/\/www.blockmoulds.com\/de\/wp-json\/wp\/v2\/types\/product"}],"wp:featuredmedia":[{"embeddable":true,"href":"https:\/\/www.blockmoulds.com\/de\/wp-json\/wp\/v2\/media\/13233"}],"wp:attachment":[{"href":"https:\/\/www.blockmoulds.com\/de\/wp-json\/wp\/v2\/media?parent=7833"}],"wp:term":[{"taxonomy":"product_brand","embeddable":true,"href":"https:\/\/www.blockmoulds.com\/de\/wp-json\/wp\/v2\/product_brand?post=7833"},{"taxonomy":"product_cat","embeddable":true,"href":"https:\/\/www.blockmoulds.com\/de\/wp-json\/wp\/v2\/product_cat?post=7833"},{"taxonomy":"product_tag","embeddable":true,"href":"https:\/\/www.blockmoulds.com\/de\/wp-json\/wp\/v2\/product_tag?post=7833"}],"curies":[{"name":"wp","href":"https:\/\/api.w.org\/{rel}","templated":true}]}}