{"id":6656,"date":"2019-04-28T15:41:05","date_gmt":"2019-04-28T15:41:05","guid":{"rendered":"https:\/\/www.blockmoulds.com\/aplicaciones\/storage-bays\/"},"modified":"2025-03-03T08:05:38","modified_gmt":"2025-03-03T08:05:38","slug":"zonas-de-almacenamiento","status":"publish","type":"page","link":"https:\/\/www.blockmoulds.com\/es\/aplicaciones\/zonas-de-almacenamiento\/","title":{"rendered":"Zonas de almacenamiento"},"content":{"rendered":"<div class=\"wpb-content-wrapper\"><p>[vc_row full_width=\u00bbstretch_row_content\u00bb full_height=\u00bbyes\u00bb content_placement=\u00bbmiddle\u00bb][vc_column width=\u00bb1\/2&#8243;][vc_column_text css=\u00bb.vc_custom_1576504632840{margin-right: 15px !important;margin-left: 50px !important;padding-top: 20px !important;}\u00bb]<\/p>\n<h2 class=\"title30 font-bold text-uppercase poppins-font text-LEFT\" style=\"text-align: right;\">ZONAS DE ALMACENAJE<br \/>\nPARA MATERIAL A GRANEL<\/h2>\n<h4 style=\"text-align: right;\"><span style=\"color: #ff0000;\"><strong>____<\/strong><\/span><\/h4>\n<p>&nbsp;<\/p>\n<p style=\"text-align: right;\">Los muros de las zonas de almacenamiento hechos de bloques de hormig\u00f3n ensamblables se construyen para diversas aplicaciones y son una soluci\u00f3n de almacenamiento ideal.<br \/>\nOfrecen un hermoso espacio de almacenamiento para innumerables materiales.<br \/>\nEl sistema permite a los usuarios modificar f\u00e1cilmente las \u00e1reas de almacenamiento.<br \/>\nDebido a la resistencia y durabilidad de los bloques, no es necesario construir una base y tienen un amplio potencial de aplicaci\u00f3n en el campo del almacenamiento.<\/p>\n<p style=\"text-align: right;\">Cree objetos y estructuras para el almacenamiento de materiales a granel en obras, f\u00e1bricas y almacenes:<\/p>\n<p style=\"text-align: right;\">Zonas de almacenamiento de \u00e1ridos (arena, grava, escombros, etc.)<\/p>\n<p style=\"text-align: right;\">Zonas de almacenamiento para otros materiales (madera, residuos, sal, tierra, etc.)<\/p>\n<p style=\"text-align: right;\">Zonas de almacenamiento para la agricultura y la ganader\u00eda (ensilado, grano, esti\u00e9rcol, etc.)<\/p>\n<p style=\"text-align: right;\">Zonas de almacenamiento y separaci\u00f3n para el reciclaje de residuos<\/p>\n<p>[\/vc_column_text][\/vc_column][vc_column width=\u00bb1\/2&#8243;][vc_single_image image=\u00bb6326&#8243; img_size=\u00bbfull\u00bb alignment=\u00bbcenter\u00bb css_animation=\u00bbnone\u00bb][\/vc_column][\/vc_row][vc_row full_width=\u00bbstretch_row_content\u00bb full_height=\u00bbyes\u00bb equal_height=\u00bbyes\u00bb content_placement=\u00bbmiddle\u00bb css=\u00bb.vc_custom_1575192705038{background-color: #e5e5e5 !important;}\u00bb][vc_column width=\u00bb1\/2&#8243;][vc_single_image image=\u00bb16612&#8243; img_size=\u00bbfull\u00bb alignment=\u00bbcenter\u00bb css_animation=\u00bbnone\u00bb][\/vc_column][vc_column width=\u00bb1\/2&#8243;][vc_column_text css=\u00bb.vc_custom_1577559883027{padding-right: 50px !important;padding-left: 15px !important;}\u00bb]<\/p>\n<h2 class=\"title30 font-bold text-uppercase poppins-font text-RIGHT\" style=\"text-align: left;\">IMAGINE TODAS LAS COSAS<br \/>\nQUE PUEDE CONSTRUIR<\/h2>\n<h4><strong><span style=\"color: #ff0000;\">____<\/span><\/strong><\/h4>\n<p>&nbsp;<\/p>\n<p>Construir todo tipo de construcciones modulares con bloques de hormig\u00f3n realizados con <strong><a href=\"https:\/\/www.blockmoulds.com\/es\/shop\/\">nuestros moldes<\/a><\/strong>.<br \/>\nDiferentes formas y tama\u00f1os est\u00e1n disponibles para construir estructuras impresionantes que son duraderas y flexibles.<br \/>\nLa capacidad de almacenamiento se puede aumentar simplemente a\u00f1adiendo una capa adicional.<\/p>\n<p>Los mega bloques de hormig\u00f3n son adecuados para aplicaciones de alta resistencia.<br \/>\nUna soluci\u00f3n probada en la que puede confiar.<\/p>\n<p>Los muros de almacenamiento o muros de contenci\u00f3n deben ser perfectamente rectos.<br \/>\nLos mega bloques de hormig\u00f3n deben fabricarse con gran precisi\u00f3n para poder ser colocados en l\u00ednea recta.<br \/>\nGracias a las caracter\u00edsticas \u00fanicas del sistema de machihembrado, usted puede construir r\u00e1pida y f\u00e1cilmente muros seguros y duraderos para el almacenamiento a granel de materiales.<br \/>\nLa simplicidad del sistema permite a los usuarios a\u00f1adir muros a su gusto, aumentando la eficiencia del almacenamiento de material y reduciendo los costes.<\/p>\n<p>Los moldes de acero ofrecidos por Block Moulds combinan un buen dise\u00f1o y alta funcionalidad con la calidad adecuada.<\/p>\n<p>Descubra <strong><a href=\"https:\/\/www.blockmoulds.com\/es\/por-que-elegirnos\/\">por qu\u00e9 elegirnos<\/a><\/strong>\u00a0y p\u00f3ngase en <strong><a href=\"\/es\/contacto\/\">contacto con nosotros<\/a><\/strong>.[\/vc_column_text][\/vc_column][\/vc_row][vc_row][vc_column width=\u00bb1\/2&#8243;][vc_gallery type=\u00bbimage_grid\u00bb images=\u00bb6324,6323,6322,6321,6320,6319,6318,6316,6313,13574,13579,13584,16618,16612&#8243; img_size=\u00bb280&#215;200&#8243; onclick=\u00bb\u00bb css=\u00bb.vc_custom_1740989135007{padding-top: 25px !important;}\u00bb][\/vc_column][vc_column width=\u00bb1\/2&#8243;]\n<div class=\"wpcf7 no-js\" id=\"wpcf7-f7024-o1\" lang=\"en-US\" dir=\"ltr\" data-wpcf7-id=\"7024\">\n<div class=\"screen-reader-response\"><p role=\"status\" aria-live=\"polite\" aria-atomic=\"true\"><\/p> <ul><\/ul><\/div>\n<form action=\"\/es\/wp-json\/wp\/v2\/pages\/6656#wpcf7-f7024-o1\" method=\"post\" class=\"wpcf7-form init\" aria-label=\"Contact form\" novalidate=\"novalidate\" data-status=\"init\">\n<fieldset class=\"hidden-fields-container\"><input type=\"hidden\" name=\"_wpcf7\" value=\"7024\" \/><input type=\"hidden\" name=\"_wpcf7_version\" value=\"6.1.5\" \/><input type=\"hidden\" name=\"_wpcf7_locale\" value=\"en_US\" \/><input type=\"hidden\" name=\"_wpcf7_unit_tag\" value=\"wpcf7-f7024-o1\" \/><input type=\"hidden\" name=\"_wpcf7_container_post\" value=\"0\" \/><input type=\"hidden\" name=\"_wpcf7_posted_data_hash\" value=\"\" \/><input type=\"hidden\" name=\"_wpcf7_recaptcha_response\" value=\"\" \/>\n<\/fieldset>\n<div class=\"contact-form-page contact-form\">\n\t<h2 class=\"title18 font-bold text-uppercase rale-font\">Formulario de contacto\n\t<\/h2>\n\t<p class=\"contact-name\"><br \/>\n<span class=\"wpcf7-form-control-wrap\" data-name=\"your-name\"><input size=\"40\" maxlength=\"400\" class=\"wpcf7-form-control wpcf7-text wpcf7-validates-as-required border\" aria-required=\"true\" aria-invalid=\"false\" placeholder=\"Nombre*\" value=\"\" type=\"text\" name=\"your-name\" \/><\/span>\n\t<\/p>\n\t<p class=\"contact-email\"><br \/>\n<span class=\"wpcf7-form-control-wrap\" data-name=\"your-email\"><input size=\"40\" maxlength=\"400\" class=\"wpcf7-form-control wpcf7-email wpcf7-validates-as-required wpcf7-text wpcf7-validates-as-email border\" aria-required=\"true\" aria-invalid=\"false\" placeholder=\"Email*\" value=\"\" type=\"email\" name=\"your-email\" \/><\/span>\n\t<\/p>\n\t<p class=\"contact-message\"><br \/>\n<span class=\"wpcf7-form-control-wrap\" data-name=\"your-message\"><textarea cols=\"40\" rows=\"10\" maxlength=\"2000\" class=\"wpcf7-form-control wpcf7-textarea border\" aria-invalid=\"false\" placeholder=\"Texto*\" name=\"your-message\"><\/textarea><\/span>\n\t<\/p>\n\t<p>Al completar nuestro formulario de contacto, nos da su consentimiento para el procesamiento de sus datos personales de acuerdo con las disposiciones de <a href=\"https:\/\/www.blockmoulds.com\/es\/politica-de-privacidad-y-cookies\/\" target=\"_blank\">Declaraci\u00f3n de Privacidad (y Cookies)<\/a>\n\t<\/p>\n\t<p><span class=\"wpcf7-form-control-wrap\" data-name=\"checkbox-900\"><span class=\"wpcf7-form-control wpcf7-checkbox wpcf7-validates-as-required\"><span class=\"wpcf7-list-item first last\"><span class=\"wpcf7-list-item-label\">Estoy de acuerdo<\/span><input type=\"checkbox\" name=\"checkbox-900[]\" value=\"Estoy de acuerdo\" \/><\/span><\/span><\/span>\n\t<\/p>\n\n\t<p class=\"contact-submit\"><br \/>\n<input class=\"wpcf7-form-control wpcf7-submit has-spinner shop-button\" type=\"submit\" value=\"ENV\u00cdO\" \/>\n\t<\/p>\n<\/div><input type='hidden' class='wpcf7-pum' value='{\"closepopup\":false,\"closedelay\":0,\"openpopup\":false,\"openpopup_id\":0}' \/><div class=\"wpcf7-response-output\" aria-hidden=\"true\"><\/div>\n<\/form>\n<\/div>\n[\/vc_column][\/vc_row]<\/p>\n<\/div>","protected":false},"excerpt":{"rendered":"<p>[vc_row full_width=\u00bbstretch_row_content\u00bb full_height=\u00bbyes\u00bb content_placement=\u00bbmiddle\u00bb][vc_column width=\u00bb1\/2&#8243;][vc_column_text css=\u00bb.vc_custom_1576504632840{margin-right: 15px !important;margin-left: 50px !important;padding-top: 20px !important;}\u00bb] ZONAS DE ALMACENAJE PARA MATERIAL A GRANEL ____ &nbsp; Los muros de las zonas de almacenamiento hechos de bloques de hormig\u00f3n ensamblables se construyen para diversas aplicaciones y son una soluci\u00f3n de almacenamiento ideal. Ofrecen un hermoso espacio de almacenamiento para innumerables materiales. [&hellip;]<\/p>\n","protected":false},"author":2,"featured_media":0,"parent":6647,"menu_order":0,"comment_status":"closed","ping_status":"closed","template":"","meta":{"footnotes":""},"class_list":["post-6656","page","type-page","status-publish","hentry"],"yoast_head":"<!-- This site is optimized with the Yoast SEO plugin v27.5 - https:\/\/yoast.com\/product\/yoast-seo-wordpress\/ -->\n<title>Zonas de almacenamiento para materiales a granel con bloques de hormig\u00f3n<\/title>\n<meta name=\"description\" content=\"Construya cajas de almacenamiento a granel de bajo costo. La soluci\u00f3n definitiva para el almacenamiento agr\u00edcola e industrial y la separaci\u00f3n de materiales de construcci\u00f3n, forraje o esti\u00e9rcol.\" \/>\n<meta name=\"robots\" content=\"index, follow, max-snippet:-1, max-image-preview:large, max-video-preview:-1\" \/>\n<link rel=\"canonical\" href=\"https:\/\/www.blockmoulds.com\/es\/aplicaciones\/zonas-de-almacenamiento\/\" \/>\n<meta property=\"og:locale\" content=\"es_ES\" \/>\n<meta property=\"og:type\" content=\"article\" \/>\n<meta property=\"og:title\" content=\"Zonas de almacenamiento para materiales a granel con bloques de hormig\u00f3n\" \/>\n<meta property=\"og:description\" content=\"Construya cajas de almacenamiento a granel de bajo costo. La soluci\u00f3n definitiva para el almacenamiento agr\u00edcola e industrial y la separaci\u00f3n de materiales de construcci\u00f3n, forraje o esti\u00e9rcol.\" \/>\n<meta property=\"og:url\" content=\"https:\/\/www.blockmoulds.com\/es\/aplicaciones\/zonas-de-almacenamiento\/\" \/>\n<meta property=\"og:site_name\" content=\"Block Moulds\" \/>\n<meta property=\"article:modified_time\" content=\"2025-03-03T08:05:38+00:00\" \/>\n<meta name=\"twitter:card\" content=\"summary_large_image\" \/>\n<meta name=\"twitter:label1\" content=\"Tiempo de lectura\" \/>\n\t<meta name=\"twitter:data1\" content=\"2 minutos\" \/>\n<script type=\"application\/ld+json\" class=\"yoast-schema-graph\">{\"@context\":\"https:\\\/\\\/schema.org\",\"@graph\":[{\"@type\":\"WebPage\",\"@id\":\"https:\\\/\\\/www.blockmoulds.com\\\/es\\\/aplicaciones\\\/zonas-de-almacenamiento\\\/\",\"url\":\"https:\\\/\\\/www.blockmoulds.com\\\/es\\\/aplicaciones\\\/zonas-de-almacenamiento\\\/\",\"name\":\"Zonas de almacenamiento para materiales a granel con bloques de hormig\u00f3n\",\"isPartOf\":{\"@id\":\"https:\\\/\\\/www.blockmoulds.com\\\/es\\\/#website\"},\"datePublished\":\"2019-04-28T15:41:05+00:00\",\"dateModified\":\"2025-03-03T08:05:38+00:00\",\"description\":\"Construya cajas de almacenamiento a granel de bajo costo. La soluci\u00f3n definitiva para el almacenamiento agr\u00edcola e industrial y la separaci\u00f3n de materiales de construcci\u00f3n, forraje o esti\u00e9rcol.\",\"breadcrumb\":{\"@id\":\"https:\\\/\\\/www.blockmoulds.com\\\/es\\\/aplicaciones\\\/zonas-de-almacenamiento\\\/#breadcrumb\"},\"inLanguage\":\"es\",\"potentialAction\":[{\"@type\":\"ReadAction\",\"target\":[\"https:\\\/\\\/www.blockmoulds.com\\\/es\\\/aplicaciones\\\/zonas-de-almacenamiento\\\/\"]}]},{\"@type\":\"BreadcrumbList\",\"@id\":\"https:\\\/\\\/www.blockmoulds.com\\\/es\\\/aplicaciones\\\/zonas-de-almacenamiento\\\/#breadcrumb\",\"itemListElement\":[{\"@type\":\"ListItem\",\"position\":1,\"name\":\"Home\",\"item\":\"https:\\\/\\\/www.blockmoulds.com\\\/es\\\/\"},{\"@type\":\"ListItem\",\"position\":2,\"name\":\"Aplicaciones\",\"item\":\"https:\\\/\\\/www.blockmoulds.com\\\/es\\\/aplicaciones\\\/\"},{\"@type\":\"ListItem\",\"position\":3,\"name\":\"Zonas de almacenamiento\"}]},{\"@type\":\"WebSite\",\"@id\":\"https:\\\/\\\/www.blockmoulds.com\\\/es\\\/#website\",\"url\":\"https:\\\/\\\/www.blockmoulds.com\\\/es\\\/\",\"name\":\"Block Moulds\",\"description\":\"Benefits of modular construction\",\"potentialAction\":[{\"@type\":\"SearchAction\",\"target\":{\"@type\":\"EntryPoint\",\"urlTemplate\":\"https:\\\/\\\/www.blockmoulds.com\\\/es\\\/?s={search_term_string}\"},\"query-input\":{\"@type\":\"PropertyValueSpecification\",\"valueRequired\":true,\"valueName\":\"search_term_string\"}}],\"inLanguage\":\"es\"}]}<\/script>\n<!-- \/ Yoast SEO plugin. -->","yoast_head_json":{"title":"Zonas de almacenamiento para materiales a granel con bloques de hormig\u00f3n","description":"Construya cajas de almacenamiento a granel de bajo costo. La soluci\u00f3n definitiva para el almacenamiento agr\u00edcola e industrial y la separaci\u00f3n de materiales de construcci\u00f3n, forraje o esti\u00e9rcol.","robots":{"index":"index","follow":"follow","max-snippet":"max-snippet:-1","max-image-preview":"max-image-preview:large","max-video-preview":"max-video-preview:-1"},"canonical":"https:\/\/www.blockmoulds.com\/es\/aplicaciones\/zonas-de-almacenamiento\/","og_locale":"es_ES","og_type":"article","og_title":"Zonas de almacenamiento para materiales a granel con bloques de hormig\u00f3n","og_description":"Construya cajas de almacenamiento a granel de bajo costo. La soluci\u00f3n definitiva para el almacenamiento agr\u00edcola e industrial y la separaci\u00f3n de materiales de construcci\u00f3n, forraje o esti\u00e9rcol.","og_url":"https:\/\/www.blockmoulds.com\/es\/aplicaciones\/zonas-de-almacenamiento\/","og_site_name":"Block Moulds","article_modified_time":"2025-03-03T08:05:38+00:00","twitter_card":"summary_large_image","twitter_misc":{"Tiempo de lectura":"2 minutos"},"schema":{"@context":"https:\/\/schema.org","@graph":[{"@type":"WebPage","@id":"https:\/\/www.blockmoulds.com\/es\/aplicaciones\/zonas-de-almacenamiento\/","url":"https:\/\/www.blockmoulds.com\/es\/aplicaciones\/zonas-de-almacenamiento\/","name":"Zonas de almacenamiento para materiales a granel con bloques de hormig\u00f3n","isPartOf":{"@id":"https:\/\/www.blockmoulds.com\/es\/#website"},"datePublished":"2019-04-28T15:41:05+00:00","dateModified":"2025-03-03T08:05:38+00:00","description":"Construya cajas de almacenamiento a granel de bajo costo. La soluci\u00f3n definitiva para el almacenamiento agr\u00edcola e industrial y la separaci\u00f3n de materiales de construcci\u00f3n, forraje o esti\u00e9rcol.","breadcrumb":{"@id":"https:\/\/www.blockmoulds.com\/es\/aplicaciones\/zonas-de-almacenamiento\/#breadcrumb"},"inLanguage":"es","potentialAction":[{"@type":"ReadAction","target":["https:\/\/www.blockmoulds.com\/es\/aplicaciones\/zonas-de-almacenamiento\/"]}]},{"@type":"BreadcrumbList","@id":"https:\/\/www.blockmoulds.com\/es\/aplicaciones\/zonas-de-almacenamiento\/#breadcrumb","itemListElement":[{"@type":"ListItem","position":1,"name":"Home","item":"https:\/\/www.blockmoulds.com\/es\/"},{"@type":"ListItem","position":2,"name":"Aplicaciones","item":"https:\/\/www.blockmoulds.com\/es\/aplicaciones\/"},{"@type":"ListItem","position":3,"name":"Zonas de almacenamiento"}]},{"@type":"WebSite","@id":"https:\/\/www.blockmoulds.com\/es\/#website","url":"https:\/\/www.blockmoulds.com\/es\/","name":"Block Moulds","description":"Benefits of modular construction","potentialAction":[{"@type":"SearchAction","target":{"@type":"EntryPoint","urlTemplate":"https:\/\/www.blockmoulds.com\/es\/?s={search_term_string}"},"query-input":{"@type":"PropertyValueSpecification","valueRequired":true,"valueName":"search_term_string"}}],"inLanguage":"es"}]}},"_links":{"self":[{"href":"https:\/\/www.blockmoulds.com\/es\/wp-json\/wp\/v2\/pages\/6656","targetHints":{"allow":["GET"]}}],"collection":[{"href":"https:\/\/www.blockmoulds.com\/es\/wp-json\/wp\/v2\/pages"}],"about":[{"href":"https:\/\/www.blockmoulds.com\/es\/wp-json\/wp\/v2\/types\/page"}],"author":[{"embeddable":true,"href":"https:\/\/www.blockmoulds.com\/es\/wp-json\/wp\/v2\/users\/2"}],"replies":[{"embeddable":true,"href":"https:\/\/www.blockmoulds.com\/es\/wp-json\/wp\/v2\/comments?post=6656"}],"version-history":[{"count":1,"href":"https:\/\/www.blockmoulds.com\/es\/wp-json\/wp\/v2\/pages\/6656\/revisions"}],"predecessor-version":[{"id":22629,"href":"https:\/\/www.blockmoulds.com\/es\/wp-json\/wp\/v2\/pages\/6656\/revisions\/22629"}],"up":[{"embeddable":true,"href":"https:\/\/www.blockmoulds.com\/es\/wp-json\/wp\/v2\/pages\/6647"}],"wp:attachment":[{"href":"https:\/\/www.blockmoulds.com\/es\/wp-json\/wp\/v2\/media?parent=6656"}],"curies":[{"name":"wp","href":"https:\/\/api.w.org\/{rel}","templated":true}]}}