{"id":6662,"date":"2019-04-28T15:58:51","date_gmt":"2019-04-28T15:58:51","guid":{"rendered":"https:\/\/www.blockmoulds.com\/aplicaciones\/blast-walls\/"},"modified":"2025-03-03T08:07:04","modified_gmt":"2025-03-03T08:07:04","slug":"muros-de-explosion","status":"publish","type":"page","link":"https:\/\/www.blockmoulds.com\/es\/aplicaciones\/muros-de-explosion\/","title":{"rendered":"Muros de explosi\u00f3n"},"content":{"rendered":"<div class=\"wpb-content-wrapper\"><p>[vc_row full_width=\u00bbstretch_row_content\u00bb full_height=\u00bbyes\u00bb content_placement=\u00bbmiddle\u00bb][vc_column width=\u00bb1\/2&#8243;][vc_column_text css=\u00bb.vc_custom_1740486135429{padding-top: 30px !important;padding-right: 15px !important;padding-left: 50px !important;}\u00bb]<\/p>\n<h2 class=\"title30 font-bold text-uppercase poppins-font text-LEFT\" style=\"text-align: right;\">PAREDES A PRUEBA DE EXPLOSI\u00d3N<br \/>\nA PRECIOS ASEQUIBLES<\/h2>\n<h4 style=\"text-align: right;\"><span style=\"color: #ff0000;\"><strong>____<\/strong><\/span><\/h4>\n<p>&nbsp;<\/p>\n<p style=\"text-align: right;\">Una caracter\u00edstica \u00fanica del concepto de machihembrado de los bloques de hormig\u00f3n es la capacidad de los bloques para actuar como una estructura permanente despu\u00e9s del apilamiento.<br \/>\nLa construcci\u00f3n se puede reconfigurar o mover con extrema facilidad y rapidez.<br \/>\n<strong><a href=\"https:\/\/www.blockmoulds.com\/es\/shop\/\">Nuestros moldes<\/a><\/strong> permiten producir f\u00e1cilmente bloques de hormig\u00f3n de alta calidad para muros de explosi\u00f3n y bloques de hormig\u00f3n contra el vandalismo.<\/p>\n<p style=\"text-align: right;\">El flexible sistema de construcci\u00f3n de hormig\u00f3n es ideal tanto para soluciones temporales como permanentes. Un muro antiexplosivo es una barrera dise\u00f1ada para proteger las estructuras o edificios vulnerables y a las personas que se encuentran dentro de ellos de los efectos de una explosi\u00f3n en el entorno adyacente.<br \/>\nLas explosiones pueden ser causadas por problemas en los procesos de producci\u00f3n industrial, operaciones militares o terrorismo.<\/p>\n<p style=\"text-align: right;\">Los bloques de hormig\u00f3n producidos con nuestros moldes de acero son una alternativa a los muros de explosi\u00f3n, tambi\u00e9n llamados \u00abmuros Bremer\u00bb, que sirven para el mismo prop\u00f3sito.<\/p>\n<p>[\/vc_column_text][\/vc_column][vc_column width=\u00bb1\/2&#8243;][vc_single_image image=\u00bb6257&#8243; img_size=\u00bb880&#215;550&#8243; alignment=\u00bbcenter\u00bb][\/vc_column][\/vc_row][vc_row full_width=\u00bbstretch_row_content\u00bb full_height=\u00bbyes\u00bb equal_height=\u00bbyes\u00bb content_placement=\u00bbmiddle\u00bb css=\u00bb.vc_custom_1575192922309{background-color: #e5e5e5 !important;}\u00bb][vc_column width=\u00bb1\/2&#8243;][vc_single_image image=\u00bb6255&#8243; img_size=\u00bb880&#215;650&#8243; alignment=\u00bbcenter\u00bb][\/vc_column][vc_column width=\u00bb1\/2&#8243;][vc_column_text css=\u00bb.vc_custom_1585130879648{padding-top: 20px !important;padding-right: 50px !important;padding-left: 15px !important;}\u00bb]<\/p>\n<h2 class=\"title30 font-bold text-uppercase poppins-font text-RIGHT\" style=\"text-align: left;\">LA GENTE SE SIENTE SEGURA<br \/>\nCON LAS PAREDES DE EXPLOSI\u00d3N<\/h2>\n<h4><strong><span style=\"color: #ff0000;\">____<\/span><\/strong><\/h4>\n<p>&nbsp;<\/p>\n<p>Las paredes proporcionan protecci\u00f3n contra objetos voladores, colisiones, impactos de balas y explosiones inesperadas en las inmediaciones de la pared.<br \/>\nLos bloques de hormig\u00f3n tambi\u00e9n proporcionan la visibilidad deseada.<\/p>\n<p>Los muros de explosi\u00f3n se utilizan para construir tanto estructuras en entornos industriales como en \u00e1reas residenciales que est\u00e1n dise\u00f1adas para reducir o minimizar el impacto de una explosi\u00f3n.<\/p>\n<p>Los bloques de hormig\u00f3n se aplican r\u00e1pido, son f\u00e1ciles de usar y ofrecen la soluci\u00f3n m\u00e1s rentable para construir muros a prueba de explosiones.<\/p>\n<p>La gama de <strong><a href=\"https:\/\/www.blockmoulds.com\/es\/shop\/\">moldes para bloques<\/a><\/strong> es ideal para la producci\u00f3n de bloques de hormig\u00f3n de alta calidad en diferentes formas y tama\u00f1os.[\/vc_column_text][\/vc_column][\/vc_row][vc_row equal_height=\u00bbyes\u00bb][vc_column width=\u00bb1\/2&#8243; offset=\u00bbvc_col-xs-12&#8243;][vc_gallery type=\u00bbimage_grid\u00bb images=\u00bb6256,13508&#8243; img_size=\u00bb280&#215;200&#8243; onclick=\u00bb\u00bb css=\u00bb.vc_custom_1740989221820{padding-top: 25px !important;}\u00bb][\/vc_column][vc_column width=\u00bb1\/2&#8243;]\n<div class=\"wpcf7 no-js\" id=\"wpcf7-f7024-o1\" lang=\"en-US\" dir=\"ltr\" data-wpcf7-id=\"7024\">\n<div class=\"screen-reader-response\"><p role=\"status\" aria-live=\"polite\" aria-atomic=\"true\"><\/p> <ul><\/ul><\/div>\n<form action=\"\/es\/wp-json\/wp\/v2\/pages\/6662#wpcf7-f7024-o1\" method=\"post\" class=\"wpcf7-form init\" aria-label=\"Contact form\" novalidate=\"novalidate\" data-status=\"init\">\n<fieldset class=\"hidden-fields-container\"><input type=\"hidden\" name=\"_wpcf7\" value=\"7024\" \/><input type=\"hidden\" name=\"_wpcf7_version\" value=\"6.1.5\" \/><input type=\"hidden\" name=\"_wpcf7_locale\" value=\"en_US\" \/><input type=\"hidden\" name=\"_wpcf7_unit_tag\" value=\"wpcf7-f7024-o1\" \/><input type=\"hidden\" name=\"_wpcf7_container_post\" value=\"0\" \/><input type=\"hidden\" name=\"_wpcf7_posted_data_hash\" value=\"\" \/><input type=\"hidden\" name=\"_wpcf7_recaptcha_response\" value=\"\" \/>\n<\/fieldset>\n<div class=\"contact-form-page contact-form\">\n\t<h2 class=\"title18 font-bold text-uppercase rale-font\">Formulario de contacto\n\t<\/h2>\n\t<p class=\"contact-name\"><br \/>\n<span class=\"wpcf7-form-control-wrap\" data-name=\"your-name\"><input size=\"40\" maxlength=\"400\" class=\"wpcf7-form-control wpcf7-text wpcf7-validates-as-required border\" aria-required=\"true\" aria-invalid=\"false\" placeholder=\"Nombre*\" value=\"\" type=\"text\" name=\"your-name\" \/><\/span>\n\t<\/p>\n\t<p class=\"contact-email\"><br \/>\n<span class=\"wpcf7-form-control-wrap\" data-name=\"your-email\"><input size=\"40\" maxlength=\"400\" class=\"wpcf7-form-control wpcf7-email wpcf7-validates-as-required wpcf7-text wpcf7-validates-as-email border\" aria-required=\"true\" aria-invalid=\"false\" placeholder=\"Email*\" value=\"\" type=\"email\" name=\"your-email\" \/><\/span>\n\t<\/p>\n\t<p class=\"contact-message\"><br \/>\n<span class=\"wpcf7-form-control-wrap\" data-name=\"your-message\"><textarea cols=\"40\" rows=\"10\" maxlength=\"2000\" class=\"wpcf7-form-control wpcf7-textarea border\" aria-invalid=\"false\" placeholder=\"Texto*\" name=\"your-message\"><\/textarea><\/span>\n\t<\/p>\n\t<p>Al completar nuestro formulario de contacto, nos da su consentimiento para el procesamiento de sus datos personales de acuerdo con las disposiciones de <a href=\"https:\/\/www.blockmoulds.com\/es\/politica-de-privacidad-y-cookies\/\" target=\"_blank\">Declaraci\u00f3n de Privacidad (y Cookies)<\/a>\n\t<\/p>\n\t<p><span class=\"wpcf7-form-control-wrap\" data-name=\"checkbox-900\"><span class=\"wpcf7-form-control wpcf7-checkbox wpcf7-validates-as-required\"><span class=\"wpcf7-list-item first last\"><span class=\"wpcf7-list-item-label\">Estoy de acuerdo<\/span><input type=\"checkbox\" name=\"checkbox-900[]\" value=\"Estoy de acuerdo\" \/><\/span><\/span><\/span>\n\t<\/p>\n\n\t<p class=\"contact-submit\"><br \/>\n<input class=\"wpcf7-form-control wpcf7-submit has-spinner shop-button\" type=\"submit\" value=\"ENV\u00cdO\" \/>\n\t<\/p>\n<\/div><input type='hidden' class='wpcf7-pum' value='{\"closepopup\":false,\"closedelay\":0,\"openpopup\":false,\"openpopup_id\":0}' \/><div class=\"wpcf7-response-output\" aria-hidden=\"true\"><\/div>\n<\/form>\n<\/div>\n[\/vc_column][\/vc_row]<\/p>\n<\/div>","protected":false},"excerpt":{"rendered":"<p>[vc_row full_width=\u00bbstretch_row_content\u00bb full_height=\u00bbyes\u00bb content_placement=\u00bbmiddle\u00bb][vc_column width=\u00bb1\/2&#8243;][vc_column_text css=\u00bb.vc_custom_1740486135429{padding-top: 30px !important;padding-right: 15px !important;padding-left: 50px !important;}\u00bb] PAREDES A PRUEBA DE EXPLOSI\u00d3N A PRECIOS ASEQUIBLES ____ &nbsp; Una caracter\u00edstica \u00fanica del concepto de machihembrado de los bloques de hormig\u00f3n es la capacidad de los bloques para actuar como una estructura permanente despu\u00e9s del apilamiento. La construcci\u00f3n se puede reconfigurar o [&hellip;]<\/p>\n","protected":false},"author":2,"featured_media":0,"parent":6647,"menu_order":0,"comment_status":"closed","ping_status":"closed","template":"","meta":{"footnotes":""},"class_list":["post-6662","page","type-page","status-publish","hentry"],"yoast_head":"<!-- This site is optimized with the Yoast SEO plugin v27.5 - https:\/\/yoast.com\/product\/yoast-seo-wordpress\/ -->\n<title>Los muros antiexplosivos protegen su entorno inmediato contra las explosiones<\/title>\n<meta name=\"description\" content=\"Los muros antiexplosivos son indispensables para aplicaciones espec\u00edficas, desde medidas y barreras antiterroristas hasta barreras de seguridad necesarias en los procesos industriales y qu\u00edmicos.\" \/>\n<meta name=\"robots\" content=\"index, follow, max-snippet:-1, max-image-preview:large, max-video-preview:-1\" \/>\n<link rel=\"canonical\" href=\"https:\/\/www.blockmoulds.com\/es\/aplicaciones\/muros-de-explosion\/\" \/>\n<meta property=\"og:locale\" content=\"es_ES\" \/>\n<meta property=\"og:type\" content=\"article\" \/>\n<meta property=\"og:title\" content=\"Los muros antiexplosivos protegen su entorno inmediato contra las explosiones\" \/>\n<meta property=\"og:description\" content=\"Los muros antiexplosivos son indispensables para aplicaciones espec\u00edficas, desde medidas y barreras antiterroristas hasta barreras de seguridad necesarias en los procesos industriales y qu\u00edmicos.\" \/>\n<meta property=\"og:url\" content=\"https:\/\/www.blockmoulds.com\/es\/aplicaciones\/muros-de-explosion\/\" \/>\n<meta property=\"og:site_name\" content=\"Block Moulds\" \/>\n<meta property=\"article:modified_time\" content=\"2025-03-03T08:07:04+00:00\" \/>\n<meta name=\"twitter:card\" content=\"summary_large_image\" \/>\n<meta name=\"twitter:label1\" content=\"Tiempo de lectura\" \/>\n\t<meta name=\"twitter:data1\" content=\"2 minutos\" \/>\n<script type=\"application\/ld+json\" class=\"yoast-schema-graph\">{\"@context\":\"https:\\\/\\\/schema.org\",\"@graph\":[{\"@type\":\"WebPage\",\"@id\":\"https:\\\/\\\/www.blockmoulds.com\\\/es\\\/aplicaciones\\\/muros-de-explosion\\\/\",\"url\":\"https:\\\/\\\/www.blockmoulds.com\\\/es\\\/aplicaciones\\\/muros-de-explosion\\\/\",\"name\":\"Los muros antiexplosivos protegen su entorno inmediato contra las explosiones\",\"isPartOf\":{\"@id\":\"https:\\\/\\\/www.blockmoulds.com\\\/es\\\/#website\"},\"datePublished\":\"2019-04-28T15:58:51+00:00\",\"dateModified\":\"2025-03-03T08:07:04+00:00\",\"description\":\"Los muros antiexplosivos son indispensables para aplicaciones espec\u00edficas, desde medidas y barreras antiterroristas hasta barreras de seguridad necesarias en los procesos industriales y qu\u00edmicos.\",\"breadcrumb\":{\"@id\":\"https:\\\/\\\/www.blockmoulds.com\\\/es\\\/aplicaciones\\\/muros-de-explosion\\\/#breadcrumb\"},\"inLanguage\":\"es\",\"potentialAction\":[{\"@type\":\"ReadAction\",\"target\":[\"https:\\\/\\\/www.blockmoulds.com\\\/es\\\/aplicaciones\\\/muros-de-explosion\\\/\"]}]},{\"@type\":\"BreadcrumbList\",\"@id\":\"https:\\\/\\\/www.blockmoulds.com\\\/es\\\/aplicaciones\\\/muros-de-explosion\\\/#breadcrumb\",\"itemListElement\":[{\"@type\":\"ListItem\",\"position\":1,\"name\":\"Home\",\"item\":\"https:\\\/\\\/www.blockmoulds.com\\\/es\\\/\"},{\"@type\":\"ListItem\",\"position\":2,\"name\":\"Aplicaciones\",\"item\":\"https:\\\/\\\/www.blockmoulds.com\\\/es\\\/aplicaciones\\\/\"},{\"@type\":\"ListItem\",\"position\":3,\"name\":\"Muros de explosi\u00f3n\"}]},{\"@type\":\"WebSite\",\"@id\":\"https:\\\/\\\/www.blockmoulds.com\\\/es\\\/#website\",\"url\":\"https:\\\/\\\/www.blockmoulds.com\\\/es\\\/\",\"name\":\"Block Moulds\",\"description\":\"Benefits of modular construction\",\"potentialAction\":[{\"@type\":\"SearchAction\",\"target\":{\"@type\":\"EntryPoint\",\"urlTemplate\":\"https:\\\/\\\/www.blockmoulds.com\\\/es\\\/?s={search_term_string}\"},\"query-input\":{\"@type\":\"PropertyValueSpecification\",\"valueRequired\":true,\"valueName\":\"search_term_string\"}}],\"inLanguage\":\"es\"}]}<\/script>\n<!-- \/ Yoast SEO plugin. -->","yoast_head_json":{"title":"Los muros antiexplosivos protegen su entorno inmediato contra las explosiones","description":"Los muros antiexplosivos son indispensables para aplicaciones espec\u00edficas, desde medidas y barreras antiterroristas hasta barreras de seguridad necesarias en los procesos industriales y qu\u00edmicos.","robots":{"index":"index","follow":"follow","max-snippet":"max-snippet:-1","max-image-preview":"max-image-preview:large","max-video-preview":"max-video-preview:-1"},"canonical":"https:\/\/www.blockmoulds.com\/es\/aplicaciones\/muros-de-explosion\/","og_locale":"es_ES","og_type":"article","og_title":"Los muros antiexplosivos protegen su entorno inmediato contra las explosiones","og_description":"Los muros antiexplosivos son indispensables para aplicaciones espec\u00edficas, desde medidas y barreras antiterroristas hasta barreras de seguridad necesarias en los procesos industriales y qu\u00edmicos.","og_url":"https:\/\/www.blockmoulds.com\/es\/aplicaciones\/muros-de-explosion\/","og_site_name":"Block Moulds","article_modified_time":"2025-03-03T08:07:04+00:00","twitter_card":"summary_large_image","twitter_misc":{"Tiempo de lectura":"2 minutos"},"schema":{"@context":"https:\/\/schema.org","@graph":[{"@type":"WebPage","@id":"https:\/\/www.blockmoulds.com\/es\/aplicaciones\/muros-de-explosion\/","url":"https:\/\/www.blockmoulds.com\/es\/aplicaciones\/muros-de-explosion\/","name":"Los muros antiexplosivos protegen su entorno inmediato contra las explosiones","isPartOf":{"@id":"https:\/\/www.blockmoulds.com\/es\/#website"},"datePublished":"2019-04-28T15:58:51+00:00","dateModified":"2025-03-03T08:07:04+00:00","description":"Los muros antiexplosivos son indispensables para aplicaciones espec\u00edficas, desde medidas y barreras antiterroristas hasta barreras de seguridad necesarias en los procesos industriales y qu\u00edmicos.","breadcrumb":{"@id":"https:\/\/www.blockmoulds.com\/es\/aplicaciones\/muros-de-explosion\/#breadcrumb"},"inLanguage":"es","potentialAction":[{"@type":"ReadAction","target":["https:\/\/www.blockmoulds.com\/es\/aplicaciones\/muros-de-explosion\/"]}]},{"@type":"BreadcrumbList","@id":"https:\/\/www.blockmoulds.com\/es\/aplicaciones\/muros-de-explosion\/#breadcrumb","itemListElement":[{"@type":"ListItem","position":1,"name":"Home","item":"https:\/\/www.blockmoulds.com\/es\/"},{"@type":"ListItem","position":2,"name":"Aplicaciones","item":"https:\/\/www.blockmoulds.com\/es\/aplicaciones\/"},{"@type":"ListItem","position":3,"name":"Muros de explosi\u00f3n"}]},{"@type":"WebSite","@id":"https:\/\/www.blockmoulds.com\/es\/#website","url":"https:\/\/www.blockmoulds.com\/es\/","name":"Block Moulds","description":"Benefits of modular construction","potentialAction":[{"@type":"SearchAction","target":{"@type":"EntryPoint","urlTemplate":"https:\/\/www.blockmoulds.com\/es\/?s={search_term_string}"},"query-input":{"@type":"PropertyValueSpecification","valueRequired":true,"valueName":"search_term_string"}}],"inLanguage":"es"}]}},"_links":{"self":[{"href":"https:\/\/www.blockmoulds.com\/es\/wp-json\/wp\/v2\/pages\/6662","targetHints":{"allow":["GET"]}}],"collection":[{"href":"https:\/\/www.blockmoulds.com\/es\/wp-json\/wp\/v2\/pages"}],"about":[{"href":"https:\/\/www.blockmoulds.com\/es\/wp-json\/wp\/v2\/types\/page"}],"author":[{"embeddable":true,"href":"https:\/\/www.blockmoulds.com\/es\/wp-json\/wp\/v2\/users\/2"}],"replies":[{"embeddable":true,"href":"https:\/\/www.blockmoulds.com\/es\/wp-json\/wp\/v2\/comments?post=6662"}],"version-history":[{"count":2,"href":"https:\/\/www.blockmoulds.com\/es\/wp-json\/wp\/v2\/pages\/6662\/revisions"}],"predecessor-version":[{"id":22636,"href":"https:\/\/www.blockmoulds.com\/es\/wp-json\/wp\/v2\/pages\/6662\/revisions\/22636"}],"up":[{"embeddable":true,"href":"https:\/\/www.blockmoulds.com\/es\/wp-json\/wp\/v2\/pages\/6647"}],"wp:attachment":[{"href":"https:\/\/www.blockmoulds.com\/es\/wp-json\/wp\/v2\/media?parent=6662"}],"curies":[{"name":"wp","href":"https:\/\/api.w.org\/{rel}","templated":true}]}}