{"id":6680,"date":"2019-04-28T16:39:07","date_gmt":"2019-04-28T16:39:07","guid":{"rendered":"https:\/\/www.blockmoulds.com\/aplicaciones\/building-structure-walls\/"},"modified":"2025-03-03T08:20:55","modified_gmt":"2025-03-03T08:20:55","slug":"muros-estructurales-de-hormigon","status":"publish","type":"page","link":"https:\/\/www.blockmoulds.com\/es\/aplicaciones\/muros-estructurales-de-hormigon\/","title":{"rendered":"Muros estructurales de hormig\u00f3n"},"content":{"rendered":"<div class=\"wpb-content-wrapper\"><p>[vc_row full_width=\u00bbstretch_row_content\u00bb full_height=\u00bbyes\u00bb equal_height=\u00bbyes\u00bb content_placement=\u00bbmiddle\u00bb][vc_column width=\u00bb1\/2&#8243;][vc_column_text css=\u00bb.vc_custom_1577560195504{padding-top: 20px !important;padding-right: 15px !important;padding-left: 50px !important;}\u00bb]<\/p>\n<h2 class=\"title30 font-bold text-uppercase poppins-font text-LEFT\" style=\"text-align: right;\">CRE\u00c9 ESTRUCTURAS EXPANDIBLES, ADAPTABLES Y F\u00c1CILMENTE MOVIBLES<\/h2>\n<h4 style=\"text-align: right;\"><span style=\"color: #ff0000;\"><strong>____<\/strong><\/span><\/h4>\n<p>&nbsp;<\/p>\n<p style=\"text-align: right;\">Los bloques producidos con nuestros <strong><a href=\"https:\/\/www.blockmoulds.com\/es\/ventajas-de-la-construccion-modular\/\">moldes son modulares<\/a><\/strong>.<br \/>\nSe utilizan para crear varios edificios y estructuras temporales. Si lo desea, puede modificar, ampliar o desmontar estas construcciones. Una soluci\u00f3n bienvenida para, por ejemplo, almacenes, naves industriales y construcciones temporales.<\/p>\n<p style=\"text-align: right;\">Los bloques pueden apilarse, esparcirse y girarse para crear todo tipo de edificios industriales modulares: desde oficinas temporales hasta viviendas, y desde almacenes hasta controles de acceso.<\/p>\n<p style=\"text-align: right;\">As\u00ed no est\u00e1 limitado a una configuraci\u00f3n determinada o a un dise\u00f1o fijo.<br \/>\nConstruya edificios sostenibles basados en estructuras temporales y (semi-)permanentes que se necesitan en un lugar espec\u00edfico.<\/p>\n<p style=\"text-align: right;\">Este sistema de construcci\u00f3n de hormig\u00f3n tambi\u00e9n se utiliza a menudo para construir muros de contenci\u00f3n, <strong><a href=\"https:\/\/www.blockmoulds.com\/es\/aplicaciones\/silo-de-zanja\/\">silos de zanja<\/a><\/strong> y espacio de <strong><a href=\"https:\/\/www.blockmoulds.com\/es\/aplicaciones\/zonas-de-almacenamiento\/\">almacenamiento<\/a><\/strong>.<\/p>\n<p>[\/vc_column_text][\/vc_column][vc_column width=\u00bb1\/2&#8243;][vc_single_image image=\u00bb6287&#8243; img_size=\u00bbfull\u00bb alignment=\u00bbcenter\u00bb css_animation=\u00bbnone\u00bb][\/vc_column][\/vc_row][vc_row full_width=\u00bbstretch_row_content\u00bb full_height=\u00bbyes\u00bb equal_height=\u00bbyes\u00bb content_placement=\u00bbmiddle\u00bb css=\u00bb.vc_custom_1575195864145{background-color: #e5e5e5 !important;}\u00bb][vc_column width=\u00bb1\/2&#8243;][vc_single_image image=\u00bb6284&#8243; img_size=\u00bb880&#215;650&#8243; alignment=\u00bbcenter\u00bb css_animation=\u00bbnone\u00bb][\/vc_column][vc_column width=\u00bb1\/2&#8243;][vc_column_text css=\u00bb.vc_custom_1740488286763{padding-top: 20px !important;padding-right: 50px !important;padding-left: 15px !important;}\u00bb]<\/p>\n<h2 class=\"title30 font-bold text-uppercase poppins-font text-RIGHT\" style=\"text-align: left;\">CONSTRUYA LO QUE SE LE OCURRA CON BLOQUES DE HORMIG\u00d3N<\/h2>\n<h4><strong><span style=\"color: #ff0000;\">____<\/span><\/strong><\/h4>\n<p>&nbsp;<\/p>\n<p>Nuestra misi\u00f3n es inspirar a los constructores del ma\u00f1ana a utilizar estructuras flexibles de hormig\u00f3n para edificios industriales.<br \/>\nLos moldes utilizados para fundir estos bloques de hormig\u00f3n son tan modulares como los productos fabricados con ellos.<\/p>\n<p>Produzca muchas formas y tama\u00f1os utilizando <strong><a href=\"https:\/\/www.blockmoulds.com\/es\/ventajas-de-la-construccion-modular\/\">nuestros revolucionarios moldes<\/a><\/strong>.<br \/>\nLos moldes en &#8216;L&#8217; fijos convencionales que otros fabricantes han estado suministrando durante a\u00f1os restringen a los usuarios el n\u00famero de formas y tama\u00f1os que pueden producir.<\/p>\n<p>Vemos las cosas de manera diferente y hemos hecho todo lo posible para ver la producci\u00f3n de bloques de hormig\u00f3n desde la perspectiva del usuario.<br \/>\nLos productores de bloques de hormig\u00f3n no deber\u00edan verse obligados a comprar una multitud de moldes para poder producir muchos bloques distintos.<\/p>\n<p>Nuestro dise\u00f1o patentado permite a los usuarios intercambiar f\u00e1cilmente piezas del molde para construir m\u00faltiples tipos de tama\u00f1os y formas.[\/vc_column_text][\/vc_column][\/vc_row][vc_row equal_height=\u00bbyes\u00bb][vc_column width=\u00bb1\/2&#8243; offset=\u00bbvc_col-xs-12&#8243;][vc_gallery type=\u00bbimage_grid\u00bb images=\u00bb6288,6287,6286,6284,6285,6283,6282,6281,13490&#8243; img_size=\u00bb280&#215;200&#8243; onclick=\u00bb\u00bb css=\u00bb.vc_custom_1740990053411{padding-top: 25px !important;}\u00bb][\/vc_column][vc_column width=\u00bb1\/2&#8243;]\n<div class=\"wpcf7 no-js\" id=\"wpcf7-f7024-o1\" lang=\"en-US\" dir=\"ltr\" data-wpcf7-id=\"7024\">\n<div class=\"screen-reader-response\"><p role=\"status\" aria-live=\"polite\" aria-atomic=\"true\"><\/p> <ul><\/ul><\/div>\n<form action=\"\/es\/wp-json\/wp\/v2\/pages\/6680#wpcf7-f7024-o1\" method=\"post\" class=\"wpcf7-form init\" aria-label=\"Contact form\" novalidate=\"novalidate\" data-status=\"init\">\n<fieldset class=\"hidden-fields-container\"><input type=\"hidden\" name=\"_wpcf7\" value=\"7024\" \/><input type=\"hidden\" name=\"_wpcf7_version\" value=\"6.1.5\" \/><input type=\"hidden\" name=\"_wpcf7_locale\" value=\"en_US\" \/><input type=\"hidden\" name=\"_wpcf7_unit_tag\" value=\"wpcf7-f7024-o1\" \/><input type=\"hidden\" name=\"_wpcf7_container_post\" value=\"0\" \/><input type=\"hidden\" name=\"_wpcf7_posted_data_hash\" value=\"\" \/><input type=\"hidden\" name=\"_wpcf7_recaptcha_response\" value=\"\" \/>\n<\/fieldset>\n<div class=\"contact-form-page contact-form\">\n\t<h2 class=\"title18 font-bold text-uppercase rale-font\">Formulario de contacto\n\t<\/h2>\n\t<p class=\"contact-name\"><br \/>\n<span class=\"wpcf7-form-control-wrap\" data-name=\"your-name\"><input size=\"40\" maxlength=\"400\" class=\"wpcf7-form-control wpcf7-text wpcf7-validates-as-required border\" aria-required=\"true\" aria-invalid=\"false\" placeholder=\"Nombre*\" value=\"\" type=\"text\" name=\"your-name\" \/><\/span>\n\t<\/p>\n\t<p class=\"contact-email\"><br \/>\n<span class=\"wpcf7-form-control-wrap\" data-name=\"your-email\"><input size=\"40\" maxlength=\"400\" class=\"wpcf7-form-control wpcf7-email wpcf7-validates-as-required wpcf7-text wpcf7-validates-as-email border\" aria-required=\"true\" aria-invalid=\"false\" placeholder=\"Email*\" value=\"\" type=\"email\" name=\"your-email\" \/><\/span>\n\t<\/p>\n\t<p class=\"contact-message\"><br \/>\n<span class=\"wpcf7-form-control-wrap\" data-name=\"your-message\"><textarea cols=\"40\" rows=\"10\" maxlength=\"2000\" class=\"wpcf7-form-control wpcf7-textarea border\" aria-invalid=\"false\" placeholder=\"Texto*\" name=\"your-message\"><\/textarea><\/span>\n\t<\/p>\n\t<p>Al completar nuestro formulario de contacto, nos da su consentimiento para el procesamiento de sus datos personales de acuerdo con las disposiciones de <a href=\"https:\/\/www.blockmoulds.com\/es\/politica-de-privacidad-y-cookies\/\" target=\"_blank\">Declaraci\u00f3n de Privacidad (y Cookies)<\/a>\n\t<\/p>\n\t<p><span class=\"wpcf7-form-control-wrap\" data-name=\"checkbox-900\"><span class=\"wpcf7-form-control wpcf7-checkbox wpcf7-validates-as-required\"><span class=\"wpcf7-list-item first last\"><span class=\"wpcf7-list-item-label\">Estoy de acuerdo<\/span><input type=\"checkbox\" name=\"checkbox-900[]\" value=\"Estoy de acuerdo\" \/><\/span><\/span><\/span>\n\t<\/p>\n\n\t<p class=\"contact-submit\"><br \/>\n<input class=\"wpcf7-form-control wpcf7-submit has-spinner shop-button\" type=\"submit\" value=\"ENV\u00cdO\" \/>\n\t<\/p>\n<\/div><input type='hidden' class='wpcf7-pum' value='{\"closepopup\":false,\"closedelay\":0,\"openpopup\":false,\"openpopup_id\":0}' \/><div class=\"wpcf7-response-output\" aria-hidden=\"true\"><\/div>\n<\/form>\n<\/div>\n[\/vc_column][\/vc_row]<\/p>\n<\/div>","protected":false},"excerpt":{"rendered":"<p>[vc_row full_width=\u00bbstretch_row_content\u00bb full_height=\u00bbyes\u00bb equal_height=\u00bbyes\u00bb content_placement=\u00bbmiddle\u00bb][vc_column width=\u00bb1\/2&#8243;][vc_column_text css=\u00bb.vc_custom_1577560195504{padding-top: 20px !important;padding-right: 15px !important;padding-left: 50px !important;}\u00bb] CRE\u00c9 ESTRUCTURAS EXPANDIBLES, ADAPTABLES Y F\u00c1CILMENTE MOVIBLES ____ &nbsp; Los bloques producidos con nuestros moldes son modulares. Se utilizan para crear varios edificios y estructuras temporales. Si lo desea, puede modificar, ampliar o desmontar estas construcciones. Una soluci\u00f3n bienvenida para, por ejemplo, [&hellip;]<\/p>\n","protected":false},"author":2,"featured_media":0,"parent":6647,"menu_order":0,"comment_status":"closed","ping_status":"closed","template":"","meta":{"footnotes":""},"class_list":["post-6680","page","type-page","status-publish","hentry"],"yoast_head":"<!-- This site is optimized with the Yoast SEO plugin v27.4 - https:\/\/yoast.com\/product\/yoast-seo-wordpress\/ -->\n<title>Muros estructurales de hormig\u00f3n con bloques modulares de hormig\u00f3n - Block Moulds<\/title>\n<meta name=\"description\" content=\"Vea c\u00f3mo las empresas fabrican muros estructurales de hormig\u00f3n flexibles y econ\u00f3micos. Conozca m\u00e1s sobre los beneficios en t\u00e9rminos de costo y uso. Eche un vistazo a los ejemplos.\" \/>\n<meta name=\"robots\" content=\"index, follow, max-snippet:-1, max-image-preview:large, max-video-preview:-1\" \/>\n<link rel=\"canonical\" href=\"https:\/\/www.blockmoulds.com\/es\/aplicaciones\/muros-estructurales-de-hormigon\/\" \/>\n<meta property=\"og:locale\" content=\"es_ES\" \/>\n<meta property=\"og:type\" content=\"article\" \/>\n<meta property=\"og:title\" content=\"Muros estructurales de hormig\u00f3n con bloques modulares de hormig\u00f3n - Block Moulds\" \/>\n<meta property=\"og:description\" content=\"Vea c\u00f3mo las empresas fabrican muros estructurales de hormig\u00f3n flexibles y econ\u00f3micos. Conozca m\u00e1s sobre los beneficios en t\u00e9rminos de costo y uso. Eche un vistazo a los ejemplos.\" \/>\n<meta property=\"og:url\" content=\"https:\/\/www.blockmoulds.com\/es\/aplicaciones\/muros-estructurales-de-hormigon\/\" \/>\n<meta property=\"og:site_name\" content=\"Block Moulds\" \/>\n<meta property=\"article:modified_time\" content=\"2025-03-03T08:20:55+00:00\" \/>\n<meta name=\"twitter:card\" content=\"summary_large_image\" \/>\n<meta name=\"twitter:label1\" content=\"Tiempo de lectura\" \/>\n\t<meta name=\"twitter:data1\" content=\"2 minutos\" \/>\n<script type=\"application\/ld+json\" class=\"yoast-schema-graph\">{\"@context\":\"https:\\\/\\\/schema.org\",\"@graph\":[{\"@type\":\"WebPage\",\"@id\":\"https:\\\/\\\/www.blockmoulds.com\\\/es\\\/aplicaciones\\\/muros-estructurales-de-hormigon\\\/\",\"url\":\"https:\\\/\\\/www.blockmoulds.com\\\/es\\\/aplicaciones\\\/muros-estructurales-de-hormigon\\\/\",\"name\":\"Muros estructurales de hormig\u00f3n con bloques modulares de hormig\u00f3n - Block Moulds\",\"isPartOf\":{\"@id\":\"https:\\\/\\\/www.blockmoulds.com\\\/es\\\/#website\"},\"datePublished\":\"2019-04-28T16:39:07+00:00\",\"dateModified\":\"2025-03-03T08:20:55+00:00\",\"description\":\"Vea c\u00f3mo las empresas fabrican muros estructurales de hormig\u00f3n flexibles y econ\u00f3micos. Conozca m\u00e1s sobre los beneficios en t\u00e9rminos de costo y uso. Eche un vistazo a los ejemplos.\",\"breadcrumb\":{\"@id\":\"https:\\\/\\\/www.blockmoulds.com\\\/es\\\/aplicaciones\\\/muros-estructurales-de-hormigon\\\/#breadcrumb\"},\"inLanguage\":\"es\",\"potentialAction\":[{\"@type\":\"ReadAction\",\"target\":[\"https:\\\/\\\/www.blockmoulds.com\\\/es\\\/aplicaciones\\\/muros-estructurales-de-hormigon\\\/\"]}]},{\"@type\":\"BreadcrumbList\",\"@id\":\"https:\\\/\\\/www.blockmoulds.com\\\/es\\\/aplicaciones\\\/muros-estructurales-de-hormigon\\\/#breadcrumb\",\"itemListElement\":[{\"@type\":\"ListItem\",\"position\":1,\"name\":\"Home\",\"item\":\"https:\\\/\\\/www.blockmoulds.com\\\/es\\\/\"},{\"@type\":\"ListItem\",\"position\":2,\"name\":\"Aplicaciones\",\"item\":\"https:\\\/\\\/www.blockmoulds.com\\\/es\\\/aplicaciones\\\/\"},{\"@type\":\"ListItem\",\"position\":3,\"name\":\"Muros estructurales de hormig\u00f3n\"}]},{\"@type\":\"WebSite\",\"@id\":\"https:\\\/\\\/www.blockmoulds.com\\\/es\\\/#website\",\"url\":\"https:\\\/\\\/www.blockmoulds.com\\\/es\\\/\",\"name\":\"Block Moulds\",\"description\":\"Benefits of modular construction\",\"potentialAction\":[{\"@type\":\"SearchAction\",\"target\":{\"@type\":\"EntryPoint\",\"urlTemplate\":\"https:\\\/\\\/www.blockmoulds.com\\\/es\\\/?s={search_term_string}\"},\"query-input\":{\"@type\":\"PropertyValueSpecification\",\"valueRequired\":true,\"valueName\":\"search_term_string\"}}],\"inLanguage\":\"es\"}]}<\/script>\n<!-- \/ Yoast SEO plugin. -->","yoast_head_json":{"title":"Muros estructurales de hormig\u00f3n con bloques modulares de hormig\u00f3n - Block Moulds","description":"Vea c\u00f3mo las empresas fabrican muros estructurales de hormig\u00f3n flexibles y econ\u00f3micos. Conozca m\u00e1s sobre los beneficios en t\u00e9rminos de costo y uso. Eche un vistazo a los ejemplos.","robots":{"index":"index","follow":"follow","max-snippet":"max-snippet:-1","max-image-preview":"max-image-preview:large","max-video-preview":"max-video-preview:-1"},"canonical":"https:\/\/www.blockmoulds.com\/es\/aplicaciones\/muros-estructurales-de-hormigon\/","og_locale":"es_ES","og_type":"article","og_title":"Muros estructurales de hormig\u00f3n con bloques modulares de hormig\u00f3n - Block Moulds","og_description":"Vea c\u00f3mo las empresas fabrican muros estructurales de hormig\u00f3n flexibles y econ\u00f3micos. Conozca m\u00e1s sobre los beneficios en t\u00e9rminos de costo y uso. Eche un vistazo a los ejemplos.","og_url":"https:\/\/www.blockmoulds.com\/es\/aplicaciones\/muros-estructurales-de-hormigon\/","og_site_name":"Block Moulds","article_modified_time":"2025-03-03T08:20:55+00:00","twitter_card":"summary_large_image","twitter_misc":{"Tiempo de lectura":"2 minutos"},"schema":{"@context":"https:\/\/schema.org","@graph":[{"@type":"WebPage","@id":"https:\/\/www.blockmoulds.com\/es\/aplicaciones\/muros-estructurales-de-hormigon\/","url":"https:\/\/www.blockmoulds.com\/es\/aplicaciones\/muros-estructurales-de-hormigon\/","name":"Muros estructurales de hormig\u00f3n con bloques modulares de hormig\u00f3n - Block Moulds","isPartOf":{"@id":"https:\/\/www.blockmoulds.com\/es\/#website"},"datePublished":"2019-04-28T16:39:07+00:00","dateModified":"2025-03-03T08:20:55+00:00","description":"Vea c\u00f3mo las empresas fabrican muros estructurales de hormig\u00f3n flexibles y econ\u00f3micos. Conozca m\u00e1s sobre los beneficios en t\u00e9rminos de costo y uso. Eche un vistazo a los ejemplos.","breadcrumb":{"@id":"https:\/\/www.blockmoulds.com\/es\/aplicaciones\/muros-estructurales-de-hormigon\/#breadcrumb"},"inLanguage":"es","potentialAction":[{"@type":"ReadAction","target":["https:\/\/www.blockmoulds.com\/es\/aplicaciones\/muros-estructurales-de-hormigon\/"]}]},{"@type":"BreadcrumbList","@id":"https:\/\/www.blockmoulds.com\/es\/aplicaciones\/muros-estructurales-de-hormigon\/#breadcrumb","itemListElement":[{"@type":"ListItem","position":1,"name":"Home","item":"https:\/\/www.blockmoulds.com\/es\/"},{"@type":"ListItem","position":2,"name":"Aplicaciones","item":"https:\/\/www.blockmoulds.com\/es\/aplicaciones\/"},{"@type":"ListItem","position":3,"name":"Muros estructurales de hormig\u00f3n"}]},{"@type":"WebSite","@id":"https:\/\/www.blockmoulds.com\/es\/#website","url":"https:\/\/www.blockmoulds.com\/es\/","name":"Block Moulds","description":"Benefits of modular construction","potentialAction":[{"@type":"SearchAction","target":{"@type":"EntryPoint","urlTemplate":"https:\/\/www.blockmoulds.com\/es\/?s={search_term_string}"},"query-input":{"@type":"PropertyValueSpecification","valueRequired":true,"valueName":"search_term_string"}}],"inLanguage":"es"}]}},"_links":{"self":[{"href":"https:\/\/www.blockmoulds.com\/es\/wp-json\/wp\/v2\/pages\/6680","targetHints":{"allow":["GET"]}}],"collection":[{"href":"https:\/\/www.blockmoulds.com\/es\/wp-json\/wp\/v2\/pages"}],"about":[{"href":"https:\/\/www.blockmoulds.com\/es\/wp-json\/wp\/v2\/types\/page"}],"author":[{"embeddable":true,"href":"https:\/\/www.blockmoulds.com\/es\/wp-json\/wp\/v2\/users\/2"}],"replies":[{"embeddable":true,"href":"https:\/\/www.blockmoulds.com\/es\/wp-json\/wp\/v2\/comments?post=6680"}],"version-history":[{"count":2,"href":"https:\/\/www.blockmoulds.com\/es\/wp-json\/wp\/v2\/pages\/6680\/revisions"}],"predecessor-version":[{"id":22653,"href":"https:\/\/www.blockmoulds.com\/es\/wp-json\/wp\/v2\/pages\/6680\/revisions\/22653"}],"up":[{"embeddable":true,"href":"https:\/\/www.blockmoulds.com\/es\/wp-json\/wp\/v2\/pages\/6647"}],"wp:attachment":[{"href":"https:\/\/www.blockmoulds.com\/es\/wp-json\/wp\/v2\/media?parent=6680"}],"curies":[{"name":"wp","href":"https:\/\/api.w.org\/{rel}","templated":true}]}}