{"id":6691,"date":"2019-05-30T19:44:32","date_gmt":"2019-05-30T19:44:32","guid":{"rendered":"https:\/\/www.blockmoulds.com\/aplicaciones\/fire-break-walls\/"},"modified":"2025-03-03T08:28:40","modified_gmt":"2025-03-03T08:28:40","slug":"muros-cortafuegos","status":"publish","type":"page","link":"https:\/\/www.blockmoulds.com\/es\/aplicaciones\/muros-cortafuegos\/","title":{"rendered":"Muros cortafuegos"},"content":{"rendered":"<div class=\"wpb-content-wrapper\"><p>[vc_row full_width=\u00bbstretch_row_content\u00bb full_height=\u00bbyes\u00bb equal_height=\u00bbyes\u00bb content_placement=\u00bbmiddle\u00bb][vc_column width=\u00bb1\/2&#8243;][vc_column_text css=\u00bb.vc_custom_1577560406507{padding-top: 20px !important;padding-right: 15px !important;padding-left: 50px !important;}\u00bb]<\/p>\n<h2 class=\"title30 font-bold text-uppercase poppins-font text-LEFT\" style=\"text-align: right;\">LOS MUROS CORTAFUEGOS<br \/>\nAUMENTAN SU SEGURIDAD<\/h2>\n<h4 style=\"text-align: right;\"><span style=\"color: #ff0000;\"><strong>____<\/strong><\/span><\/h4>\n<p>&nbsp;<\/p>\n<p style=\"text-align: right;\">Muchas instalaciones modernas tienen grandes \u00e1reas reservadas para procesos peligrosos y almacenamiento de productos.<br \/>\nLas instalaciones utilizan muros de hormig\u00f3n para reducir la cantidad de material expuesto en caso de incendio.<\/p>\n<p style=\"text-align: right;\">Para ello, las zonas se pueden dividir en compartimentos de incendio.<br \/>\nLos bloques de hormig\u00f3n apilables son la soluci\u00f3n ideal para construir estos muros cortafuegos, ya que se pueden apilar como bloques Lego.<\/p>\n<p style=\"text-align: right;\">Estos mega bloques pueden ser producidos en diferentes tama\u00f1os para satisfacer necesidades espec\u00edficas.<\/p>\n<p style=\"text-align: right;\">Los bloques de hormig\u00f3n, que se fabrican con <strong><a href=\"https:\/\/www.blockmoulds.com\/es\/shop\/\">moldes de acero<\/a><\/strong>\u00a0son modulares, lo que significa que los bloques de hormig\u00f3n colado se pueden mover y reconfigurar f\u00e1cilmente.<\/p>\n<p>[\/vc_column_text][\/vc_column][vc_column width=\u00bb1\/2&#8243;][vc_single_image image=\u00bb6293&#8243; img_size=\u00bb880&#215;550&#8243; alignment=\u00bbcenter\u00bb css_animation=\u00bbnone\u00bb][\/vc_column][\/vc_row][vc_row full_width=\u00bbstretch_row_content\u00bb full_height=\u00bbyes\u00bb equal_height=\u00bbyes\u00bb content_placement=\u00bbmiddle\u00bb css=\u00bb.vc_custom_1575198123585{background-color: #e5e5e5 !important;}\u00bb][vc_column width=\u00bb1\/2&#8243;][vc_single_image image=\u00bb6296&#8243; img_size=\u00bb880&#215;650&#8243; alignment=\u00bbcenter\u00bb css_animation=\u00bbnone\u00bb][\/vc_column][vc_column width=\u00bb1\/2&#8243;][vc_column_text css=\u00bb.vc_custom_1740488677496{padding-top: 20px !important;padding-right: 50px !important;padding-left: 15px !important;}\u00bb]<\/p>\n<h2 class=\"title30 font-bold text-uppercase poppins-font text-RIGHT\" style=\"text-align: left;\">CONSTRUCCI\u00d3N DE CORTAFUEGOS CON BLOQUES DE HORMIG\u00d3N<\/h2>\n<h4><strong><span style=\"color: #ff0000;\">____<\/span><\/strong><\/h4>\n<p>&nbsp;<\/p>\n<p>Los cortafuegos hechos de bloques de hormig\u00f3n se apilan en seco, lo que significa que los bloques se colocan sin mortero de hormig\u00f3n o mortero.<br \/>\nSu peso y los salientes y huecos evitan que los ladrillos apilables se caigan o se deslicen.<\/p>\n<p>El tiempo exacto que un muro cortafuegos proporcionar\u00e1 protecci\u00f3n contra incendios depende de una serie de factores.<br \/>\nLa duraci\u00f3n de la protecci\u00f3n depende del dise\u00f1o y de la ubicaci\u00f3n de los muros, del tipo de material combustible, de la resistencia del hormig\u00f3n, incluidos las armaduras, y de la posible presencia de revestimiento.<\/p>\n<p>Si no quiere o no puede construir una base para el muro contrafuego y tiene una superficie estable sobre la que construir, los bloques de hormig\u00f3n ensamblables son la soluci\u00f3n perfecta.<br \/>\nEspecialmente si la pared tiene un car\u00e1cter temporal o si se requiere una disposici\u00f3n flexible.<\/p>\n<p>Los bloques con un espesor de 800 mm normalmente proporcionan cuatro\u00a0 horas de protecci\u00f3n contra incendios.<br \/>\nCualquier hueco o junta entre los bloques de la pared de hormig\u00f3n debe sellarse para proporcionar una buena protecci\u00f3n contra incendios.<\/p>\n<p>Los muros cortafuego se pueden combinar con otros <strong><a href=\"https:\/\/www.blockmoulds.com\/es\/aplicaciones\/muros-estructurales-de-hormigon\/\">muros estructurales de hormig\u00f3n<\/a><\/strong> hechos de bloques de hormig\u00f3n ensamblables.[\/vc_column_text][\/vc_column][\/vc_row][vc_row][vc_column width=\u00bb1\/2&#8243;][vc_gallery type=\u00bbimage_grid\u00bb images=\u00bb6293&#8243; img_size=\u00bb280&#215;200&#8243; onclick=\u00bb\u00bb css=\u00bb.vc_custom_1740990518428{padding-top: 25px !important;}\u00bb][\/vc_column][vc_column width=\u00bb1\/2&#8243;]\n<div class=\"wpcf7 no-js\" id=\"wpcf7-f7024-o1\" lang=\"en-US\" dir=\"ltr\" data-wpcf7-id=\"7024\">\n<div class=\"screen-reader-response\"><p role=\"status\" aria-live=\"polite\" aria-atomic=\"true\"><\/p> <ul><\/ul><\/div>\n<form action=\"\/es\/wp-json\/wp\/v2\/pages\/6691#wpcf7-f7024-o1\" method=\"post\" class=\"wpcf7-form init\" aria-label=\"Contact form\" novalidate=\"novalidate\" data-status=\"init\">\n<fieldset class=\"hidden-fields-container\"><input type=\"hidden\" name=\"_wpcf7\" value=\"7024\" \/><input type=\"hidden\" name=\"_wpcf7_version\" value=\"6.1.5\" \/><input type=\"hidden\" name=\"_wpcf7_locale\" value=\"en_US\" \/><input type=\"hidden\" name=\"_wpcf7_unit_tag\" value=\"wpcf7-f7024-o1\" \/><input type=\"hidden\" name=\"_wpcf7_container_post\" value=\"0\" \/><input type=\"hidden\" name=\"_wpcf7_posted_data_hash\" value=\"\" \/><input type=\"hidden\" name=\"_wpcf7_recaptcha_response\" value=\"\" \/>\n<\/fieldset>\n<div class=\"contact-form-page contact-form\">\n\t<h2 class=\"title18 font-bold text-uppercase rale-font\">Formulario de contacto\n\t<\/h2>\n\t<p class=\"contact-name\"><br \/>\n<span class=\"wpcf7-form-control-wrap\" data-name=\"your-name\"><input size=\"40\" maxlength=\"400\" class=\"wpcf7-form-control wpcf7-text wpcf7-validates-as-required border\" aria-required=\"true\" aria-invalid=\"false\" placeholder=\"Nombre*\" value=\"\" type=\"text\" name=\"your-name\" \/><\/span>\n\t<\/p>\n\t<p class=\"contact-email\"><br \/>\n<span class=\"wpcf7-form-control-wrap\" data-name=\"your-email\"><input size=\"40\" maxlength=\"400\" class=\"wpcf7-form-control wpcf7-email wpcf7-validates-as-required wpcf7-text wpcf7-validates-as-email border\" aria-required=\"true\" aria-invalid=\"false\" placeholder=\"Email*\" value=\"\" type=\"email\" name=\"your-email\" \/><\/span>\n\t<\/p>\n\t<p class=\"contact-message\"><br \/>\n<span class=\"wpcf7-form-control-wrap\" data-name=\"your-message\"><textarea cols=\"40\" rows=\"10\" maxlength=\"2000\" class=\"wpcf7-form-control wpcf7-textarea border\" aria-invalid=\"false\" placeholder=\"Texto*\" name=\"your-message\"><\/textarea><\/span>\n\t<\/p>\n\t<p>Al completar nuestro formulario de contacto, nos da su consentimiento para el procesamiento de sus datos personales de acuerdo con las disposiciones de <a href=\"https:\/\/www.blockmoulds.com\/es\/politica-de-privacidad-y-cookies\/\" target=\"_blank\">Declaraci\u00f3n de Privacidad (y Cookies)<\/a>\n\t<\/p>\n\t<p><span class=\"wpcf7-form-control-wrap\" data-name=\"checkbox-900\"><span class=\"wpcf7-form-control wpcf7-checkbox wpcf7-validates-as-required\"><span class=\"wpcf7-list-item first last\"><span class=\"wpcf7-list-item-label\">Estoy de acuerdo<\/span><input type=\"checkbox\" name=\"checkbox-900[]\" value=\"Estoy de acuerdo\" \/><\/span><\/span><\/span>\n\t<\/p>\n\n\t<p class=\"contact-submit\"><br \/>\n<input class=\"wpcf7-form-control wpcf7-submit has-spinner shop-button\" type=\"submit\" value=\"ENV\u00cdO\" \/>\n\t<\/p>\n<\/div><input type='hidden' class='wpcf7-pum' value='{\"closepopup\":false,\"closedelay\":0,\"openpopup\":false,\"openpopup_id\":0}' \/><div class=\"wpcf7-response-output\" aria-hidden=\"true\"><\/div>\n<\/form>\n<\/div>\n[\/vc_column][\/vc_row]<\/p>\n<\/div>","protected":false},"excerpt":{"rendered":"<p>[vc_row full_width=\u00bbstretch_row_content\u00bb full_height=\u00bbyes\u00bb equal_height=\u00bbyes\u00bb content_placement=\u00bbmiddle\u00bb][vc_column width=\u00bb1\/2&#8243;][vc_column_text css=\u00bb.vc_custom_1577560406507{padding-top: 20px !important;padding-right: 15px !important;padding-left: 50px !important;}\u00bb] LOS MUROS CORTAFUEGOS AUMENTAN SU SEGURIDAD ____ &nbsp; Muchas instalaciones modernas tienen grandes \u00e1reas reservadas para procesos peligrosos y almacenamiento de productos. Las instalaciones utilizan muros de hormig\u00f3n para reducir la cantidad de material expuesto en caso de incendio. Para ello, las [&hellip;]<\/p>\n","protected":false},"author":2,"featured_media":0,"parent":6647,"menu_order":0,"comment_status":"closed","ping_status":"closed","template":"","meta":{"footnotes":""},"class_list":["post-6691","page","type-page","status-publish","hentry"],"yoast_head":"<!-- This site is optimized with the Yoast SEO plugin v27.4 - https:\/\/yoast.com\/product\/yoast-seo-wordpress\/ -->\n<title>Muros cortafuegos de hormig\u00f3n para evitar la propagaci\u00f3n de un incendio<\/title>\n<meta name=\"description\" content=\"Los muros cortafuegos son la \u00faltima l\u00ednea de defensa para evitar la propagaci\u00f3n del fuego. Descubra los rentables bloques ensamblables de hormig\u00f3n como cortafuegos.\" \/>\n<meta name=\"robots\" content=\"index, follow, max-snippet:-1, max-image-preview:large, max-video-preview:-1\" \/>\n<link rel=\"canonical\" href=\"https:\/\/www.blockmoulds.com\/es\/aplicaciones\/muros-cortafuegos\/\" \/>\n<meta property=\"og:locale\" content=\"es_ES\" \/>\n<meta property=\"og:type\" content=\"article\" \/>\n<meta property=\"og:title\" content=\"Muros cortafuegos de hormig\u00f3n para evitar la propagaci\u00f3n de un incendio\" \/>\n<meta property=\"og:description\" content=\"Los muros cortafuegos son la \u00faltima l\u00ednea de defensa para evitar la propagaci\u00f3n del fuego. Descubra los rentables bloques ensamblables de hormig\u00f3n como cortafuegos.\" \/>\n<meta property=\"og:url\" content=\"https:\/\/www.blockmoulds.com\/es\/aplicaciones\/muros-cortafuegos\/\" \/>\n<meta property=\"og:site_name\" content=\"Block Moulds\" \/>\n<meta property=\"article:modified_time\" content=\"2025-03-03T08:28:40+00:00\" \/>\n<meta name=\"twitter:card\" content=\"summary_large_image\" \/>\n<meta name=\"twitter:label1\" content=\"Tiempo de lectura\" \/>\n\t<meta name=\"twitter:data1\" content=\"2 minutos\" \/>\n<script type=\"application\/ld+json\" class=\"yoast-schema-graph\">{\"@context\":\"https:\\\/\\\/schema.org\",\"@graph\":[{\"@type\":\"WebPage\",\"@id\":\"https:\\\/\\\/www.blockmoulds.com\\\/es\\\/aplicaciones\\\/muros-cortafuegos\\\/\",\"url\":\"https:\\\/\\\/www.blockmoulds.com\\\/es\\\/aplicaciones\\\/muros-cortafuegos\\\/\",\"name\":\"Muros cortafuegos de hormig\u00f3n para evitar la propagaci\u00f3n de un incendio\",\"isPartOf\":{\"@id\":\"https:\\\/\\\/www.blockmoulds.com\\\/es\\\/#website\"},\"datePublished\":\"2019-05-30T19:44:32+00:00\",\"dateModified\":\"2025-03-03T08:28:40+00:00\",\"description\":\"Los muros cortafuegos son la \u00faltima l\u00ednea de defensa para evitar la propagaci\u00f3n del fuego. Descubra los rentables bloques ensamblables de hormig\u00f3n como cortafuegos.\",\"breadcrumb\":{\"@id\":\"https:\\\/\\\/www.blockmoulds.com\\\/es\\\/aplicaciones\\\/muros-cortafuegos\\\/#breadcrumb\"},\"inLanguage\":\"es\",\"potentialAction\":[{\"@type\":\"ReadAction\",\"target\":[\"https:\\\/\\\/www.blockmoulds.com\\\/es\\\/aplicaciones\\\/muros-cortafuegos\\\/\"]}]},{\"@type\":\"BreadcrumbList\",\"@id\":\"https:\\\/\\\/www.blockmoulds.com\\\/es\\\/aplicaciones\\\/muros-cortafuegos\\\/#breadcrumb\",\"itemListElement\":[{\"@type\":\"ListItem\",\"position\":1,\"name\":\"Home\",\"item\":\"https:\\\/\\\/www.blockmoulds.com\\\/es\\\/\"},{\"@type\":\"ListItem\",\"position\":2,\"name\":\"Aplicaciones\",\"item\":\"https:\\\/\\\/www.blockmoulds.com\\\/es\\\/aplicaciones\\\/\"},{\"@type\":\"ListItem\",\"position\":3,\"name\":\"Muros cortafuegos\"}]},{\"@type\":\"WebSite\",\"@id\":\"https:\\\/\\\/www.blockmoulds.com\\\/es\\\/#website\",\"url\":\"https:\\\/\\\/www.blockmoulds.com\\\/es\\\/\",\"name\":\"Block Moulds\",\"description\":\"Benefits of modular construction\",\"potentialAction\":[{\"@type\":\"SearchAction\",\"target\":{\"@type\":\"EntryPoint\",\"urlTemplate\":\"https:\\\/\\\/www.blockmoulds.com\\\/es\\\/?s={search_term_string}\"},\"query-input\":{\"@type\":\"PropertyValueSpecification\",\"valueRequired\":true,\"valueName\":\"search_term_string\"}}],\"inLanguage\":\"es\"}]}<\/script>\n<!-- \/ Yoast SEO plugin. -->","yoast_head_json":{"title":"Muros cortafuegos de hormig\u00f3n para evitar la propagaci\u00f3n de un incendio","description":"Los muros cortafuegos son la \u00faltima l\u00ednea de defensa para evitar la propagaci\u00f3n del fuego. Descubra los rentables bloques ensamblables de hormig\u00f3n como cortafuegos.","robots":{"index":"index","follow":"follow","max-snippet":"max-snippet:-1","max-image-preview":"max-image-preview:large","max-video-preview":"max-video-preview:-1"},"canonical":"https:\/\/www.blockmoulds.com\/es\/aplicaciones\/muros-cortafuegos\/","og_locale":"es_ES","og_type":"article","og_title":"Muros cortafuegos de hormig\u00f3n para evitar la propagaci\u00f3n de un incendio","og_description":"Los muros cortafuegos son la \u00faltima l\u00ednea de defensa para evitar la propagaci\u00f3n del fuego. Descubra los rentables bloques ensamblables de hormig\u00f3n como cortafuegos.","og_url":"https:\/\/www.blockmoulds.com\/es\/aplicaciones\/muros-cortafuegos\/","og_site_name":"Block Moulds","article_modified_time":"2025-03-03T08:28:40+00:00","twitter_card":"summary_large_image","twitter_misc":{"Tiempo de lectura":"2 minutos"},"schema":{"@context":"https:\/\/schema.org","@graph":[{"@type":"WebPage","@id":"https:\/\/www.blockmoulds.com\/es\/aplicaciones\/muros-cortafuegos\/","url":"https:\/\/www.blockmoulds.com\/es\/aplicaciones\/muros-cortafuegos\/","name":"Muros cortafuegos de hormig\u00f3n para evitar la propagaci\u00f3n de un incendio","isPartOf":{"@id":"https:\/\/www.blockmoulds.com\/es\/#website"},"datePublished":"2019-05-30T19:44:32+00:00","dateModified":"2025-03-03T08:28:40+00:00","description":"Los muros cortafuegos son la \u00faltima l\u00ednea de defensa para evitar la propagaci\u00f3n del fuego. Descubra los rentables bloques ensamblables de hormig\u00f3n como cortafuegos.","breadcrumb":{"@id":"https:\/\/www.blockmoulds.com\/es\/aplicaciones\/muros-cortafuegos\/#breadcrumb"},"inLanguage":"es","potentialAction":[{"@type":"ReadAction","target":["https:\/\/www.blockmoulds.com\/es\/aplicaciones\/muros-cortafuegos\/"]}]},{"@type":"BreadcrumbList","@id":"https:\/\/www.blockmoulds.com\/es\/aplicaciones\/muros-cortafuegos\/#breadcrumb","itemListElement":[{"@type":"ListItem","position":1,"name":"Home","item":"https:\/\/www.blockmoulds.com\/es\/"},{"@type":"ListItem","position":2,"name":"Aplicaciones","item":"https:\/\/www.blockmoulds.com\/es\/aplicaciones\/"},{"@type":"ListItem","position":3,"name":"Muros cortafuegos"}]},{"@type":"WebSite","@id":"https:\/\/www.blockmoulds.com\/es\/#website","url":"https:\/\/www.blockmoulds.com\/es\/","name":"Block Moulds","description":"Benefits of modular construction","potentialAction":[{"@type":"SearchAction","target":{"@type":"EntryPoint","urlTemplate":"https:\/\/www.blockmoulds.com\/es\/?s={search_term_string}"},"query-input":{"@type":"PropertyValueSpecification","valueRequired":true,"valueName":"search_term_string"}}],"inLanguage":"es"}]}},"_links":{"self":[{"href":"https:\/\/www.blockmoulds.com\/es\/wp-json\/wp\/v2\/pages\/6691","targetHints":{"allow":["GET"]}}],"collection":[{"href":"https:\/\/www.blockmoulds.com\/es\/wp-json\/wp\/v2\/pages"}],"about":[{"href":"https:\/\/www.blockmoulds.com\/es\/wp-json\/wp\/v2\/types\/page"}],"author":[{"embeddable":true,"href":"https:\/\/www.blockmoulds.com\/es\/wp-json\/wp\/v2\/users\/2"}],"replies":[{"embeddable":true,"href":"https:\/\/www.blockmoulds.com\/es\/wp-json\/wp\/v2\/comments?post=6691"}],"version-history":[{"count":2,"href":"https:\/\/www.blockmoulds.com\/es\/wp-json\/wp\/v2\/pages\/6691\/revisions"}],"predecessor-version":[{"id":22668,"href":"https:\/\/www.blockmoulds.com\/es\/wp-json\/wp\/v2\/pages\/6691\/revisions\/22668"}],"up":[{"embeddable":true,"href":"https:\/\/www.blockmoulds.com\/es\/wp-json\/wp\/v2\/pages\/6647"}],"wp:attachment":[{"href":"https:\/\/www.blockmoulds.com\/es\/wp-json\/wp\/v2\/media?parent=6691"}],"curies":[{"name":"wp","href":"https:\/\/api.w.org\/{rel}","templated":true}]}}