{"id":6698,"date":"2019-05-30T19:48:09","date_gmt":"2019-05-30T19:48:09","guid":{"rendered":"https:\/\/www.blockmoulds.com\/aplicaciones\/flood-protection\/"},"modified":"2025-03-03T08:29:53","modified_gmt":"2025-03-03T08:29:53","slug":"proteccion-contra-inundaciones","status":"publish","type":"page","link":"https:\/\/www.blockmoulds.com\/es\/aplicaciones\/proteccion-contra-inundaciones\/","title":{"rendered":"Protecci\u00f3n contra inundaciones"},"content":{"rendered":"<div class=\"wpb-content-wrapper\"><p>[vc_row full_width=\u00bbstretch_row_content\u00bb full_height=\u00bbyes\u00bb equal_height=\u00bbyes\u00bb content_placement=\u00bbmiddle\u00bb][vc_column width=\u00bb1\/2&#8243;][vc_column_text css=\u00bb.vc_custom_1577560497419{padding-top: 20px !important;padding-right: 15px !important;padding-left: 50px !important;}\u00bb]<\/p>\n<h2 class=\"title30 font-bold text-uppercase poppins-font text-LEFT\" style=\"text-align: right;\">PROTECCI\u00d3N CONTRA INUNDACIONES CON LAS VENTAJAS DE LAS BARRERAS MODULARES DE HORMIG\u00d3N<\/h2>\n<h4 style=\"text-align: right;\"><span style=\"color: #ff0000;\"><strong>____<\/strong><\/span><\/h4>\n<p style=\"text-align: right;\">Un sistema de defensa contra inundaciones se utiliza para controlar, reducir o prevenir los efectos nocivos del aumento de los niveles de agua. Los bloques de hormig\u00f3n ensamblables pueden utilizarse para crear una excelente barrera modular al agua. Las unidades prefabricadas se apilan en seco una encima de otra. Los bloques tienen salientes (machos) y huecos (hembras) que proporcionan resistencia y estabilidad. Debido a su masa y a estos salientes y huecos, no se saldr\u00e1n de su lugar y, por lo tanto, no se necesita ning\u00fan material de uni\u00f3n como el mortero.<\/p>\n<p style=\"text-align: right;\">Los productos prefabricados de hormig\u00f3n se utilizan a menudo para construir nuevas defensas contra el mar o contra las inundaciones o para elevar las riberas de los r\u00edos. Estos muros se pueden construir sin herramientas especiales y son una soluci\u00f3n robusta, econ\u00f3mica y sencilla.<\/p>\n<p style=\"text-align: right;\">Los bloques de hormig\u00f3n son f\u00e1ciles de producir utilizando <strong><a href=\"https:\/\/www.blockmoulds.com\/es\/shop\/\">moldes de acero de alta calidad<\/a><\/strong>. Tenemos <strong><a href=\"https:\/\/www.blockmoulds.com\/es\/instrucciones\/\">instrucciones<\/a><\/strong>\u00a0disponibles para informarle sobre c\u00f3mo verter el hormig\u00f3n en el molde. Nuestro dise\u00f1o de moldes patentado incluye una gama de productos para producir bloques de hormig\u00f3n de la forma m\u00e1s eficiente posible. Los moldes de acero Block Moulds son tan flexibles como los bloques de hormig\u00f3n que producen.<\/p>\n<p>[\/vc_column_text][\/vc_column][vc_column width=\u00bb1\/2&#8243;][vc_single_image image=\u00bb6257&#8243; img_size=\u00bb880&#215;550&#8243; alignment=\u00bbcenter\u00bb][\/vc_column][\/vc_row][vc_row full_width=\u00bbstretch_row_content\u00bb full_height=\u00bbyes\u00bb equal_height=\u00bbyes\u00bb content_placement=\u00bbmiddle\u00bb css=\u00bb.vc_custom_1575198564807{background-color: #e5e5e5 !important;}\u00bb][vc_column width=\u00bb1\/2&#8243;][vc_single_image image=\u00bb6255&#8243; img_size=\u00bb880&#215;650&#8243; alignment=\u00bbcenter\u00bb][\/vc_column][vc_column width=\u00bb1\/2&#8243;][vc_column_text css=\u00bb.vc_custom_1740489035420{padding-top: 20px !important;padding-right: 50px !important;padding-left: 15px !important;}\u00bb]<\/p>\n<h2 class=\"title30 font-bold text-uppercase poppins-font text-RIGHT\" style=\"text-align: left;\">DISE\u00d1E F\u00c1CILMENTE LA SOLUCI\u00d3N QUE M\u00c1S LE CONVENGA<\/h2>\n<h4><strong><span style=\"color: #ff0000;\">____<\/span><\/strong><\/h4>\n<p>&nbsp;<\/p>\n<p>Diferentes partes de la construcci\u00f3n del molde pueden ser reutilizadas para crear moldes de diferentes tama\u00f1os. Si desea producir bloques de la misma longitud, pero con una altura diferente, s\u00f3lo es necesario sustituir los paneles laterales. La placa base y la placa superior del molde se pueden reutilizar. Ning\u00fan otro sistema de moldeo para la producci\u00f3n de bloques de hormig\u00f3n ensamblables ofrece tanta libertad de elecci\u00f3n y es tan f\u00e1cil de adaptar a situaciones espec\u00edficas.<\/p>\n<p>Se trata de un sistema perfecto para la producci\u00f3n de bloques de construcci\u00f3n que permite a arquitectos y dise\u00f1adores dise\u00f1ar creaciones a medida. Adem\u00e1s, es m\u00e1s barato que los m\u00e9todos tradicionales de construcci\u00f3n.<\/p>\n<p>Los muros de inundaci\u00f3n modulares hechos de bloques de hormig\u00f3n ecol\u00f3gicos son ideales como soluciones para:<\/p>\n<ul>\n<li>Muros marinos, v\u00edas fluviales y riberas de r\u00edos<\/li>\n<li>Control de llanuras costeras y de inundaci\u00f3n<\/li>\n<li>Protecci\u00f3n del litoral<\/li>\n<\/ul>\n<p>Adem\u00e1s, la instalaci\u00f3n de los bloques puede realizarse en cualquier condici\u00f3n clim\u00e1tica.[\/vc_column_text][\/vc_column][\/vc_row][vc_row][vc_column width=\u00bb1\/2&#8243;][vc_gallery type=\u00bbimage_grid\u00bb images=\u00bb6257,6256,6255,5920&#8243; img_size=\u00bb280&#215;200&#8243; onclick=\u00bb\u00bb css=\u00bb.vc_custom_1740990591448{padding-top: 25px !important;}\u00bb][\/vc_column][vc_column width=\u00bb1\/2&#8243;]\n<div class=\"wpcf7 no-js\" id=\"wpcf7-f7024-o1\" lang=\"en-US\" dir=\"ltr\" data-wpcf7-id=\"7024\">\n<div class=\"screen-reader-response\"><p role=\"status\" aria-live=\"polite\" aria-atomic=\"true\"><\/p> <ul><\/ul><\/div>\n<form action=\"\/es\/wp-json\/wp\/v2\/pages\/6698#wpcf7-f7024-o1\" method=\"post\" class=\"wpcf7-form init\" aria-label=\"Contact form\" novalidate=\"novalidate\" data-status=\"init\">\n<fieldset class=\"hidden-fields-container\"><input type=\"hidden\" name=\"_wpcf7\" value=\"7024\" \/><input type=\"hidden\" name=\"_wpcf7_version\" value=\"6.1.5\" \/><input type=\"hidden\" name=\"_wpcf7_locale\" value=\"en_US\" \/><input type=\"hidden\" name=\"_wpcf7_unit_tag\" value=\"wpcf7-f7024-o1\" \/><input type=\"hidden\" name=\"_wpcf7_container_post\" value=\"0\" \/><input type=\"hidden\" name=\"_wpcf7_posted_data_hash\" value=\"\" \/><input type=\"hidden\" name=\"_wpcf7_recaptcha_response\" value=\"\" \/>\n<\/fieldset>\n<div class=\"contact-form-page contact-form\">\n\t<h2 class=\"title18 font-bold text-uppercase rale-font\">Formulario de contacto\n\t<\/h2>\n\t<p class=\"contact-name\"><br \/>\n<span class=\"wpcf7-form-control-wrap\" data-name=\"your-name\"><input size=\"40\" maxlength=\"400\" class=\"wpcf7-form-control wpcf7-text wpcf7-validates-as-required border\" aria-required=\"true\" aria-invalid=\"false\" placeholder=\"Nombre*\" value=\"\" type=\"text\" name=\"your-name\" \/><\/span>\n\t<\/p>\n\t<p class=\"contact-email\"><br \/>\n<span class=\"wpcf7-form-control-wrap\" data-name=\"your-email\"><input size=\"40\" maxlength=\"400\" class=\"wpcf7-form-control wpcf7-email wpcf7-validates-as-required wpcf7-text wpcf7-validates-as-email border\" aria-required=\"true\" aria-invalid=\"false\" placeholder=\"Email*\" value=\"\" type=\"email\" name=\"your-email\" \/><\/span>\n\t<\/p>\n\t<p class=\"contact-message\"><br \/>\n<span class=\"wpcf7-form-control-wrap\" data-name=\"your-message\"><textarea cols=\"40\" rows=\"10\" maxlength=\"2000\" class=\"wpcf7-form-control wpcf7-textarea border\" aria-invalid=\"false\" placeholder=\"Texto*\" name=\"your-message\"><\/textarea><\/span>\n\t<\/p>\n\t<p>Al completar nuestro formulario de contacto, nos da su consentimiento para el procesamiento de sus datos personales de acuerdo con las disposiciones de <a href=\"https:\/\/www.blockmoulds.com\/es\/politica-de-privacidad-y-cookies\/\" target=\"_blank\">Declaraci\u00f3n de Privacidad (y Cookies)<\/a>\n\t<\/p>\n\t<p><span class=\"wpcf7-form-control-wrap\" data-name=\"checkbox-900\"><span class=\"wpcf7-form-control wpcf7-checkbox wpcf7-validates-as-required\"><span class=\"wpcf7-list-item first last\"><span class=\"wpcf7-list-item-label\">Estoy de acuerdo<\/span><input type=\"checkbox\" name=\"checkbox-900[]\" value=\"Estoy de acuerdo\" \/><\/span><\/span><\/span>\n\t<\/p>\n\n\t<p class=\"contact-submit\"><br \/>\n<input class=\"wpcf7-form-control wpcf7-submit has-spinner shop-button\" type=\"submit\" value=\"ENV\u00cdO\" \/>\n\t<\/p>\n<\/div><input type='hidden' class='wpcf7-pum' value='{\"closepopup\":false,\"closedelay\":0,\"openpopup\":false,\"openpopup_id\":0}' \/><div class=\"wpcf7-response-output\" aria-hidden=\"true\"><\/div>\n<\/form>\n<\/div>\n[\/vc_column][\/vc_row]<\/p>\n<\/div>","protected":false},"excerpt":{"rendered":"<p>[vc_row full_width=\u00bbstretch_row_content\u00bb full_height=\u00bbyes\u00bb equal_height=\u00bbyes\u00bb content_placement=\u00bbmiddle\u00bb][vc_column width=\u00bb1\/2&#8243;][vc_column_text css=\u00bb.vc_custom_1577560497419{padding-top: 20px !important;padding-right: 15px !important;padding-left: 50px !important;}\u00bb] PROTECCI\u00d3N CONTRA INUNDACIONES CON LAS VENTAJAS DE LAS BARRERAS MODULARES DE HORMIG\u00d3N ____ Un sistema de defensa contra inundaciones se utiliza para controlar, reducir o prevenir los efectos nocivos del aumento de los niveles de agua. Los bloques de hormig\u00f3n ensamblables pueden [&hellip;]<\/p>\n","protected":false},"author":2,"featured_media":0,"parent":6647,"menu_order":0,"comment_status":"closed","ping_status":"closed","template":"","meta":{"footnotes":""},"class_list":["post-6698","page","type-page","status-publish","hentry"],"yoast_head":"<!-- This site is optimized with the Yoast SEO plugin v27.5 - https:\/\/yoast.com\/product\/yoast-seo-wordpress\/ -->\n<title>Protecci\u00f3n contra inundaciones realizada con bloques de hormig\u00f3n ensamblables<\/title>\n<meta name=\"description\" content=\"Protecci\u00f3n contra inundaciones realizada con bloques de hormig\u00f3n ensamblables para controlar, reducir o prevenir los efectos perjudiciales del aumento de los niveles de agua.\" \/>\n<meta name=\"robots\" content=\"index, follow, max-snippet:-1, max-image-preview:large, max-video-preview:-1\" \/>\n<link rel=\"canonical\" href=\"https:\/\/www.blockmoulds.com\/es\/aplicaciones\/proteccion-contra-inundaciones\/\" \/>\n<meta property=\"og:locale\" content=\"es_ES\" \/>\n<meta property=\"og:type\" content=\"article\" \/>\n<meta property=\"og:title\" content=\"Protecci\u00f3n contra inundaciones realizada con bloques de hormig\u00f3n ensamblables\" \/>\n<meta property=\"og:description\" content=\"Protecci\u00f3n contra inundaciones realizada con bloques de hormig\u00f3n ensamblables para controlar, reducir o prevenir los efectos perjudiciales del aumento de los niveles de agua.\" \/>\n<meta property=\"og:url\" content=\"https:\/\/www.blockmoulds.com\/es\/aplicaciones\/proteccion-contra-inundaciones\/\" \/>\n<meta property=\"og:site_name\" content=\"Block Moulds\" \/>\n<meta property=\"article:modified_time\" content=\"2025-03-03T08:29:53+00:00\" \/>\n<meta name=\"twitter:card\" content=\"summary_large_image\" \/>\n<meta name=\"twitter:label1\" content=\"Tiempo de lectura\" \/>\n\t<meta name=\"twitter:data1\" content=\"2 minutos\" \/>\n<script type=\"application\/ld+json\" class=\"yoast-schema-graph\">{\"@context\":\"https:\\\/\\\/schema.org\",\"@graph\":[{\"@type\":\"WebPage\",\"@id\":\"https:\\\/\\\/www.blockmoulds.com\\\/es\\\/aplicaciones\\\/proteccion-contra-inundaciones\\\/\",\"url\":\"https:\\\/\\\/www.blockmoulds.com\\\/es\\\/aplicaciones\\\/proteccion-contra-inundaciones\\\/\",\"name\":\"Protecci\u00f3n contra inundaciones realizada con bloques de hormig\u00f3n ensamblables\",\"isPartOf\":{\"@id\":\"https:\\\/\\\/www.blockmoulds.com\\\/es\\\/#website\"},\"datePublished\":\"2019-05-30T19:48:09+00:00\",\"dateModified\":\"2025-03-03T08:29:53+00:00\",\"description\":\"Protecci\u00f3n contra inundaciones realizada con bloques de hormig\u00f3n ensamblables para controlar, reducir o prevenir los efectos perjudiciales del aumento de los niveles de agua.\",\"breadcrumb\":{\"@id\":\"https:\\\/\\\/www.blockmoulds.com\\\/es\\\/aplicaciones\\\/proteccion-contra-inundaciones\\\/#breadcrumb\"},\"inLanguage\":\"es\",\"potentialAction\":[{\"@type\":\"ReadAction\",\"target\":[\"https:\\\/\\\/www.blockmoulds.com\\\/es\\\/aplicaciones\\\/proteccion-contra-inundaciones\\\/\"]}]},{\"@type\":\"BreadcrumbList\",\"@id\":\"https:\\\/\\\/www.blockmoulds.com\\\/es\\\/aplicaciones\\\/proteccion-contra-inundaciones\\\/#breadcrumb\",\"itemListElement\":[{\"@type\":\"ListItem\",\"position\":1,\"name\":\"Home\",\"item\":\"https:\\\/\\\/www.blockmoulds.com\\\/es\\\/\"},{\"@type\":\"ListItem\",\"position\":2,\"name\":\"Aplicaciones\",\"item\":\"https:\\\/\\\/www.blockmoulds.com\\\/es\\\/aplicaciones\\\/\"},{\"@type\":\"ListItem\",\"position\":3,\"name\":\"Protecci\u00f3n contra inundaciones\"}]},{\"@type\":\"WebSite\",\"@id\":\"https:\\\/\\\/www.blockmoulds.com\\\/es\\\/#website\",\"url\":\"https:\\\/\\\/www.blockmoulds.com\\\/es\\\/\",\"name\":\"Block Moulds\",\"description\":\"Benefits of modular construction\",\"potentialAction\":[{\"@type\":\"SearchAction\",\"target\":{\"@type\":\"EntryPoint\",\"urlTemplate\":\"https:\\\/\\\/www.blockmoulds.com\\\/es\\\/?s={search_term_string}\"},\"query-input\":{\"@type\":\"PropertyValueSpecification\",\"valueRequired\":true,\"valueName\":\"search_term_string\"}}],\"inLanguage\":\"es\"}]}<\/script>\n<!-- \/ Yoast SEO plugin. -->","yoast_head_json":{"title":"Protecci\u00f3n contra inundaciones realizada con bloques de hormig\u00f3n ensamblables","description":"Protecci\u00f3n contra inundaciones realizada con bloques de hormig\u00f3n ensamblables para controlar, reducir o prevenir los efectos perjudiciales del aumento de los niveles de agua.","robots":{"index":"index","follow":"follow","max-snippet":"max-snippet:-1","max-image-preview":"max-image-preview:large","max-video-preview":"max-video-preview:-1"},"canonical":"https:\/\/www.blockmoulds.com\/es\/aplicaciones\/proteccion-contra-inundaciones\/","og_locale":"es_ES","og_type":"article","og_title":"Protecci\u00f3n contra inundaciones realizada con bloques de hormig\u00f3n ensamblables","og_description":"Protecci\u00f3n contra inundaciones realizada con bloques de hormig\u00f3n ensamblables para controlar, reducir o prevenir los efectos perjudiciales del aumento de los niveles de agua.","og_url":"https:\/\/www.blockmoulds.com\/es\/aplicaciones\/proteccion-contra-inundaciones\/","og_site_name":"Block Moulds","article_modified_time":"2025-03-03T08:29:53+00:00","twitter_card":"summary_large_image","twitter_misc":{"Tiempo de lectura":"2 minutos"},"schema":{"@context":"https:\/\/schema.org","@graph":[{"@type":"WebPage","@id":"https:\/\/www.blockmoulds.com\/es\/aplicaciones\/proteccion-contra-inundaciones\/","url":"https:\/\/www.blockmoulds.com\/es\/aplicaciones\/proteccion-contra-inundaciones\/","name":"Protecci\u00f3n contra inundaciones realizada con bloques de hormig\u00f3n ensamblables","isPartOf":{"@id":"https:\/\/www.blockmoulds.com\/es\/#website"},"datePublished":"2019-05-30T19:48:09+00:00","dateModified":"2025-03-03T08:29:53+00:00","description":"Protecci\u00f3n contra inundaciones realizada con bloques de hormig\u00f3n ensamblables para controlar, reducir o prevenir los efectos perjudiciales del aumento de los niveles de agua.","breadcrumb":{"@id":"https:\/\/www.blockmoulds.com\/es\/aplicaciones\/proteccion-contra-inundaciones\/#breadcrumb"},"inLanguage":"es","potentialAction":[{"@type":"ReadAction","target":["https:\/\/www.blockmoulds.com\/es\/aplicaciones\/proteccion-contra-inundaciones\/"]}]},{"@type":"BreadcrumbList","@id":"https:\/\/www.blockmoulds.com\/es\/aplicaciones\/proteccion-contra-inundaciones\/#breadcrumb","itemListElement":[{"@type":"ListItem","position":1,"name":"Home","item":"https:\/\/www.blockmoulds.com\/es\/"},{"@type":"ListItem","position":2,"name":"Aplicaciones","item":"https:\/\/www.blockmoulds.com\/es\/aplicaciones\/"},{"@type":"ListItem","position":3,"name":"Protecci\u00f3n contra inundaciones"}]},{"@type":"WebSite","@id":"https:\/\/www.blockmoulds.com\/es\/#website","url":"https:\/\/www.blockmoulds.com\/es\/","name":"Block Moulds","description":"Benefits of modular construction","potentialAction":[{"@type":"SearchAction","target":{"@type":"EntryPoint","urlTemplate":"https:\/\/www.blockmoulds.com\/es\/?s={search_term_string}"},"query-input":{"@type":"PropertyValueSpecification","valueRequired":true,"valueName":"search_term_string"}}],"inLanguage":"es"}]}},"_links":{"self":[{"href":"https:\/\/www.blockmoulds.com\/es\/wp-json\/wp\/v2\/pages\/6698","targetHints":{"allow":["GET"]}}],"collection":[{"href":"https:\/\/www.blockmoulds.com\/es\/wp-json\/wp\/v2\/pages"}],"about":[{"href":"https:\/\/www.blockmoulds.com\/es\/wp-json\/wp\/v2\/types\/page"}],"author":[{"embeddable":true,"href":"https:\/\/www.blockmoulds.com\/es\/wp-json\/wp\/v2\/users\/2"}],"replies":[{"embeddable":true,"href":"https:\/\/www.blockmoulds.com\/es\/wp-json\/wp\/v2\/comments?post=6698"}],"version-history":[{"count":2,"href":"https:\/\/www.blockmoulds.com\/es\/wp-json\/wp\/v2\/pages\/6698\/revisions"}],"predecessor-version":[{"id":22674,"href":"https:\/\/www.blockmoulds.com\/es\/wp-json\/wp\/v2\/pages\/6698\/revisions\/22674"}],"up":[{"embeddable":true,"href":"https:\/\/www.blockmoulds.com\/es\/wp-json\/wp\/v2\/pages\/6647"}],"wp:attachment":[{"href":"https:\/\/www.blockmoulds.com\/es\/wp-json\/wp\/v2\/media?parent=6698"}],"curies":[{"name":"wp","href":"https:\/\/api.w.org\/{rel}","templated":true}]}}