{"id":6703,"date":"2019-06-11T19:17:23","date_gmt":"2019-06-11T19:17:23","guid":{"rendered":"https:\/\/www.blockmoulds.com\/aplicaciones\/push-walls\/"},"modified":"2025-03-03T08:31:15","modified_gmt":"2025-03-03T08:31:15","slug":"muros-de-contencion","status":"publish","type":"page","link":"https:\/\/www.blockmoulds.com\/es\/aplicaciones\/muros-de-contencion\/","title":{"rendered":"Muros de contenci\u00f3n"},"content":{"rendered":"<div class=\"wpb-content-wrapper\"><p>[vc_row full_width=\u00bbstretch_row_content\u00bb full_height=\u00bbyes\u00bb equal_height=\u00bbyes\u00bb content_placement=\u00bbmiddle\u00bb][vc_column width=\u00bb1\/2&#8243;][vc_column_text css=\u00bb.vc_custom_1576508581177{padding-top: 20px !important;padding-right: 15px !important;padding-left: 50px !important;}\u00bb]<\/p>\n<h2 class=\"title30 font-bold text-uppercase poppins-font text-LEFT\" style=\"text-align: right;\">MUROS DE CONTENCI\u00d3N VERS\u00c1TILES: ALCANCE ALTURAS ELEVADAS SIN PERDER RESISTENCIA<\/h2>\n<h4 style=\"text-align: right;\"><span style=\"color: #ff0000;\"><strong>____<\/strong><\/span><\/h4>\n<p>&nbsp;<\/p>\n<p style=\"text-align: right;\">Los muros de contenci\u00f3n de bloques de hormig\u00f3n ensamblables garantizan un \u00e1ngulo perfecto de 90\u00ba entre la pared y el suelo.<br \/>\nLos bloques son adecuados para muros de contenci\u00f3n en estaciones de recogida de residuos, plantas de reciclaje, plantas agr\u00edcolas y ganaderas, plantas de arena y grava, silos de sal, plantas de biomasa y almacenes de productos secos a granel.<\/p>\n<p style=\"text-align: right;\">Los bloques ensamblables se encuentran en vallas, protecci\u00f3n del terreno y tabiques.<br \/>\nOfrecen una alternativa m\u00e1s r\u00e1pida y barata a los muros de hormig\u00f3n vertido in situ.<\/p>\n<p style=\"text-align: right;\">Los bloques se fabrican externamente bajo condiciones controladas para asegurar una elevada calidad.<br \/>\nLos muros construidos con estos bloques pueden soportar las fuerzas ejercidas por la maquinaria pesada, por ejemplo, en estaciones de transferencia de residuos donde los camiones son cargados por palas cargadoras. Los bloques se apilan en seco, ahorrando mucho tiempo y dinero.<\/p>\n<p>[\/vc_column_text][\/vc_column][vc_column width=\u00bb1\/2&#8243;][vc_single_image image=\u00bb6298&#8243; img_size=\u00bb880&#215;550&#8243; alignment=\u00bbcenter\u00bb css_animation=\u00bbnone\u00bb][\/vc_column][\/vc_row][vc_row full_width=\u00bbstretch_row_content\u00bb full_height=\u00bbyes\u00bb equal_height=\u00bbyes\u00bb content_placement=\u00bbmiddle\u00bb css=\u00bb.vc_custom_1575198851422{background-color: #e5e5e5 !important;}\u00bb][vc_column width=\u00bb1\/2&#8243;][vc_single_image image=\u00bb6296&#8243; img_size=\u00bb880&#215;650&#8243; alignment=\u00bbcenter\u00bb css_animation=\u00bbnone\u00bb][\/vc_column][vc_column width=\u00bb1\/2&#8243;][vc_column_text css=\u00bb.vc_custom_1585130962185{padding-top: 20px !important;padding-right: 50px !important;padding-left: 15px !important;}\u00bb]<\/p>\n<h2 class=\"title30 font-bold text-uppercase poppins-font text-RIGHT\" style=\"text-align: left;\">VENTAJAS DE LOS MUROS DE CONTENCI\u00d3N REUBICABLES<\/h2>\n<h4><strong><span style=\"color: #ff0000;\">____<\/span><\/strong><\/h4>\n<p>&nbsp;<\/p>\n<p>Los bloques modulares prefabricados pueden retirarse y desplazarse para redise\u00f1ar un \u00e1rea.<br \/>\nLos bloques de hormig\u00f3n se pueden sustituir en caso de da\u00f1os graves.<\/p>\n<p>Los muros de contenci\u00f3n de hormig\u00f3n se pueden construir en casi todas las condiciones clim\u00e1ticas.<br \/>\nLos bloques se pueden utilizar para muchos proyectos y se pueden instalar r\u00e1pida y f\u00e1cilmente para satisfacer sus necesidades.<\/p>\n<p>Los bloques de hormig\u00f3n ensamblables son una ingeniosa soluci\u00f3n que ahorra de espacio para el almacenamiento de materiales y pueden soportar las fuerzas de las pesadas m\u00e1quinas cargadoras.<\/p>\n<p>En resumen, los bloques de hormig\u00f3n ensamblables son una soluci\u00f3n ecol\u00f3gica y adecuada para muchas aplicaciones.<br \/>\nEstos bloques de hormig\u00f3n se pueden producir a bajo coste utilizando el sistema de moldes patentado de Block Moulds.<\/p>\n<p>Los moldes de acero son modulares y superiores en resistencia y calidad.<\/p>\n<p>Se pueden producir diferentes formas. Todo lo que necesitas es un <strong><a href=\"https:\/\/www.blockmoulds.com\/es\/shop\/\">molde b\u00e1sico y un juego de divisores.<\/a><\/strong>[\/vc_column_text][\/vc_column][\/vc_row][vc_row][vc_column width=\u00bb1\/2&#8243;][vc_gallery type=\u00bbimage_grid\u00bb images=\u00bb6296,6297,6298,6299,13502&#8243; img_size=\u00bb280&#215;200&#8243; onclick=\u00bb\u00bb css=\u00bb.vc_custom_1740990673060{padding-top: 25px !important;}\u00bb][\/vc_column][vc_column width=\u00bb1\/2&#8243;]\n<div class=\"wpcf7 no-js\" id=\"wpcf7-f7024-o1\" lang=\"en-US\" dir=\"ltr\" data-wpcf7-id=\"7024\">\n<div class=\"screen-reader-response\"><p role=\"status\" aria-live=\"polite\" aria-atomic=\"true\"><\/p> <ul><\/ul><\/div>\n<form action=\"\/es\/wp-json\/wp\/v2\/pages\/6703#wpcf7-f7024-o1\" method=\"post\" class=\"wpcf7-form init\" aria-label=\"Contact form\" novalidate=\"novalidate\" data-status=\"init\">\n<fieldset class=\"hidden-fields-container\"><input type=\"hidden\" name=\"_wpcf7\" value=\"7024\" \/><input type=\"hidden\" name=\"_wpcf7_version\" value=\"6.1.5\" \/><input type=\"hidden\" name=\"_wpcf7_locale\" value=\"en_US\" \/><input type=\"hidden\" name=\"_wpcf7_unit_tag\" value=\"wpcf7-f7024-o1\" \/><input type=\"hidden\" name=\"_wpcf7_container_post\" value=\"0\" \/><input type=\"hidden\" name=\"_wpcf7_posted_data_hash\" value=\"\" \/><input type=\"hidden\" name=\"_wpcf7_recaptcha_response\" value=\"\" \/>\n<\/fieldset>\n<div class=\"contact-form-page contact-form\">\n\t<h2 class=\"title18 font-bold text-uppercase rale-font\">Formulario de contacto\n\t<\/h2>\n\t<p class=\"contact-name\"><br \/>\n<span class=\"wpcf7-form-control-wrap\" data-name=\"your-name\"><input size=\"40\" maxlength=\"400\" class=\"wpcf7-form-control wpcf7-text wpcf7-validates-as-required border\" aria-required=\"true\" aria-invalid=\"false\" placeholder=\"Nombre*\" value=\"\" type=\"text\" name=\"your-name\" \/><\/span>\n\t<\/p>\n\t<p class=\"contact-email\"><br \/>\n<span class=\"wpcf7-form-control-wrap\" data-name=\"your-email\"><input size=\"40\" maxlength=\"400\" class=\"wpcf7-form-control wpcf7-email wpcf7-validates-as-required wpcf7-text wpcf7-validates-as-email border\" aria-required=\"true\" aria-invalid=\"false\" placeholder=\"Email*\" value=\"\" type=\"email\" name=\"your-email\" \/><\/span>\n\t<\/p>\n\t<p class=\"contact-message\"><br \/>\n<span class=\"wpcf7-form-control-wrap\" data-name=\"your-message\"><textarea cols=\"40\" rows=\"10\" maxlength=\"2000\" class=\"wpcf7-form-control wpcf7-textarea border\" aria-invalid=\"false\" placeholder=\"Texto*\" name=\"your-message\"><\/textarea><\/span>\n\t<\/p>\n\t<p>Al completar nuestro formulario de contacto, nos da su consentimiento para el procesamiento de sus datos personales de acuerdo con las disposiciones de <a href=\"https:\/\/www.blockmoulds.com\/es\/politica-de-privacidad-y-cookies\/\" target=\"_blank\">Declaraci\u00f3n de Privacidad (y Cookies)<\/a>\n\t<\/p>\n\t<p><span class=\"wpcf7-form-control-wrap\" data-name=\"checkbox-900\"><span class=\"wpcf7-form-control wpcf7-checkbox wpcf7-validates-as-required\"><span class=\"wpcf7-list-item first last\"><span class=\"wpcf7-list-item-label\">Estoy de acuerdo<\/span><input type=\"checkbox\" name=\"checkbox-900[]\" value=\"Estoy de acuerdo\" \/><\/span><\/span><\/span>\n\t<\/p>\n\n\t<p class=\"contact-submit\"><br \/>\n<input class=\"wpcf7-form-control wpcf7-submit has-spinner shop-button\" type=\"submit\" value=\"ENV\u00cdO\" \/>\n\t<\/p>\n<\/div><input type='hidden' class='wpcf7-pum' value='{\"closepopup\":false,\"closedelay\":0,\"openpopup\":false,\"openpopup_id\":0}' \/><div class=\"wpcf7-response-output\" aria-hidden=\"true\"><\/div>\n<\/form>\n<\/div>\n[\/vc_column][\/vc_row]<\/p>\n<\/div>","protected":false},"excerpt":{"rendered":"<p>[vc_row full_width=\u00bbstretch_row_content\u00bb full_height=\u00bbyes\u00bb equal_height=\u00bbyes\u00bb content_placement=\u00bbmiddle\u00bb][vc_column width=\u00bb1\/2&#8243;][vc_column_text css=\u00bb.vc_custom_1576508581177{padding-top: 20px !important;padding-right: 15px !important;padding-left: 50px !important;}\u00bb] MUROS DE CONTENCI\u00d3N VERS\u00c1TILES: ALCANCE ALTURAS ELEVADAS SIN PERDER RESISTENCIA ____ &nbsp; Los muros de contenci\u00f3n de bloques de hormig\u00f3n ensamblables garantizan un \u00e1ngulo perfecto de 90\u00ba entre la pared y el suelo. Los bloques son adecuados para muros de contenci\u00f3n en [&hellip;]<\/p>\n","protected":false},"author":2,"featured_media":0,"parent":6647,"menu_order":0,"comment_status":"closed","ping_status":"closed","template":"","meta":{"footnotes":""},"class_list":["post-6703","page","type-page","status-publish","hentry"],"yoast_head":"<!-- This site is optimized with the Yoast SEO plugin v27.4 - https:\/\/yoast.com\/product\/yoast-seo-wordpress\/ -->\n<title>Los muros de contenci\u00f3n hechos con nuestros moldes son siempre un \u00e9xito<\/title>\n<meta name=\"description\" content=\"Los muros de contenci\u00f3n hechos de bloques de hormig\u00f3n ensamblables proporcionan una flexibilidad incre\u00edble. Descubra cu\u00e1nto tiempo, dinero y recursos puede ahorrar.\" \/>\n<meta name=\"robots\" content=\"index, follow, max-snippet:-1, max-image-preview:large, max-video-preview:-1\" \/>\n<link rel=\"canonical\" href=\"https:\/\/www.blockmoulds.com\/es\/aplicaciones\/muros-de-contencion\/\" \/>\n<meta property=\"og:locale\" content=\"es_ES\" \/>\n<meta property=\"og:type\" content=\"article\" \/>\n<meta property=\"og:title\" content=\"Los muros de contenci\u00f3n hechos con nuestros moldes son siempre un \u00e9xito\" \/>\n<meta property=\"og:description\" content=\"Los muros de contenci\u00f3n hechos de bloques de hormig\u00f3n ensamblables proporcionan una flexibilidad incre\u00edble. Descubra cu\u00e1nto tiempo, dinero y recursos puede ahorrar.\" \/>\n<meta property=\"og:url\" content=\"https:\/\/www.blockmoulds.com\/es\/aplicaciones\/muros-de-contencion\/\" \/>\n<meta property=\"og:site_name\" content=\"Block Moulds\" \/>\n<meta property=\"article:modified_time\" content=\"2025-03-03T08:31:15+00:00\" \/>\n<meta name=\"twitter:card\" content=\"summary_large_image\" \/>\n<meta name=\"twitter:label1\" content=\"Tiempo de lectura\" \/>\n\t<meta name=\"twitter:data1\" content=\"2 minutos\" \/>\n<script type=\"application\/ld+json\" class=\"yoast-schema-graph\">{\"@context\":\"https:\\\/\\\/schema.org\",\"@graph\":[{\"@type\":\"WebPage\",\"@id\":\"https:\\\/\\\/www.blockmoulds.com\\\/es\\\/aplicaciones\\\/muros-de-contencion\\\/\",\"url\":\"https:\\\/\\\/www.blockmoulds.com\\\/es\\\/aplicaciones\\\/muros-de-contencion\\\/\",\"name\":\"Los muros de contenci\u00f3n hechos con nuestros moldes son siempre un \u00e9xito\",\"isPartOf\":{\"@id\":\"https:\\\/\\\/www.blockmoulds.com\\\/es\\\/#website\"},\"datePublished\":\"2019-06-11T19:17:23+00:00\",\"dateModified\":\"2025-03-03T08:31:15+00:00\",\"description\":\"Los muros de contenci\u00f3n hechos de bloques de hormig\u00f3n ensamblables proporcionan una flexibilidad incre\u00edble. Descubra cu\u00e1nto tiempo, dinero y recursos puede ahorrar.\",\"breadcrumb\":{\"@id\":\"https:\\\/\\\/www.blockmoulds.com\\\/es\\\/aplicaciones\\\/muros-de-contencion\\\/#breadcrumb\"},\"inLanguage\":\"es\",\"potentialAction\":[{\"@type\":\"ReadAction\",\"target\":[\"https:\\\/\\\/www.blockmoulds.com\\\/es\\\/aplicaciones\\\/muros-de-contencion\\\/\"]}]},{\"@type\":\"BreadcrumbList\",\"@id\":\"https:\\\/\\\/www.blockmoulds.com\\\/es\\\/aplicaciones\\\/muros-de-contencion\\\/#breadcrumb\",\"itemListElement\":[{\"@type\":\"ListItem\",\"position\":1,\"name\":\"Home\",\"item\":\"https:\\\/\\\/www.blockmoulds.com\\\/es\\\/\"},{\"@type\":\"ListItem\",\"position\":2,\"name\":\"Aplicaciones\",\"item\":\"https:\\\/\\\/www.blockmoulds.com\\\/es\\\/aplicaciones\\\/\"},{\"@type\":\"ListItem\",\"position\":3,\"name\":\"Muros de contenci\u00f3n\"}]},{\"@type\":\"WebSite\",\"@id\":\"https:\\\/\\\/www.blockmoulds.com\\\/es\\\/#website\",\"url\":\"https:\\\/\\\/www.blockmoulds.com\\\/es\\\/\",\"name\":\"Block Moulds\",\"description\":\"Benefits of modular construction\",\"potentialAction\":[{\"@type\":\"SearchAction\",\"target\":{\"@type\":\"EntryPoint\",\"urlTemplate\":\"https:\\\/\\\/www.blockmoulds.com\\\/es\\\/?s={search_term_string}\"},\"query-input\":{\"@type\":\"PropertyValueSpecification\",\"valueRequired\":true,\"valueName\":\"search_term_string\"}}],\"inLanguage\":\"es\"}]}<\/script>\n<!-- \/ Yoast SEO plugin. -->","yoast_head_json":{"title":"Los muros de contenci\u00f3n hechos con nuestros moldes son siempre un \u00e9xito","description":"Los muros de contenci\u00f3n hechos de bloques de hormig\u00f3n ensamblables proporcionan una flexibilidad incre\u00edble. Descubra cu\u00e1nto tiempo, dinero y recursos puede ahorrar.","robots":{"index":"index","follow":"follow","max-snippet":"max-snippet:-1","max-image-preview":"max-image-preview:large","max-video-preview":"max-video-preview:-1"},"canonical":"https:\/\/www.blockmoulds.com\/es\/aplicaciones\/muros-de-contencion\/","og_locale":"es_ES","og_type":"article","og_title":"Los muros de contenci\u00f3n hechos con nuestros moldes son siempre un \u00e9xito","og_description":"Los muros de contenci\u00f3n hechos de bloques de hormig\u00f3n ensamblables proporcionan una flexibilidad incre\u00edble. Descubra cu\u00e1nto tiempo, dinero y recursos puede ahorrar.","og_url":"https:\/\/www.blockmoulds.com\/es\/aplicaciones\/muros-de-contencion\/","og_site_name":"Block Moulds","article_modified_time":"2025-03-03T08:31:15+00:00","twitter_card":"summary_large_image","twitter_misc":{"Tiempo de lectura":"2 minutos"},"schema":{"@context":"https:\/\/schema.org","@graph":[{"@type":"WebPage","@id":"https:\/\/www.blockmoulds.com\/es\/aplicaciones\/muros-de-contencion\/","url":"https:\/\/www.blockmoulds.com\/es\/aplicaciones\/muros-de-contencion\/","name":"Los muros de contenci\u00f3n hechos con nuestros moldes son siempre un \u00e9xito","isPartOf":{"@id":"https:\/\/www.blockmoulds.com\/es\/#website"},"datePublished":"2019-06-11T19:17:23+00:00","dateModified":"2025-03-03T08:31:15+00:00","description":"Los muros de contenci\u00f3n hechos de bloques de hormig\u00f3n ensamblables proporcionan una flexibilidad incre\u00edble. Descubra cu\u00e1nto tiempo, dinero y recursos puede ahorrar.","breadcrumb":{"@id":"https:\/\/www.blockmoulds.com\/es\/aplicaciones\/muros-de-contencion\/#breadcrumb"},"inLanguage":"es","potentialAction":[{"@type":"ReadAction","target":["https:\/\/www.blockmoulds.com\/es\/aplicaciones\/muros-de-contencion\/"]}]},{"@type":"BreadcrumbList","@id":"https:\/\/www.blockmoulds.com\/es\/aplicaciones\/muros-de-contencion\/#breadcrumb","itemListElement":[{"@type":"ListItem","position":1,"name":"Home","item":"https:\/\/www.blockmoulds.com\/es\/"},{"@type":"ListItem","position":2,"name":"Aplicaciones","item":"https:\/\/www.blockmoulds.com\/es\/aplicaciones\/"},{"@type":"ListItem","position":3,"name":"Muros de contenci\u00f3n"}]},{"@type":"WebSite","@id":"https:\/\/www.blockmoulds.com\/es\/#website","url":"https:\/\/www.blockmoulds.com\/es\/","name":"Block Moulds","description":"Benefits of modular construction","potentialAction":[{"@type":"SearchAction","target":{"@type":"EntryPoint","urlTemplate":"https:\/\/www.blockmoulds.com\/es\/?s={search_term_string}"},"query-input":{"@type":"PropertyValueSpecification","valueRequired":true,"valueName":"search_term_string"}}],"inLanguage":"es"}]}},"_links":{"self":[{"href":"https:\/\/www.blockmoulds.com\/es\/wp-json\/wp\/v2\/pages\/6703","targetHints":{"allow":["GET"]}}],"collection":[{"href":"https:\/\/www.blockmoulds.com\/es\/wp-json\/wp\/v2\/pages"}],"about":[{"href":"https:\/\/www.blockmoulds.com\/es\/wp-json\/wp\/v2\/types\/page"}],"author":[{"embeddable":true,"href":"https:\/\/www.blockmoulds.com\/es\/wp-json\/wp\/v2\/users\/2"}],"replies":[{"embeddable":true,"href":"https:\/\/www.blockmoulds.com\/es\/wp-json\/wp\/v2\/comments?post=6703"}],"version-history":[{"count":1,"href":"https:\/\/www.blockmoulds.com\/es\/wp-json\/wp\/v2\/pages\/6703\/revisions"}],"predecessor-version":[{"id":22680,"href":"https:\/\/www.blockmoulds.com\/es\/wp-json\/wp\/v2\/pages\/6703\/revisions\/22680"}],"up":[{"embeddable":true,"href":"https:\/\/www.blockmoulds.com\/es\/wp-json\/wp\/v2\/pages\/6647"}],"wp:attachment":[{"href":"https:\/\/www.blockmoulds.com\/es\/wp-json\/wp\/v2\/media?parent=6703"}],"curies":[{"name":"wp","href":"https:\/\/api.w.org\/{rel}","templated":true}]}}