{"id":6715,"date":"2019-06-11T19:30:33","date_gmt":"2019-06-11T19:30:33","guid":{"rendered":"https:\/\/www.blockmoulds.com\/aplicaciones\/applications-boundary-walls-fencing\/"},"modified":"2025-03-03T08:34:10","modified_gmt":"2025-03-03T08:34:10","slug":"vallado","status":"publish","type":"page","link":"https:\/\/www.blockmoulds.com\/es\/aplicaciones\/vallado\/","title":{"rendered":"Vallado"},"content":{"rendered":"<div class=\"wpb-content-wrapper\"><p>[vc_row full_width=\u00bbstretch_row_content\u00bb full_height=\u00bbyes\u00bb equal_height=\u00bbyes\u00bb content_placement=\u00bbmiddle\u00bb][vc_column width=\u00bb1\/2&#8243;][vc_column_text css=\u00bb.vc_custom_1740487992985{padding-top: 20px !important;padding-right: 15px !important;padding-left: 50px !important;}\u00bb]<\/p>\n<h2 class=\"title30 font-bold text-uppercase poppins-font text-LEFT\" style=\"text-align: right;\">VALLADO DE BLOQUES DE HORMIG\u00d3N: UNA FORMA EFICIENTE DE ESTABLECER L\u00cdMITES A BAJO COSTE<\/h2>\n<h4 style=\"text-align: right;\"><span style=\"color: #ff0000;\"><strong>____<\/strong><\/span><\/h4>\n<p>&nbsp;<\/p>\n<p style=\"text-align: right;\">Tanto grandes como peque\u00f1as empresas utilizan los grandes bloques de hormig\u00f3n para la fabricaci\u00f3n de vallas temporales o permanentes, cercas y vallas de obra.<\/p>\n<p style=\"text-align: right;\">Con los bloques producidos con <strong><a href=\"https:\/\/www.blockmoulds.com\/es\/shop\/\">moldes especiales<\/a><\/strong>, se pueden crear hermosas soluciones limitadas s\u00f3lo por la creatividad del usuario. Construya tan alto como sea necesario, garantizando a la vez la seguridad. Con el ecol\u00f3gico sistema de machihembrado, usted puede crear eficientemente muros estables y diversos que pueden ser construidos m\u00e1s r\u00e1pido que las cercas o vallas habituales de hormig\u00f3n. \u00bfNecesita una manera eficiente y rentable de indicar los l\u00edmites o proteger un lugar? Los muros de bloques ensamblables son la respuesta.<\/p>\n<p style=\"text-align: right;\">Proteja su propiedad creando un l\u00edmite f\u00edsico utilizando bloques de hormig\u00f3n. Tambi\u00e9n puede utilizar estos mega bloques para configurar el espacio en ubicaciones industriales (proyectos) para crear diferentes \u00e1reas de trabajo.<\/p>\n<p style=\"text-align: right;\">Ofrecemos el molde necesario para hacer estos innovadores &#8216;bloques gigantes&#8217; ensamblables. Produzca bloques de hormig\u00f3n ensamblables de gran solidez y calidad. Los bloques ofrecen un sinf\u00edn de posibilidades de dise\u00f1o para construir y adaptar cualquier tipo de construcci\u00f3n de forma r\u00e1pida y sencilla.<\/p>\n<p>[\/vc_column_text][\/vc_column][vc_column width=\u00bb1\/2&#8243;][vc_single_image image=\u00bb6277&#8243; img_size=\u00bb880&#215;550&#8243; alignment=\u00bbcenter\u00bb css_animation=\u00bbnone\u00bb][\/vc_column][\/vc_row][vc_row full_width=\u00bbstretch_row_content\u00bb full_height=\u00bbyes\u00bb equal_height=\u00bbyes\u00bb content_placement=\u00bbmiddle\u00bb css=\u00bb.vc_custom_1575194638225{background-color: #e5e5e5 !important;}\u00bb][vc_column width=\u00bb1\/2&#8243;][vc_single_image image=\u00bb6280&#8243; img_size=\u00bb880&#215;650&#8243; alignment=\u00bbcenter\u00bb css_animation=\u00bbnone\u00bb][\/vc_column][vc_column width=\u00bb1\/2&#8243;][vc_column_text css=\u00bb.vc_custom_1740488072644{padding-top: 10px !important;padding-right: 50px !important;padding-left: 15px !important;}\u00bb]<\/p>\n<h2 class=\"title30 font-bold text-uppercase poppins-font text-RIGHT\" style=\"text-align: left;\">CON MOLDES PARA BLOQUES PUEDE CONSTRUIR EN CUALQUIER LUGAR<\/h2>\n<h4><strong><span style=\"color: #ff0000;\">____<\/span><\/strong><\/h4>\n<p>&nbsp;<\/p>\n<p>El sistema de machihembrado ofrece flexibilidad, ya que las estructuras pueden modificarse o ampliarse f\u00e1cilmente quitando o moviendo los bloques.<br \/>\nNo se requiere mortero, lo que ahorra una cantidad considerable de cemento. Los bloques son como ladrillos de construcci\u00f3n, si no se colocan de forma correcta, no encajan.<\/p>\n<p>Los bloques de hormig\u00f3n se pueden colocar r\u00e1pida y f\u00e1cilmente, especialmente si se coloca un anclaje de elevaci\u00f3n en la parte superior de los bloques o si los bloques tienen ranuras para las cucharas o tenedores de la carretilla elevadora.<br \/>\nDurante el proceso de apilado, los bloques deben ser revisados para asegurarse de que no haya material extra\u00f1o que impida que las unidades encajen correctamente entre s\u00ed.<\/p>\n<p>Una estructura construida con estos bloques de hormig\u00f3n se puede ampliar o modificar f\u00e1cilmente en cualquier momento.<\/p>\n<p>Debido a su peso y a los salientes en la parte superior, estos bloques se pueden apilar sin aglutinantes.<\/p>\n<p>Los bloques de hormig\u00f3n se fabrican en f\u00e1brica y pueden instalarse r\u00e1pidamente en la obra en cualquier condici\u00f3n clim\u00e1tica.[\/vc_column_text][\/vc_column][\/vc_row][vc_row equal_height=\u00bbyes\u00bb][vc_column width=\u00bb1\/2&#8243; offset=\u00bbvc_col-xs-12&#8243;][vc_gallery type=\u00bbimage_grid\u00bb images=\u00bb6277,6278,6280,6279,13484,13455&#8243; img_size=\u00bb280&#215;200&#8243; onclick=\u00bb\u00bb css=\u00bb.vc_custom_1740990847719{padding-top: 25px !important;}\u00bb][\/vc_column][vc_column width=\u00bb1\/2&#8243;]\n<div class=\"wpcf7 no-js\" id=\"wpcf7-f7024-o1\" lang=\"en-US\" dir=\"ltr\" data-wpcf7-id=\"7024\">\n<div class=\"screen-reader-response\"><p role=\"status\" aria-live=\"polite\" aria-atomic=\"true\"><\/p> <ul><\/ul><\/div>\n<form action=\"\/es\/wp-json\/wp\/v2\/pages\/6715#wpcf7-f7024-o1\" method=\"post\" class=\"wpcf7-form init\" aria-label=\"Contact form\" novalidate=\"novalidate\" data-status=\"init\">\n<fieldset class=\"hidden-fields-container\"><input type=\"hidden\" name=\"_wpcf7\" value=\"7024\" \/><input type=\"hidden\" name=\"_wpcf7_version\" value=\"6.1.5\" \/><input type=\"hidden\" name=\"_wpcf7_locale\" value=\"en_US\" \/><input type=\"hidden\" name=\"_wpcf7_unit_tag\" value=\"wpcf7-f7024-o1\" \/><input type=\"hidden\" name=\"_wpcf7_container_post\" value=\"0\" \/><input type=\"hidden\" name=\"_wpcf7_posted_data_hash\" value=\"\" \/><input type=\"hidden\" name=\"_wpcf7_recaptcha_response\" value=\"\" \/>\n<\/fieldset>\n<div class=\"contact-form-page contact-form\">\n\t<h2 class=\"title18 font-bold text-uppercase rale-font\">Formulario de contacto\n\t<\/h2>\n\t<p class=\"contact-name\"><br \/>\n<span class=\"wpcf7-form-control-wrap\" data-name=\"your-name\"><input size=\"40\" maxlength=\"400\" class=\"wpcf7-form-control wpcf7-text wpcf7-validates-as-required border\" aria-required=\"true\" aria-invalid=\"false\" placeholder=\"Nombre*\" value=\"\" type=\"text\" name=\"your-name\" \/><\/span>\n\t<\/p>\n\t<p class=\"contact-email\"><br \/>\n<span class=\"wpcf7-form-control-wrap\" data-name=\"your-email\"><input size=\"40\" maxlength=\"400\" class=\"wpcf7-form-control wpcf7-email wpcf7-validates-as-required wpcf7-text wpcf7-validates-as-email border\" aria-required=\"true\" aria-invalid=\"false\" placeholder=\"Email*\" value=\"\" type=\"email\" name=\"your-email\" \/><\/span>\n\t<\/p>\n\t<p class=\"contact-message\"><br \/>\n<span class=\"wpcf7-form-control-wrap\" data-name=\"your-message\"><textarea cols=\"40\" rows=\"10\" maxlength=\"2000\" class=\"wpcf7-form-control wpcf7-textarea border\" aria-invalid=\"false\" placeholder=\"Texto*\" name=\"your-message\"><\/textarea><\/span>\n\t<\/p>\n\t<p>Al completar nuestro formulario de contacto, nos da su consentimiento para el procesamiento de sus datos personales de acuerdo con las disposiciones de <a href=\"https:\/\/www.blockmoulds.com\/es\/politica-de-privacidad-y-cookies\/\" target=\"_blank\">Declaraci\u00f3n de Privacidad (y Cookies)<\/a>\n\t<\/p>\n\t<p><span class=\"wpcf7-form-control-wrap\" data-name=\"checkbox-900\"><span class=\"wpcf7-form-control wpcf7-checkbox wpcf7-validates-as-required\"><span class=\"wpcf7-list-item first last\"><span class=\"wpcf7-list-item-label\">Estoy de acuerdo<\/span><input type=\"checkbox\" name=\"checkbox-900[]\" value=\"Estoy de acuerdo\" \/><\/span><\/span><\/span>\n\t<\/p>\n\n\t<p class=\"contact-submit\"><br \/>\n<input class=\"wpcf7-form-control wpcf7-submit has-spinner shop-button\" type=\"submit\" value=\"ENV\u00cdO\" \/>\n\t<\/p>\n<\/div><input type='hidden' class='wpcf7-pum' value='{\"closepopup\":false,\"closedelay\":0,\"openpopup\":false,\"openpopup_id\":0}' \/><div class=\"wpcf7-response-output\" aria-hidden=\"true\"><\/div>\n<\/form>\n<\/div>\n[\/vc_column][\/vc_row]<\/p>\n<\/div>","protected":false},"excerpt":{"rendered":"<p>[vc_row full_width=\u00bbstretch_row_content\u00bb full_height=\u00bbyes\u00bb equal_height=\u00bbyes\u00bb content_placement=\u00bbmiddle\u00bb][vc_column width=\u00bb1\/2&#8243;][vc_column_text css=\u00bb.vc_custom_1740487992985{padding-top: 20px !important;padding-right: 15px !important;padding-left: 50px !important;}\u00bb] VALLADO DE BLOQUES DE HORMIG\u00d3N: UNA FORMA EFICIENTE DE ESTABLECER L\u00cdMITES A BAJO COSTE ____ &nbsp; Tanto grandes como peque\u00f1as empresas utilizan los grandes bloques de hormig\u00f3n para la fabricaci\u00f3n de vallas temporales o permanentes, cercas y vallas de obra. Con los [&hellip;]<\/p>\n","protected":false},"author":2,"featured_media":0,"parent":6647,"menu_order":0,"comment_status":"closed","ping_status":"closed","template":"","meta":{"footnotes":""},"class_list":["post-6715","page","type-page","status-publish","hentry"],"yoast_head":"<!-- This site is optimized with the Yoast SEO plugin v27.5 - https:\/\/yoast.com\/product\/yoast-seo-wordpress\/ -->\n<title>Cercas hechas con bloques de hormig\u00f3n ensamblables - Block Moulds<\/title>\n<meta name=\"description\" content=\"Las cercas y vallas hechas de bloques de hormig\u00f3n son estructuras fuertes y duraderas que se pueden construir sin aglutinante.\" \/>\n<meta name=\"robots\" content=\"index, follow, max-snippet:-1, max-image-preview:large, max-video-preview:-1\" \/>\n<link rel=\"canonical\" href=\"https:\/\/www.blockmoulds.com\/es\/aplicaciones\/vallado\/\" \/>\n<meta property=\"og:locale\" content=\"es_ES\" \/>\n<meta property=\"og:type\" content=\"article\" \/>\n<meta property=\"og:title\" content=\"Cercas hechas con bloques de hormig\u00f3n ensamblables - Block Moulds\" \/>\n<meta property=\"og:description\" content=\"Las cercas y vallas hechas de bloques de hormig\u00f3n son estructuras fuertes y duraderas que se pueden construir sin aglutinante.\" \/>\n<meta property=\"og:url\" content=\"https:\/\/www.blockmoulds.com\/es\/aplicaciones\/vallado\/\" \/>\n<meta property=\"og:site_name\" content=\"Block Moulds\" \/>\n<meta property=\"article:modified_time\" content=\"2025-03-03T08:34:10+00:00\" \/>\n<meta name=\"twitter:card\" content=\"summary_large_image\" \/>\n<meta name=\"twitter:label1\" content=\"Tiempo de lectura\" \/>\n\t<meta name=\"twitter:data1\" content=\"2 minutos\" \/>\n<script type=\"application\/ld+json\" class=\"yoast-schema-graph\">{\"@context\":\"https:\\\/\\\/schema.org\",\"@graph\":[{\"@type\":\"WebPage\",\"@id\":\"https:\\\/\\\/www.blockmoulds.com\\\/es\\\/aplicaciones\\\/vallado\\\/\",\"url\":\"https:\\\/\\\/www.blockmoulds.com\\\/es\\\/aplicaciones\\\/vallado\\\/\",\"name\":\"Cercas hechas con bloques de hormig\u00f3n ensamblables - Block Moulds\",\"isPartOf\":{\"@id\":\"https:\\\/\\\/www.blockmoulds.com\\\/es\\\/#website\"},\"datePublished\":\"2019-06-11T19:30:33+00:00\",\"dateModified\":\"2025-03-03T08:34:10+00:00\",\"description\":\"Las cercas y vallas hechas de bloques de hormig\u00f3n son estructuras fuertes y duraderas que se pueden construir sin aglutinante.\",\"breadcrumb\":{\"@id\":\"https:\\\/\\\/www.blockmoulds.com\\\/es\\\/aplicaciones\\\/vallado\\\/#breadcrumb\"},\"inLanguage\":\"es\",\"potentialAction\":[{\"@type\":\"ReadAction\",\"target\":[\"https:\\\/\\\/www.blockmoulds.com\\\/es\\\/aplicaciones\\\/vallado\\\/\"]}]},{\"@type\":\"BreadcrumbList\",\"@id\":\"https:\\\/\\\/www.blockmoulds.com\\\/es\\\/aplicaciones\\\/vallado\\\/#breadcrumb\",\"itemListElement\":[{\"@type\":\"ListItem\",\"position\":1,\"name\":\"Home\",\"item\":\"https:\\\/\\\/www.blockmoulds.com\\\/es\\\/\"},{\"@type\":\"ListItem\",\"position\":2,\"name\":\"Aplicaciones\",\"item\":\"https:\\\/\\\/www.blockmoulds.com\\\/es\\\/aplicaciones\\\/\"},{\"@type\":\"ListItem\",\"position\":3,\"name\":\"Vallado\"}]},{\"@type\":\"WebSite\",\"@id\":\"https:\\\/\\\/www.blockmoulds.com\\\/es\\\/#website\",\"url\":\"https:\\\/\\\/www.blockmoulds.com\\\/es\\\/\",\"name\":\"Block Moulds\",\"description\":\"Benefits of modular construction\",\"potentialAction\":[{\"@type\":\"SearchAction\",\"target\":{\"@type\":\"EntryPoint\",\"urlTemplate\":\"https:\\\/\\\/www.blockmoulds.com\\\/es\\\/?s={search_term_string}\"},\"query-input\":{\"@type\":\"PropertyValueSpecification\",\"valueRequired\":true,\"valueName\":\"search_term_string\"}}],\"inLanguage\":\"es\"}]}<\/script>\n<!-- \/ Yoast SEO plugin. -->","yoast_head_json":{"title":"Cercas hechas con bloques de hormig\u00f3n ensamblables - Block Moulds","description":"Las cercas y vallas hechas de bloques de hormig\u00f3n son estructuras fuertes y duraderas que se pueden construir sin aglutinante.","robots":{"index":"index","follow":"follow","max-snippet":"max-snippet:-1","max-image-preview":"max-image-preview:large","max-video-preview":"max-video-preview:-1"},"canonical":"https:\/\/www.blockmoulds.com\/es\/aplicaciones\/vallado\/","og_locale":"es_ES","og_type":"article","og_title":"Cercas hechas con bloques de hormig\u00f3n ensamblables - Block Moulds","og_description":"Las cercas y vallas hechas de bloques de hormig\u00f3n son estructuras fuertes y duraderas que se pueden construir sin aglutinante.","og_url":"https:\/\/www.blockmoulds.com\/es\/aplicaciones\/vallado\/","og_site_name":"Block Moulds","article_modified_time":"2025-03-03T08:34:10+00:00","twitter_card":"summary_large_image","twitter_misc":{"Tiempo de lectura":"2 minutos"},"schema":{"@context":"https:\/\/schema.org","@graph":[{"@type":"WebPage","@id":"https:\/\/www.blockmoulds.com\/es\/aplicaciones\/vallado\/","url":"https:\/\/www.blockmoulds.com\/es\/aplicaciones\/vallado\/","name":"Cercas hechas con bloques de hormig\u00f3n ensamblables - Block Moulds","isPartOf":{"@id":"https:\/\/www.blockmoulds.com\/es\/#website"},"datePublished":"2019-06-11T19:30:33+00:00","dateModified":"2025-03-03T08:34:10+00:00","description":"Las cercas y vallas hechas de bloques de hormig\u00f3n son estructuras fuertes y duraderas que se pueden construir sin aglutinante.","breadcrumb":{"@id":"https:\/\/www.blockmoulds.com\/es\/aplicaciones\/vallado\/#breadcrumb"},"inLanguage":"es","potentialAction":[{"@type":"ReadAction","target":["https:\/\/www.blockmoulds.com\/es\/aplicaciones\/vallado\/"]}]},{"@type":"BreadcrumbList","@id":"https:\/\/www.blockmoulds.com\/es\/aplicaciones\/vallado\/#breadcrumb","itemListElement":[{"@type":"ListItem","position":1,"name":"Home","item":"https:\/\/www.blockmoulds.com\/es\/"},{"@type":"ListItem","position":2,"name":"Aplicaciones","item":"https:\/\/www.blockmoulds.com\/es\/aplicaciones\/"},{"@type":"ListItem","position":3,"name":"Vallado"}]},{"@type":"WebSite","@id":"https:\/\/www.blockmoulds.com\/es\/#website","url":"https:\/\/www.blockmoulds.com\/es\/","name":"Block Moulds","description":"Benefits of modular construction","potentialAction":[{"@type":"SearchAction","target":{"@type":"EntryPoint","urlTemplate":"https:\/\/www.blockmoulds.com\/es\/?s={search_term_string}"},"query-input":{"@type":"PropertyValueSpecification","valueRequired":true,"valueName":"search_term_string"}}],"inLanguage":"es"}]}},"_links":{"self":[{"href":"https:\/\/www.blockmoulds.com\/es\/wp-json\/wp\/v2\/pages\/6715","targetHints":{"allow":["GET"]}}],"collection":[{"href":"https:\/\/www.blockmoulds.com\/es\/wp-json\/wp\/v2\/pages"}],"about":[{"href":"https:\/\/www.blockmoulds.com\/es\/wp-json\/wp\/v2\/types\/page"}],"author":[{"embeddable":true,"href":"https:\/\/www.blockmoulds.com\/es\/wp-json\/wp\/v2\/users\/2"}],"replies":[{"embeddable":true,"href":"https:\/\/www.blockmoulds.com\/es\/wp-json\/wp\/v2\/comments?post=6715"}],"version-history":[{"count":3,"href":"https:\/\/www.blockmoulds.com\/es\/wp-json\/wp\/v2\/pages\/6715\/revisions"}],"predecessor-version":[{"id":22692,"href":"https:\/\/www.blockmoulds.com\/es\/wp-json\/wp\/v2\/pages\/6715\/revisions\/22692"}],"up":[{"embeddable":true,"href":"https:\/\/www.blockmoulds.com\/es\/wp-json\/wp\/v2\/pages\/6647"}],"wp:attachment":[{"href":"https:\/\/www.blockmoulds.com\/es\/wp-json\/wp\/v2\/media?parent=6715"}],"curies":[{"name":"wp","href":"https:\/\/api.w.org\/{rel}","templated":true}]}}