{"id":10544,"date":"2020-06-19T13:32:38","date_gmt":"2020-06-19T13:32:38","guid":{"rendered":"https:\/\/www.blockmoulds.com\/shop\/foot-block-insert-80x80\/"},"modified":"2020-07-10T08:38:48","modified_gmt":"2020-07-10T08:38:48","slug":"bloque-de-base-ancha-80x80","status":"publish","type":"product","link":"https:\/\/www.blockmoulds.com\/es\/shop\/bloque-de-base-ancha-80x80\/","title":{"rendered":"Bloque de base ancha 80&#215;80"},"content":{"rendered":"","protected":false},"excerpt":{"rendered":"<p>Los bloques de hormig\u00f3n producidos con este molde ofrecen la posibilidad de construir muros con una base m\u00e1s fuerte y estable en la superficie del suelo. Este tipo de bloque se utiliza en la primera hilera de bloques del muro para soportar m\u00e1s cargas.<\/p>\n<p>Otra ventaja es que ning\u00fan veh\u00edculo, como las palas escarbadoras, podr\u00e1 da\u00f1ar las paredes. A menudo se utilizan en la construcci\u00f3n de <a href=\"https:\/\/www.blockmoulds.com\/es\/aplicaciones\/muros-de-contencion\/\"><strong>muros de empuje<\/strong><\/a>\u00a0y para las separaciones de <a href=\"https:\/\/www.blockmoulds.com\/es\/aplicaciones\/zonas-de-almacenamiento\/\"><strong>las zonas de almacenamiento<\/strong><\/a>. \u00bfLe gustar\u00eda obtener bloques de hormig\u00f3n con la forma del pie de base en un solo lado? Pues coloque simplemente una de las dos piezas de inserci\u00f3n en el molde, en vez de dos, y produzca los bloques de hormig\u00f3n de una manera sencilla.<\/p>\n<p>Como todos ocurre con todas nuestras piezas intercambiables de molde, tambi\u00e9n este producto es f\u00e1cil de montar y desmontar en una estructura b\u00e1sica de moldes.<\/p>\n","protected":false},"featured_media":19718,"template":"","meta":[],"product_brand":[],"product_cat":[190],"product_tag":[],"class_list":{"0":"post-10544","1":"product","2":"type-product","3":"status-publish","4":"has-post-thumbnail","6":"product_cat-mould-inserts-es","8":"first","9":"instock","10":"taxable","11":"shipping-taxable","12":"purchasable","13":"product-type-simple"},"yoast_head":"<!-- This site is optimized with the Yoast SEO plugin v27.5 - https:\/\/yoast.com\/product\/yoast-seo-wordpress\/ -->\n<title>Bloque de base ancha 80x80 - Block Moulds<\/title>\n<meta name=\"robots\" content=\"index, follow, max-snippet:-1, max-image-preview:large, max-video-preview:-1\" \/>\n<link rel=\"canonical\" href=\"https:\/\/www.blockmoulds.com\/es\/shop\/bloque-de-base-ancha-80x80\/\" \/>\n<meta property=\"og:locale\" content=\"es_ES\" \/>\n<meta property=\"og:type\" content=\"article\" \/>\n<meta property=\"og:title\" content=\"Bloque de base ancha 80x80 - Block Moulds\" \/>\n<meta property=\"og:description\" content=\"Los bloques de hormig\u00f3n producidos con este molde ofrecen la posibilidad de construir muros con una base m\u00e1s fuerte y estable en la superficie del suelo. Este tipo de bloque se utiliza en la primera hilera de bloques del muro para soportar m\u00e1s cargas.  Otra ventaja es que ning\u00fan veh\u00edculo, como las palas escarbadoras, podr\u00e1 da\u00f1ar las paredes. A menudo se utilizan en la construcci\u00f3n de muros de empuje\u00a0y para las separaciones de las zonas de almacenamiento. \u00bfLe gustar\u00eda obtener bloques de hormig\u00f3n con la forma del pie de base en un solo lado? Pues coloque simplemente una de las dos piezas de inserci\u00f3n en el molde, en vez de dos, y produzca los bloques de hormig\u00f3n de una manera sencilla.  Como todos ocurre con todas nuestras piezas intercambiables de molde, tambi\u00e9n este producto es f\u00e1cil de montar y desmontar en una estructura b\u00e1sica de moldes.\" \/>\n<meta property=\"og:url\" content=\"https:\/\/www.blockmoulds.com\/es\/shop\/bloque-de-base-ancha-80x80\/\" \/>\n<meta property=\"og:site_name\" content=\"Block Moulds\" \/>\n<meta property=\"article:modified_time\" content=\"2020-07-10T08:38:48+00:00\" \/>\n<meta property=\"og:image\" content=\"https:\/\/www.blockmoulds.com\/wp-content\/uploads\/2020\/06\/FB-80-80.jpg\" \/>\n\t<meta property=\"og:image:width\" content=\"900\" \/>\n\t<meta property=\"og:image:height\" content=\"900\" \/>\n\t<meta property=\"og:image:type\" content=\"image\/jpeg\" \/>\n<meta name=\"twitter:card\" content=\"summary_large_image\" \/>\n<script type=\"application\/ld+json\" class=\"yoast-schema-graph\">{\"@context\":\"https:\\\/\\\/schema.org\",\"@graph\":[{\"@type\":\"WebPage\",\"@id\":\"https:\\\/\\\/www.blockmoulds.com\\\/es\\\/shop\\\/bloque-de-base-ancha-80x80\\\/\",\"url\":\"https:\\\/\\\/www.blockmoulds.com\\\/es\\\/shop\\\/bloque-de-base-ancha-80x80\\\/\",\"name\":\"Bloque de base ancha 80x80 - Block Moulds\",\"isPartOf\":{\"@id\":\"https:\\\/\\\/www.blockmoulds.com\\\/es\\\/#website\"},\"primaryImageOfPage\":{\"@id\":\"https:\\\/\\\/www.blockmoulds.com\\\/es\\\/shop\\\/bloque-de-base-ancha-80x80\\\/#primaryimage\"},\"image\":{\"@id\":\"https:\\\/\\\/www.blockmoulds.com\\\/es\\\/shop\\\/bloque-de-base-ancha-80x80\\\/#primaryimage\"},\"thumbnailUrl\":\"https:\\\/\\\/www.blockmoulds.com\\\/wp-content\\\/uploads\\\/2020\\\/06\\\/FB-80-80.jpg\",\"datePublished\":\"2020-06-19T13:32:38+00:00\",\"dateModified\":\"2020-07-10T08:38:48+00:00\",\"breadcrumb\":{\"@id\":\"https:\\\/\\\/www.blockmoulds.com\\\/es\\\/shop\\\/bloque-de-base-ancha-80x80\\\/#breadcrumb\"},\"inLanguage\":\"es\",\"potentialAction\":[{\"@type\":\"ReadAction\",\"target\":[\"https:\\\/\\\/www.blockmoulds.com\\\/es\\\/shop\\\/bloque-de-base-ancha-80x80\\\/\"]}]},{\"@type\":\"ImageObject\",\"inLanguage\":\"es\",\"@id\":\"https:\\\/\\\/www.blockmoulds.com\\\/es\\\/shop\\\/bloque-de-base-ancha-80x80\\\/#primaryimage\",\"url\":\"https:\\\/\\\/www.blockmoulds.com\\\/wp-content\\\/uploads\\\/2020\\\/06\\\/FB-80-80.jpg\",\"contentUrl\":\"https:\\\/\\\/www.blockmoulds.com\\\/wp-content\\\/uploads\\\/2020\\\/06\\\/FB-80-80.jpg\",\"width\":900,\"height\":900,\"caption\":\"mould insert for foot block \\\/ base block 80x80\"},{\"@type\":\"BreadcrumbList\",\"@id\":\"https:\\\/\\\/www.blockmoulds.com\\\/es\\\/shop\\\/bloque-de-base-ancha-80x80\\\/#breadcrumb\",\"itemListElement\":[{\"@type\":\"ListItem\",\"position\":1,\"name\":\"Home\",\"item\":\"https:\\\/\\\/www.blockmoulds.com\\\/es\\\/\"},{\"@type\":\"ListItem\",\"position\":2,\"name\":\"Tienda\",\"item\":\"https:\\\/\\\/www.blockmoulds.com\\\/es\\\/shop\\\/\"},{\"@type\":\"ListItem\",\"position\":3,\"name\":\"Bloque de base ancha 80&#215;80\"}]},{\"@type\":\"WebSite\",\"@id\":\"https:\\\/\\\/www.blockmoulds.com\\\/es\\\/#website\",\"url\":\"https:\\\/\\\/www.blockmoulds.com\\\/es\\\/\",\"name\":\"Block Moulds\",\"description\":\"Benefits of modular construction\",\"potentialAction\":[{\"@type\":\"SearchAction\",\"target\":{\"@type\":\"EntryPoint\",\"urlTemplate\":\"https:\\\/\\\/www.blockmoulds.com\\\/es\\\/?s={search_term_string}\"},\"query-input\":{\"@type\":\"PropertyValueSpecification\",\"valueRequired\":true,\"valueName\":\"search_term_string\"}}],\"inLanguage\":\"es\"}]}<\/script>\n<!-- \/ Yoast SEO plugin. -->","yoast_head_json":{"title":"Bloque de base ancha 80x80 - Block Moulds","robots":{"index":"index","follow":"follow","max-snippet":"max-snippet:-1","max-image-preview":"max-image-preview:large","max-video-preview":"max-video-preview:-1"},"canonical":"https:\/\/www.blockmoulds.com\/es\/shop\/bloque-de-base-ancha-80x80\/","og_locale":"es_ES","og_type":"article","og_title":"Bloque de base ancha 80x80 - Block Moulds","og_description":"Los bloques de hormig\u00f3n producidos con este molde ofrecen la posibilidad de construir muros con una base m\u00e1s fuerte y estable en la superficie del suelo. Este tipo de bloque se utiliza en la primera hilera de bloques del muro para soportar m\u00e1s cargas.  Otra ventaja es que ning\u00fan veh\u00edculo, como las palas escarbadoras, podr\u00e1 da\u00f1ar las paredes. A menudo se utilizan en la construcci\u00f3n de muros de empuje\u00a0y para las separaciones de las zonas de almacenamiento. \u00bfLe gustar\u00eda obtener bloques de hormig\u00f3n con la forma del pie de base en un solo lado? Pues coloque simplemente una de las dos piezas de inserci\u00f3n en el molde, en vez de dos, y produzca los bloques de hormig\u00f3n de una manera sencilla.  Como todos ocurre con todas nuestras piezas intercambiables de molde, tambi\u00e9n este producto es f\u00e1cil de montar y desmontar en una estructura b\u00e1sica de moldes.","og_url":"https:\/\/www.blockmoulds.com\/es\/shop\/bloque-de-base-ancha-80x80\/","og_site_name":"Block Moulds","article_modified_time":"2020-07-10T08:38:48+00:00","og_image":[{"width":900,"height":900,"url":"https:\/\/www.blockmoulds.com\/wp-content\/uploads\/2020\/06\/FB-80-80.jpg","type":"image\/jpeg"}],"twitter_card":"summary_large_image","schema":{"@context":"https:\/\/schema.org","@graph":[{"@type":"WebPage","@id":"https:\/\/www.blockmoulds.com\/es\/shop\/bloque-de-base-ancha-80x80\/","url":"https:\/\/www.blockmoulds.com\/es\/shop\/bloque-de-base-ancha-80x80\/","name":"Bloque de base ancha 80x80 - Block Moulds","isPartOf":{"@id":"https:\/\/www.blockmoulds.com\/es\/#website"},"primaryImageOfPage":{"@id":"https:\/\/www.blockmoulds.com\/es\/shop\/bloque-de-base-ancha-80x80\/#primaryimage"},"image":{"@id":"https:\/\/www.blockmoulds.com\/es\/shop\/bloque-de-base-ancha-80x80\/#primaryimage"},"thumbnailUrl":"https:\/\/www.blockmoulds.com\/wp-content\/uploads\/2020\/06\/FB-80-80.jpg","datePublished":"2020-06-19T13:32:38+00:00","dateModified":"2020-07-10T08:38:48+00:00","breadcrumb":{"@id":"https:\/\/www.blockmoulds.com\/es\/shop\/bloque-de-base-ancha-80x80\/#breadcrumb"},"inLanguage":"es","potentialAction":[{"@type":"ReadAction","target":["https:\/\/www.blockmoulds.com\/es\/shop\/bloque-de-base-ancha-80x80\/"]}]},{"@type":"ImageObject","inLanguage":"es","@id":"https:\/\/www.blockmoulds.com\/es\/shop\/bloque-de-base-ancha-80x80\/#primaryimage","url":"https:\/\/www.blockmoulds.com\/wp-content\/uploads\/2020\/06\/FB-80-80.jpg","contentUrl":"https:\/\/www.blockmoulds.com\/wp-content\/uploads\/2020\/06\/FB-80-80.jpg","width":900,"height":900,"caption":"mould insert for foot block \/ base block 80x80"},{"@type":"BreadcrumbList","@id":"https:\/\/www.blockmoulds.com\/es\/shop\/bloque-de-base-ancha-80x80\/#breadcrumb","itemListElement":[{"@type":"ListItem","position":1,"name":"Home","item":"https:\/\/www.blockmoulds.com\/es\/"},{"@type":"ListItem","position":2,"name":"Tienda","item":"https:\/\/www.blockmoulds.com\/es\/shop\/"},{"@type":"ListItem","position":3,"name":"Bloque de base ancha 80&#215;80"}]},{"@type":"WebSite","@id":"https:\/\/www.blockmoulds.com\/es\/#website","url":"https:\/\/www.blockmoulds.com\/es\/","name":"Block Moulds","description":"Benefits of modular construction","potentialAction":[{"@type":"SearchAction","target":{"@type":"EntryPoint","urlTemplate":"https:\/\/www.blockmoulds.com\/es\/?s={search_term_string}"},"query-input":{"@type":"PropertyValueSpecification","valueRequired":true,"valueName":"search_term_string"}}],"inLanguage":"es"}]}},"_links":{"self":[{"href":"https:\/\/www.blockmoulds.com\/es\/wp-json\/wp\/v2\/product\/10544","targetHints":{"allow":["GET"]}}],"collection":[{"href":"https:\/\/www.blockmoulds.com\/es\/wp-json\/wp\/v2\/product"}],"about":[{"href":"https:\/\/www.blockmoulds.com\/es\/wp-json\/wp\/v2\/types\/product"}],"wp:featuredmedia":[{"embeddable":true,"href":"https:\/\/www.blockmoulds.com\/es\/wp-json\/wp\/v2\/media\/19718"}],"wp:attachment":[{"href":"https:\/\/www.blockmoulds.com\/es\/wp-json\/wp\/v2\/media?parent=10544"}],"wp:term":[{"taxonomy":"product_brand","embeddable":true,"href":"https:\/\/www.blockmoulds.com\/es\/wp-json\/wp\/v2\/product_brand?post=10544"},{"taxonomy":"product_cat","embeddable":true,"href":"https:\/\/www.blockmoulds.com\/es\/wp-json\/wp\/v2\/product_cat?post=10544"},{"taxonomy":"product_tag","embeddable":true,"href":"https:\/\/www.blockmoulds.com\/es\/wp-json\/wp\/v2\/product_tag?post=10544"}],"curies":[{"name":"wp","href":"https:\/\/api.w.org\/{rel}","templated":true}]}}