{"id":12435,"date":"2021-10-11T19:23:32","date_gmt":"2021-10-11T19:23:32","guid":{"rendered":"https:\/\/www.blockmoulds.com\/shop\/concrete-slab-mould-200x200x14-2\/"},"modified":"2025-04-15T12:25:53","modified_gmt":"2025-04-15T12:25:53","slug":"molde-para-losa-de-hormigon-200x200x14","status":"publish","type":"product","link":"https:\/\/www.blockmoulds.com\/es\/shop\/molde-para-losa-de-hormigon-200x200x14\/","title":{"rendered":"Molde para losa de hormig\u00f3n 200x200x14"},"content":{"rendered":"","protected":false},"excerpt":{"rendered":"<p>Este molde es para la producci\u00f3n de losas de pavimentaci\u00f3n rectangulares de hormig\u00f3n. Las losas de hormig\u00f3n son unidades de pavimentaci\u00f3n perfectas para aplicaciones permanentes o temporales. Las placas de hormig\u00f3n se utilizan con frecuencia en el sector industrial y agr\u00edcola.<\/p>\n<p>La aplicaci\u00f3n se puede encontrar en <a href=\"https:\/\/www.blockmoulds.com\/es\/aplicaciones\/zonas-de-almacenamiento\/\"><strong>zonas de separaci\u00f3n de agregados<\/strong><\/a>, pisos industriales que est\u00e9n sin pavimentar, <a href=\"https:\/\/www.blockmoulds.com\/es\/aplicaciones\/silo-de-zanja\/\"><strong>almacenamiento a granel agr\u00edcola<\/strong><\/a> y otro almacenamiento de material a granel.<\/p>\n<p>Las resistentes losas de hormig\u00f3n soportan cargas de maquinaria pesada debido a las grandes dimensiones de la losa para repartir las cargas a las capas subyacentes de la superficie del suelo. El hormig\u00f3n asegura que la superficie sea siempre accesible.<\/p>\n<p>Las losas de hormig\u00f3n se utilizan a menudo en combinaci\u00f3n con los bloques de hormig\u00f3n para construir <a href=\"https:\/\/www.blockmoulds.com\/es\/aplicaciones\/muros-de-contencion-de-suelos\/\"><strong>muros de contenci\u00f3n<\/strong><\/a> y <a href=\"https:\/\/www.blockmoulds.com\/es\/aplicaciones\/vallado\/\"><strong>muros para limitar el terreno<\/strong><\/a>.<\/p>\n<p>La colocaci\u00f3n de las losas de hormig\u00f3n se puede realizar f\u00e1cilmente utilizando el equipo especial de elevaci\u00f3n para <a href=\"https:\/\/www.blockmoulds.com\/es\/shop\/elevacion-y-giro-de-losa-200x200\/\"><strong>girar y levantar<\/strong><\/a> dichas losas.<\/p>\n<p>Mediante la adici\u00f3n de los perfiles embebidos en el hormig\u00f3n las losas de hormig\u00f3n se pueden manejar f\u00e1cilmente. Las plaquitas embebidas en el hormig\u00f3n se utilizar\u00e1n al producir casa losa de hormig\u00f3n para crear en ella dos puntos de elevaci\u00f3n.<\/p>\n<p><a href=\"https:\/\/www.blockmoulds.com\/es\/shop\/cadena-de-2-brazos-para-losas\/\"><strong>La cadena, tambi\u00e9n disponible, de dos brazos<\/strong><\/a> se puede conectar directamente al yugo o viga de elevaci\u00f3n instalada en una carretilla elevadora. Los ganchos en el otro lado de la cadena de elevaci\u00f3n se instalar\u00e1n en las ranuras en la parte superior de la losa de hormig\u00f3n. Esto garantiza un m\u00e9todo de trabajo seguro para el personal y el lugar de trabajo y un f\u00e1cil manejo de las pesadas losas de hormig\u00f3n.<\/p>\n","protected":false},"featured_media":22053,"template":"","meta":[],"product_brand":[],"product_cat":[238],"product_tag":[],"class_list":{"0":"post-12435","1":"product","2":"type-product","3":"status-publish","4":"has-post-thumbnail","6":"product_cat-concrete-paving-slabs-es","8":"first","9":"instock","10":"taxable","11":"shipping-taxable","12":"purchasable","13":"product-type-simple"},"yoast_head":"<!-- This site is optimized with the Yoast SEO plugin v27.5 - https:\/\/yoast.com\/product\/yoast-seo-wordpress\/ -->\n<title>Molde para losa de hormig\u00f3n 200x200x14 - Block Moulds<\/title>\n<meta name=\"robots\" content=\"index, follow, max-snippet:-1, max-image-preview:large, max-video-preview:-1\" \/>\n<link rel=\"canonical\" href=\"https:\/\/www.blockmoulds.com\/es\/shop\/molde-para-losa-de-hormigon-200x200x14\/\" \/>\n<meta property=\"og:locale\" content=\"es_ES\" \/>\n<meta property=\"og:type\" content=\"article\" \/>\n<meta property=\"og:title\" content=\"Molde para losa de hormig\u00f3n 200x200x14 - Block Moulds\" \/>\n<meta property=\"og:description\" content=\"Este molde es para la producci\u00f3n de losas de pavimentaci\u00f3n rectangulares de hormig\u00f3n. Las losas de hormig\u00f3n son unidades de pavimentaci\u00f3n perfectas para aplicaciones permanentes o temporales. Las placas de hormig\u00f3n se utilizan con frecuencia en el sector industrial y agr\u00edcola.  La aplicaci\u00f3n se puede encontrar en zonas de separaci\u00f3n de agregados, pisos industriales que est\u00e9n sin pavimentar, almacenamiento a granel agr\u00edcola y otro almacenamiento de material a granel.  Las resistentes losas de hormig\u00f3n soportan cargas de maquinaria pesada debido a las grandes dimensiones de la losa para repartir las cargas a las capas subyacentes de la superficie del suelo. El hormig\u00f3n asegura que la superficie sea siempre accesible.  Las losas de hormig\u00f3n se utilizan a menudo en combinaci\u00f3n con los bloques de hormig\u00f3n para construir muros de contenci\u00f3n y muros para limitar el terreno.  La colocaci\u00f3n de las losas de hormig\u00f3n se puede realizar f\u00e1cilmente utilizando el equipo especial de elevaci\u00f3n para girar y levantar dichas losas.  Mediante la adici\u00f3n de los perfiles embebidos en el hormig\u00f3n las losas de hormig\u00f3n se pueden manejar f\u00e1cilmente. Las plaquitas embebidas en el hormig\u00f3n se utilizar\u00e1n al producir casa losa de hormig\u00f3n para crear en ella dos puntos de elevaci\u00f3n.  La cadena, tambi\u00e9n disponible, de dos brazos se puede conectar directamente al yugo o viga de elevaci\u00f3n instalada en una carretilla elevadora. Los ganchos en el otro lado de la cadena de elevaci\u00f3n se instalar\u00e1n en las ranuras en la parte superior de la losa de hormig\u00f3n. Esto garantiza un m\u00e9todo de trabajo seguro para el personal y el lugar de trabajo y un f\u00e1cil manejo de las pesadas losas de hormig\u00f3n.\" \/>\n<meta property=\"og:url\" content=\"https:\/\/www.blockmoulds.com\/es\/shop\/molde-para-losa-de-hormigon-200x200x14\/\" \/>\n<meta property=\"og:site_name\" content=\"Block Moulds\" \/>\n<meta property=\"article:modified_time\" content=\"2025-04-15T12:25:53+00:00\" \/>\n<meta property=\"og:image\" content=\"https:\/\/www.blockmoulds.com\/wp-content\/uploads\/2021\/10\/CS-200-200-14-4.webp\" \/>\n\t<meta property=\"og:image:width\" content=\"900\" \/>\n\t<meta property=\"og:image:height\" content=\"900\" \/>\n\t<meta property=\"og:image:type\" content=\"image\/jpeg\" \/>\n<meta name=\"twitter:card\" content=\"summary_large_image\" \/>\n<meta name=\"twitter:label1\" content=\"Tiempo de lectura\" \/>\n\t<meta name=\"twitter:data1\" content=\"1 minuto\" \/>\n<script type=\"application\/ld+json\" class=\"yoast-schema-graph\">{\"@context\":\"https:\\\/\\\/schema.org\",\"@graph\":[{\"@type\":\"WebPage\",\"@id\":\"https:\\\/\\\/www.blockmoulds.com\\\/es\\\/shop\\\/molde-para-losa-de-hormigon-200x200x14\\\/\",\"url\":\"https:\\\/\\\/www.blockmoulds.com\\\/es\\\/shop\\\/molde-para-losa-de-hormigon-200x200x14\\\/\",\"name\":\"Molde para losa de hormig\u00f3n 200x200x14 - Block Moulds\",\"isPartOf\":{\"@id\":\"https:\\\/\\\/www.blockmoulds.com\\\/es\\\/#website\"},\"primaryImageOfPage\":{\"@id\":\"https:\\\/\\\/www.blockmoulds.com\\\/es\\\/shop\\\/molde-para-losa-de-hormigon-200x200x14\\\/#primaryimage\"},\"image\":{\"@id\":\"https:\\\/\\\/www.blockmoulds.com\\\/es\\\/shop\\\/molde-para-losa-de-hormigon-200x200x14\\\/#primaryimage\"},\"thumbnailUrl\":\"https:\\\/\\\/www.blockmoulds.com\\\/wp-content\\\/uploads\\\/2021\\\/10\\\/CS-200-200-14-4.webp\",\"datePublished\":\"2021-10-11T19:23:32+00:00\",\"dateModified\":\"2025-04-15T12:25:53+00:00\",\"breadcrumb\":{\"@id\":\"https:\\\/\\\/www.blockmoulds.com\\\/es\\\/shop\\\/molde-para-losa-de-hormigon-200x200x14\\\/#breadcrumb\"},\"inLanguage\":\"es\",\"potentialAction\":[{\"@type\":\"ReadAction\",\"target\":[\"https:\\\/\\\/www.blockmoulds.com\\\/es\\\/shop\\\/molde-para-losa-de-hormigon-200x200x14\\\/\"]}]},{\"@type\":\"ImageObject\",\"inLanguage\":\"es\",\"@id\":\"https:\\\/\\\/www.blockmoulds.com\\\/es\\\/shop\\\/molde-para-losa-de-hormigon-200x200x14\\\/#primaryimage\",\"url\":\"https:\\\/\\\/www.blockmoulds.com\\\/wp-content\\\/uploads\\\/2021\\\/10\\\/CS-200-200-14-4.webp\",\"contentUrl\":\"https:\\\/\\\/www.blockmoulds.com\\\/wp-content\\\/uploads\\\/2021\\\/10\\\/CS-200-200-14-4.webp\",\"width\":900,\"height\":900,\"caption\":\"Molde de losas de hormig\u00f3n 200x200x14\"},{\"@type\":\"BreadcrumbList\",\"@id\":\"https:\\\/\\\/www.blockmoulds.com\\\/es\\\/shop\\\/molde-para-losa-de-hormigon-200x200x14\\\/#breadcrumb\",\"itemListElement\":[{\"@type\":\"ListItem\",\"position\":1,\"name\":\"Home\",\"item\":\"https:\\\/\\\/www.blockmoulds.com\\\/es\\\/\"},{\"@type\":\"ListItem\",\"position\":2,\"name\":\"Tienda\",\"item\":\"https:\\\/\\\/www.blockmoulds.com\\\/es\\\/shop\\\/\"},{\"@type\":\"ListItem\",\"position\":3,\"name\":\"Molde para losa de hormig\u00f3n 200x200x14\"}]},{\"@type\":\"WebSite\",\"@id\":\"https:\\\/\\\/www.blockmoulds.com\\\/es\\\/#website\",\"url\":\"https:\\\/\\\/www.blockmoulds.com\\\/es\\\/\",\"name\":\"Block Moulds\",\"description\":\"Benefits of modular construction\",\"potentialAction\":[{\"@type\":\"SearchAction\",\"target\":{\"@type\":\"EntryPoint\",\"urlTemplate\":\"https:\\\/\\\/www.blockmoulds.com\\\/es\\\/?s={search_term_string}\"},\"query-input\":{\"@type\":\"PropertyValueSpecification\",\"valueRequired\":true,\"valueName\":\"search_term_string\"}}],\"inLanguage\":\"es\"}]}<\/script>\n<!-- \/ Yoast SEO plugin. -->","yoast_head_json":{"title":"Molde para losa de hormig\u00f3n 200x200x14 - Block Moulds","robots":{"index":"index","follow":"follow","max-snippet":"max-snippet:-1","max-image-preview":"max-image-preview:large","max-video-preview":"max-video-preview:-1"},"canonical":"https:\/\/www.blockmoulds.com\/es\/shop\/molde-para-losa-de-hormigon-200x200x14\/","og_locale":"es_ES","og_type":"article","og_title":"Molde para losa de hormig\u00f3n 200x200x14 - Block Moulds","og_description":"Este molde es para la producci\u00f3n de losas de pavimentaci\u00f3n rectangulares de hormig\u00f3n. Las losas de hormig\u00f3n son unidades de pavimentaci\u00f3n perfectas para aplicaciones permanentes o temporales. Las placas de hormig\u00f3n se utilizan con frecuencia en el sector industrial y agr\u00edcola.  La aplicaci\u00f3n se puede encontrar en zonas de separaci\u00f3n de agregados, pisos industriales que est\u00e9n sin pavimentar, almacenamiento a granel agr\u00edcola y otro almacenamiento de material a granel.  Las resistentes losas de hormig\u00f3n soportan cargas de maquinaria pesada debido a las grandes dimensiones de la losa para repartir las cargas a las capas subyacentes de la superficie del suelo. El hormig\u00f3n asegura que la superficie sea siempre accesible.  Las losas de hormig\u00f3n se utilizan a menudo en combinaci\u00f3n con los bloques de hormig\u00f3n para construir muros de contenci\u00f3n y muros para limitar el terreno.  La colocaci\u00f3n de las losas de hormig\u00f3n se puede realizar f\u00e1cilmente utilizando el equipo especial de elevaci\u00f3n para girar y levantar dichas losas.  Mediante la adici\u00f3n de los perfiles embebidos en el hormig\u00f3n las losas de hormig\u00f3n se pueden manejar f\u00e1cilmente. Las plaquitas embebidas en el hormig\u00f3n se utilizar\u00e1n al producir casa losa de hormig\u00f3n para crear en ella dos puntos de elevaci\u00f3n.  La cadena, tambi\u00e9n disponible, de dos brazos se puede conectar directamente al yugo o viga de elevaci\u00f3n instalada en una carretilla elevadora. Los ganchos en el otro lado de la cadena de elevaci\u00f3n se instalar\u00e1n en las ranuras en la parte superior de la losa de hormig\u00f3n. Esto garantiza un m\u00e9todo de trabajo seguro para el personal y el lugar de trabajo y un f\u00e1cil manejo de las pesadas losas de hormig\u00f3n.","og_url":"https:\/\/www.blockmoulds.com\/es\/shop\/molde-para-losa-de-hormigon-200x200x14\/","og_site_name":"Block Moulds","article_modified_time":"2025-04-15T12:25:53+00:00","og_image":[{"width":900,"height":900,"url":"https:\/\/www.blockmoulds.com\/wp-content\/uploads\/2021\/10\/CS-200-200-14-4.webp","type":"image\/jpeg"}],"twitter_card":"summary_large_image","twitter_misc":{"Tiempo de lectura":"1 minuto"},"schema":{"@context":"https:\/\/schema.org","@graph":[{"@type":"WebPage","@id":"https:\/\/www.blockmoulds.com\/es\/shop\/molde-para-losa-de-hormigon-200x200x14\/","url":"https:\/\/www.blockmoulds.com\/es\/shop\/molde-para-losa-de-hormigon-200x200x14\/","name":"Molde para losa de hormig\u00f3n 200x200x14 - Block Moulds","isPartOf":{"@id":"https:\/\/www.blockmoulds.com\/es\/#website"},"primaryImageOfPage":{"@id":"https:\/\/www.blockmoulds.com\/es\/shop\/molde-para-losa-de-hormigon-200x200x14\/#primaryimage"},"image":{"@id":"https:\/\/www.blockmoulds.com\/es\/shop\/molde-para-losa-de-hormigon-200x200x14\/#primaryimage"},"thumbnailUrl":"https:\/\/www.blockmoulds.com\/wp-content\/uploads\/2021\/10\/CS-200-200-14-4.webp","datePublished":"2021-10-11T19:23:32+00:00","dateModified":"2025-04-15T12:25:53+00:00","breadcrumb":{"@id":"https:\/\/www.blockmoulds.com\/es\/shop\/molde-para-losa-de-hormigon-200x200x14\/#breadcrumb"},"inLanguage":"es","potentialAction":[{"@type":"ReadAction","target":["https:\/\/www.blockmoulds.com\/es\/shop\/molde-para-losa-de-hormigon-200x200x14\/"]}]},{"@type":"ImageObject","inLanguage":"es","@id":"https:\/\/www.blockmoulds.com\/es\/shop\/molde-para-losa-de-hormigon-200x200x14\/#primaryimage","url":"https:\/\/www.blockmoulds.com\/wp-content\/uploads\/2021\/10\/CS-200-200-14-4.webp","contentUrl":"https:\/\/www.blockmoulds.com\/wp-content\/uploads\/2021\/10\/CS-200-200-14-4.webp","width":900,"height":900,"caption":"Molde de losas de hormig\u00f3n 200x200x14"},{"@type":"BreadcrumbList","@id":"https:\/\/www.blockmoulds.com\/es\/shop\/molde-para-losa-de-hormigon-200x200x14\/#breadcrumb","itemListElement":[{"@type":"ListItem","position":1,"name":"Home","item":"https:\/\/www.blockmoulds.com\/es\/"},{"@type":"ListItem","position":2,"name":"Tienda","item":"https:\/\/www.blockmoulds.com\/es\/shop\/"},{"@type":"ListItem","position":3,"name":"Molde para losa de hormig\u00f3n 200x200x14"}]},{"@type":"WebSite","@id":"https:\/\/www.blockmoulds.com\/es\/#website","url":"https:\/\/www.blockmoulds.com\/es\/","name":"Block Moulds","description":"Benefits of modular construction","potentialAction":[{"@type":"SearchAction","target":{"@type":"EntryPoint","urlTemplate":"https:\/\/www.blockmoulds.com\/es\/?s={search_term_string}"},"query-input":{"@type":"PropertyValueSpecification","valueRequired":true,"valueName":"search_term_string"}}],"inLanguage":"es"}]}},"_links":{"self":[{"href":"https:\/\/www.blockmoulds.com\/es\/wp-json\/wp\/v2\/product\/12435","targetHints":{"allow":["GET"]}}],"collection":[{"href":"https:\/\/www.blockmoulds.com\/es\/wp-json\/wp\/v2\/product"}],"about":[{"href":"https:\/\/www.blockmoulds.com\/es\/wp-json\/wp\/v2\/types\/product"}],"wp:featuredmedia":[{"embeddable":true,"href":"https:\/\/www.blockmoulds.com\/es\/wp-json\/wp\/v2\/media\/22053"}],"wp:attachment":[{"href":"https:\/\/www.blockmoulds.com\/es\/wp-json\/wp\/v2\/media?parent=12435"}],"wp:term":[{"taxonomy":"product_brand","embeddable":true,"href":"https:\/\/www.blockmoulds.com\/es\/wp-json\/wp\/v2\/product_brand?post=12435"},{"taxonomy":"product_cat","embeddable":true,"href":"https:\/\/www.blockmoulds.com\/es\/wp-json\/wp\/v2\/product_cat?post=12435"},{"taxonomy":"product_tag","embeddable":true,"href":"https:\/\/www.blockmoulds.com\/es\/wp-json\/wp\/v2\/product_tag?post=12435"}],"curies":[{"name":"wp","href":"https:\/\/api.w.org\/{rel}","templated":true}]}}