{"id":12445,"date":"2021-10-11T18:53:24","date_gmt":"2021-10-11T18:53:24","guid":{"rendered":"https:\/\/www.blockmoulds.com\/shop\/concrete-slab-mould-200-100-14\/"},"modified":"2023-12-14T09:29:15","modified_gmt":"2023-12-14T09:29:15","slug":"molde-para-losa-de-hormigon-200-100-14","status":"publish","type":"product","link":"https:\/\/www.blockmoulds.com\/es\/shop\/molde-para-losa-de-hormigon-200-100-14\/","title":{"rendered":"Molde para losa de hormig\u00f3n 200x100x14"},"content":{"rendered":"","protected":false},"excerpt":{"rendered":"<p>Este molde es para la producci\u00f3n de losas rectangulares de hormig\u00f3n. Las losas de hormig\u00f3n son ideales para aplicaciones de pavimentaci\u00f3n temporales o permanentes. A menudo se utiliza en el sector industrial y agr\u00edcola.<\/p>\n<p>La aplicaci\u00f3n se puede encontrar en <a href=\"https:\/\/www.blockmoulds.com\/es\/aplicaciones\/zonas-de-almacenamiento\/\"><strong>las bah\u00edas de almacenamiento de materiales<\/strong><\/a>, silos bunker en situaciones sin asfaltado, <a href=\"https:\/\/www.blockmoulds.com\/es\/aplicaciones\/silo-de-zanja\/\"><strong>ensilados<\/strong><\/a> y almacenamiento de esti\u00e9rcol.<\/p>\n<p>Las losas de hormig\u00f3n son inmejorables y soportan grandes cargas de cargadores de ruedas o camiones debido a las grandes dimensiones de la losa para repartir las cargas a las capas subyacentes de la superficie del suelo. El hormig\u00f3n asegura que la superficie sea siempre accesible.<\/p>\n<p>Las losas de hormig\u00f3n se utilizan a menudo en combinaci\u00f3n con los bloques de hormig\u00f3n apilables para construir <a href=\"https:\/\/www.blockmoulds.com\/es\/aplicaciones\/muros-de-contencion-de-suelos\/\"><strong>muros de contenci\u00f3n<\/strong><\/a> y <a href=\"https:\/\/www.blockmoulds.com\/es\/aplicaciones\/vallado\/\"><strong>muros de separaci\u00f3n para zonas de almacenamiento<\/strong><\/a>.<\/p>\n<p>Las losas de hormig\u00f3n son f\u00e1ciles de instalar y mover aplicando <a href=\"https:\/\/www.blockmoulds.com\/es\/shop\/elevacion-y-giro-de-losa-200x200\/\"><strong>el equipo de elevaci\u00f3n especial para levantar y girar.<\/strong><\/a><\/p>\n<p>Al insertar dos perfiles en el hormig\u00f3n colado las losas de pavimentaci\u00f3n de hormig\u00f3n se pueden levantar f\u00e1cilmente. Estas plaquitas crean dos ranuras en la losa de hormig\u00f3n.<\/p>\n<p><a href=\"https:\/\/www.blockmoulds.com\/es\/shop\/cadena-de-2-brazos-para-losas\/\"><strong>La cadena de dos brazos<\/strong><\/a> puede ser f\u00e1cilmente conectada a la viga de elevaci\u00f3n de la carretilla elevadora y enganchada en la losa de hormig\u00f3n. La base para asegurar un m\u00e9todo de trabajo correcto y seguro para la manipulaci\u00f3n de las losas de hormig\u00f3n.<\/p>\n","protected":false},"featured_media":21968,"template":"","meta":[],"product_brand":[],"product_cat":[238],"product_tag":[],"class_list":{"0":"post-12445","1":"product","2":"type-product","3":"status-publish","4":"has-post-thumbnail","6":"product_cat-concrete-paving-slabs-es","8":"first","9":"instock","10":"taxable","11":"shipping-taxable","12":"purchasable","13":"product-type-simple"},"yoast_head":"<!-- This site is optimized with the Yoast SEO plugin v27.4 - https:\/\/yoast.com\/product\/yoast-seo-wordpress\/ -->\n<title>Molde para losa de hormig\u00f3n 200x100x14 - Block Moulds<\/title>\n<meta name=\"robots\" content=\"index, follow, max-snippet:-1, max-image-preview:large, max-video-preview:-1\" \/>\n<link rel=\"canonical\" href=\"https:\/\/www.blockmoulds.com\/es\/shop\/molde-para-losa-de-hormigon-200-100-14\/\" \/>\n<meta property=\"og:locale\" content=\"es_ES\" \/>\n<meta property=\"og:type\" content=\"article\" \/>\n<meta property=\"og:title\" content=\"Molde para losa de hormig\u00f3n 200x100x14 - Block Moulds\" \/>\n<meta property=\"og:description\" content=\"Este molde es para la producci\u00f3n de losas rectangulares de hormig\u00f3n. Las losas de hormig\u00f3n son ideales para aplicaciones de pavimentaci\u00f3n temporales o permanentes. A menudo se utiliza en el sector industrial y agr\u00edcola.  La aplicaci\u00f3n se puede encontrar en las bah\u00edas de almacenamiento de materiales, silos bunker en situaciones sin asfaltado, ensilados y almacenamiento de esti\u00e9rcol.  Las losas de hormig\u00f3n son inmejorables y soportan grandes cargas de cargadores de ruedas o camiones debido a las grandes dimensiones de la losa para repartir las cargas a las capas subyacentes de la superficie del suelo. El hormig\u00f3n asegura que la superficie sea siempre accesible.  Las losas de hormig\u00f3n se utilizan a menudo en combinaci\u00f3n con los bloques de hormig\u00f3n apilables para construir muros de contenci\u00f3n y muros de separaci\u00f3n para zonas de almacenamiento.  Las losas de hormig\u00f3n son f\u00e1ciles de instalar y mover aplicando el equipo de elevaci\u00f3n especial para levantar y girar.  Al insertar dos perfiles en el hormig\u00f3n colado las losas de pavimentaci\u00f3n de hormig\u00f3n se pueden levantar f\u00e1cilmente. Estas plaquitas crean dos ranuras en la losa de hormig\u00f3n.  La cadena de dos brazos puede ser f\u00e1cilmente conectada a la viga de elevaci\u00f3n de la carretilla elevadora y enganchada en la losa de hormig\u00f3n. La base para asegurar un m\u00e9todo de trabajo correcto y seguro para la manipulaci\u00f3n de las losas de hormig\u00f3n.\" \/>\n<meta property=\"og:url\" content=\"https:\/\/www.blockmoulds.com\/es\/shop\/molde-para-losa-de-hormigon-200-100-14\/\" \/>\n<meta property=\"og:site_name\" content=\"Block Moulds\" \/>\n<meta property=\"article:modified_time\" content=\"2023-12-14T09:29:15+00:00\" \/>\n<meta property=\"og:image\" content=\"https:\/\/www.blockmoulds.com\/wp-content\/uploads\/2021\/10\/CS-200-100-14-2.webp\" \/>\n\t<meta property=\"og:image:width\" content=\"900\" \/>\n\t<meta property=\"og:image:height\" content=\"900\" \/>\n\t<meta property=\"og:image:type\" content=\"image\/jpeg\" \/>\n<meta name=\"twitter:card\" content=\"summary_large_image\" \/>\n<meta name=\"twitter:label1\" content=\"Tiempo de lectura\" \/>\n\t<meta name=\"twitter:data1\" content=\"1 minuto\" \/>\n<script type=\"application\/ld+json\" class=\"yoast-schema-graph\">{\"@context\":\"https:\\\/\\\/schema.org\",\"@graph\":[{\"@type\":\"WebPage\",\"@id\":\"https:\\\/\\\/www.blockmoulds.com\\\/es\\\/shop\\\/molde-para-losa-de-hormigon-200-100-14\\\/\",\"url\":\"https:\\\/\\\/www.blockmoulds.com\\\/es\\\/shop\\\/molde-para-losa-de-hormigon-200-100-14\\\/\",\"name\":\"Molde para losa de hormig\u00f3n 200x100x14 - Block Moulds\",\"isPartOf\":{\"@id\":\"https:\\\/\\\/www.blockmoulds.com\\\/es\\\/#website\"},\"primaryImageOfPage\":{\"@id\":\"https:\\\/\\\/www.blockmoulds.com\\\/es\\\/shop\\\/molde-para-losa-de-hormigon-200-100-14\\\/#primaryimage\"},\"image\":{\"@id\":\"https:\\\/\\\/www.blockmoulds.com\\\/es\\\/shop\\\/molde-para-losa-de-hormigon-200-100-14\\\/#primaryimage\"},\"thumbnailUrl\":\"https:\\\/\\\/www.blockmoulds.com\\\/wp-content\\\/uploads\\\/2021\\\/10\\\/CS-200-100-14-2.webp\",\"datePublished\":\"2021-10-11T18:53:24+00:00\",\"dateModified\":\"2023-12-14T09:29:15+00:00\",\"breadcrumb\":{\"@id\":\"https:\\\/\\\/www.blockmoulds.com\\\/es\\\/shop\\\/molde-para-losa-de-hormigon-200-100-14\\\/#breadcrumb\"},\"inLanguage\":\"es\",\"potentialAction\":[{\"@type\":\"ReadAction\",\"target\":[\"https:\\\/\\\/www.blockmoulds.com\\\/es\\\/shop\\\/molde-para-losa-de-hormigon-200-100-14\\\/\"]}]},{\"@type\":\"ImageObject\",\"inLanguage\":\"es\",\"@id\":\"https:\\\/\\\/www.blockmoulds.com\\\/es\\\/shop\\\/molde-para-losa-de-hormigon-200-100-14\\\/#primaryimage\",\"url\":\"https:\\\/\\\/www.blockmoulds.com\\\/wp-content\\\/uploads\\\/2021\\\/10\\\/CS-200-100-14-2.webp\",\"contentUrl\":\"https:\\\/\\\/www.blockmoulds.com\\\/wp-content\\\/uploads\\\/2021\\\/10\\\/CS-200-100-14-2.webp\",\"width\":900,\"height\":900,\"caption\":\"molde para losas prefabricadas de hormig\u00f3n 200x100x14cm\"},{\"@type\":\"BreadcrumbList\",\"@id\":\"https:\\\/\\\/www.blockmoulds.com\\\/es\\\/shop\\\/molde-para-losa-de-hormigon-200-100-14\\\/#breadcrumb\",\"itemListElement\":[{\"@type\":\"ListItem\",\"position\":1,\"name\":\"Home\",\"item\":\"https:\\\/\\\/www.blockmoulds.com\\\/es\\\/\"},{\"@type\":\"ListItem\",\"position\":2,\"name\":\"Tienda\",\"item\":\"https:\\\/\\\/www.blockmoulds.com\\\/es\\\/shop\\\/\"},{\"@type\":\"ListItem\",\"position\":3,\"name\":\"Molde para losa de hormig\u00f3n 200x100x14\"}]},{\"@type\":\"WebSite\",\"@id\":\"https:\\\/\\\/www.blockmoulds.com\\\/es\\\/#website\",\"url\":\"https:\\\/\\\/www.blockmoulds.com\\\/es\\\/\",\"name\":\"Block Moulds\",\"description\":\"Benefits of modular construction\",\"potentialAction\":[{\"@type\":\"SearchAction\",\"target\":{\"@type\":\"EntryPoint\",\"urlTemplate\":\"https:\\\/\\\/www.blockmoulds.com\\\/es\\\/?s={search_term_string}\"},\"query-input\":{\"@type\":\"PropertyValueSpecification\",\"valueRequired\":true,\"valueName\":\"search_term_string\"}}],\"inLanguage\":\"es\"}]}<\/script>\n<!-- \/ Yoast SEO plugin. -->","yoast_head_json":{"title":"Molde para losa de hormig\u00f3n 200x100x14 - Block Moulds","robots":{"index":"index","follow":"follow","max-snippet":"max-snippet:-1","max-image-preview":"max-image-preview:large","max-video-preview":"max-video-preview:-1"},"canonical":"https:\/\/www.blockmoulds.com\/es\/shop\/molde-para-losa-de-hormigon-200-100-14\/","og_locale":"es_ES","og_type":"article","og_title":"Molde para losa de hormig\u00f3n 200x100x14 - Block Moulds","og_description":"Este molde es para la producci\u00f3n de losas rectangulares de hormig\u00f3n. Las losas de hormig\u00f3n son ideales para aplicaciones de pavimentaci\u00f3n temporales o permanentes. A menudo se utiliza en el sector industrial y agr\u00edcola.  La aplicaci\u00f3n se puede encontrar en las bah\u00edas de almacenamiento de materiales, silos bunker en situaciones sin asfaltado, ensilados y almacenamiento de esti\u00e9rcol.  Las losas de hormig\u00f3n son inmejorables y soportan grandes cargas de cargadores de ruedas o camiones debido a las grandes dimensiones de la losa para repartir las cargas a las capas subyacentes de la superficie del suelo. El hormig\u00f3n asegura que la superficie sea siempre accesible.  Las losas de hormig\u00f3n se utilizan a menudo en combinaci\u00f3n con los bloques de hormig\u00f3n apilables para construir muros de contenci\u00f3n y muros de separaci\u00f3n para zonas de almacenamiento.  Las losas de hormig\u00f3n son f\u00e1ciles de instalar y mover aplicando el equipo de elevaci\u00f3n especial para levantar y girar.  Al insertar dos perfiles en el hormig\u00f3n colado las losas de pavimentaci\u00f3n de hormig\u00f3n se pueden levantar f\u00e1cilmente. Estas plaquitas crean dos ranuras en la losa de hormig\u00f3n.  La cadena de dos brazos puede ser f\u00e1cilmente conectada a la viga de elevaci\u00f3n de la carretilla elevadora y enganchada en la losa de hormig\u00f3n. La base para asegurar un m\u00e9todo de trabajo correcto y seguro para la manipulaci\u00f3n de las losas de hormig\u00f3n.","og_url":"https:\/\/www.blockmoulds.com\/es\/shop\/molde-para-losa-de-hormigon-200-100-14\/","og_site_name":"Block Moulds","article_modified_time":"2023-12-14T09:29:15+00:00","og_image":[{"width":900,"height":900,"url":"https:\/\/www.blockmoulds.com\/wp-content\/uploads\/2021\/10\/CS-200-100-14-2.webp","type":"image\/jpeg"}],"twitter_card":"summary_large_image","twitter_misc":{"Tiempo de lectura":"1 minuto"},"schema":{"@context":"https:\/\/schema.org","@graph":[{"@type":"WebPage","@id":"https:\/\/www.blockmoulds.com\/es\/shop\/molde-para-losa-de-hormigon-200-100-14\/","url":"https:\/\/www.blockmoulds.com\/es\/shop\/molde-para-losa-de-hormigon-200-100-14\/","name":"Molde para losa de hormig\u00f3n 200x100x14 - Block Moulds","isPartOf":{"@id":"https:\/\/www.blockmoulds.com\/es\/#website"},"primaryImageOfPage":{"@id":"https:\/\/www.blockmoulds.com\/es\/shop\/molde-para-losa-de-hormigon-200-100-14\/#primaryimage"},"image":{"@id":"https:\/\/www.blockmoulds.com\/es\/shop\/molde-para-losa-de-hormigon-200-100-14\/#primaryimage"},"thumbnailUrl":"https:\/\/www.blockmoulds.com\/wp-content\/uploads\/2021\/10\/CS-200-100-14-2.webp","datePublished":"2021-10-11T18:53:24+00:00","dateModified":"2023-12-14T09:29:15+00:00","breadcrumb":{"@id":"https:\/\/www.blockmoulds.com\/es\/shop\/molde-para-losa-de-hormigon-200-100-14\/#breadcrumb"},"inLanguage":"es","potentialAction":[{"@type":"ReadAction","target":["https:\/\/www.blockmoulds.com\/es\/shop\/molde-para-losa-de-hormigon-200-100-14\/"]}]},{"@type":"ImageObject","inLanguage":"es","@id":"https:\/\/www.blockmoulds.com\/es\/shop\/molde-para-losa-de-hormigon-200-100-14\/#primaryimage","url":"https:\/\/www.blockmoulds.com\/wp-content\/uploads\/2021\/10\/CS-200-100-14-2.webp","contentUrl":"https:\/\/www.blockmoulds.com\/wp-content\/uploads\/2021\/10\/CS-200-100-14-2.webp","width":900,"height":900,"caption":"molde para losas prefabricadas de hormig\u00f3n 200x100x14cm"},{"@type":"BreadcrumbList","@id":"https:\/\/www.blockmoulds.com\/es\/shop\/molde-para-losa-de-hormigon-200-100-14\/#breadcrumb","itemListElement":[{"@type":"ListItem","position":1,"name":"Home","item":"https:\/\/www.blockmoulds.com\/es\/"},{"@type":"ListItem","position":2,"name":"Tienda","item":"https:\/\/www.blockmoulds.com\/es\/shop\/"},{"@type":"ListItem","position":3,"name":"Molde para losa de hormig\u00f3n 200x100x14"}]},{"@type":"WebSite","@id":"https:\/\/www.blockmoulds.com\/es\/#website","url":"https:\/\/www.blockmoulds.com\/es\/","name":"Block Moulds","description":"Benefits of modular construction","potentialAction":[{"@type":"SearchAction","target":{"@type":"EntryPoint","urlTemplate":"https:\/\/www.blockmoulds.com\/es\/?s={search_term_string}"},"query-input":{"@type":"PropertyValueSpecification","valueRequired":true,"valueName":"search_term_string"}}],"inLanguage":"es"}]}},"_links":{"self":[{"href":"https:\/\/www.blockmoulds.com\/es\/wp-json\/wp\/v2\/product\/12445","targetHints":{"allow":["GET"]}}],"collection":[{"href":"https:\/\/www.blockmoulds.com\/es\/wp-json\/wp\/v2\/product"}],"about":[{"href":"https:\/\/www.blockmoulds.com\/es\/wp-json\/wp\/v2\/types\/product"}],"wp:featuredmedia":[{"embeddable":true,"href":"https:\/\/www.blockmoulds.com\/es\/wp-json\/wp\/v2\/media\/21968"}],"wp:attachment":[{"href":"https:\/\/www.blockmoulds.com\/es\/wp-json\/wp\/v2\/media?parent=12445"}],"wp:term":[{"taxonomy":"product_brand","embeddable":true,"href":"https:\/\/www.blockmoulds.com\/es\/wp-json\/wp\/v2\/product_brand?post=12445"},{"taxonomy":"product_cat","embeddable":true,"href":"https:\/\/www.blockmoulds.com\/es\/wp-json\/wp\/v2\/product_cat?post=12445"},{"taxonomy":"product_tag","embeddable":true,"href":"https:\/\/www.blockmoulds.com\/es\/wp-json\/wp\/v2\/product_tag?post=12445"}],"curies":[{"name":"wp","href":"https:\/\/api.w.org\/{rel}","templated":true}]}}