{"id":13393,"date":"2022-10-14T16:27:23","date_gmt":"2022-10-14T16:27:23","guid":{"rendered":"https:\/\/www.blockmoulds.com\/shop\/block-scissor-clamp-600-300\/"},"modified":"2026-02-26T12:45:12","modified_gmt":"2026-02-26T12:45:12","slug":"abrazadera-de-tijera-de-bloque-600-300","status":"publish","type":"product","link":"https:\/\/www.blockmoulds.com\/es\/shop\/abrazadera-de-tijera-de-bloque-600-300\/","title":{"rendered":"Abrazadera de tijera de bloque 600-300"},"content":{"rendered":"","protected":false},"excerpt":{"rendered":"<p>Una abrazadera de bloque es como una abrazadera de tijera que se acciona de forma totalmente mec\u00e1nica mediante una gr\u00faa, una gr\u00faa de carga (hiab) o una carretilla elevadora sin que el conductor tenga que abandonar la seguridad de su cabina. El mecanismo de elevaci\u00f3n reduce al m\u00ednimo el balanceo del bloque de hormig\u00f3n y permite un posicionamiento preciso en los centros a 90\u02da.<\/p>\n<p>Las abrazaderas de bloque est\u00e1n equipadas con un mecanismo de bloqueo autom\u00e1tico. El sistema mantiene la abrazadera abierta entre los levantamientos, lo que permite un funcionamiento r\u00e1pido y f\u00e1cil en una sola persona. Esto mejora la eficiencia de carga y descarga, ahorrando dinero y tiempo.<\/p>\n<p>Este dispositivo de elevaci\u00f3n de bloques de hormig\u00f3n est\u00e1 equipado con almohadillas de goma intercambiables para reducir el riesgo de deslizamiento. Gracias a las almohadillas de goma blancas, tampoco dejan color en los bloques de hormig\u00f3n. Los <a href=\"https:\/\/www.blockmoulds.com\/es\/shop\/gomas-para-abrazadera-de-bloque\/\"><strong>perfiles de goma<\/strong><\/a> tambi\u00e9n est\u00e1n disponibles como piezas de recambio.<\/p>\n<p>Las abrazaderas de bloque se utilizan con gr\u00faas hiab o camiones gr\u00faa, gr\u00faas torre y carretillas elevadoras utilizando un <a href=\"https:\/\/www.blockmoulds.com\/es\/shop\/viga-de-elevacion-para-carretilla-elevadora-bidireccional\/\"><strong>yugo<\/strong><\/a>.<\/p>\n<p>La pinza de elevaci\u00f3n mec\u00e1nica puede agarrar bloques de hormig\u00f3n de <strong>60 cm a 30 cm<\/strong> de ancho. <strong>Capacidad (WLL): 3750 Kg<\/strong>.<\/p>\n<p>Para levantar bloques de 80 cm a 40 cm de ancho, disponemos de la <a href=\"https:\/\/www.blockmoulds.com\/es\/shop\/abrazadera-de-tijera-de-bloque-800-400\/\"><strong>BSC-W800-400<\/strong><\/a>.<\/p>\n","protected":false},"featured_media":13276,"template":"","meta":[],"product_brand":[],"product_cat":[237],"product_tag":[],"class_list":{"0":"post-13393","1":"product","2":"type-product","3":"status-publish","4":"has-post-thumbnail","6":"product_cat-lifting-accessories-es","8":"first","9":"instock","10":"taxable","11":"shipping-taxable","12":"purchasable","13":"product-type-simple"},"yoast_head":"<!-- This site is optimized with the Yoast SEO plugin v27.5 - https:\/\/yoast.com\/product\/yoast-seo-wordpress\/ -->\n<title>Abrazadera de tijera de bloque 600-300 - Block Moulds<\/title>\n<meta name=\"robots\" content=\"index, follow, max-snippet:-1, max-image-preview:large, max-video-preview:-1\" \/>\n<link rel=\"canonical\" href=\"https:\/\/www.blockmoulds.com\/es\/shop\/abrazadera-de-tijera-de-bloque-600-300\/\" \/>\n<meta property=\"og:locale\" content=\"es_ES\" \/>\n<meta property=\"og:type\" content=\"article\" \/>\n<meta property=\"og:title\" content=\"Abrazadera de tijera de bloque 600-300 - Block Moulds\" \/>\n<meta property=\"og:description\" content=\"Una abrazadera de bloque es como una abrazadera de tijera que se acciona de forma totalmente mec\u00e1nica mediante una gr\u00faa, una gr\u00faa de carga (hiab) o una carretilla elevadora sin que el conductor tenga que abandonar la seguridad de su cabina. El mecanismo de elevaci\u00f3n reduce al m\u00ednimo el balanceo del bloque de hormig\u00f3n y permite un posicionamiento preciso en los centros a 90\u02da.  Las abrazaderas de bloque est\u00e1n equipadas con un mecanismo de bloqueo autom\u00e1tico. El sistema mantiene la abrazadera abierta entre los levantamientos, lo que permite un funcionamiento r\u00e1pido y f\u00e1cil en una sola persona. Esto mejora la eficiencia de carga y descarga, ahorrando dinero y tiempo.  Este dispositivo de elevaci\u00f3n de bloques de hormig\u00f3n est\u00e1 equipado con almohadillas de goma intercambiables para reducir el riesgo de deslizamiento. Gracias a las almohadillas de goma blancas, tampoco dejan color en los bloques de hormig\u00f3n. Los perfiles de goma tambi\u00e9n est\u00e1n disponibles como piezas de recambio.  Las abrazaderas de bloque se utilizan con gr\u00faas hiab o camiones gr\u00faa, gr\u00faas torre y carretillas elevadoras utilizando un yugo.  La pinza de elevaci\u00f3n mec\u00e1nica puede agarrar bloques de hormig\u00f3n de 60 cm a 30 cm de ancho. Capacidad (WLL): 3750 Kg.  Para levantar bloques de 80 cm a 40 cm de ancho, disponemos de la BSC-W800-400.\" \/>\n<meta property=\"og:url\" content=\"https:\/\/www.blockmoulds.com\/es\/shop\/abrazadera-de-tijera-de-bloque-600-300\/\" \/>\n<meta property=\"og:site_name\" content=\"Block Moulds\" \/>\n<meta property=\"article:modified_time\" content=\"2026-02-26T12:45:12+00:00\" \/>\n<meta property=\"og:image\" content=\"https:\/\/www.blockmoulds.com\/wp-content\/uploads\/2022\/10\/BSC-W600-300_Block_Scissor_Clamp.jpg\" \/>\n\t<meta property=\"og:image:width\" content=\"900\" \/>\n\t<meta property=\"og:image:height\" content=\"900\" \/>\n\t<meta property=\"og:image:type\" content=\"image\/jpeg\" \/>\n<meta name=\"twitter:card\" content=\"summary_large_image\" \/>\n<meta name=\"twitter:label1\" content=\"Tiempo de lectura\" \/>\n\t<meta name=\"twitter:data1\" content=\"1 minuto\" \/>\n<script type=\"application\/ld+json\" class=\"yoast-schema-graph\">{\"@context\":\"https:\\\/\\\/schema.org\",\"@graph\":[{\"@type\":\"WebPage\",\"@id\":\"https:\\\/\\\/www.blockmoulds.com\\\/es\\\/shop\\\/abrazadera-de-tijera-de-bloque-600-300\\\/\",\"url\":\"https:\\\/\\\/www.blockmoulds.com\\\/es\\\/shop\\\/abrazadera-de-tijera-de-bloque-600-300\\\/\",\"name\":\"Abrazadera de tijera de bloque 600-300 - Block Moulds\",\"isPartOf\":{\"@id\":\"https:\\\/\\\/www.blockmoulds.com\\\/es\\\/#website\"},\"primaryImageOfPage\":{\"@id\":\"https:\\\/\\\/www.blockmoulds.com\\\/es\\\/shop\\\/abrazadera-de-tijera-de-bloque-600-300\\\/#primaryimage\"},\"image\":{\"@id\":\"https:\\\/\\\/www.blockmoulds.com\\\/es\\\/shop\\\/abrazadera-de-tijera-de-bloque-600-300\\\/#primaryimage\"},\"thumbnailUrl\":\"https:\\\/\\\/www.blockmoulds.com\\\/wp-content\\\/uploads\\\/2022\\\/10\\\/BSC-W600-300_Block_Scissor_Clamp.jpg\",\"datePublished\":\"2022-10-14T16:27:23+00:00\",\"dateModified\":\"2026-02-26T12:45:12+00:00\",\"breadcrumb\":{\"@id\":\"https:\\\/\\\/www.blockmoulds.com\\\/es\\\/shop\\\/abrazadera-de-tijera-de-bloque-600-300\\\/#breadcrumb\"},\"inLanguage\":\"es\",\"potentialAction\":[{\"@type\":\"ReadAction\",\"target\":[\"https:\\\/\\\/www.blockmoulds.com\\\/es\\\/shop\\\/abrazadera-de-tijera-de-bloque-600-300\\\/\"]}]},{\"@type\":\"ImageObject\",\"inLanguage\":\"es\",\"@id\":\"https:\\\/\\\/www.blockmoulds.com\\\/es\\\/shop\\\/abrazadera-de-tijera-de-bloque-600-300\\\/#primaryimage\",\"url\":\"https:\\\/\\\/www.blockmoulds.com\\\/wp-content\\\/uploads\\\/2022\\\/10\\\/BSC-W600-300_Block_Scissor_Clamp.jpg\",\"contentUrl\":\"https:\\\/\\\/www.blockmoulds.com\\\/wp-content\\\/uploads\\\/2022\\\/10\\\/BSC-W600-300_Block_Scissor_Clamp.jpg\",\"width\":900,\"height\":900,\"caption\":\"BSC-W600-300_Block_Scissor_Clamp\"},{\"@type\":\"BreadcrumbList\",\"@id\":\"https:\\\/\\\/www.blockmoulds.com\\\/es\\\/shop\\\/abrazadera-de-tijera-de-bloque-600-300\\\/#breadcrumb\",\"itemListElement\":[{\"@type\":\"ListItem\",\"position\":1,\"name\":\"Home\",\"item\":\"https:\\\/\\\/www.blockmoulds.com\\\/es\\\/\"},{\"@type\":\"ListItem\",\"position\":2,\"name\":\"Tienda\",\"item\":\"https:\\\/\\\/www.blockmoulds.com\\\/es\\\/shop\\\/\"},{\"@type\":\"ListItem\",\"position\":3,\"name\":\"Abrazadera de tijera de bloque 600-300\"}]},{\"@type\":\"WebSite\",\"@id\":\"https:\\\/\\\/www.blockmoulds.com\\\/es\\\/#website\",\"url\":\"https:\\\/\\\/www.blockmoulds.com\\\/es\\\/\",\"name\":\"Block Moulds\",\"description\":\"Benefits of modular construction\",\"potentialAction\":[{\"@type\":\"SearchAction\",\"target\":{\"@type\":\"EntryPoint\",\"urlTemplate\":\"https:\\\/\\\/www.blockmoulds.com\\\/es\\\/?s={search_term_string}\"},\"query-input\":{\"@type\":\"PropertyValueSpecification\",\"valueRequired\":true,\"valueName\":\"search_term_string\"}}],\"inLanguage\":\"es\"}]}<\/script>\n<!-- \/ Yoast SEO plugin. -->","yoast_head_json":{"title":"Abrazadera de tijera de bloque 600-300 - Block Moulds","robots":{"index":"index","follow":"follow","max-snippet":"max-snippet:-1","max-image-preview":"max-image-preview:large","max-video-preview":"max-video-preview:-1"},"canonical":"https:\/\/www.blockmoulds.com\/es\/shop\/abrazadera-de-tijera-de-bloque-600-300\/","og_locale":"es_ES","og_type":"article","og_title":"Abrazadera de tijera de bloque 600-300 - Block Moulds","og_description":"Una abrazadera de bloque es como una abrazadera de tijera que se acciona de forma totalmente mec\u00e1nica mediante una gr\u00faa, una gr\u00faa de carga (hiab) o una carretilla elevadora sin que el conductor tenga que abandonar la seguridad de su cabina. El mecanismo de elevaci\u00f3n reduce al m\u00ednimo el balanceo del bloque de hormig\u00f3n y permite un posicionamiento preciso en los centros a 90\u02da.  Las abrazaderas de bloque est\u00e1n equipadas con un mecanismo de bloqueo autom\u00e1tico. El sistema mantiene la abrazadera abierta entre los levantamientos, lo que permite un funcionamiento r\u00e1pido y f\u00e1cil en una sola persona. Esto mejora la eficiencia de carga y descarga, ahorrando dinero y tiempo.  Este dispositivo de elevaci\u00f3n de bloques de hormig\u00f3n est\u00e1 equipado con almohadillas de goma intercambiables para reducir el riesgo de deslizamiento. Gracias a las almohadillas de goma blancas, tampoco dejan color en los bloques de hormig\u00f3n. Los perfiles de goma tambi\u00e9n est\u00e1n disponibles como piezas de recambio.  Las abrazaderas de bloque se utilizan con gr\u00faas hiab o camiones gr\u00faa, gr\u00faas torre y carretillas elevadoras utilizando un yugo.  La pinza de elevaci\u00f3n mec\u00e1nica puede agarrar bloques de hormig\u00f3n de 60 cm a 30 cm de ancho. Capacidad (WLL): 3750 Kg.  Para levantar bloques de 80 cm a 40 cm de ancho, disponemos de la BSC-W800-400.","og_url":"https:\/\/www.blockmoulds.com\/es\/shop\/abrazadera-de-tijera-de-bloque-600-300\/","og_site_name":"Block Moulds","article_modified_time":"2026-02-26T12:45:12+00:00","og_image":[{"width":900,"height":900,"url":"https:\/\/www.blockmoulds.com\/wp-content\/uploads\/2022\/10\/BSC-W600-300_Block_Scissor_Clamp.jpg","type":"image\/jpeg"}],"twitter_card":"summary_large_image","twitter_misc":{"Tiempo de lectura":"1 minuto"},"schema":{"@context":"https:\/\/schema.org","@graph":[{"@type":"WebPage","@id":"https:\/\/www.blockmoulds.com\/es\/shop\/abrazadera-de-tijera-de-bloque-600-300\/","url":"https:\/\/www.blockmoulds.com\/es\/shop\/abrazadera-de-tijera-de-bloque-600-300\/","name":"Abrazadera de tijera de bloque 600-300 - Block Moulds","isPartOf":{"@id":"https:\/\/www.blockmoulds.com\/es\/#website"},"primaryImageOfPage":{"@id":"https:\/\/www.blockmoulds.com\/es\/shop\/abrazadera-de-tijera-de-bloque-600-300\/#primaryimage"},"image":{"@id":"https:\/\/www.blockmoulds.com\/es\/shop\/abrazadera-de-tijera-de-bloque-600-300\/#primaryimage"},"thumbnailUrl":"https:\/\/www.blockmoulds.com\/wp-content\/uploads\/2022\/10\/BSC-W600-300_Block_Scissor_Clamp.jpg","datePublished":"2022-10-14T16:27:23+00:00","dateModified":"2026-02-26T12:45:12+00:00","breadcrumb":{"@id":"https:\/\/www.blockmoulds.com\/es\/shop\/abrazadera-de-tijera-de-bloque-600-300\/#breadcrumb"},"inLanguage":"es","potentialAction":[{"@type":"ReadAction","target":["https:\/\/www.blockmoulds.com\/es\/shop\/abrazadera-de-tijera-de-bloque-600-300\/"]}]},{"@type":"ImageObject","inLanguage":"es","@id":"https:\/\/www.blockmoulds.com\/es\/shop\/abrazadera-de-tijera-de-bloque-600-300\/#primaryimage","url":"https:\/\/www.blockmoulds.com\/wp-content\/uploads\/2022\/10\/BSC-W600-300_Block_Scissor_Clamp.jpg","contentUrl":"https:\/\/www.blockmoulds.com\/wp-content\/uploads\/2022\/10\/BSC-W600-300_Block_Scissor_Clamp.jpg","width":900,"height":900,"caption":"BSC-W600-300_Block_Scissor_Clamp"},{"@type":"BreadcrumbList","@id":"https:\/\/www.blockmoulds.com\/es\/shop\/abrazadera-de-tijera-de-bloque-600-300\/#breadcrumb","itemListElement":[{"@type":"ListItem","position":1,"name":"Home","item":"https:\/\/www.blockmoulds.com\/es\/"},{"@type":"ListItem","position":2,"name":"Tienda","item":"https:\/\/www.blockmoulds.com\/es\/shop\/"},{"@type":"ListItem","position":3,"name":"Abrazadera de tijera de bloque 600-300"}]},{"@type":"WebSite","@id":"https:\/\/www.blockmoulds.com\/es\/#website","url":"https:\/\/www.blockmoulds.com\/es\/","name":"Block Moulds","description":"Benefits of modular construction","potentialAction":[{"@type":"SearchAction","target":{"@type":"EntryPoint","urlTemplate":"https:\/\/www.blockmoulds.com\/es\/?s={search_term_string}"},"query-input":{"@type":"PropertyValueSpecification","valueRequired":true,"valueName":"search_term_string"}}],"inLanguage":"es"}]}},"_links":{"self":[{"href":"https:\/\/www.blockmoulds.com\/es\/wp-json\/wp\/v2\/product\/13393","targetHints":{"allow":["GET"]}}],"collection":[{"href":"https:\/\/www.blockmoulds.com\/es\/wp-json\/wp\/v2\/product"}],"about":[{"href":"https:\/\/www.blockmoulds.com\/es\/wp-json\/wp\/v2\/types\/product"}],"wp:featuredmedia":[{"embeddable":true,"href":"https:\/\/www.blockmoulds.com\/es\/wp-json\/wp\/v2\/media\/13276"}],"wp:attachment":[{"href":"https:\/\/www.blockmoulds.com\/es\/wp-json\/wp\/v2\/media?parent=13393"}],"wp:term":[{"taxonomy":"product_brand","embeddable":true,"href":"https:\/\/www.blockmoulds.com\/es\/wp-json\/wp\/v2\/product_brand?post=13393"},{"taxonomy":"product_cat","embeddable":true,"href":"https:\/\/www.blockmoulds.com\/es\/wp-json\/wp\/v2\/product_cat?post=13393"},{"taxonomy":"product_tag","embeddable":true,"href":"https:\/\/www.blockmoulds.com\/es\/wp-json\/wp\/v2\/product_tag?post=13393"}],"curies":[{"name":"wp","href":"https:\/\/api.w.org\/{rel}","templated":true}]}}