{"id":25059,"date":"2026-04-22T13:12:34","date_gmt":"2026-04-22T13:12:34","guid":{"rendered":"https:\/\/www.blockmoulds.com\/shop\/closing-tool\/"},"modified":"2026-04-23T06:58:03","modified_gmt":"2026-04-23T06:58:03","slug":"herramienta-de-cierre","status":"publish","type":"product","link":"https:\/\/www.blockmoulds.com\/es\/shop\/herramienta-de-cierre\/","title":{"rendered":"Herramienta de cierre para moldes de hormig\u00f3n"},"content":{"rendered":"","protected":false},"excerpt":{"rendered":"<p>Esta herramienta de cierre est\u00e1 especialmente dise\u00f1ada para facilitar a\u00fan m\u00e1s el cierre de <a href=\"https:\/\/www.blockmoulds.com\/es\/shop\/?product_cat=block-moulds-es\"><strong>moldes para bloques de hormig\u00f3n<\/strong><\/a>. Con esta herramienta, puede mover sin esfuerzo las dos partes separadas en forma de L del molde para bloque de hormig\u00f3n una hacia la otra y cerrar completamente y de forma sencilla las piezas de esquina. Una vez que las piezas de esquina est\u00e9n completamente unidas, deben asegurarse insertando <a href=\"https:\/\/www.blockmoulds.com\/es\/shop\/cunas\/\"><strong>las cu\u00f1as<\/strong><\/a>.<\/p>\n<p>Esta herramienta de cierre est\u00e1 fabricada en acero robusto y galvanizada en caliente para ofrecer una protecci\u00f3n superior contra la corrosi\u00f3n y otras influencias externas.<\/p>\n<p>Gracias a nuestra experiencia y a muchos a\u00f1os de experiencia de los usuarios, desarrollamos productos basados en tecnolog\u00eda probada.<\/p>\n","protected":false},"featured_media":25042,"template":"","meta":[],"product_brand":[],"product_cat":[237],"product_tag":[],"class_list":{"0":"post-25059","1":"product","2":"type-product","3":"status-publish","4":"has-post-thumbnail","6":"product_cat-lifting-accessories-es","8":"first","9":"instock","10":"taxable","11":"shipping-taxable","12":"purchasable","13":"product-type-simple"},"yoast_head":"<!-- This site is optimized with the Yoast SEO plugin v27.4 - https:\/\/yoast.com\/product\/yoast-seo-wordpress\/ -->\n<title>Herramienta de cierre para moldes de hormig\u00f3n - Block Moulds<\/title>\n<meta name=\"robots\" content=\"index, follow, max-snippet:-1, max-image-preview:large, max-video-preview:-1\" \/>\n<link rel=\"canonical\" href=\"https:\/\/www.blockmoulds.com\/es\/shop\/herramienta-de-cierre\/\" \/>\n<meta property=\"og:locale\" content=\"es_ES\" \/>\n<meta property=\"og:type\" content=\"article\" \/>\n<meta property=\"og:title\" content=\"Herramienta de cierre para moldes de hormig\u00f3n - Block Moulds\" \/>\n<meta property=\"og:description\" content=\"Esta herramienta de cierre est\u00e1 especialmente dise\u00f1ada para facilitar a\u00fan m\u00e1s el cierre de moldes para bloques de hormig\u00f3n. Con esta herramienta, puede mover sin esfuerzo las dos partes separadas en forma de L del molde para bloque de hormig\u00f3n una hacia la otra y cerrar completamente y de forma sencilla las piezas de esquina. Una vez que las piezas de esquina est\u00e9n completamente unidas, deben asegurarse insertando las cu\u00f1as.  Esta herramienta de cierre est\u00e1 fabricada en acero robusto y galvanizada en caliente para ofrecer una protecci\u00f3n superior contra la corrosi\u00f3n y otras influencias externas.  Gracias a nuestra experiencia y a muchos a\u00f1os de experiencia de los usuarios, desarrollamos productos basados en tecnolog\u00eda probada.\" \/>\n<meta property=\"og:url\" content=\"https:\/\/www.blockmoulds.com\/es\/shop\/herramienta-de-cierre\/\" \/>\n<meta property=\"og:site_name\" content=\"Block Moulds\" \/>\n<meta property=\"article:modified_time\" content=\"2026-04-23T06:58:03+00:00\" \/>\n<meta property=\"og:image\" content=\"https:\/\/www.blockmoulds.com\/wp-content\/uploads\/2026\/04\/mould-closer.jpg\" \/>\n\t<meta property=\"og:image:width\" content=\"900\" \/>\n\t<meta property=\"og:image:height\" content=\"900\" \/>\n\t<meta property=\"og:image:type\" content=\"image\/jpeg\" \/>\n<meta name=\"twitter:card\" content=\"summary_large_image\" \/>\n<meta name=\"twitter:label1\" content=\"Tiempo de lectura\" \/>\n\t<meta name=\"twitter:data1\" content=\"1 minuto\" \/>\n<script type=\"application\/ld+json\" class=\"yoast-schema-graph\">{\"@context\":\"https:\\\/\\\/schema.org\",\"@graph\":[{\"@type\":\"WebPage\",\"@id\":\"https:\\\/\\\/www.blockmoulds.com\\\/es\\\/shop\\\/herramienta-de-cierre\\\/\",\"url\":\"https:\\\/\\\/www.blockmoulds.com\\\/es\\\/shop\\\/herramienta-de-cierre\\\/\",\"name\":\"Herramienta de cierre para moldes de hormig\u00f3n - Block Moulds\",\"isPartOf\":{\"@id\":\"https:\\\/\\\/www.blockmoulds.com\\\/es\\\/#website\"},\"primaryImageOfPage\":{\"@id\":\"https:\\\/\\\/www.blockmoulds.com\\\/es\\\/shop\\\/herramienta-de-cierre\\\/#primaryimage\"},\"image\":{\"@id\":\"https:\\\/\\\/www.blockmoulds.com\\\/es\\\/shop\\\/herramienta-de-cierre\\\/#primaryimage\"},\"thumbnailUrl\":\"https:\\\/\\\/www.blockmoulds.com\\\/wp-content\\\/uploads\\\/2026\\\/04\\\/mould-closer.jpg\",\"datePublished\":\"2026-04-22T13:12:34+00:00\",\"dateModified\":\"2026-04-23T06:58:03+00:00\",\"breadcrumb\":{\"@id\":\"https:\\\/\\\/www.blockmoulds.com\\\/es\\\/shop\\\/herramienta-de-cierre\\\/#breadcrumb\"},\"inLanguage\":\"es\",\"potentialAction\":[{\"@type\":\"ReadAction\",\"target\":[\"https:\\\/\\\/www.blockmoulds.com\\\/es\\\/shop\\\/herramienta-de-cierre\\\/\"]}]},{\"@type\":\"ImageObject\",\"inLanguage\":\"es\",\"@id\":\"https:\\\/\\\/www.blockmoulds.com\\\/es\\\/shop\\\/herramienta-de-cierre\\\/#primaryimage\",\"url\":\"https:\\\/\\\/www.blockmoulds.com\\\/wp-content\\\/uploads\\\/2026\\\/04\\\/mould-closer.jpg\",\"contentUrl\":\"https:\\\/\\\/www.blockmoulds.com\\\/wp-content\\\/uploads\\\/2026\\\/04\\\/mould-closer.jpg\",\"width\":900,\"height\":900,\"caption\":\"mould closer\"},{\"@type\":\"BreadcrumbList\",\"@id\":\"https:\\\/\\\/www.blockmoulds.com\\\/es\\\/shop\\\/herramienta-de-cierre\\\/#breadcrumb\",\"itemListElement\":[{\"@type\":\"ListItem\",\"position\":1,\"name\":\"Home\",\"item\":\"https:\\\/\\\/www.blockmoulds.com\\\/es\\\/\"},{\"@type\":\"ListItem\",\"position\":2,\"name\":\"Tienda\",\"item\":\"https:\\\/\\\/www.blockmoulds.com\\\/es\\\/shop\\\/\"},{\"@type\":\"ListItem\",\"position\":3,\"name\":\"Herramienta de cierre para moldes de hormig\u00f3n\"}]},{\"@type\":\"WebSite\",\"@id\":\"https:\\\/\\\/www.blockmoulds.com\\\/es\\\/#website\",\"url\":\"https:\\\/\\\/www.blockmoulds.com\\\/es\\\/\",\"name\":\"Block Moulds\",\"description\":\"Benefits of modular construction\",\"potentialAction\":[{\"@type\":\"SearchAction\",\"target\":{\"@type\":\"EntryPoint\",\"urlTemplate\":\"https:\\\/\\\/www.blockmoulds.com\\\/es\\\/?s={search_term_string}\"},\"query-input\":{\"@type\":\"PropertyValueSpecification\",\"valueRequired\":true,\"valueName\":\"search_term_string\"}}],\"inLanguage\":\"es\"}]}<\/script>\n<!-- \/ Yoast SEO plugin. -->","yoast_head_json":{"title":"Herramienta de cierre para moldes de hormig\u00f3n - Block Moulds","robots":{"index":"index","follow":"follow","max-snippet":"max-snippet:-1","max-image-preview":"max-image-preview:large","max-video-preview":"max-video-preview:-1"},"canonical":"https:\/\/www.blockmoulds.com\/es\/shop\/herramienta-de-cierre\/","og_locale":"es_ES","og_type":"article","og_title":"Herramienta de cierre para moldes de hormig\u00f3n - Block Moulds","og_description":"Esta herramienta de cierre est\u00e1 especialmente dise\u00f1ada para facilitar a\u00fan m\u00e1s el cierre de moldes para bloques de hormig\u00f3n. Con esta herramienta, puede mover sin esfuerzo las dos partes separadas en forma de L del molde para bloque de hormig\u00f3n una hacia la otra y cerrar completamente y de forma sencilla las piezas de esquina. Una vez que las piezas de esquina est\u00e9n completamente unidas, deben asegurarse insertando las cu\u00f1as.  Esta herramienta de cierre est\u00e1 fabricada en acero robusto y galvanizada en caliente para ofrecer una protecci\u00f3n superior contra la corrosi\u00f3n y otras influencias externas.  Gracias a nuestra experiencia y a muchos a\u00f1os de experiencia de los usuarios, desarrollamos productos basados en tecnolog\u00eda probada.","og_url":"https:\/\/www.blockmoulds.com\/es\/shop\/herramienta-de-cierre\/","og_site_name":"Block Moulds","article_modified_time":"2026-04-23T06:58:03+00:00","og_image":[{"width":900,"height":900,"url":"https:\/\/www.blockmoulds.com\/wp-content\/uploads\/2026\/04\/mould-closer.jpg","type":"image\/jpeg"}],"twitter_card":"summary_large_image","twitter_misc":{"Tiempo de lectura":"1 minuto"},"schema":{"@context":"https:\/\/schema.org","@graph":[{"@type":"WebPage","@id":"https:\/\/www.blockmoulds.com\/es\/shop\/herramienta-de-cierre\/","url":"https:\/\/www.blockmoulds.com\/es\/shop\/herramienta-de-cierre\/","name":"Herramienta de cierre para moldes de hormig\u00f3n - Block Moulds","isPartOf":{"@id":"https:\/\/www.blockmoulds.com\/es\/#website"},"primaryImageOfPage":{"@id":"https:\/\/www.blockmoulds.com\/es\/shop\/herramienta-de-cierre\/#primaryimage"},"image":{"@id":"https:\/\/www.blockmoulds.com\/es\/shop\/herramienta-de-cierre\/#primaryimage"},"thumbnailUrl":"https:\/\/www.blockmoulds.com\/wp-content\/uploads\/2026\/04\/mould-closer.jpg","datePublished":"2026-04-22T13:12:34+00:00","dateModified":"2026-04-23T06:58:03+00:00","breadcrumb":{"@id":"https:\/\/www.blockmoulds.com\/es\/shop\/herramienta-de-cierre\/#breadcrumb"},"inLanguage":"es","potentialAction":[{"@type":"ReadAction","target":["https:\/\/www.blockmoulds.com\/es\/shop\/herramienta-de-cierre\/"]}]},{"@type":"ImageObject","inLanguage":"es","@id":"https:\/\/www.blockmoulds.com\/es\/shop\/herramienta-de-cierre\/#primaryimage","url":"https:\/\/www.blockmoulds.com\/wp-content\/uploads\/2026\/04\/mould-closer.jpg","contentUrl":"https:\/\/www.blockmoulds.com\/wp-content\/uploads\/2026\/04\/mould-closer.jpg","width":900,"height":900,"caption":"mould closer"},{"@type":"BreadcrumbList","@id":"https:\/\/www.blockmoulds.com\/es\/shop\/herramienta-de-cierre\/#breadcrumb","itemListElement":[{"@type":"ListItem","position":1,"name":"Home","item":"https:\/\/www.blockmoulds.com\/es\/"},{"@type":"ListItem","position":2,"name":"Tienda","item":"https:\/\/www.blockmoulds.com\/es\/shop\/"},{"@type":"ListItem","position":3,"name":"Herramienta de cierre para moldes de hormig\u00f3n"}]},{"@type":"WebSite","@id":"https:\/\/www.blockmoulds.com\/es\/#website","url":"https:\/\/www.blockmoulds.com\/es\/","name":"Block Moulds","description":"Benefits of modular construction","potentialAction":[{"@type":"SearchAction","target":{"@type":"EntryPoint","urlTemplate":"https:\/\/www.blockmoulds.com\/es\/?s={search_term_string}"},"query-input":{"@type":"PropertyValueSpecification","valueRequired":true,"valueName":"search_term_string"}}],"inLanguage":"es"}]}},"_links":{"self":[{"href":"https:\/\/www.blockmoulds.com\/es\/wp-json\/wp\/v2\/product\/25059","targetHints":{"allow":["GET"]}}],"collection":[{"href":"https:\/\/www.blockmoulds.com\/es\/wp-json\/wp\/v2\/product"}],"about":[{"href":"https:\/\/www.blockmoulds.com\/es\/wp-json\/wp\/v2\/types\/product"}],"wp:featuredmedia":[{"embeddable":true,"href":"https:\/\/www.blockmoulds.com\/es\/wp-json\/wp\/v2\/media\/25042"}],"wp:attachment":[{"href":"https:\/\/www.blockmoulds.com\/es\/wp-json\/wp\/v2\/media?parent=25059"}],"wp:term":[{"taxonomy":"product_brand","embeddable":true,"href":"https:\/\/www.blockmoulds.com\/es\/wp-json\/wp\/v2\/product_brand?post=25059"},{"taxonomy":"product_cat","embeddable":true,"href":"https:\/\/www.blockmoulds.com\/es\/wp-json\/wp\/v2\/product_cat?post=25059"},{"taxonomy":"product_tag","embeddable":true,"href":"https:\/\/www.blockmoulds.com\/es\/wp-json\/wp\/v2\/product_tag?post=25059"}],"curies":[{"name":"wp","href":"https:\/\/api.w.org\/{rel}","templated":true}]}}