{"id":7830,"date":"2020-03-16T09:50:49","date_gmt":"2020-03-16T09:50:49","guid":{"rendered":"https:\/\/www.blockmoulds.com\/shop\/forklift-lifting-beam-dual-direction\/"},"modified":"2024-11-25T12:21:21","modified_gmt":"2024-11-25T12:21:21","slug":"viga-de-elevacion-para-carretilla-elevadora-bidireccional","status":"publish","type":"product","link":"https:\/\/www.blockmoulds.com\/es\/shop\/viga-de-elevacion-para-carretilla-elevadora-bidireccional\/","title":{"rendered":"Viga de elevaci\u00f3n para carretilla elevadora (bidireccional)"},"content":{"rendered":"","protected":false},"excerpt":{"rendered":"<p>Este dispositivo de viga de elevaci\u00f3n o tambi\u00e9n conocido como accesorio de yugo de elevaci\u00f3n para carretillas elevadoras se utiliza para levantar y transportar bloques de hormig\u00f3n. Se ajusta sobre las horquillas y la argolla de levantamiento se coloca en el centro del punto de carga de las horquillas. Con este equipo se puede levantar el bloque de hormig\u00f3n entrelazado desde la direcci\u00f3n transversal o longitudinal. Durante la elevaci\u00f3n, la operaci\u00f3n se realiza desde la comodidad del asiento del conductor.<\/p>\n<p><strong><a href=\"https:\/\/www.blockmoulds.com\/es\/shop\/abrazadera-de-tijera-de-bloque\/\">Una pinza elevadora de tijera<\/a><\/strong> tambi\u00e9n conocida como pinza de elevaci\u00f3n de bloque, se puede colocar en la viga de elevaci\u00f3n colocada en la carretilla elevadora. Minimiza el balanceo de un bloque de hormig\u00f3n y permite un posicionamiento preciso de los bloques.<\/p>\n","protected":false},"featured_media":13296,"template":"","meta":[],"product_brand":[],"product_cat":[237],"product_tag":[],"class_list":{"0":"post-7830","1":"product","2":"type-product","3":"status-publish","4":"has-post-thumbnail","6":"product_cat-lifting-accessories-es","8":"first","9":"instock","10":"taxable","11":"shipping-taxable","12":"purchasable","13":"product-type-simple"},"yoast_head":"<!-- This site is optimized with the Yoast SEO plugin v27.4 - https:\/\/yoast.com\/product\/yoast-seo-wordpress\/ -->\n<title>Viga de elevaci\u00f3n para carretilla elevadora (bidireccional) - Block Moulds<\/title>\n<meta name=\"robots\" content=\"index, follow, max-snippet:-1, max-image-preview:large, max-video-preview:-1\" \/>\n<link rel=\"canonical\" href=\"https:\/\/www.blockmoulds.com\/es\/shop\/viga-de-elevacion-para-carretilla-elevadora-bidireccional\/\" \/>\n<meta property=\"og:locale\" content=\"es_ES\" \/>\n<meta property=\"og:type\" content=\"article\" \/>\n<meta property=\"og:title\" content=\"Viga de elevaci\u00f3n para carretilla elevadora (bidireccional) - Block Moulds\" \/>\n<meta property=\"og:description\" content=\"Este dispositivo de viga de elevaci\u00f3n o tambi\u00e9n conocido como accesorio de yugo de elevaci\u00f3n para carretillas elevadoras se utiliza para levantar y transportar bloques de hormig\u00f3n. Se ajusta sobre las horquillas y la argolla de levantamiento se coloca en el centro del punto de carga de las horquillas. Con este equipo se puede levantar el bloque de hormig\u00f3n entrelazado desde la direcci\u00f3n transversal o longitudinal. Durante la elevaci\u00f3n, la operaci\u00f3n se realiza desde la comodidad del asiento del conductor.  Una pinza elevadora de tijera tambi\u00e9n conocida como pinza de elevaci\u00f3n de bloque, se puede colocar en la viga de elevaci\u00f3n colocada en la carretilla elevadora. Minimiza el balanceo de un bloque de hormig\u00f3n y permite un posicionamiento preciso de los bloques.\" \/>\n<meta property=\"og:url\" content=\"https:\/\/www.blockmoulds.com\/es\/shop\/viga-de-elevacion-para-carretilla-elevadora-bidireccional\/\" \/>\n<meta property=\"og:site_name\" content=\"Block Moulds\" \/>\n<meta property=\"article:modified_time\" content=\"2024-11-25T12:21:21+00:00\" \/>\n<meta property=\"og:image\" content=\"https:\/\/www.blockmoulds.com\/wp-content\/uploads\/2020\/03\/Forklift-Lifting-Beam-Dual-FLB-B-DD_.jpg\" \/>\n\t<meta property=\"og:image:width\" content=\"900\" \/>\n\t<meta property=\"og:image:height\" content=\"900\" \/>\n\t<meta property=\"og:image:type\" content=\"image\/jpeg\" \/>\n<meta name=\"twitter:card\" content=\"summary_large_image\" \/>\n<meta name=\"twitter:label1\" content=\"Tiempo de lectura\" \/>\n\t<meta name=\"twitter:data1\" content=\"1 minuto\" \/>\n<script type=\"application\/ld+json\" class=\"yoast-schema-graph\">{\"@context\":\"https:\\\/\\\/schema.org\",\"@graph\":[{\"@type\":\"WebPage\",\"@id\":\"https:\\\/\\\/www.blockmoulds.com\\\/es\\\/shop\\\/viga-de-elevacion-para-carretilla-elevadora-bidireccional\\\/\",\"url\":\"https:\\\/\\\/www.blockmoulds.com\\\/es\\\/shop\\\/viga-de-elevacion-para-carretilla-elevadora-bidireccional\\\/\",\"name\":\"Viga de elevaci\u00f3n para carretilla elevadora (bidireccional) - Block Moulds\",\"isPartOf\":{\"@id\":\"https:\\\/\\\/www.blockmoulds.com\\\/es\\\/#website\"},\"primaryImageOfPage\":{\"@id\":\"https:\\\/\\\/www.blockmoulds.com\\\/es\\\/shop\\\/viga-de-elevacion-para-carretilla-elevadora-bidireccional\\\/#primaryimage\"},\"image\":{\"@id\":\"https:\\\/\\\/www.blockmoulds.com\\\/es\\\/shop\\\/viga-de-elevacion-para-carretilla-elevadora-bidireccional\\\/#primaryimage\"},\"thumbnailUrl\":\"https:\\\/\\\/www.blockmoulds.com\\\/wp-content\\\/uploads\\\/2020\\\/03\\\/Forklift-Lifting-Beam-Dual-FLB-B-DD_.jpg\",\"datePublished\":\"2020-03-16T09:50:49+00:00\",\"dateModified\":\"2024-11-25T12:21:21+00:00\",\"breadcrumb\":{\"@id\":\"https:\\\/\\\/www.blockmoulds.com\\\/es\\\/shop\\\/viga-de-elevacion-para-carretilla-elevadora-bidireccional\\\/#breadcrumb\"},\"inLanguage\":\"es\",\"potentialAction\":[{\"@type\":\"ReadAction\",\"target\":[\"https:\\\/\\\/www.blockmoulds.com\\\/es\\\/shop\\\/viga-de-elevacion-para-carretilla-elevadora-bidireccional\\\/\"]}]},{\"@type\":\"ImageObject\",\"inLanguage\":\"es\",\"@id\":\"https:\\\/\\\/www.blockmoulds.com\\\/es\\\/shop\\\/viga-de-elevacion-para-carretilla-elevadora-bidireccional\\\/#primaryimage\",\"url\":\"https:\\\/\\\/www.blockmoulds.com\\\/wp-content\\\/uploads\\\/2020\\\/03\\\/Forklift-Lifting-Beam-Dual-FLB-B-DD_.jpg\",\"contentUrl\":\"https:\\\/\\\/www.blockmoulds.com\\\/wp-content\\\/uploads\\\/2020\\\/03\\\/Forklift-Lifting-Beam-Dual-FLB-B-DD_.jpg\",\"width\":900,\"height\":900,\"caption\":\"Forklift Lifting Beam Dual FLB-B-DD_\"},{\"@type\":\"BreadcrumbList\",\"@id\":\"https:\\\/\\\/www.blockmoulds.com\\\/es\\\/shop\\\/viga-de-elevacion-para-carretilla-elevadora-bidireccional\\\/#breadcrumb\",\"itemListElement\":[{\"@type\":\"ListItem\",\"position\":1,\"name\":\"Home\",\"item\":\"https:\\\/\\\/www.blockmoulds.com\\\/es\\\/\"},{\"@type\":\"ListItem\",\"position\":2,\"name\":\"Tienda\",\"item\":\"https:\\\/\\\/www.blockmoulds.com\\\/es\\\/shop\\\/\"},{\"@type\":\"ListItem\",\"position\":3,\"name\":\"Viga de elevaci\u00f3n para carretilla elevadora (bidireccional)\"}]},{\"@type\":\"WebSite\",\"@id\":\"https:\\\/\\\/www.blockmoulds.com\\\/es\\\/#website\",\"url\":\"https:\\\/\\\/www.blockmoulds.com\\\/es\\\/\",\"name\":\"Block Moulds\",\"description\":\"Benefits of modular construction\",\"potentialAction\":[{\"@type\":\"SearchAction\",\"target\":{\"@type\":\"EntryPoint\",\"urlTemplate\":\"https:\\\/\\\/www.blockmoulds.com\\\/es\\\/?s={search_term_string}\"},\"query-input\":{\"@type\":\"PropertyValueSpecification\",\"valueRequired\":true,\"valueName\":\"search_term_string\"}}],\"inLanguage\":\"es\"}]}<\/script>\n<!-- \/ Yoast SEO plugin. -->","yoast_head_json":{"title":"Viga de elevaci\u00f3n para carretilla elevadora (bidireccional) - Block Moulds","robots":{"index":"index","follow":"follow","max-snippet":"max-snippet:-1","max-image-preview":"max-image-preview:large","max-video-preview":"max-video-preview:-1"},"canonical":"https:\/\/www.blockmoulds.com\/es\/shop\/viga-de-elevacion-para-carretilla-elevadora-bidireccional\/","og_locale":"es_ES","og_type":"article","og_title":"Viga de elevaci\u00f3n para carretilla elevadora (bidireccional) - Block Moulds","og_description":"Este dispositivo de viga de elevaci\u00f3n o tambi\u00e9n conocido como accesorio de yugo de elevaci\u00f3n para carretillas elevadoras se utiliza para levantar y transportar bloques de hormig\u00f3n. Se ajusta sobre las horquillas y la argolla de levantamiento se coloca en el centro del punto de carga de las horquillas. Con este equipo se puede levantar el bloque de hormig\u00f3n entrelazado desde la direcci\u00f3n transversal o longitudinal. Durante la elevaci\u00f3n, la operaci\u00f3n se realiza desde la comodidad del asiento del conductor.  Una pinza elevadora de tijera tambi\u00e9n conocida como pinza de elevaci\u00f3n de bloque, se puede colocar en la viga de elevaci\u00f3n colocada en la carretilla elevadora. Minimiza el balanceo de un bloque de hormig\u00f3n y permite un posicionamiento preciso de los bloques.","og_url":"https:\/\/www.blockmoulds.com\/es\/shop\/viga-de-elevacion-para-carretilla-elevadora-bidireccional\/","og_site_name":"Block Moulds","article_modified_time":"2024-11-25T12:21:21+00:00","og_image":[{"width":900,"height":900,"url":"https:\/\/www.blockmoulds.com\/wp-content\/uploads\/2020\/03\/Forklift-Lifting-Beam-Dual-FLB-B-DD_.jpg","type":"image\/jpeg"}],"twitter_card":"summary_large_image","twitter_misc":{"Tiempo de lectura":"1 minuto"},"schema":{"@context":"https:\/\/schema.org","@graph":[{"@type":"WebPage","@id":"https:\/\/www.blockmoulds.com\/es\/shop\/viga-de-elevacion-para-carretilla-elevadora-bidireccional\/","url":"https:\/\/www.blockmoulds.com\/es\/shop\/viga-de-elevacion-para-carretilla-elevadora-bidireccional\/","name":"Viga de elevaci\u00f3n para carretilla elevadora (bidireccional) - Block Moulds","isPartOf":{"@id":"https:\/\/www.blockmoulds.com\/es\/#website"},"primaryImageOfPage":{"@id":"https:\/\/www.blockmoulds.com\/es\/shop\/viga-de-elevacion-para-carretilla-elevadora-bidireccional\/#primaryimage"},"image":{"@id":"https:\/\/www.blockmoulds.com\/es\/shop\/viga-de-elevacion-para-carretilla-elevadora-bidireccional\/#primaryimage"},"thumbnailUrl":"https:\/\/www.blockmoulds.com\/wp-content\/uploads\/2020\/03\/Forklift-Lifting-Beam-Dual-FLB-B-DD_.jpg","datePublished":"2020-03-16T09:50:49+00:00","dateModified":"2024-11-25T12:21:21+00:00","breadcrumb":{"@id":"https:\/\/www.blockmoulds.com\/es\/shop\/viga-de-elevacion-para-carretilla-elevadora-bidireccional\/#breadcrumb"},"inLanguage":"es","potentialAction":[{"@type":"ReadAction","target":["https:\/\/www.blockmoulds.com\/es\/shop\/viga-de-elevacion-para-carretilla-elevadora-bidireccional\/"]}]},{"@type":"ImageObject","inLanguage":"es","@id":"https:\/\/www.blockmoulds.com\/es\/shop\/viga-de-elevacion-para-carretilla-elevadora-bidireccional\/#primaryimage","url":"https:\/\/www.blockmoulds.com\/wp-content\/uploads\/2020\/03\/Forklift-Lifting-Beam-Dual-FLB-B-DD_.jpg","contentUrl":"https:\/\/www.blockmoulds.com\/wp-content\/uploads\/2020\/03\/Forklift-Lifting-Beam-Dual-FLB-B-DD_.jpg","width":900,"height":900,"caption":"Forklift Lifting Beam Dual FLB-B-DD_"},{"@type":"BreadcrumbList","@id":"https:\/\/www.blockmoulds.com\/es\/shop\/viga-de-elevacion-para-carretilla-elevadora-bidireccional\/#breadcrumb","itemListElement":[{"@type":"ListItem","position":1,"name":"Home","item":"https:\/\/www.blockmoulds.com\/es\/"},{"@type":"ListItem","position":2,"name":"Tienda","item":"https:\/\/www.blockmoulds.com\/es\/shop\/"},{"@type":"ListItem","position":3,"name":"Viga de elevaci\u00f3n para carretilla elevadora (bidireccional)"}]},{"@type":"WebSite","@id":"https:\/\/www.blockmoulds.com\/es\/#website","url":"https:\/\/www.blockmoulds.com\/es\/","name":"Block Moulds","description":"Benefits of modular construction","potentialAction":[{"@type":"SearchAction","target":{"@type":"EntryPoint","urlTemplate":"https:\/\/www.blockmoulds.com\/es\/?s={search_term_string}"},"query-input":{"@type":"PropertyValueSpecification","valueRequired":true,"valueName":"search_term_string"}}],"inLanguage":"es"}]}},"_links":{"self":[{"href":"https:\/\/www.blockmoulds.com\/es\/wp-json\/wp\/v2\/product\/7830","targetHints":{"allow":["GET"]}}],"collection":[{"href":"https:\/\/www.blockmoulds.com\/es\/wp-json\/wp\/v2\/product"}],"about":[{"href":"https:\/\/www.blockmoulds.com\/es\/wp-json\/wp\/v2\/types\/product"}],"wp:featuredmedia":[{"embeddable":true,"href":"https:\/\/www.blockmoulds.com\/es\/wp-json\/wp\/v2\/media\/13296"}],"wp:attachment":[{"href":"https:\/\/www.blockmoulds.com\/es\/wp-json\/wp\/v2\/media?parent=7830"}],"wp:term":[{"taxonomy":"product_brand","embeddable":true,"href":"https:\/\/www.blockmoulds.com\/es\/wp-json\/wp\/v2\/product_brand?post=7830"},{"taxonomy":"product_cat","embeddable":true,"href":"https:\/\/www.blockmoulds.com\/es\/wp-json\/wp\/v2\/product_cat?post=7830"},{"taxonomy":"product_tag","embeddable":true,"href":"https:\/\/www.blockmoulds.com\/es\/wp-json\/wp\/v2\/product_tag?post=7830"}],"curies":[{"name":"wp","href":"https:\/\/api.w.org\/{rel}","templated":true}]}}