{"id":7842,"date":"2020-01-07T09:32:37","date_gmt":"2020-01-07T09:32:37","guid":{"rendered":"https:\/\/www.blockmoulds.com\/shop\/magnetic-recess-formers\/"},"modified":"2024-12-12T11:55:11","modified_gmt":"2024-12-12T11:55:11","slug":"imanes-para-formar-huecos-de-anclaje-en-el-hormigon-2-5t","status":"publish","type":"product","link":"https:\/\/www.blockmoulds.com\/es\/shop\/imanes-para-formar-huecos-de-anclaje-en-el-hormigon-2-5t\/","title":{"rendered":"Imanes para formar huecos de anclaje en el hormig\u00f3n 2.5t"},"content":{"rendered":"","protected":false},"excerpt":{"rendered":"<p>Este cuerpo de acero est\u00e1 torneado de material s\u00f3lido y provisto de un sistema magn\u00e9tico de alto rendimiento, lo que proporciona un im\u00e1n de alta potencia para ubicar las cabezas de los anclajes de pie embebidos en el hormig\u00f3n, en moldes de acero.<\/p>\n<p>Cuando se ha completado la fundici\u00f3n y el hormig\u00f3n est\u00e1 suficientemente curado, los imanes para formar huecos de anclaje en el hormig\u00f3n se retiran f\u00e1cilmente utilizando la fuerza magn\u00e9tica de forma mec\u00e1nica o manual. Simplemente retire el <a href=\"https:\/\/www.blockmoulds.com\/es\/shop\/anillo-de-goma-para-fijacion-de-anclaje-2-5t\/\"><strong>anillo de goma<\/strong><\/a> (se vende por separado) de debajo de la cabeza de anclaje y la unidad prefabricada estar\u00e1 lista para levantarse.<\/p>\n<p>Limpie a fondo los imanes de fijaci\u00f3n para anclajes de transporte con cabezal de bola del hormig\u00f3n prefabricado inmediatamente despu\u00e9s de la extracci\u00f3n y aplique el aceite desmoldeante antes de cada uso.<\/p>\n","protected":false},"featured_media":10190,"template":"","meta":[],"product_brand":[],"product_cat":[237],"product_tag":[],"class_list":{"0":"post-7842","1":"product","2":"type-product","3":"status-publish","4":"has-post-thumbnail","6":"product_cat-lifting-accessories-es","8":"first","9":"instock","10":"taxable","11":"shipping-taxable","12":"purchasable","13":"product-type-simple"},"yoast_head":"<!-- This site is optimized with the Yoast SEO plugin v27.4 - https:\/\/yoast.com\/product\/yoast-seo-wordpress\/ -->\n<title>Imanes para formar huecos de anclaje en el hormig\u00f3n 2.5t - Block Moulds<\/title>\n<meta name=\"robots\" content=\"index, follow, max-snippet:-1, max-image-preview:large, max-video-preview:-1\" \/>\n<link rel=\"canonical\" href=\"https:\/\/www.blockmoulds.com\/es\/shop\/imanes-para-formar-huecos-de-anclaje-en-el-hormigon-2-5t\/\" \/>\n<meta property=\"og:locale\" content=\"es_ES\" \/>\n<meta property=\"og:type\" content=\"article\" \/>\n<meta property=\"og:title\" content=\"Imanes para formar huecos de anclaje en el hormig\u00f3n 2.5t - Block Moulds\" \/>\n<meta property=\"og:description\" content=\"Este cuerpo de acero est\u00e1 torneado de material s\u00f3lido y provisto de un sistema magn\u00e9tico de alto rendimiento, lo que proporciona un im\u00e1n de alta potencia para ubicar las cabezas de los anclajes de pie embebidos en el hormig\u00f3n, en moldes de acero.  Cuando se ha completado la fundici\u00f3n y el hormig\u00f3n est\u00e1 suficientemente curado, los imanes para formar huecos de anclaje en el hormig\u00f3n se retiran f\u00e1cilmente utilizando la fuerza magn\u00e9tica de forma mec\u00e1nica o manual. Simplemente retire el anillo de goma (se vende por separado) de debajo de la cabeza de anclaje y la unidad prefabricada estar\u00e1 lista para levantarse.  Limpie a fondo los imanes de fijaci\u00f3n para anclajes de transporte con cabezal de bola del hormig\u00f3n prefabricado inmediatamente despu\u00e9s de la extracci\u00f3n y aplique el aceite desmoldeante antes de cada uso.\" \/>\n<meta property=\"og:url\" content=\"https:\/\/www.blockmoulds.com\/es\/shop\/imanes-para-formar-huecos-de-anclaje-en-el-hormigon-2-5t\/\" \/>\n<meta property=\"og:site_name\" content=\"Block Moulds\" \/>\n<meta property=\"article:modified_time\" content=\"2024-12-12T11:55:11+00:00\" \/>\n<meta property=\"og:image\" content=\"https:\/\/www.blockmoulds.com\/wp-content\/uploads\/2020\/06\/Precast-Concrete-Ball-head-Lifting-Anchor-Magnet-new-design-scaled.jpg\" \/>\n\t<meta property=\"og:image:width\" content=\"2560\" \/>\n\t<meta property=\"og:image:height\" content=\"1920\" \/>\n\t<meta property=\"og:image:type\" content=\"image\/jpeg\" \/>\n<meta name=\"twitter:card\" content=\"summary_large_image\" \/>\n<meta name=\"twitter:label1\" content=\"Tiempo de lectura\" \/>\n\t<meta name=\"twitter:data1\" content=\"1 minuto\" \/>\n<script type=\"application\/ld+json\" class=\"yoast-schema-graph\">{\"@context\":\"https:\\\/\\\/schema.org\",\"@graph\":[{\"@type\":\"WebPage\",\"@id\":\"https:\\\/\\\/www.blockmoulds.com\\\/es\\\/shop\\\/imanes-para-formar-huecos-de-anclaje-en-el-hormigon-2-5t\\\/\",\"url\":\"https:\\\/\\\/www.blockmoulds.com\\\/es\\\/shop\\\/imanes-para-formar-huecos-de-anclaje-en-el-hormigon-2-5t\\\/\",\"name\":\"Imanes para formar huecos de anclaje en el hormig\u00f3n 2.5t - Block Moulds\",\"isPartOf\":{\"@id\":\"https:\\\/\\\/www.blockmoulds.com\\\/es\\\/#website\"},\"primaryImageOfPage\":{\"@id\":\"https:\\\/\\\/www.blockmoulds.com\\\/es\\\/shop\\\/imanes-para-formar-huecos-de-anclaje-en-el-hormigon-2-5t\\\/#primaryimage\"},\"image\":{\"@id\":\"https:\\\/\\\/www.blockmoulds.com\\\/es\\\/shop\\\/imanes-para-formar-huecos-de-anclaje-en-el-hormigon-2-5t\\\/#primaryimage\"},\"thumbnailUrl\":\"https:\\\/\\\/www.blockmoulds.com\\\/wp-content\\\/uploads\\\/2020\\\/06\\\/Precast-Concrete-Ball-head-Lifting-Anchor-Magnet-new-design-scaled.jpg\",\"datePublished\":\"2020-01-07T09:32:37+00:00\",\"dateModified\":\"2024-12-12T11:55:11+00:00\",\"breadcrumb\":{\"@id\":\"https:\\\/\\\/www.blockmoulds.com\\\/es\\\/shop\\\/imanes-para-formar-huecos-de-anclaje-en-el-hormigon-2-5t\\\/#breadcrumb\"},\"inLanguage\":\"es\",\"potentialAction\":[{\"@type\":\"ReadAction\",\"target\":[\"https:\\\/\\\/www.blockmoulds.com\\\/es\\\/shop\\\/imanes-para-formar-huecos-de-anclaje-en-el-hormigon-2-5t\\\/\"]}]},{\"@type\":\"ImageObject\",\"inLanguage\":\"es\",\"@id\":\"https:\\\/\\\/www.blockmoulds.com\\\/es\\\/shop\\\/imanes-para-formar-huecos-de-anclaje-en-el-hormigon-2-5t\\\/#primaryimage\",\"url\":\"https:\\\/\\\/www.blockmoulds.com\\\/wp-content\\\/uploads\\\/2020\\\/06\\\/Precast-Concrete-Ball-head-Lifting-Anchor-Magnet-new-design-scaled.jpg\",\"contentUrl\":\"https:\\\/\\\/www.blockmoulds.com\\\/wp-content\\\/uploads\\\/2020\\\/06\\\/Precast-Concrete-Ball-head-Lifting-Anchor-Magnet-new-design-scaled.jpg\",\"width\":2560,\"height\":1920,\"caption\":\"Precast Concrete Ball-head Lifting Anchor Magnet new design\"},{\"@type\":\"BreadcrumbList\",\"@id\":\"https:\\\/\\\/www.blockmoulds.com\\\/es\\\/shop\\\/imanes-para-formar-huecos-de-anclaje-en-el-hormigon-2-5t\\\/#breadcrumb\",\"itemListElement\":[{\"@type\":\"ListItem\",\"position\":1,\"name\":\"Home\",\"item\":\"https:\\\/\\\/www.blockmoulds.com\\\/es\\\/\"},{\"@type\":\"ListItem\",\"position\":2,\"name\":\"Tienda\",\"item\":\"https:\\\/\\\/www.blockmoulds.com\\\/es\\\/shop\\\/\"},{\"@type\":\"ListItem\",\"position\":3,\"name\":\"Imanes para formar huecos de anclaje en el hormig\u00f3n 2.5t\"}]},{\"@type\":\"WebSite\",\"@id\":\"https:\\\/\\\/www.blockmoulds.com\\\/es\\\/#website\",\"url\":\"https:\\\/\\\/www.blockmoulds.com\\\/es\\\/\",\"name\":\"Block Moulds\",\"description\":\"Benefits of modular construction\",\"potentialAction\":[{\"@type\":\"SearchAction\",\"target\":{\"@type\":\"EntryPoint\",\"urlTemplate\":\"https:\\\/\\\/www.blockmoulds.com\\\/es\\\/?s={search_term_string}\"},\"query-input\":{\"@type\":\"PropertyValueSpecification\",\"valueRequired\":true,\"valueName\":\"search_term_string\"}}],\"inLanguage\":\"es\"}]}<\/script>\n<!-- \/ Yoast SEO plugin. -->","yoast_head_json":{"title":"Imanes para formar huecos de anclaje en el hormig\u00f3n 2.5t - Block Moulds","robots":{"index":"index","follow":"follow","max-snippet":"max-snippet:-1","max-image-preview":"max-image-preview:large","max-video-preview":"max-video-preview:-1"},"canonical":"https:\/\/www.blockmoulds.com\/es\/shop\/imanes-para-formar-huecos-de-anclaje-en-el-hormigon-2-5t\/","og_locale":"es_ES","og_type":"article","og_title":"Imanes para formar huecos de anclaje en el hormig\u00f3n 2.5t - Block Moulds","og_description":"Este cuerpo de acero est\u00e1 torneado de material s\u00f3lido y provisto de un sistema magn\u00e9tico de alto rendimiento, lo que proporciona un im\u00e1n de alta potencia para ubicar las cabezas de los anclajes de pie embebidos en el hormig\u00f3n, en moldes de acero.  Cuando se ha completado la fundici\u00f3n y el hormig\u00f3n est\u00e1 suficientemente curado, los imanes para formar huecos de anclaje en el hormig\u00f3n se retiran f\u00e1cilmente utilizando la fuerza magn\u00e9tica de forma mec\u00e1nica o manual. Simplemente retire el anillo de goma (se vende por separado) de debajo de la cabeza de anclaje y la unidad prefabricada estar\u00e1 lista para levantarse.  Limpie a fondo los imanes de fijaci\u00f3n para anclajes de transporte con cabezal de bola del hormig\u00f3n prefabricado inmediatamente despu\u00e9s de la extracci\u00f3n y aplique el aceite desmoldeante antes de cada uso.","og_url":"https:\/\/www.blockmoulds.com\/es\/shop\/imanes-para-formar-huecos-de-anclaje-en-el-hormigon-2-5t\/","og_site_name":"Block Moulds","article_modified_time":"2024-12-12T11:55:11+00:00","og_image":[{"width":2560,"height":1920,"url":"https:\/\/www.blockmoulds.com\/wp-content\/uploads\/2020\/06\/Precast-Concrete-Ball-head-Lifting-Anchor-Magnet-new-design-scaled.jpg","type":"image\/jpeg"}],"twitter_card":"summary_large_image","twitter_misc":{"Tiempo de lectura":"1 minuto"},"schema":{"@context":"https:\/\/schema.org","@graph":[{"@type":"WebPage","@id":"https:\/\/www.blockmoulds.com\/es\/shop\/imanes-para-formar-huecos-de-anclaje-en-el-hormigon-2-5t\/","url":"https:\/\/www.blockmoulds.com\/es\/shop\/imanes-para-formar-huecos-de-anclaje-en-el-hormigon-2-5t\/","name":"Imanes para formar huecos de anclaje en el hormig\u00f3n 2.5t - Block Moulds","isPartOf":{"@id":"https:\/\/www.blockmoulds.com\/es\/#website"},"primaryImageOfPage":{"@id":"https:\/\/www.blockmoulds.com\/es\/shop\/imanes-para-formar-huecos-de-anclaje-en-el-hormigon-2-5t\/#primaryimage"},"image":{"@id":"https:\/\/www.blockmoulds.com\/es\/shop\/imanes-para-formar-huecos-de-anclaje-en-el-hormigon-2-5t\/#primaryimage"},"thumbnailUrl":"https:\/\/www.blockmoulds.com\/wp-content\/uploads\/2020\/06\/Precast-Concrete-Ball-head-Lifting-Anchor-Magnet-new-design-scaled.jpg","datePublished":"2020-01-07T09:32:37+00:00","dateModified":"2024-12-12T11:55:11+00:00","breadcrumb":{"@id":"https:\/\/www.blockmoulds.com\/es\/shop\/imanes-para-formar-huecos-de-anclaje-en-el-hormigon-2-5t\/#breadcrumb"},"inLanguage":"es","potentialAction":[{"@type":"ReadAction","target":["https:\/\/www.blockmoulds.com\/es\/shop\/imanes-para-formar-huecos-de-anclaje-en-el-hormigon-2-5t\/"]}]},{"@type":"ImageObject","inLanguage":"es","@id":"https:\/\/www.blockmoulds.com\/es\/shop\/imanes-para-formar-huecos-de-anclaje-en-el-hormigon-2-5t\/#primaryimage","url":"https:\/\/www.blockmoulds.com\/wp-content\/uploads\/2020\/06\/Precast-Concrete-Ball-head-Lifting-Anchor-Magnet-new-design-scaled.jpg","contentUrl":"https:\/\/www.blockmoulds.com\/wp-content\/uploads\/2020\/06\/Precast-Concrete-Ball-head-Lifting-Anchor-Magnet-new-design-scaled.jpg","width":2560,"height":1920,"caption":"Precast Concrete Ball-head Lifting Anchor Magnet new design"},{"@type":"BreadcrumbList","@id":"https:\/\/www.blockmoulds.com\/es\/shop\/imanes-para-formar-huecos-de-anclaje-en-el-hormigon-2-5t\/#breadcrumb","itemListElement":[{"@type":"ListItem","position":1,"name":"Home","item":"https:\/\/www.blockmoulds.com\/es\/"},{"@type":"ListItem","position":2,"name":"Tienda","item":"https:\/\/www.blockmoulds.com\/es\/shop\/"},{"@type":"ListItem","position":3,"name":"Imanes para formar huecos de anclaje en el hormig\u00f3n 2.5t"}]},{"@type":"WebSite","@id":"https:\/\/www.blockmoulds.com\/es\/#website","url":"https:\/\/www.blockmoulds.com\/es\/","name":"Block Moulds","description":"Benefits of modular construction","potentialAction":[{"@type":"SearchAction","target":{"@type":"EntryPoint","urlTemplate":"https:\/\/www.blockmoulds.com\/es\/?s={search_term_string}"},"query-input":{"@type":"PropertyValueSpecification","valueRequired":true,"valueName":"search_term_string"}}],"inLanguage":"es"}]}},"_links":{"self":[{"href":"https:\/\/www.blockmoulds.com\/es\/wp-json\/wp\/v2\/product\/7842","targetHints":{"allow":["GET"]}}],"collection":[{"href":"https:\/\/www.blockmoulds.com\/es\/wp-json\/wp\/v2\/product"}],"about":[{"href":"https:\/\/www.blockmoulds.com\/es\/wp-json\/wp\/v2\/types\/product"}],"wp:featuredmedia":[{"embeddable":true,"href":"https:\/\/www.blockmoulds.com\/es\/wp-json\/wp\/v2\/media\/10190"}],"wp:attachment":[{"href":"https:\/\/www.blockmoulds.com\/es\/wp-json\/wp\/v2\/media?parent=7842"}],"wp:term":[{"taxonomy":"product_brand","embeddable":true,"href":"https:\/\/www.blockmoulds.com\/es\/wp-json\/wp\/v2\/product_brand?post=7842"},{"taxonomy":"product_cat","embeddable":true,"href":"https:\/\/www.blockmoulds.com\/es\/wp-json\/wp\/v2\/product_cat?post=7842"},{"taxonomy":"product_tag","embeddable":true,"href":"https:\/\/www.blockmoulds.com\/es\/wp-json\/wp\/v2\/product_tag?post=7842"}],"curies":[{"name":"wp","href":"https:\/\/api.w.org\/{rel}","templated":true}]}}