{"id":10615,"date":"2019-01-31T12:20:10","date_gmt":"2019-01-31T12:20:10","guid":{"rendered":"https:\/\/www.blockmoulds.com\/video-gallery\/"},"modified":"2025-02-26T06:02:57","modified_gmt":"2025-02-26T06:02:57","slug":"galerie-video","status":"publish","type":"page","link":"https:\/\/www.blockmoulds.com\/fr\/galerie-video\/","title":{"rendered":"Galerie vid\u00e9o"},"content":{"rendered":"<div class=\"wpb-content-wrapper\"><p>[vc_row full_width=\u00a0\u00bbstretch_row\u00a0\u00bb][vc_column width=\u00a0\u00bb1\/2&Prime;][vc_video link=\u00a0\u00bbhttps:\/\/www.youtube.com\/watch?v=6oL7A4KFs5Q&amp;feature=emb_logo\u00a0\u00bb][\/vc_column][vc_column width=\u00a0\u00bb1\/2&Prime;][vc_column_text css=\u00a0\u00bb.vc_custom_1740549772568{padding-top: 30px !important;padding-right: 50px !important;padding-left: 15px !important;}\u00a0\u00bb]<\/p>\n<h2 class=\"title30 font-bold text-uppercase poppins-font text-left\"><span style=\"color: #ffffff;\">INSTRUCTIONS<\/span><\/h2>\n<h4><strong><span style=\"color: #ff0000;\">____<\/span><\/strong><\/h4>\n<p>&nbsp;<\/p>\n<p><span style=\"color: #ffffff;\">Chacun peut cr\u00e9er des blocs b\u00e9ton empilables. <\/span><span style=\"color: #ffffff;\">Les blocs en b\u00e9ton pr\u00e9fabriqu\u00e9 sont faciles \u00e0 produire en suivant les instructions. <\/span><span style=\"color: #ffffff;\">Couler diff\u00e9rents blocs b\u00e9ton selon vos besoins et r\u00e9duire au minimum les co\u00fbts d&rsquo;investissement. <\/span><span style=\"color: #ffffff;\">Du b\u00e9ton coul\u00e9 aux blocs finis.<br \/>\n<\/span>[\/vc_column_text][\/vc_column][\/vc_row][vc_row full_width=\u00a0\u00bbstretch_row\u00a0\u00bb][vc_column width=\u00a0\u00bb1\/2&Prime;][vc_column_text css=\u00a0\u00bb.vc_custom_1716377940065{padding-top: 30px !important;padding-right: 50px !important;padding-left: 50px !important;}\u00a0\u00bb]<\/p>\n<p class=\"title30 font-bold text-uppercase poppins-font text-right\" style=\"text-align: right;\"><span style=\"color: #ffffff;\">LE MOULE MODULABLE<\/span><\/p>\n<h4 style=\"text-align: right;\"><strong><span style=\"color: #ff0000;\">____<\/span><\/strong><\/h4>\n<p>&nbsp;<\/p>\n<p style=\"text-align: right;\"><span style=\"color: #ffffff;\">Pr\u00e9sentation de la structure de moule modulable pour produire des blocs b\u00e9ton empilables.\u00a0 <\/span><span style=\"color: #ffffff;\">D\u00e9couvrez avec quelle facilit\u00e9 vous pouvez travailler avec notre syst\u00e8me de moule flexible pour cr\u00e9er diff\u00e9rentes formes et dimensions de moule.<\/span><\/p>\n<p>[\/vc_column_text][\/vc_column][vc_column width=\u00a0\u00bb1\/2&Prime;][vc_video link=\u00a0\u00bbhttps:\/\/youtu.be\/ed4D8lp0-Tg\u00a0\u00bb css=\u00a0\u00bb\u00a0\u00bb][\/vc_column][\/vc_row]<\/p>\n<\/div>","protected":false},"excerpt":{"rendered":"<p>[vc_row full_width=\u00a0\u00bbstretch_row\u00a0\u00bb][vc_column width=\u00a0\u00bb1\/2&Prime;][vc_video link=\u00a0\u00bbhttps:\/\/www.youtube.com\/watch?v=6oL7A4KFs5Q&amp;feature=emb_logo\u00a0\u00bb][\/vc_column][vc_column width=\u00a0\u00bb1\/2&Prime;][vc_column_text css=\u00a0\u00bb.vc_custom_1740549772568{padding-top: 30px !important;padding-right: 50px !important;padding-left: 15px !important;}\u00a0\u00bb] INSTRUCTIONS ____ &nbsp; Chacun peut cr\u00e9er des blocs b\u00e9ton empilables. Les blocs en b\u00e9ton pr\u00e9fabriqu\u00e9 sont faciles \u00e0 produire en suivant les instructions. Couler diff\u00e9rents blocs b\u00e9ton selon vos besoins et r\u00e9duire au minimum les co\u00fbts d&rsquo;investissement. Du b\u00e9ton coul\u00e9 aux blocs finis. [&hellip;]<\/p>\n","protected":false},"author":1,"featured_media":16948,"parent":0,"menu_order":0,"comment_status":"closed","ping_status":"closed","template":"","meta":{"footnotes":""},"class_list":["post-10615","page","type-page","status-publish","has-post-thumbnail","hentry"],"yoast_head":"<!-- This site is optimized with the Yoast SEO plugin v27.4 - https:\/\/yoast.com\/product\/yoast-seo-wordpress\/ -->\n<title>Galerie vid\u00e9o - Block Moulds<\/title>\n<meta name=\"robots\" content=\"index, follow, max-snippet:-1, max-image-preview:large, max-video-preview:-1\" \/>\n<link rel=\"canonical\" href=\"https:\/\/www.blockmoulds.com\/fr\/galerie-video\/\" \/>\n<meta property=\"og:locale\" content=\"fr_FR\" \/>\n<meta property=\"og:type\" content=\"article\" \/>\n<meta property=\"og:title\" content=\"Galerie vid\u00e9o - Block Moulds\" \/>\n<meta property=\"og:description\" content=\"[vc_row full_width=\u00a0\u00bbstretch_row\u00a0\u00bb][vc_column width=\u00a0\u00bb1\/2&Prime;][vc_video link=\u00a0\u00bbhttps:\/\/www.youtube.com\/watch?v=6oL7A4KFs5Q&amp;feature=emb_logo\u00a0\u00bb][\/vc_column][vc_column width=\u00a0\u00bb1\/2&Prime;][vc_column_text css=\u00a0\u00bb.vc_custom_1740549772568{padding-top: 30px !important;padding-right: 50px !important;padding-left: 15px !important;}\u00a0\u00bb] INSTRUCTIONS ____ &nbsp; Chacun peut cr\u00e9er des blocs b\u00e9ton empilables. Les blocs en b\u00e9ton pr\u00e9fabriqu\u00e9 sont faciles \u00e0 produire en suivant les instructions. Couler diff\u00e9rents blocs b\u00e9ton selon vos besoins et r\u00e9duire au minimum les co\u00fbts d&rsquo;investissement. Du b\u00e9ton coul\u00e9 aux blocs finis. [&hellip;]\" \/>\n<meta property=\"og:url\" content=\"https:\/\/www.blockmoulds.com\/fr\/galerie-video\/\" \/>\n<meta property=\"og:site_name\" content=\"Block Moulds\" \/>\n<meta property=\"article:modified_time\" content=\"2025-02-26T06:02:57+00:00\" \/>\n<meta property=\"og:image\" content=\"https:\/\/www.blockmoulds.com\/wp-content\/uploads\/2023\/09\/steel-moulds-for-lego-concrete-blocks-slider3.jpg\" \/>\n\t<meta property=\"og:image:width\" content=\"984\" \/>\n\t<meta property=\"og:image:height\" content=\"607\" \/>\n\t<meta property=\"og:image:type\" content=\"image\/jpeg\" \/>\n<meta name=\"twitter:card\" content=\"summary_large_image\" \/>\n<meta name=\"twitter:label1\" content=\"Dur\u00e9e de lecture estim\u00e9e\" \/>\n\t<meta name=\"twitter:data1\" content=\"1 minute\" \/>\n<script type=\"application\/ld+json\" class=\"yoast-schema-graph\">{\"@context\":\"https:\\\/\\\/schema.org\",\"@graph\":[{\"@type\":\"WebPage\",\"@id\":\"https:\\\/\\\/www.blockmoulds.com\\\/fr\\\/galerie-video\\\/\",\"url\":\"https:\\\/\\\/www.blockmoulds.com\\\/fr\\\/galerie-video\\\/\",\"name\":\"Galerie vid\u00e9o - Block Moulds\",\"isPartOf\":{\"@id\":\"https:\\\/\\\/www.blockmoulds.com\\\/fr\\\/#website\"},\"primaryImageOfPage\":{\"@id\":\"https:\\\/\\\/www.blockmoulds.com\\\/fr\\\/galerie-video\\\/#primaryimage\"},\"image\":{\"@id\":\"https:\\\/\\\/www.blockmoulds.com\\\/fr\\\/galerie-video\\\/#primaryimage\"},\"thumbnailUrl\":\"https:\\\/\\\/www.blockmoulds.com\\\/wp-content\\\/uploads\\\/2023\\\/09\\\/steel-moulds-for-lego-concrete-blocks-slider3.jpg\",\"datePublished\":\"2019-01-31T12:20:10+00:00\",\"dateModified\":\"2025-02-26T06:02:57+00:00\",\"breadcrumb\":{\"@id\":\"https:\\\/\\\/www.blockmoulds.com\\\/fr\\\/galerie-video\\\/#breadcrumb\"},\"inLanguage\":\"fr-FR\",\"potentialAction\":[{\"@type\":\"ReadAction\",\"target\":[\"https:\\\/\\\/www.blockmoulds.com\\\/fr\\\/galerie-video\\\/\"]}]},{\"@type\":\"ImageObject\",\"inLanguage\":\"fr-FR\",\"@id\":\"https:\\\/\\\/www.blockmoulds.com\\\/fr\\\/galerie-video\\\/#primaryimage\",\"url\":\"https:\\\/\\\/www.blockmoulds.com\\\/wp-content\\\/uploads\\\/2023\\\/09\\\/steel-moulds-for-lego-concrete-blocks-slider3.jpg\",\"contentUrl\":\"https:\\\/\\\/www.blockmoulds.com\\\/wp-content\\\/uploads\\\/2023\\\/09\\\/steel-moulds-for-lego-concrete-blocks-slider3.jpg\",\"width\":984,\"height\":607},{\"@type\":\"BreadcrumbList\",\"@id\":\"https:\\\/\\\/www.blockmoulds.com\\\/fr\\\/galerie-video\\\/#breadcrumb\",\"itemListElement\":[{\"@type\":\"ListItem\",\"position\":1,\"name\":\"Home\",\"item\":\"https:\\\/\\\/www.blockmoulds.com\\\/fr\\\/\"},{\"@type\":\"ListItem\",\"position\":2,\"name\":\"Galerie vid\u00e9o\"}]},{\"@type\":\"WebSite\",\"@id\":\"https:\\\/\\\/www.blockmoulds.com\\\/fr\\\/#website\",\"url\":\"https:\\\/\\\/www.blockmoulds.com\\\/fr\\\/\",\"name\":\"Block Moulds\",\"description\":\"Benefits of modular construction\",\"potentialAction\":[{\"@type\":\"SearchAction\",\"target\":{\"@type\":\"EntryPoint\",\"urlTemplate\":\"https:\\\/\\\/www.blockmoulds.com\\\/fr\\\/?s={search_term_string}\"},\"query-input\":{\"@type\":\"PropertyValueSpecification\",\"valueRequired\":true,\"valueName\":\"search_term_string\"}}],\"inLanguage\":\"fr-FR\"}]}<\/script>\n<!-- \/ Yoast SEO plugin. -->","yoast_head_json":{"title":"Galerie vid\u00e9o - Block Moulds","robots":{"index":"index","follow":"follow","max-snippet":"max-snippet:-1","max-image-preview":"max-image-preview:large","max-video-preview":"max-video-preview:-1"},"canonical":"https:\/\/www.blockmoulds.com\/fr\/galerie-video\/","og_locale":"fr_FR","og_type":"article","og_title":"Galerie vid\u00e9o - Block Moulds","og_description":"[vc_row full_width=\u00a0\u00bbstretch_row\u00a0\u00bb][vc_column width=\u00a0\u00bb1\/2&Prime;][vc_video link=\u00a0\u00bbhttps:\/\/www.youtube.com\/watch?v=6oL7A4KFs5Q&amp;feature=emb_logo\u00a0\u00bb][\/vc_column][vc_column width=\u00a0\u00bb1\/2&Prime;][vc_column_text css=\u00a0\u00bb.vc_custom_1740549772568{padding-top: 30px !important;padding-right: 50px !important;padding-left: 15px !important;}\u00a0\u00bb] INSTRUCTIONS ____ &nbsp; Chacun peut cr\u00e9er des blocs b\u00e9ton empilables. Les blocs en b\u00e9ton pr\u00e9fabriqu\u00e9 sont faciles \u00e0 produire en suivant les instructions. Couler diff\u00e9rents blocs b\u00e9ton selon vos besoins et r\u00e9duire au minimum les co\u00fbts d&rsquo;investissement. Du b\u00e9ton coul\u00e9 aux blocs finis. [&hellip;]","og_url":"https:\/\/www.blockmoulds.com\/fr\/galerie-video\/","og_site_name":"Block Moulds","article_modified_time":"2025-02-26T06:02:57+00:00","og_image":[{"width":984,"height":607,"url":"https:\/\/www.blockmoulds.com\/wp-content\/uploads\/2023\/09\/steel-moulds-for-lego-concrete-blocks-slider3.jpg","type":"image\/jpeg"}],"twitter_card":"summary_large_image","twitter_misc":{"Dur\u00e9e de lecture estim\u00e9e":"1 minute"},"schema":{"@context":"https:\/\/schema.org","@graph":[{"@type":"WebPage","@id":"https:\/\/www.blockmoulds.com\/fr\/galerie-video\/","url":"https:\/\/www.blockmoulds.com\/fr\/galerie-video\/","name":"Galerie vid\u00e9o - Block Moulds","isPartOf":{"@id":"https:\/\/www.blockmoulds.com\/fr\/#website"},"primaryImageOfPage":{"@id":"https:\/\/www.blockmoulds.com\/fr\/galerie-video\/#primaryimage"},"image":{"@id":"https:\/\/www.blockmoulds.com\/fr\/galerie-video\/#primaryimage"},"thumbnailUrl":"https:\/\/www.blockmoulds.com\/wp-content\/uploads\/2023\/09\/steel-moulds-for-lego-concrete-blocks-slider3.jpg","datePublished":"2019-01-31T12:20:10+00:00","dateModified":"2025-02-26T06:02:57+00:00","breadcrumb":{"@id":"https:\/\/www.blockmoulds.com\/fr\/galerie-video\/#breadcrumb"},"inLanguage":"fr-FR","potentialAction":[{"@type":"ReadAction","target":["https:\/\/www.blockmoulds.com\/fr\/galerie-video\/"]}]},{"@type":"ImageObject","inLanguage":"fr-FR","@id":"https:\/\/www.blockmoulds.com\/fr\/galerie-video\/#primaryimage","url":"https:\/\/www.blockmoulds.com\/wp-content\/uploads\/2023\/09\/steel-moulds-for-lego-concrete-blocks-slider3.jpg","contentUrl":"https:\/\/www.blockmoulds.com\/wp-content\/uploads\/2023\/09\/steel-moulds-for-lego-concrete-blocks-slider3.jpg","width":984,"height":607},{"@type":"BreadcrumbList","@id":"https:\/\/www.blockmoulds.com\/fr\/galerie-video\/#breadcrumb","itemListElement":[{"@type":"ListItem","position":1,"name":"Home","item":"https:\/\/www.blockmoulds.com\/fr\/"},{"@type":"ListItem","position":2,"name":"Galerie vid\u00e9o"}]},{"@type":"WebSite","@id":"https:\/\/www.blockmoulds.com\/fr\/#website","url":"https:\/\/www.blockmoulds.com\/fr\/","name":"Block Moulds","description":"Benefits of modular construction","potentialAction":[{"@type":"SearchAction","target":{"@type":"EntryPoint","urlTemplate":"https:\/\/www.blockmoulds.com\/fr\/?s={search_term_string}"},"query-input":{"@type":"PropertyValueSpecification","valueRequired":true,"valueName":"search_term_string"}}],"inLanguage":"fr-FR"}]}},"_links":{"self":[{"href":"https:\/\/www.blockmoulds.com\/fr\/wp-json\/wp\/v2\/pages\/10615","targetHints":{"allow":["GET"]}}],"collection":[{"href":"https:\/\/www.blockmoulds.com\/fr\/wp-json\/wp\/v2\/pages"}],"about":[{"href":"https:\/\/www.blockmoulds.com\/fr\/wp-json\/wp\/v2\/types\/page"}],"author":[{"embeddable":true,"href":"https:\/\/www.blockmoulds.com\/fr\/wp-json\/wp\/v2\/users\/1"}],"replies":[{"embeddable":true,"href":"https:\/\/www.blockmoulds.com\/fr\/wp-json\/wp\/v2\/comments?post=10615"}],"version-history":[{"count":4,"href":"https:\/\/www.blockmoulds.com\/fr\/wp-json\/wp\/v2\/pages\/10615\/revisions"}],"predecessor-version":[{"id":22478,"href":"https:\/\/www.blockmoulds.com\/fr\/wp-json\/wp\/v2\/pages\/10615\/revisions\/22478"}],"wp:featuredmedia":[{"embeddable":true,"href":"https:\/\/www.blockmoulds.com\/fr\/wp-json\/wp\/v2\/media\/16948"}],"wp:attachment":[{"href":"https:\/\/www.blockmoulds.com\/fr\/wp-json\/wp\/v2\/media?parent=10615"}],"curies":[{"name":"wp","href":"https:\/\/api.w.org\/{rel}","templated":true}]}}