{"id":10653,"date":"2020-04-07T12:12:44","date_gmt":"2020-04-07T12:12:44","guid":{"rendered":"https:\/\/www.blockmoulds.com\/shop\/rooftop-divider-plate-insert-30x30\/"},"modified":"2020-07-17T09:26:41","modified_gmt":"2020-07-17T09:26:41","slug":"insert-de-plaque-de-separation-de-toit-30x30","status":"publish","type":"product","link":"https:\/\/www.blockmoulds.com\/fr\/produit\/insert-de-plaque-de-separation-de-toit-30x30\/","title":{"rendered":"Insert de plaque de s\u00e9paration de toit 30&#215;30"},"content":{"rendered":"","protected":false},"excerpt":{"rendered":"<p>Avec la plaque de s\u00e9paration de toit install\u00e9e dans le moule, de plus petits blocs b\u00e9ton en forme de toit peuvent \u00eatre cr\u00e9\u00e9s. \u00c0 cette fin, ce produit doit toujours \u00eatre combin\u00e9 avec l&rsquo;<a href=\"https:\/\/www.blockmoulds.com\/fr\/shop\/insert-de-toit-180x30\/\"><strong>insert de toit<\/strong><\/a>. Si vous poss\u00e9dez d\u00e9j\u00e0 l&rsquo;insert de toit, cet article sera un ajout bienvenu pour \u00e9tendre vos capacit\u00e9s de production de blocs.<\/p>\n<p><em>Images non contractuelles<\/em><\/p>\n","protected":false},"featured_media":19752,"template":"","meta":[],"product_brand":[],"product_cat":[254],"product_tag":[],"class_list":{"0":"post-10653","1":"product","2":"type-product","3":"status-publish","4":"has-post-thumbnail","6":"product_cat-mould-inserts-fr","8":"first","9":"instock","10":"taxable","11":"shipping-taxable","12":"purchasable","13":"product-type-simple"},"yoast_head":"<!-- This site is optimized with the Yoast SEO plugin v27.5 - https:\/\/yoast.com\/product\/yoast-seo-wordpress\/ -->\n<title>Insert de plaque de s\u00e9paration de toit 30x30 - Block Moulds<\/title>\n<meta name=\"robots\" content=\"index, follow, max-snippet:-1, max-image-preview:large, max-video-preview:-1\" \/>\n<link rel=\"canonical\" href=\"https:\/\/www.blockmoulds.com\/fr\/produit\/insert-de-plaque-de-separation-de-toit-30x30\/\" \/>\n<meta property=\"og:locale\" content=\"fr_FR\" \/>\n<meta property=\"og:type\" content=\"article\" \/>\n<meta property=\"og:title\" content=\"Insert de plaque de s\u00e9paration de toit 30x30 - Block Moulds\" \/>\n<meta property=\"og:description\" content=\"Avec la plaque de s\u00e9paration de toit install\u00e9e dans le moule, de plus petits blocs b\u00e9ton en forme de toit peuvent \u00eatre cr\u00e9\u00e9s. \u00c0 cette fin, ce produit doit toujours \u00eatre combin\u00e9 avec l&#039;insert de toit. Si vous poss\u00e9dez d\u00e9j\u00e0 l&#039;insert de toit, cet article sera un ajout bienvenu pour \u00e9tendre vos capacit\u00e9s de production de blocs.  Images non contractuelles\" \/>\n<meta property=\"og:url\" content=\"https:\/\/www.blockmoulds.com\/fr\/produit\/insert-de-plaque-de-separation-de-toit-30x30\/\" \/>\n<meta property=\"og:site_name\" content=\"Block Moulds\" \/>\n<meta property=\"article:modified_time\" content=\"2020-07-17T09:26:41+00:00\" \/>\n<meta property=\"og:image\" content=\"https:\/\/www.blockmoulds.com\/wp-content\/uploads\/2020\/04\/RT-DP-30-30.jpg\" \/>\n\t<meta property=\"og:image:width\" content=\"600\" \/>\n\t<meta property=\"og:image:height\" content=\"600\" \/>\n\t<meta property=\"og:image:type\" content=\"image\/jpeg\" \/>\n<meta name=\"twitter:card\" content=\"summary_large_image\" \/>\n<script type=\"application\/ld+json\" class=\"yoast-schema-graph\">{\"@context\":\"https:\\\/\\\/schema.org\",\"@graph\":[{\"@type\":\"WebPage\",\"@id\":\"https:\\\/\\\/www.blockmoulds.com\\\/fr\\\/produit\\\/insert-de-plaque-de-separation-de-toit-30x30\\\/\",\"url\":\"https:\\\/\\\/www.blockmoulds.com\\\/fr\\\/produit\\\/insert-de-plaque-de-separation-de-toit-30x30\\\/\",\"name\":\"Insert de plaque de s\u00e9paration de toit 30x30 - Block Moulds\",\"isPartOf\":{\"@id\":\"https:\\\/\\\/www.blockmoulds.com\\\/fr\\\/#website\"},\"primaryImageOfPage\":{\"@id\":\"https:\\\/\\\/www.blockmoulds.com\\\/fr\\\/produit\\\/insert-de-plaque-de-separation-de-toit-30x30\\\/#primaryimage\"},\"image\":{\"@id\":\"https:\\\/\\\/www.blockmoulds.com\\\/fr\\\/produit\\\/insert-de-plaque-de-separation-de-toit-30x30\\\/#primaryimage\"},\"thumbnailUrl\":\"https:\\\/\\\/www.blockmoulds.com\\\/wp-content\\\/uploads\\\/2020\\\/04\\\/RT-DP-30-30-1.jpg\",\"datePublished\":\"2020-04-07T12:12:44+00:00\",\"dateModified\":\"2020-07-17T09:26:41+00:00\",\"breadcrumb\":{\"@id\":\"https:\\\/\\\/www.blockmoulds.com\\\/fr\\\/produit\\\/insert-de-plaque-de-separation-de-toit-30x30\\\/#breadcrumb\"},\"inLanguage\":\"fr-FR\",\"potentialAction\":[{\"@type\":\"ReadAction\",\"target\":[\"https:\\\/\\\/www.blockmoulds.com\\\/fr\\\/produit\\\/insert-de-plaque-de-separation-de-toit-30x30\\\/\"]}]},{\"@type\":\"ImageObject\",\"inLanguage\":\"fr-FR\",\"@id\":\"https:\\\/\\\/www.blockmoulds.com\\\/fr\\\/produit\\\/insert-de-plaque-de-separation-de-toit-30x30\\\/#primaryimage\",\"url\":\"https:\\\/\\\/www.blockmoulds.com\\\/wp-content\\\/uploads\\\/2020\\\/04\\\/RT-DP-30-30-1.jpg\",\"contentUrl\":\"https:\\\/\\\/www.blockmoulds.com\\\/wp-content\\\/uploads\\\/2020\\\/04\\\/RT-DP-30-30-1.jpg\",\"width\":900,\"height\":900,\"caption\":\"divider plate 40x40 for rooftop concrete block\"},{\"@type\":\"BreadcrumbList\",\"@id\":\"https:\\\/\\\/www.blockmoulds.com\\\/fr\\\/produit\\\/insert-de-plaque-de-separation-de-toit-30x30\\\/#breadcrumb\",\"itemListElement\":[{\"@type\":\"ListItem\",\"position\":1,\"name\":\"Home\",\"item\":\"https:\\\/\\\/www.blockmoulds.com\\\/fr\\\/\"},{\"@type\":\"ListItem\",\"position\":2,\"name\":\"Shop\",\"item\":\"https:\\\/\\\/www.blockmoulds.com\\\/fr\\\/shop\\\/\"},{\"@type\":\"ListItem\",\"position\":3,\"name\":\"Insert de plaque de s\u00e9paration de toit 30&#215;30\"}]},{\"@type\":\"WebSite\",\"@id\":\"https:\\\/\\\/www.blockmoulds.com\\\/fr\\\/#website\",\"url\":\"https:\\\/\\\/www.blockmoulds.com\\\/fr\\\/\",\"name\":\"Block Moulds\",\"description\":\"Benefits of modular construction\",\"potentialAction\":[{\"@type\":\"SearchAction\",\"target\":{\"@type\":\"EntryPoint\",\"urlTemplate\":\"https:\\\/\\\/www.blockmoulds.com\\\/fr\\\/?s={search_term_string}\"},\"query-input\":{\"@type\":\"PropertyValueSpecification\",\"valueRequired\":true,\"valueName\":\"search_term_string\"}}],\"inLanguage\":\"fr-FR\"}]}<\/script>\n<!-- \/ Yoast SEO plugin. -->","yoast_head_json":{"title":"Insert de plaque de s\u00e9paration de toit 30x30 - Block Moulds","robots":{"index":"index","follow":"follow","max-snippet":"max-snippet:-1","max-image-preview":"max-image-preview:large","max-video-preview":"max-video-preview:-1"},"canonical":"https:\/\/www.blockmoulds.com\/fr\/produit\/insert-de-plaque-de-separation-de-toit-30x30\/","og_locale":"fr_FR","og_type":"article","og_title":"Insert de plaque de s\u00e9paration de toit 30x30 - Block Moulds","og_description":"Avec la plaque de s\u00e9paration de toit install\u00e9e dans le moule, de plus petits blocs b\u00e9ton en forme de toit peuvent \u00eatre cr\u00e9\u00e9s. \u00c0 cette fin, ce produit doit toujours \u00eatre combin\u00e9 avec l'insert de toit. Si vous poss\u00e9dez d\u00e9j\u00e0 l'insert de toit, cet article sera un ajout bienvenu pour \u00e9tendre vos capacit\u00e9s de production de blocs.  Images non contractuelles","og_url":"https:\/\/www.blockmoulds.com\/fr\/produit\/insert-de-plaque-de-separation-de-toit-30x30\/","og_site_name":"Block Moulds","article_modified_time":"2020-07-17T09:26:41+00:00","og_image":[{"width":600,"height":600,"url":"https:\/\/www.blockmoulds.com\/wp-content\/uploads\/2020\/04\/RT-DP-30-30.jpg","type":"image\/jpeg"}],"twitter_card":"summary_large_image","schema":{"@context":"https:\/\/schema.org","@graph":[{"@type":"WebPage","@id":"https:\/\/www.blockmoulds.com\/fr\/produit\/insert-de-plaque-de-separation-de-toit-30x30\/","url":"https:\/\/www.blockmoulds.com\/fr\/produit\/insert-de-plaque-de-separation-de-toit-30x30\/","name":"Insert de plaque de s\u00e9paration de toit 30x30 - Block Moulds","isPartOf":{"@id":"https:\/\/www.blockmoulds.com\/fr\/#website"},"primaryImageOfPage":{"@id":"https:\/\/www.blockmoulds.com\/fr\/produit\/insert-de-plaque-de-separation-de-toit-30x30\/#primaryimage"},"image":{"@id":"https:\/\/www.blockmoulds.com\/fr\/produit\/insert-de-plaque-de-separation-de-toit-30x30\/#primaryimage"},"thumbnailUrl":"https:\/\/www.blockmoulds.com\/wp-content\/uploads\/2020\/04\/RT-DP-30-30-1.jpg","datePublished":"2020-04-07T12:12:44+00:00","dateModified":"2020-07-17T09:26:41+00:00","breadcrumb":{"@id":"https:\/\/www.blockmoulds.com\/fr\/produit\/insert-de-plaque-de-separation-de-toit-30x30\/#breadcrumb"},"inLanguage":"fr-FR","potentialAction":[{"@type":"ReadAction","target":["https:\/\/www.blockmoulds.com\/fr\/produit\/insert-de-plaque-de-separation-de-toit-30x30\/"]}]},{"@type":"ImageObject","inLanguage":"fr-FR","@id":"https:\/\/www.blockmoulds.com\/fr\/produit\/insert-de-plaque-de-separation-de-toit-30x30\/#primaryimage","url":"https:\/\/www.blockmoulds.com\/wp-content\/uploads\/2020\/04\/RT-DP-30-30-1.jpg","contentUrl":"https:\/\/www.blockmoulds.com\/wp-content\/uploads\/2020\/04\/RT-DP-30-30-1.jpg","width":900,"height":900,"caption":"divider plate 40x40 for rooftop concrete block"},{"@type":"BreadcrumbList","@id":"https:\/\/www.blockmoulds.com\/fr\/produit\/insert-de-plaque-de-separation-de-toit-30x30\/#breadcrumb","itemListElement":[{"@type":"ListItem","position":1,"name":"Home","item":"https:\/\/www.blockmoulds.com\/fr\/"},{"@type":"ListItem","position":2,"name":"Shop","item":"https:\/\/www.blockmoulds.com\/fr\/shop\/"},{"@type":"ListItem","position":3,"name":"Insert de plaque de s\u00e9paration de toit 30&#215;30"}]},{"@type":"WebSite","@id":"https:\/\/www.blockmoulds.com\/fr\/#website","url":"https:\/\/www.blockmoulds.com\/fr\/","name":"Block Moulds","description":"Benefits of modular construction","potentialAction":[{"@type":"SearchAction","target":{"@type":"EntryPoint","urlTemplate":"https:\/\/www.blockmoulds.com\/fr\/?s={search_term_string}"},"query-input":{"@type":"PropertyValueSpecification","valueRequired":true,"valueName":"search_term_string"}}],"inLanguage":"fr-FR"}]}},"_links":{"self":[{"href":"https:\/\/www.blockmoulds.com\/fr\/wp-json\/wp\/v2\/product\/10653","targetHints":{"allow":["GET"]}}],"collection":[{"href":"https:\/\/www.blockmoulds.com\/fr\/wp-json\/wp\/v2\/product"}],"about":[{"href":"https:\/\/www.blockmoulds.com\/fr\/wp-json\/wp\/v2\/types\/product"}],"wp:featuredmedia":[{"embeddable":true,"href":"https:\/\/www.blockmoulds.com\/fr\/wp-json\/wp\/v2\/media\/19752"}],"wp:attachment":[{"href":"https:\/\/www.blockmoulds.com\/fr\/wp-json\/wp\/v2\/media?parent=10653"}],"wp:term":[{"taxonomy":"product_brand","embeddable":true,"href":"https:\/\/www.blockmoulds.com\/fr\/wp-json\/wp\/v2\/product_brand?post=10653"},{"taxonomy":"product_cat","embeddable":true,"href":"https:\/\/www.blockmoulds.com\/fr\/wp-json\/wp\/v2\/product_cat?post=10653"},{"taxonomy":"product_tag","embeddable":true,"href":"https:\/\/www.blockmoulds.com\/fr\/wp-json\/wp\/v2\/product_tag?post=10653"}],"curies":[{"name":"wp","href":"https:\/\/api.w.org\/{rel}","templated":true}]}}