{"id":10794,"date":"2020-03-21T13:24:36","date_gmt":"2020-03-21T13:24:36","guid":{"rendered":"https:\/\/www.blockmoulds.com\/shop\/2-leg-chain-slings-for-slabs\/"},"modified":"2022-06-07T19:40:54","modified_gmt":"2022-06-07T19:40:54","slug":"elingues-de-levage-2-brins-pour-dalles","status":"publish","type":"product","link":"https:\/\/www.blockmoulds.com\/fr\/produit\/elingues-de-levage-2-brins-pour-dalles\/","title":{"rendered":"\u00c9lingues de levage 2 brins pour dalles"},"content":{"rendered":"","protected":false},"excerpt":{"rendered":"<p>Les \u00e9lingues de levage 2 brins sont \u00e9quip\u00e9es de crochets qui s&rsquo;ins\u00e8rent dans les fentes des <a href=\"https:\/\/www.blockmoulds.com\/fr\/product-categorie\/concrete-paving-slabs-fr\/\"><strong>profil\u00e9s coul\u00e9s <\/strong><\/a>si ces derniers sont int\u00e9gr\u00e9s dans les <a href=\"https:\/\/www.blockmoulds.com\/fr\/product-categorie\/concrete-paving-slabs-fr\/\"><strong>dalles de b\u00e9ton.<\/strong><\/a><\/p>\n<p>L&rsquo;\u00e9lingue est fix\u00e9e au <a href=\"https:\/\/www.blockmoulds.com\/fr\/shop\/mecanisme-de-levage-et-de-rotation-de-dalle-200x200\/\"><strong>palonnier<\/strong><\/a> de sorte que les dalles de pavage en b\u00e9ton peuvent simplement \u00eatre soulev\u00e9es et plac\u00e9es en position.<\/p>\n","protected":false},"featured_media":13187,"template":"","meta":[],"product_brand":[],"product_cat":[256],"product_tag":[],"class_list":{"0":"post-10794","1":"product","2":"type-product","3":"status-publish","4":"has-post-thumbnail","6":"product_cat-lifting-accessories-fr","8":"first","9":"instock","10":"taxable","11":"shipping-taxable","12":"purchasable","13":"product-type-simple"},"yoast_head":"<!-- This site is optimized with the Yoast SEO plugin v27.4 - https:\/\/yoast.com\/product\/yoast-seo-wordpress\/ -->\n<title>\u00c9lingues de levage 2 brins pour dalles - Block Moulds<\/title>\n<meta name=\"robots\" content=\"index, follow, max-snippet:-1, max-image-preview:large, max-video-preview:-1\" \/>\n<link rel=\"canonical\" href=\"https:\/\/www.blockmoulds.com\/fr\/produit\/elingues-de-levage-2-brins-pour-dalles\/\" \/>\n<meta property=\"og:locale\" content=\"fr_FR\" \/>\n<meta property=\"og:type\" content=\"article\" \/>\n<meta property=\"og:title\" content=\"\u00c9lingues de levage 2 brins pour dalles - Block Moulds\" \/>\n<meta property=\"og:description\" content=\"Les \u00e9lingues de levage 2 brins sont \u00e9quip\u00e9es de crochets qui s&#039;ins\u00e8rent dans les fentes des profil\u00e9s coul\u00e9s si ces derniers sont int\u00e9gr\u00e9s dans les dalles de b\u00e9ton.  L&#039;\u00e9lingue est fix\u00e9e au palonnier de sorte que les dalles de pavage en b\u00e9ton peuvent simplement \u00eatre soulev\u00e9es et plac\u00e9es en position.\" \/>\n<meta property=\"og:url\" content=\"https:\/\/www.blockmoulds.com\/fr\/produit\/elingues-de-levage-2-brins-pour-dalles\/\" \/>\n<meta property=\"og:site_name\" content=\"Block Moulds\" \/>\n<meta property=\"article:modified_time\" content=\"2022-06-07T19:40:54+00:00\" \/>\n<meta property=\"og:image\" content=\"https:\/\/www.blockmoulds.com\/wp-content\/uploads\/2020\/03\/Concrete-Slab-2-Leg-Lifting-Chain.jpg\" \/>\n\t<meta property=\"og:image:width\" content=\"2048\" \/>\n\t<meta property=\"og:image:height\" content=\"1536\" \/>\n\t<meta property=\"og:image:type\" content=\"image\/jpeg\" \/>\n<meta name=\"twitter:card\" content=\"summary_large_image\" \/>\n<script type=\"application\/ld+json\" class=\"yoast-schema-graph\">{\"@context\":\"https:\\\/\\\/schema.org\",\"@graph\":[{\"@type\":\"WebPage\",\"@id\":\"https:\\\/\\\/www.blockmoulds.com\\\/fr\\\/produit\\\/elingues-de-levage-2-brins-pour-dalles\\\/\",\"url\":\"https:\\\/\\\/www.blockmoulds.com\\\/fr\\\/produit\\\/elingues-de-levage-2-brins-pour-dalles\\\/\",\"name\":\"\u00c9lingues de levage 2 brins pour dalles - Block Moulds\",\"isPartOf\":{\"@id\":\"https:\\\/\\\/www.blockmoulds.com\\\/fr\\\/#website\"},\"primaryImageOfPage\":{\"@id\":\"https:\\\/\\\/www.blockmoulds.com\\\/fr\\\/produit\\\/elingues-de-levage-2-brins-pour-dalles\\\/#primaryimage\"},\"image\":{\"@id\":\"https:\\\/\\\/www.blockmoulds.com\\\/fr\\\/produit\\\/elingues-de-levage-2-brins-pour-dalles\\\/#primaryimage\"},\"thumbnailUrl\":\"https:\\\/\\\/www.blockmoulds.com\\\/wp-content\\\/uploads\\\/2022\\\/09\\\/2-LEG-CHAIN-SLINGS-FOR-SLABS-2.jpg\",\"datePublished\":\"2020-03-21T13:24:36+00:00\",\"dateModified\":\"2022-06-07T19:40:54+00:00\",\"breadcrumb\":{\"@id\":\"https:\\\/\\\/www.blockmoulds.com\\\/fr\\\/produit\\\/elingues-de-levage-2-brins-pour-dalles\\\/#breadcrumb\"},\"inLanguage\":\"fr-FR\",\"potentialAction\":[{\"@type\":\"ReadAction\",\"target\":[\"https:\\\/\\\/www.blockmoulds.com\\\/fr\\\/produit\\\/elingues-de-levage-2-brins-pour-dalles\\\/\"]}]},{\"@type\":\"ImageObject\",\"inLanguage\":\"fr-FR\",\"@id\":\"https:\\\/\\\/www.blockmoulds.com\\\/fr\\\/produit\\\/elingues-de-levage-2-brins-pour-dalles\\\/#primaryimage\",\"url\":\"https:\\\/\\\/www.blockmoulds.com\\\/wp-content\\\/uploads\\\/2022\\\/09\\\/2-LEG-CHAIN-SLINGS-FOR-SLABS-2.jpg\",\"contentUrl\":\"https:\\\/\\\/www.blockmoulds.com\\\/wp-content\\\/uploads\\\/2022\\\/09\\\/2-LEG-CHAIN-SLINGS-FOR-SLABS-2.jpg\",\"width\":600,\"height\":600,\"caption\":\"2 LEG CHAIN SLINGS FOR SLABS 2\"},{\"@type\":\"BreadcrumbList\",\"@id\":\"https:\\\/\\\/www.blockmoulds.com\\\/fr\\\/produit\\\/elingues-de-levage-2-brins-pour-dalles\\\/#breadcrumb\",\"itemListElement\":[{\"@type\":\"ListItem\",\"position\":1,\"name\":\"Home\",\"item\":\"https:\\\/\\\/www.blockmoulds.com\\\/fr\\\/\"},{\"@type\":\"ListItem\",\"position\":2,\"name\":\"Shop\",\"item\":\"https:\\\/\\\/www.blockmoulds.com\\\/fr\\\/shop\\\/\"},{\"@type\":\"ListItem\",\"position\":3,\"name\":\"\u00c9lingues de levage 2 brins pour dalles\"}]},{\"@type\":\"WebSite\",\"@id\":\"https:\\\/\\\/www.blockmoulds.com\\\/fr\\\/#website\",\"url\":\"https:\\\/\\\/www.blockmoulds.com\\\/fr\\\/\",\"name\":\"Block Moulds\",\"description\":\"Benefits of modular construction\",\"potentialAction\":[{\"@type\":\"SearchAction\",\"target\":{\"@type\":\"EntryPoint\",\"urlTemplate\":\"https:\\\/\\\/www.blockmoulds.com\\\/fr\\\/?s={search_term_string}\"},\"query-input\":{\"@type\":\"PropertyValueSpecification\",\"valueRequired\":true,\"valueName\":\"search_term_string\"}}],\"inLanguage\":\"fr-FR\"}]}<\/script>\n<!-- \/ Yoast SEO plugin. -->","yoast_head_json":{"title":"\u00c9lingues de levage 2 brins pour dalles - Block Moulds","robots":{"index":"index","follow":"follow","max-snippet":"max-snippet:-1","max-image-preview":"max-image-preview:large","max-video-preview":"max-video-preview:-1"},"canonical":"https:\/\/www.blockmoulds.com\/fr\/produit\/elingues-de-levage-2-brins-pour-dalles\/","og_locale":"fr_FR","og_type":"article","og_title":"\u00c9lingues de levage 2 brins pour dalles - Block Moulds","og_description":"Les \u00e9lingues de levage 2 brins sont \u00e9quip\u00e9es de crochets qui s'ins\u00e8rent dans les fentes des profil\u00e9s coul\u00e9s si ces derniers sont int\u00e9gr\u00e9s dans les dalles de b\u00e9ton.  L'\u00e9lingue est fix\u00e9e au palonnier de sorte que les dalles de pavage en b\u00e9ton peuvent simplement \u00eatre soulev\u00e9es et plac\u00e9es en position.","og_url":"https:\/\/www.blockmoulds.com\/fr\/produit\/elingues-de-levage-2-brins-pour-dalles\/","og_site_name":"Block Moulds","article_modified_time":"2022-06-07T19:40:54+00:00","og_image":[{"width":2048,"height":1536,"url":"https:\/\/www.blockmoulds.com\/wp-content\/uploads\/2020\/03\/Concrete-Slab-2-Leg-Lifting-Chain.jpg","type":"image\/jpeg"}],"twitter_card":"summary_large_image","schema":{"@context":"https:\/\/schema.org","@graph":[{"@type":"WebPage","@id":"https:\/\/www.blockmoulds.com\/fr\/produit\/elingues-de-levage-2-brins-pour-dalles\/","url":"https:\/\/www.blockmoulds.com\/fr\/produit\/elingues-de-levage-2-brins-pour-dalles\/","name":"\u00c9lingues de levage 2 brins pour dalles - Block Moulds","isPartOf":{"@id":"https:\/\/www.blockmoulds.com\/fr\/#website"},"primaryImageOfPage":{"@id":"https:\/\/www.blockmoulds.com\/fr\/produit\/elingues-de-levage-2-brins-pour-dalles\/#primaryimage"},"image":{"@id":"https:\/\/www.blockmoulds.com\/fr\/produit\/elingues-de-levage-2-brins-pour-dalles\/#primaryimage"},"thumbnailUrl":"https:\/\/www.blockmoulds.com\/wp-content\/uploads\/2022\/09\/2-LEG-CHAIN-SLINGS-FOR-SLABS-2.jpg","datePublished":"2020-03-21T13:24:36+00:00","dateModified":"2022-06-07T19:40:54+00:00","breadcrumb":{"@id":"https:\/\/www.blockmoulds.com\/fr\/produit\/elingues-de-levage-2-brins-pour-dalles\/#breadcrumb"},"inLanguage":"fr-FR","potentialAction":[{"@type":"ReadAction","target":["https:\/\/www.blockmoulds.com\/fr\/produit\/elingues-de-levage-2-brins-pour-dalles\/"]}]},{"@type":"ImageObject","inLanguage":"fr-FR","@id":"https:\/\/www.blockmoulds.com\/fr\/produit\/elingues-de-levage-2-brins-pour-dalles\/#primaryimage","url":"https:\/\/www.blockmoulds.com\/wp-content\/uploads\/2022\/09\/2-LEG-CHAIN-SLINGS-FOR-SLABS-2.jpg","contentUrl":"https:\/\/www.blockmoulds.com\/wp-content\/uploads\/2022\/09\/2-LEG-CHAIN-SLINGS-FOR-SLABS-2.jpg","width":600,"height":600,"caption":"2 LEG CHAIN SLINGS FOR SLABS 2"},{"@type":"BreadcrumbList","@id":"https:\/\/www.blockmoulds.com\/fr\/produit\/elingues-de-levage-2-brins-pour-dalles\/#breadcrumb","itemListElement":[{"@type":"ListItem","position":1,"name":"Home","item":"https:\/\/www.blockmoulds.com\/fr\/"},{"@type":"ListItem","position":2,"name":"Shop","item":"https:\/\/www.blockmoulds.com\/fr\/shop\/"},{"@type":"ListItem","position":3,"name":"\u00c9lingues de levage 2 brins pour dalles"}]},{"@type":"WebSite","@id":"https:\/\/www.blockmoulds.com\/fr\/#website","url":"https:\/\/www.blockmoulds.com\/fr\/","name":"Block Moulds","description":"Benefits of modular construction","potentialAction":[{"@type":"SearchAction","target":{"@type":"EntryPoint","urlTemplate":"https:\/\/www.blockmoulds.com\/fr\/?s={search_term_string}"},"query-input":{"@type":"PropertyValueSpecification","valueRequired":true,"valueName":"search_term_string"}}],"inLanguage":"fr-FR"}]}},"_links":{"self":[{"href":"https:\/\/www.blockmoulds.com\/fr\/wp-json\/wp\/v2\/product\/10794","targetHints":{"allow":["GET"]}}],"collection":[{"href":"https:\/\/www.blockmoulds.com\/fr\/wp-json\/wp\/v2\/product"}],"about":[{"href":"https:\/\/www.blockmoulds.com\/fr\/wp-json\/wp\/v2\/types\/product"}],"wp:featuredmedia":[{"embeddable":true,"href":"https:\/\/www.blockmoulds.com\/fr\/wp-json\/wp\/v2\/media\/13187"}],"wp:attachment":[{"href":"https:\/\/www.blockmoulds.com\/fr\/wp-json\/wp\/v2\/media?parent=10794"}],"wp:term":[{"taxonomy":"product_brand","embeddable":true,"href":"https:\/\/www.blockmoulds.com\/fr\/wp-json\/wp\/v2\/product_brand?post=10794"},{"taxonomy":"product_cat","embeddable":true,"href":"https:\/\/www.blockmoulds.com\/fr\/wp-json\/wp\/v2\/product_cat?post=10794"},{"taxonomy":"product_tag","embeddable":true,"href":"https:\/\/www.blockmoulds.com\/fr\/wp-json\/wp\/v2\/product_tag?post=10794"}],"curies":[{"name":"wp","href":"https:\/\/api.w.org\/{rel}","templated":true}]}}