{"id":12453,"date":"2021-10-11T19:19:40","date_gmt":"2021-10-11T19:19:40","guid":{"rendered":"https:\/\/www.blockmoulds.com\/shop\/concrete-slab-mould-200x150x25\/"},"modified":"2021-10-21T17:24:24","modified_gmt":"2021-10-21T17:24:24","slug":"moule-pour-dalle-beton-200x150x25","status":"publish","type":"product","link":"https:\/\/www.blockmoulds.com\/fr\/produit\/moule-pour-dalle-beton-200x150x25\/","title":{"rendered":"Moule pour dalle b\u00e9ton 200x150x25"},"content":{"rendered":"","protected":false},"excerpt":{"rendered":"<p>Ce moule est destin\u00e9 \u00e0 la production de dalles b\u00e9ton rectangulaires. Les dalles de b\u00e9ton sont id\u00e9ales pour les applications de pavage temporaires ou permanentes. Souvent utilis\u00e9es dans le secteur industriel et agricole.<\/p>\n<p>On les trouve dans <a href=\"https:\/\/www.blockmoulds.com\/fr\/utilisations\/casiers-de-stockage\/\"><strong>les casiers de stockage de mat\u00e9riaux<\/strong><\/a>, les bunkers non pav\u00e9s, <a href=\"https:\/\/www.blockmoulds.com\/fr\/utilisations\/silos-densilage\/\"><strong>les silos d&rsquo;ensilage<\/strong><\/a> et le stockage du fumier.<\/p>\n<p>Les dalles b\u00e9ton sont in\u00e9branlables et supportent de lourdes charges de chargeuses sur pneus ou de camions de par leurs grandes dimensions permettant de r\u00e9partir les charges sur les couches sous-jacentes de la surface du sol. Le b\u00e9ton garantit l&rsquo;accessibilit\u00e9 de la surface.<\/p>\n<p>Les dalles de b\u00e9ton sont souvent utilis\u00e9es en combinaison avec les blocs b\u00e9ton empilables pour construire <a href=\"https:\/\/www.blockmoulds.com\/fr\/utilisations\/murs-de-retenue\/\"><strong>des murs de retenue<\/strong><\/a> ou pour <a href=\"https:\/\/www.blockmoulds.com\/fr\/utilisations\/murs-denceinte-et-clotures\/\"><strong>effectuer un cloisonnement de parcelle.<\/strong><\/a><\/p>\n<p>Les dalles b\u00e9ton sont faciles \u00e0 installer et \u00e0 d\u00e9placer en utilisant <a href=\"https:\/\/www.blockmoulds.com\/fr\/shop\/mecanisme-de-levage-et-de-rotation-de-dalle-200x200\/\"><strong>le m\u00e9canisme de levage sp\u00e9cial<\/strong><\/a>.<\/p>\n<p>En ins\u00e9rant les profil\u00e9s coul\u00e9s, les dalles de b\u00e9ton peuvent \u00eatre facilement soulev\u00e9es. Ces inserts cr\u00e9ent deux fentes dans la dalle de b\u00e9ton.<\/p>\n<p><a href=\"https:\/\/www.blockmoulds.com\/fr\/shop\/elingues-de-levage-2-brins-pour-dalles\/\"><strong>L&rsquo;\u00e9lingue de levage disponible<\/strong><\/a> peut simplement \u00eatre connect\u00e9e au palonnier du chariot \u00e9l\u00e9vateur et accroch\u00e9e \u00e0 la dalle de b\u00e9ton. La base pour garantir une m\u00e9thode de travail ad\u00e9quate et s\u00fbre pour la manutention des dalles b\u00e9ton.<\/p>\n","protected":false},"featured_media":22031,"template":"","meta":[],"product_brand":[],"product_cat":[253],"product_tag":[],"class_list":{"0":"post-12453","1":"product","2":"type-product","3":"status-publish","4":"has-post-thumbnail","6":"product_cat-concrete-paving-slabs-fr","8":"first","9":"instock","10":"taxable","11":"shipping-taxable","12":"purchasable","13":"product-type-simple"},"yoast_head":"<!-- This site is optimized with the Yoast SEO plugin v27.5 - https:\/\/yoast.com\/product\/yoast-seo-wordpress\/ -->\n<title>Moule pour dalle b\u00e9ton 200x150x25 - Block Moulds<\/title>\n<meta name=\"robots\" content=\"index, follow, max-snippet:-1, max-image-preview:large, max-video-preview:-1\" \/>\n<link rel=\"canonical\" href=\"https:\/\/www.blockmoulds.com\/fr\/produit\/moule-pour-dalle-beton-200x150x25\/\" \/>\n<meta property=\"og:locale\" content=\"fr_FR\" \/>\n<meta property=\"og:type\" content=\"article\" \/>\n<meta property=\"og:title\" content=\"Moule pour dalle b\u00e9ton 200x150x25 - Block Moulds\" \/>\n<meta property=\"og:description\" content=\"Ce moule est destin\u00e9 \u00e0 la production de dalles b\u00e9ton rectangulaires. Les dalles de b\u00e9ton sont id\u00e9ales pour les applications de pavage temporaires ou permanentes. Souvent utilis\u00e9es dans le secteur industriel et agricole.  On les trouve dans les casiers de stockage de mat\u00e9riaux, les bunkers non pav\u00e9s, les silos d&#039;ensilage et le stockage du fumier.  Les dalles b\u00e9ton sont in\u00e9branlables et supportent de lourdes charges de chargeuses sur pneus ou de camions de par leurs grandes dimensions permettant de r\u00e9partir les charges sur les couches sous-jacentes de la surface du sol. Le b\u00e9ton garantit l&#039;accessibilit\u00e9 de la surface.  Les dalles de b\u00e9ton sont souvent utilis\u00e9es en combinaison avec les blocs b\u00e9ton empilables pour construire des murs de retenue ou pour effectuer un cloisonnement de parcelle.  Les dalles b\u00e9ton sont faciles \u00e0 installer et \u00e0 d\u00e9placer en utilisant le m\u00e9canisme de levage sp\u00e9cial.  En ins\u00e9rant les profil\u00e9s coul\u00e9s, les dalles de b\u00e9ton peuvent \u00eatre facilement soulev\u00e9es. Ces inserts cr\u00e9ent deux fentes dans la dalle de b\u00e9ton.  L&#039;\u00e9lingue de levage disponible peut simplement \u00eatre connect\u00e9e au palonnier du chariot \u00e9l\u00e9vateur et accroch\u00e9e \u00e0 la dalle de b\u00e9ton. La base pour garantir une m\u00e9thode de travail ad\u00e9quate et s\u00fbre pour la manutention des dalles b\u00e9ton.\" \/>\n<meta property=\"og:url\" content=\"https:\/\/www.blockmoulds.com\/fr\/produit\/moule-pour-dalle-beton-200x150x25\/\" \/>\n<meta property=\"og:site_name\" content=\"Block Moulds\" \/>\n<meta property=\"article:modified_time\" content=\"2021-10-21T17:24:24+00:00\" \/>\n<meta property=\"og:image\" content=\"https:\/\/www.blockmoulds.com\/wp-content\/uploads\/2021\/10\/CS-200-150-25.jpg\" \/>\n\t<meta property=\"og:image:width\" content=\"600\" \/>\n\t<meta property=\"og:image:height\" content=\"600\" \/>\n\t<meta property=\"og:image:type\" content=\"image\/jpeg\" \/>\n<meta name=\"twitter:card\" content=\"summary_large_image\" \/>\n<script type=\"application\/ld+json\" class=\"yoast-schema-graph\">{\"@context\":\"https:\\\/\\\/schema.org\",\"@graph\":[{\"@type\":\"WebPage\",\"@id\":\"https:\\\/\\\/www.blockmoulds.com\\\/fr\\\/produit\\\/moule-pour-dalle-beton-200x150x25\\\/\",\"url\":\"https:\\\/\\\/www.blockmoulds.com\\\/fr\\\/produit\\\/moule-pour-dalle-beton-200x150x25\\\/\",\"name\":\"Moule pour dalle b\u00e9ton 200x150x25 - Block Moulds\",\"isPartOf\":{\"@id\":\"https:\\\/\\\/www.blockmoulds.com\\\/fr\\\/#website\"},\"primaryImageOfPage\":{\"@id\":\"https:\\\/\\\/www.blockmoulds.com\\\/fr\\\/produit\\\/moule-pour-dalle-beton-200x150x25\\\/#primaryimage\"},\"image\":{\"@id\":\"https:\\\/\\\/www.blockmoulds.com\\\/fr\\\/produit\\\/moule-pour-dalle-beton-200x150x25\\\/#primaryimage\"},\"thumbnailUrl\":\"https:\\\/\\\/www.blockmoulds.com\\\/wp-content\\\/uploads\\\/2021\\\/10\\\/CS-200-150-25-.webp\",\"datePublished\":\"2021-10-11T19:19:40+00:00\",\"dateModified\":\"2021-10-21T17:24:24+00:00\",\"breadcrumb\":{\"@id\":\"https:\\\/\\\/www.blockmoulds.com\\\/fr\\\/produit\\\/moule-pour-dalle-beton-200x150x25\\\/#breadcrumb\"},\"inLanguage\":\"fr-FR\",\"potentialAction\":[{\"@type\":\"ReadAction\",\"target\":[\"https:\\\/\\\/www.blockmoulds.com\\\/fr\\\/produit\\\/moule-pour-dalle-beton-200x150x25\\\/\"]}]},{\"@type\":\"ImageObject\",\"inLanguage\":\"fr-FR\",\"@id\":\"https:\\\/\\\/www.blockmoulds.com\\\/fr\\\/produit\\\/moule-pour-dalle-beton-200x150x25\\\/#primaryimage\",\"url\":\"https:\\\/\\\/www.blockmoulds.com\\\/wp-content\\\/uploads\\\/2021\\\/10\\\/CS-200-150-25-.webp\",\"contentUrl\":\"https:\\\/\\\/www.blockmoulds.com\\\/wp-content\\\/uploads\\\/2021\\\/10\\\/CS-200-150-25-.webp\",\"width\":900,\"height\":900,\"caption\":\"moule pour dalles de b\u00e9ton 200x150x25\"},{\"@type\":\"BreadcrumbList\",\"@id\":\"https:\\\/\\\/www.blockmoulds.com\\\/fr\\\/produit\\\/moule-pour-dalle-beton-200x150x25\\\/#breadcrumb\",\"itemListElement\":[{\"@type\":\"ListItem\",\"position\":1,\"name\":\"Home\",\"item\":\"https:\\\/\\\/www.blockmoulds.com\\\/fr\\\/\"},{\"@type\":\"ListItem\",\"position\":2,\"name\":\"Shop\",\"item\":\"https:\\\/\\\/www.blockmoulds.com\\\/fr\\\/shop\\\/\"},{\"@type\":\"ListItem\",\"position\":3,\"name\":\"Moule pour dalle b\u00e9ton 200x150x25\"}]},{\"@type\":\"WebSite\",\"@id\":\"https:\\\/\\\/www.blockmoulds.com\\\/fr\\\/#website\",\"url\":\"https:\\\/\\\/www.blockmoulds.com\\\/fr\\\/\",\"name\":\"Block Moulds\",\"description\":\"Benefits of modular construction\",\"potentialAction\":[{\"@type\":\"SearchAction\",\"target\":{\"@type\":\"EntryPoint\",\"urlTemplate\":\"https:\\\/\\\/www.blockmoulds.com\\\/fr\\\/?s={search_term_string}\"},\"query-input\":{\"@type\":\"PropertyValueSpecification\",\"valueRequired\":true,\"valueName\":\"search_term_string\"}}],\"inLanguage\":\"fr-FR\"}]}<\/script>\n<!-- \/ Yoast SEO plugin. -->","yoast_head_json":{"title":"Moule pour dalle b\u00e9ton 200x150x25 - Block Moulds","robots":{"index":"index","follow":"follow","max-snippet":"max-snippet:-1","max-image-preview":"max-image-preview:large","max-video-preview":"max-video-preview:-1"},"canonical":"https:\/\/www.blockmoulds.com\/fr\/produit\/moule-pour-dalle-beton-200x150x25\/","og_locale":"fr_FR","og_type":"article","og_title":"Moule pour dalle b\u00e9ton 200x150x25 - Block Moulds","og_description":"Ce moule est destin\u00e9 \u00e0 la production de dalles b\u00e9ton rectangulaires. Les dalles de b\u00e9ton sont id\u00e9ales pour les applications de pavage temporaires ou permanentes. Souvent utilis\u00e9es dans le secteur industriel et agricole.  On les trouve dans les casiers de stockage de mat\u00e9riaux, les bunkers non pav\u00e9s, les silos d'ensilage et le stockage du fumier.  Les dalles b\u00e9ton sont in\u00e9branlables et supportent de lourdes charges de chargeuses sur pneus ou de camions de par leurs grandes dimensions permettant de r\u00e9partir les charges sur les couches sous-jacentes de la surface du sol. Le b\u00e9ton garantit l'accessibilit\u00e9 de la surface.  Les dalles de b\u00e9ton sont souvent utilis\u00e9es en combinaison avec les blocs b\u00e9ton empilables pour construire des murs de retenue ou pour effectuer un cloisonnement de parcelle.  Les dalles b\u00e9ton sont faciles \u00e0 installer et \u00e0 d\u00e9placer en utilisant le m\u00e9canisme de levage sp\u00e9cial.  En ins\u00e9rant les profil\u00e9s coul\u00e9s, les dalles de b\u00e9ton peuvent \u00eatre facilement soulev\u00e9es. Ces inserts cr\u00e9ent deux fentes dans la dalle de b\u00e9ton.  L'\u00e9lingue de levage disponible peut simplement \u00eatre connect\u00e9e au palonnier du chariot \u00e9l\u00e9vateur et accroch\u00e9e \u00e0 la dalle de b\u00e9ton. La base pour garantir une m\u00e9thode de travail ad\u00e9quate et s\u00fbre pour la manutention des dalles b\u00e9ton.","og_url":"https:\/\/www.blockmoulds.com\/fr\/produit\/moule-pour-dalle-beton-200x150x25\/","og_site_name":"Block Moulds","article_modified_time":"2021-10-21T17:24:24+00:00","og_image":[{"width":600,"height":600,"url":"https:\/\/www.blockmoulds.com\/wp-content\/uploads\/2021\/10\/CS-200-150-25.jpg","type":"image\/jpeg"}],"twitter_card":"summary_large_image","schema":{"@context":"https:\/\/schema.org","@graph":[{"@type":"WebPage","@id":"https:\/\/www.blockmoulds.com\/fr\/produit\/moule-pour-dalle-beton-200x150x25\/","url":"https:\/\/www.blockmoulds.com\/fr\/produit\/moule-pour-dalle-beton-200x150x25\/","name":"Moule pour dalle b\u00e9ton 200x150x25 - Block Moulds","isPartOf":{"@id":"https:\/\/www.blockmoulds.com\/fr\/#website"},"primaryImageOfPage":{"@id":"https:\/\/www.blockmoulds.com\/fr\/produit\/moule-pour-dalle-beton-200x150x25\/#primaryimage"},"image":{"@id":"https:\/\/www.blockmoulds.com\/fr\/produit\/moule-pour-dalle-beton-200x150x25\/#primaryimage"},"thumbnailUrl":"https:\/\/www.blockmoulds.com\/wp-content\/uploads\/2021\/10\/CS-200-150-25-.webp","datePublished":"2021-10-11T19:19:40+00:00","dateModified":"2021-10-21T17:24:24+00:00","breadcrumb":{"@id":"https:\/\/www.blockmoulds.com\/fr\/produit\/moule-pour-dalle-beton-200x150x25\/#breadcrumb"},"inLanguage":"fr-FR","potentialAction":[{"@type":"ReadAction","target":["https:\/\/www.blockmoulds.com\/fr\/produit\/moule-pour-dalle-beton-200x150x25\/"]}]},{"@type":"ImageObject","inLanguage":"fr-FR","@id":"https:\/\/www.blockmoulds.com\/fr\/produit\/moule-pour-dalle-beton-200x150x25\/#primaryimage","url":"https:\/\/www.blockmoulds.com\/wp-content\/uploads\/2021\/10\/CS-200-150-25-.webp","contentUrl":"https:\/\/www.blockmoulds.com\/wp-content\/uploads\/2021\/10\/CS-200-150-25-.webp","width":900,"height":900,"caption":"moule pour dalles de b\u00e9ton 200x150x25"},{"@type":"BreadcrumbList","@id":"https:\/\/www.blockmoulds.com\/fr\/produit\/moule-pour-dalle-beton-200x150x25\/#breadcrumb","itemListElement":[{"@type":"ListItem","position":1,"name":"Home","item":"https:\/\/www.blockmoulds.com\/fr\/"},{"@type":"ListItem","position":2,"name":"Shop","item":"https:\/\/www.blockmoulds.com\/fr\/shop\/"},{"@type":"ListItem","position":3,"name":"Moule pour dalle b\u00e9ton 200x150x25"}]},{"@type":"WebSite","@id":"https:\/\/www.blockmoulds.com\/fr\/#website","url":"https:\/\/www.blockmoulds.com\/fr\/","name":"Block Moulds","description":"Benefits of modular construction","potentialAction":[{"@type":"SearchAction","target":{"@type":"EntryPoint","urlTemplate":"https:\/\/www.blockmoulds.com\/fr\/?s={search_term_string}"},"query-input":{"@type":"PropertyValueSpecification","valueRequired":true,"valueName":"search_term_string"}}],"inLanguage":"fr-FR"}]}},"_links":{"self":[{"href":"https:\/\/www.blockmoulds.com\/fr\/wp-json\/wp\/v2\/product\/12453","targetHints":{"allow":["GET"]}}],"collection":[{"href":"https:\/\/www.blockmoulds.com\/fr\/wp-json\/wp\/v2\/product"}],"about":[{"href":"https:\/\/www.blockmoulds.com\/fr\/wp-json\/wp\/v2\/types\/product"}],"wp:featuredmedia":[{"embeddable":true,"href":"https:\/\/www.blockmoulds.com\/fr\/wp-json\/wp\/v2\/media\/22031"}],"wp:attachment":[{"href":"https:\/\/www.blockmoulds.com\/fr\/wp-json\/wp\/v2\/media?parent=12453"}],"wp:term":[{"taxonomy":"product_brand","embeddable":true,"href":"https:\/\/www.blockmoulds.com\/fr\/wp-json\/wp\/v2\/product_brand?post=12453"},{"taxonomy":"product_cat","embeddable":true,"href":"https:\/\/www.blockmoulds.com\/fr\/wp-json\/wp\/v2\/product_cat?post=12453"},{"taxonomy":"product_tag","embeddable":true,"href":"https:\/\/www.blockmoulds.com\/fr\/wp-json\/wp\/v2\/product_tag?post=12453"}],"curies":[{"name":"wp","href":"https:\/\/api.w.org\/{rel}","templated":true}]}}