{"id":13635,"date":"2022-10-31T12:40:46","date_gmt":"2022-10-31T12:40:46","guid":{"rendered":"https:\/\/www.blockmoulds.com\/shop\/magnetic-recess-formers-5t\/"},"modified":"2024-12-12T11:33:52","modified_gmt":"2024-12-12T11:33:52","slug":"reservations-hemispheriques-magnetiques-5t","status":"publish","type":"product","link":"https:\/\/www.blockmoulds.com\/fr\/produit\/reservations-hemispheriques-magnetiques-5t\/","title":{"rendered":"R\u00e9servations h\u00e9misph\u00e9riques magn\u00e9tiques 5t"},"content":{"rendered":"","protected":false},"excerpt":{"rendered":"<p>Ce corps en acier est tourn\u00e9 \u00e0 partir d&rsquo;un mat\u00e9riau solide et \u00e9quip\u00e9 d&rsquo;un syst\u00e8me magn\u00e9tique haute performance, fournissant un aimant puissant pour localiser les ancrages \u00e0 pied pr\u00e9fabriqu\u00e9s dans des moules en acier.<\/p>\n<p>Lorsque la coul\u00e9e est termin\u00e9e et que le b\u00e9ton a suffisamment durci, la r\u00e9servation h\u00e9misph\u00e9rique magn\u00e9tique en acier est facilement retir\u00e9e en utilisant la force magn\u00e9tique automatiquement ou manuellement. Retirez simplement l&rsquo;<a href=\"https:\/\/www.blockmoulds.com\/fr\/shop\/oeillet-en-caoutchouc-pour-fixation-dancrage-5t\/\"><strong>\u0153illet en caoutchouc<\/strong><\/a> (vendu s\u00e9par\u00e9ment) sous la t\u00eate d&rsquo;ancrage et l&rsquo;unit\u00e9 pr\u00e9fabriqu\u00e9e est pr\u00eate \u00e0 \u00eatre soulev\u00e9e.<\/p>\n<p>Nettoyez soigneusement les aimants d&rsquo;ancrage \u00e0 t\u00eate sph\u00e9rique imm\u00e9diatement apr\u00e8s leur retrait et appliquez de l&rsquo;huile de d\u00e9coffrage avant chaque utilisation.<\/p>\n","protected":false},"featured_media":13651,"template":"","meta":[],"product_brand":[],"product_cat":[256],"product_tag":[],"class_list":{"0":"post-13635","1":"product","2":"type-product","3":"status-publish","4":"has-post-thumbnail","6":"product_cat-lifting-accessories-fr","8":"first","9":"instock","10":"taxable","11":"shipping-taxable","12":"purchasable","13":"product-type-simple"},"yoast_head":"<!-- This site is optimized with the Yoast SEO plugin v27.4 - https:\/\/yoast.com\/product\/yoast-seo-wordpress\/ -->\n<title>R\u00e9servations h\u00e9misph\u00e9riques magn\u00e9tiques 5t - Block Moulds<\/title>\n<meta name=\"robots\" content=\"index, follow, max-snippet:-1, max-image-preview:large, max-video-preview:-1\" \/>\n<link rel=\"canonical\" href=\"https:\/\/www.blockmoulds.com\/fr\/produit\/reservations-hemispheriques-magnetiques-5t\/\" \/>\n<meta property=\"og:locale\" content=\"fr_FR\" \/>\n<meta property=\"og:type\" content=\"article\" \/>\n<meta property=\"og:title\" content=\"R\u00e9servations h\u00e9misph\u00e9riques magn\u00e9tiques 5t - Block Moulds\" \/>\n<meta property=\"og:description\" content=\"Ce corps en acier est tourn\u00e9 \u00e0 partir d&#039;un mat\u00e9riau solide et \u00e9quip\u00e9 d&#039;un syst\u00e8me magn\u00e9tique haute performance, fournissant un aimant puissant pour localiser les ancrages \u00e0 pied pr\u00e9fabriqu\u00e9s dans des moules en acier.  Lorsque la coul\u00e9e est termin\u00e9e et que le b\u00e9ton a suffisamment durci, la r\u00e9servation h\u00e9misph\u00e9rique magn\u00e9tique en acier est facilement retir\u00e9e en utilisant la force magn\u00e9tique automatiquement ou manuellement. Retirez simplement l&#039;\u0153illet en caoutchouc (vendu s\u00e9par\u00e9ment) sous la t\u00eate d&#039;ancrage et l&#039;unit\u00e9 pr\u00e9fabriqu\u00e9e est pr\u00eate \u00e0 \u00eatre soulev\u00e9e.  Nettoyez soigneusement les aimants d&#039;ancrage \u00e0 t\u00eate sph\u00e9rique imm\u00e9diatement apr\u00e8s leur retrait et appliquez de l&#039;huile de d\u00e9coffrage avant chaque utilisation.\" \/>\n<meta property=\"og:url\" content=\"https:\/\/www.blockmoulds.com\/fr\/produit\/reservations-hemispheriques-magnetiques-5t\/\" \/>\n<meta property=\"og:site_name\" content=\"Block Moulds\" \/>\n<meta property=\"article:modified_time\" content=\"2024-12-12T11:33:52+00:00\" \/>\n<meta property=\"og:image\" content=\"https:\/\/www.blockmoulds.com\/wp-content\/uploads\/2022\/10\/AM-5000_Recess-Former-3.jpg\" \/>\n\t<meta property=\"og:image:width\" content=\"900\" \/>\n\t<meta property=\"og:image:height\" content=\"900\" \/>\n\t<meta property=\"og:image:type\" content=\"image\/jpeg\" \/>\n<meta name=\"twitter:card\" content=\"summary_large_image\" \/>\n<meta name=\"twitter:label1\" content=\"Dur\u00e9e de lecture estim\u00e9e\" \/>\n\t<meta name=\"twitter:data1\" content=\"1 minute\" \/>\n<script type=\"application\/ld+json\" class=\"yoast-schema-graph\">{\"@context\":\"https:\\\/\\\/schema.org\",\"@graph\":[{\"@type\":\"WebPage\",\"@id\":\"https:\\\/\\\/www.blockmoulds.com\\\/fr\\\/produit\\\/reservations-hemispheriques-magnetiques-5t\\\/\",\"url\":\"https:\\\/\\\/www.blockmoulds.com\\\/fr\\\/produit\\\/reservations-hemispheriques-magnetiques-5t\\\/\",\"name\":\"R\u00e9servations h\u00e9misph\u00e9riques magn\u00e9tiques 5t - Block Moulds\",\"isPartOf\":{\"@id\":\"https:\\\/\\\/www.blockmoulds.com\\\/fr\\\/#website\"},\"primaryImageOfPage\":{\"@id\":\"https:\\\/\\\/www.blockmoulds.com\\\/fr\\\/produit\\\/reservations-hemispheriques-magnetiques-5t\\\/#primaryimage\"},\"image\":{\"@id\":\"https:\\\/\\\/www.blockmoulds.com\\\/fr\\\/produit\\\/reservations-hemispheriques-magnetiques-5t\\\/#primaryimage\"},\"thumbnailUrl\":\"https:\\\/\\\/www.blockmoulds.com\\\/wp-content\\\/uploads\\\/2022\\\/10\\\/AM-5000_Recess-Former-3.jpg\",\"datePublished\":\"2022-10-31T12:40:46+00:00\",\"dateModified\":\"2024-12-12T11:33:52+00:00\",\"breadcrumb\":{\"@id\":\"https:\\\/\\\/www.blockmoulds.com\\\/fr\\\/produit\\\/reservations-hemispheriques-magnetiques-5t\\\/#breadcrumb\"},\"inLanguage\":\"fr-FR\",\"potentialAction\":[{\"@type\":\"ReadAction\",\"target\":[\"https:\\\/\\\/www.blockmoulds.com\\\/fr\\\/produit\\\/reservations-hemispheriques-magnetiques-5t\\\/\"]}]},{\"@type\":\"ImageObject\",\"inLanguage\":\"fr-FR\",\"@id\":\"https:\\\/\\\/www.blockmoulds.com\\\/fr\\\/produit\\\/reservations-hemispheriques-magnetiques-5t\\\/#primaryimage\",\"url\":\"https:\\\/\\\/www.blockmoulds.com\\\/wp-content\\\/uploads\\\/2022\\\/10\\\/AM-5000_Recess-Former-3.jpg\",\"contentUrl\":\"https:\\\/\\\/www.blockmoulds.com\\\/wp-content\\\/uploads\\\/2022\\\/10\\\/AM-5000_Recess-Former-3.jpg\",\"width\":900,\"height\":900,\"caption\":\"AM-5000_Recess Former\"},{\"@type\":\"BreadcrumbList\",\"@id\":\"https:\\\/\\\/www.blockmoulds.com\\\/fr\\\/produit\\\/reservations-hemispheriques-magnetiques-5t\\\/#breadcrumb\",\"itemListElement\":[{\"@type\":\"ListItem\",\"position\":1,\"name\":\"Home\",\"item\":\"https:\\\/\\\/www.blockmoulds.com\\\/fr\\\/\"},{\"@type\":\"ListItem\",\"position\":2,\"name\":\"Shop\",\"item\":\"https:\\\/\\\/www.blockmoulds.com\\\/fr\\\/shop\\\/\"},{\"@type\":\"ListItem\",\"position\":3,\"name\":\"R\u00e9servations h\u00e9misph\u00e9riques magn\u00e9tiques 5t\"}]},{\"@type\":\"WebSite\",\"@id\":\"https:\\\/\\\/www.blockmoulds.com\\\/fr\\\/#website\",\"url\":\"https:\\\/\\\/www.blockmoulds.com\\\/fr\\\/\",\"name\":\"Block Moulds\",\"description\":\"Benefits of modular construction\",\"potentialAction\":[{\"@type\":\"SearchAction\",\"target\":{\"@type\":\"EntryPoint\",\"urlTemplate\":\"https:\\\/\\\/www.blockmoulds.com\\\/fr\\\/?s={search_term_string}\"},\"query-input\":{\"@type\":\"PropertyValueSpecification\",\"valueRequired\":true,\"valueName\":\"search_term_string\"}}],\"inLanguage\":\"fr-FR\"}]}<\/script>\n<!-- \/ Yoast SEO plugin. -->","yoast_head_json":{"title":"R\u00e9servations h\u00e9misph\u00e9riques magn\u00e9tiques 5t - Block Moulds","robots":{"index":"index","follow":"follow","max-snippet":"max-snippet:-1","max-image-preview":"max-image-preview:large","max-video-preview":"max-video-preview:-1"},"canonical":"https:\/\/www.blockmoulds.com\/fr\/produit\/reservations-hemispheriques-magnetiques-5t\/","og_locale":"fr_FR","og_type":"article","og_title":"R\u00e9servations h\u00e9misph\u00e9riques magn\u00e9tiques 5t - Block Moulds","og_description":"Ce corps en acier est tourn\u00e9 \u00e0 partir d'un mat\u00e9riau solide et \u00e9quip\u00e9 d'un syst\u00e8me magn\u00e9tique haute performance, fournissant un aimant puissant pour localiser les ancrages \u00e0 pied pr\u00e9fabriqu\u00e9s dans des moules en acier.  Lorsque la coul\u00e9e est termin\u00e9e et que le b\u00e9ton a suffisamment durci, la r\u00e9servation h\u00e9misph\u00e9rique magn\u00e9tique en acier est facilement retir\u00e9e en utilisant la force magn\u00e9tique automatiquement ou manuellement. Retirez simplement l'\u0153illet en caoutchouc (vendu s\u00e9par\u00e9ment) sous la t\u00eate d'ancrage et l'unit\u00e9 pr\u00e9fabriqu\u00e9e est pr\u00eate \u00e0 \u00eatre soulev\u00e9e.  Nettoyez soigneusement les aimants d'ancrage \u00e0 t\u00eate sph\u00e9rique imm\u00e9diatement apr\u00e8s leur retrait et appliquez de l'huile de d\u00e9coffrage avant chaque utilisation.","og_url":"https:\/\/www.blockmoulds.com\/fr\/produit\/reservations-hemispheriques-magnetiques-5t\/","og_site_name":"Block Moulds","article_modified_time":"2024-12-12T11:33:52+00:00","og_image":[{"width":900,"height":900,"url":"https:\/\/www.blockmoulds.com\/wp-content\/uploads\/2022\/10\/AM-5000_Recess-Former-3.jpg","type":"image\/jpeg"}],"twitter_card":"summary_large_image","twitter_misc":{"Dur\u00e9e de lecture estim\u00e9e":"1 minute"},"schema":{"@context":"https:\/\/schema.org","@graph":[{"@type":"WebPage","@id":"https:\/\/www.blockmoulds.com\/fr\/produit\/reservations-hemispheriques-magnetiques-5t\/","url":"https:\/\/www.blockmoulds.com\/fr\/produit\/reservations-hemispheriques-magnetiques-5t\/","name":"R\u00e9servations h\u00e9misph\u00e9riques magn\u00e9tiques 5t - Block Moulds","isPartOf":{"@id":"https:\/\/www.blockmoulds.com\/fr\/#website"},"primaryImageOfPage":{"@id":"https:\/\/www.blockmoulds.com\/fr\/produit\/reservations-hemispheriques-magnetiques-5t\/#primaryimage"},"image":{"@id":"https:\/\/www.blockmoulds.com\/fr\/produit\/reservations-hemispheriques-magnetiques-5t\/#primaryimage"},"thumbnailUrl":"https:\/\/www.blockmoulds.com\/wp-content\/uploads\/2022\/10\/AM-5000_Recess-Former-3.jpg","datePublished":"2022-10-31T12:40:46+00:00","dateModified":"2024-12-12T11:33:52+00:00","breadcrumb":{"@id":"https:\/\/www.blockmoulds.com\/fr\/produit\/reservations-hemispheriques-magnetiques-5t\/#breadcrumb"},"inLanguage":"fr-FR","potentialAction":[{"@type":"ReadAction","target":["https:\/\/www.blockmoulds.com\/fr\/produit\/reservations-hemispheriques-magnetiques-5t\/"]}]},{"@type":"ImageObject","inLanguage":"fr-FR","@id":"https:\/\/www.blockmoulds.com\/fr\/produit\/reservations-hemispheriques-magnetiques-5t\/#primaryimage","url":"https:\/\/www.blockmoulds.com\/wp-content\/uploads\/2022\/10\/AM-5000_Recess-Former-3.jpg","contentUrl":"https:\/\/www.blockmoulds.com\/wp-content\/uploads\/2022\/10\/AM-5000_Recess-Former-3.jpg","width":900,"height":900,"caption":"AM-5000_Recess Former"},{"@type":"BreadcrumbList","@id":"https:\/\/www.blockmoulds.com\/fr\/produit\/reservations-hemispheriques-magnetiques-5t\/#breadcrumb","itemListElement":[{"@type":"ListItem","position":1,"name":"Home","item":"https:\/\/www.blockmoulds.com\/fr\/"},{"@type":"ListItem","position":2,"name":"Shop","item":"https:\/\/www.blockmoulds.com\/fr\/shop\/"},{"@type":"ListItem","position":3,"name":"R\u00e9servations h\u00e9misph\u00e9riques magn\u00e9tiques 5t"}]},{"@type":"WebSite","@id":"https:\/\/www.blockmoulds.com\/fr\/#website","url":"https:\/\/www.blockmoulds.com\/fr\/","name":"Block Moulds","description":"Benefits of modular construction","potentialAction":[{"@type":"SearchAction","target":{"@type":"EntryPoint","urlTemplate":"https:\/\/www.blockmoulds.com\/fr\/?s={search_term_string}"},"query-input":{"@type":"PropertyValueSpecification","valueRequired":true,"valueName":"search_term_string"}}],"inLanguage":"fr-FR"}]}},"_links":{"self":[{"href":"https:\/\/www.blockmoulds.com\/fr\/wp-json\/wp\/v2\/product\/13635","targetHints":{"allow":["GET"]}}],"collection":[{"href":"https:\/\/www.blockmoulds.com\/fr\/wp-json\/wp\/v2\/product"}],"about":[{"href":"https:\/\/www.blockmoulds.com\/fr\/wp-json\/wp\/v2\/types\/product"}],"wp:featuredmedia":[{"embeddable":true,"href":"https:\/\/www.blockmoulds.com\/fr\/wp-json\/wp\/v2\/media\/13651"}],"wp:attachment":[{"href":"https:\/\/www.blockmoulds.com\/fr\/wp-json\/wp\/v2\/media?parent=13635"}],"wp:term":[{"taxonomy":"product_brand","embeddable":true,"href":"https:\/\/www.blockmoulds.com\/fr\/wp-json\/wp\/v2\/product_brand?post=13635"},{"taxonomy":"product_cat","embeddable":true,"href":"https:\/\/www.blockmoulds.com\/fr\/wp-json\/wp\/v2\/product_cat?post=13635"},{"taxonomy":"product_tag","embeddable":true,"href":"https:\/\/www.blockmoulds.com\/fr\/wp-json\/wp\/v2\/product_tag?post=13635"}],"curies":[{"name":"wp","href":"https:\/\/api.w.org\/{rel}","templated":true}]}}