{"id":18743,"date":"2024-05-02T09:22:04","date_gmt":"2024-05-02T09:22:04","guid":{"rendered":"https:\/\/www.blockmoulds.com\/shop\/rooftop-insert-240x60\/"},"modified":"2024-05-02T09:32:43","modified_gmt":"2024-05-02T09:32:43","slug":"insert-de-toit-240x60","status":"publish","type":"product","link":"https:\/\/www.blockmoulds.com\/fr\/produit\/insert-de-toit-240x60\/","title":{"rendered":"Insert de toit 240&#215;60"},"content":{"rendered":"","protected":false},"excerpt":{"rendered":"<p>Le dessus d&rsquo;un bloc de b\u00e9ton peut prendre une forme de toit avec cet insert. Les blocs de cette forme sont g\u00e9n\u00e9ralement utilis\u00e9s pour la derni\u00e8re rang\u00e9e d&rsquo;un mur. La forme du toit en pente emp\u00eache l&rsquo;accumulation de mat\u00e9riaux sur le dessus des murs dans les situations o\u00f9 le niveau de mat\u00e9riaux en vrac stock\u00e9 s&rsquo;\u00e9l\u00e8ve au-dessus de la surface plane verticale du mur. Une solution optimale pour les <a href=\"https:\/\/www.blockmoulds.com\/fr\/utilisations\/casiers-de-stockage\/\"><strong>casiers de stockage<\/strong><\/a>\u00a0et les <a href=\"https:\/\/www.blockmoulds.com\/fr\/utilisations\/murs-de-soutenement\/\"><strong>murs de sout\u00e8nement<\/strong><\/a> dans l&rsquo;agriculture, le recyclage et l&rsquo;industrie du vrac.<\/p>\n<p>La forme du toit en pente est \u00e9galement parfaite pour des raisons de s\u00e9curit\u00e9 et de s\u00fbret\u00e9 car cette structure emp\u00eache les personnes de marcher sur les murs.<\/p>\n<p>Mouler des blocs plus petits avec un toit en installant une <a href=\"https:\/\/www.blockmoulds.com\/fr\/shop\/insert-de-plaque-de-separation-de-toit-60x60\/\"><strong>plaque de s\u00e9paration de toit suppl\u00e9mentaire<\/strong><\/a>.<\/p>\n<p><em>Images non contractuelles<\/em><\/p>\n","protected":false},"featured_media":18726,"template":"","meta":[],"product_brand":[],"product_cat":[254],"product_tag":[],"class_list":{"0":"post-18743","1":"product","2":"type-product","3":"status-publish","4":"has-post-thumbnail","6":"product_cat-mould-inserts-fr","8":"first","9":"instock","10":"taxable","11":"shipping-taxable","12":"purchasable","13":"product-type-simple"},"yoast_head":"<!-- This site is optimized with the Yoast SEO plugin v27.4 - https:\/\/yoast.com\/product\/yoast-seo-wordpress\/ -->\n<title>Insert de toit 240x60 - Block Moulds<\/title>\n<meta name=\"robots\" content=\"index, follow, max-snippet:-1, max-image-preview:large, max-video-preview:-1\" \/>\n<link rel=\"canonical\" href=\"https:\/\/www.blockmoulds.com\/fr\/produit\/insert-de-toit-240x60\/\" \/>\n<meta property=\"og:locale\" content=\"fr_FR\" \/>\n<meta property=\"og:type\" content=\"article\" \/>\n<meta property=\"og:title\" content=\"Insert de toit 240x60 - Block Moulds\" \/>\n<meta property=\"og:description\" content=\"Le dessus d&#039;un bloc de b\u00e9ton peut prendre une forme de toit avec cet insert. Les blocs de cette forme sont g\u00e9n\u00e9ralement utilis\u00e9s pour la derni\u00e8re rang\u00e9e d&#039;un mur. La forme du toit en pente emp\u00eache l&#039;accumulation de mat\u00e9riaux sur le dessus des murs dans les situations o\u00f9 le niveau de mat\u00e9riaux en vrac stock\u00e9 s&#039;\u00e9l\u00e8ve au-dessus de la surface plane verticale du mur. Une solution optimale pour les casiers de stockage\u00a0et les murs de sout\u00e8nement dans l&#039;agriculture, le recyclage et l&#039;industrie du vrac.  La forme du toit en pente est \u00e9galement parfaite pour des raisons de s\u00e9curit\u00e9 et de s\u00fbret\u00e9 car cette structure emp\u00eache les personnes de marcher sur les murs.  Mouler des blocs plus petits avec un toit en installant une plaque de s\u00e9paration de toit suppl\u00e9mentaire.  Images non contractuelles\" \/>\n<meta property=\"og:url\" content=\"https:\/\/www.blockmoulds.com\/fr\/produit\/insert-de-toit-240x60\/\" \/>\n<meta property=\"og:site_name\" content=\"Block Moulds\" \/>\n<meta property=\"article:modified_time\" content=\"2024-05-02T09:32:43+00:00\" \/>\n<meta property=\"og:image\" content=\"https:\/\/www.blockmoulds.com\/wp-content\/uploads\/2024\/05\/RT-240-60.jpg\" \/>\n\t<meta property=\"og:image:width\" content=\"900\" \/>\n\t<meta property=\"og:image:height\" content=\"900\" \/>\n\t<meta property=\"og:image:type\" content=\"image\/jpeg\" \/>\n<meta name=\"twitter:card\" content=\"summary_large_image\" \/>\n<meta name=\"twitter:label1\" content=\"Dur\u00e9e de lecture estim\u00e9e\" \/>\n\t<meta name=\"twitter:data1\" content=\"1 minute\" \/>\n<script type=\"application\/ld+json\" class=\"yoast-schema-graph\">{\"@context\":\"https:\\\/\\\/schema.org\",\"@graph\":[{\"@type\":\"WebPage\",\"@id\":\"https:\\\/\\\/www.blockmoulds.com\\\/fr\\\/produit\\\/insert-de-toit-240x60\\\/\",\"url\":\"https:\\\/\\\/www.blockmoulds.com\\\/fr\\\/produit\\\/insert-de-toit-240x60\\\/\",\"name\":\"Insert de toit 240x60 - Block Moulds\",\"isPartOf\":{\"@id\":\"https:\\\/\\\/www.blockmoulds.com\\\/fr\\\/#website\"},\"primaryImageOfPage\":{\"@id\":\"https:\\\/\\\/www.blockmoulds.com\\\/fr\\\/produit\\\/insert-de-toit-240x60\\\/#primaryimage\"},\"image\":{\"@id\":\"https:\\\/\\\/www.blockmoulds.com\\\/fr\\\/produit\\\/insert-de-toit-240x60\\\/#primaryimage\"},\"thumbnailUrl\":\"https:\\\/\\\/www.blockmoulds.com\\\/wp-content\\\/uploads\\\/2024\\\/05\\\/RT-240-60.jpg\",\"datePublished\":\"2024-05-02T09:22:04+00:00\",\"dateModified\":\"2024-05-02T09:32:43+00:00\",\"breadcrumb\":{\"@id\":\"https:\\\/\\\/www.blockmoulds.com\\\/fr\\\/produit\\\/insert-de-toit-240x60\\\/#breadcrumb\"},\"inLanguage\":\"fr-FR\",\"potentialAction\":[{\"@type\":\"ReadAction\",\"target\":[\"https:\\\/\\\/www.blockmoulds.com\\\/fr\\\/produit\\\/insert-de-toit-240x60\\\/\"]}]},{\"@type\":\"ImageObject\",\"inLanguage\":\"fr-FR\",\"@id\":\"https:\\\/\\\/www.blockmoulds.com\\\/fr\\\/produit\\\/insert-de-toit-240x60\\\/#primaryimage\",\"url\":\"https:\\\/\\\/www.blockmoulds.com\\\/wp-content\\\/uploads\\\/2024\\\/05\\\/RT-240-60.jpg\",\"contentUrl\":\"https:\\\/\\\/www.blockmoulds.com\\\/wp-content\\\/uploads\\\/2024\\\/05\\\/RT-240-60.jpg\",\"width\":900,\"height\":900,\"caption\":\"mould for rooftop concrete block 240x60\"},{\"@type\":\"BreadcrumbList\",\"@id\":\"https:\\\/\\\/www.blockmoulds.com\\\/fr\\\/produit\\\/insert-de-toit-240x60\\\/#breadcrumb\",\"itemListElement\":[{\"@type\":\"ListItem\",\"position\":1,\"name\":\"Home\",\"item\":\"https:\\\/\\\/www.blockmoulds.com\\\/fr\\\/\"},{\"@type\":\"ListItem\",\"position\":2,\"name\":\"Shop\",\"item\":\"https:\\\/\\\/www.blockmoulds.com\\\/fr\\\/shop\\\/\"},{\"@type\":\"ListItem\",\"position\":3,\"name\":\"Insert de toit 240&#215;60\"}]},{\"@type\":\"WebSite\",\"@id\":\"https:\\\/\\\/www.blockmoulds.com\\\/fr\\\/#website\",\"url\":\"https:\\\/\\\/www.blockmoulds.com\\\/fr\\\/\",\"name\":\"Block Moulds\",\"description\":\"Benefits of modular construction\",\"potentialAction\":[{\"@type\":\"SearchAction\",\"target\":{\"@type\":\"EntryPoint\",\"urlTemplate\":\"https:\\\/\\\/www.blockmoulds.com\\\/fr\\\/?s={search_term_string}\"},\"query-input\":{\"@type\":\"PropertyValueSpecification\",\"valueRequired\":true,\"valueName\":\"search_term_string\"}}],\"inLanguage\":\"fr-FR\"}]}<\/script>\n<!-- \/ Yoast SEO plugin. -->","yoast_head_json":{"title":"Insert de toit 240x60 - Block Moulds","robots":{"index":"index","follow":"follow","max-snippet":"max-snippet:-1","max-image-preview":"max-image-preview:large","max-video-preview":"max-video-preview:-1"},"canonical":"https:\/\/www.blockmoulds.com\/fr\/produit\/insert-de-toit-240x60\/","og_locale":"fr_FR","og_type":"article","og_title":"Insert de toit 240x60 - Block Moulds","og_description":"Le dessus d'un bloc de b\u00e9ton peut prendre une forme de toit avec cet insert. Les blocs de cette forme sont g\u00e9n\u00e9ralement utilis\u00e9s pour la derni\u00e8re rang\u00e9e d'un mur. La forme du toit en pente emp\u00eache l'accumulation de mat\u00e9riaux sur le dessus des murs dans les situations o\u00f9 le niveau de mat\u00e9riaux en vrac stock\u00e9 s'\u00e9l\u00e8ve au-dessus de la surface plane verticale du mur. Une solution optimale pour les casiers de stockage\u00a0et les murs de sout\u00e8nement dans l'agriculture, le recyclage et l'industrie du vrac.  La forme du toit en pente est \u00e9galement parfaite pour des raisons de s\u00e9curit\u00e9 et de s\u00fbret\u00e9 car cette structure emp\u00eache les personnes de marcher sur les murs.  Mouler des blocs plus petits avec un toit en installant une plaque de s\u00e9paration de toit suppl\u00e9mentaire.  Images non contractuelles","og_url":"https:\/\/www.blockmoulds.com\/fr\/produit\/insert-de-toit-240x60\/","og_site_name":"Block Moulds","article_modified_time":"2024-05-02T09:32:43+00:00","og_image":[{"width":900,"height":900,"url":"https:\/\/www.blockmoulds.com\/wp-content\/uploads\/2024\/05\/RT-240-60.jpg","type":"image\/jpeg"}],"twitter_card":"summary_large_image","twitter_misc":{"Dur\u00e9e de lecture estim\u00e9e":"1 minute"},"schema":{"@context":"https:\/\/schema.org","@graph":[{"@type":"WebPage","@id":"https:\/\/www.blockmoulds.com\/fr\/produit\/insert-de-toit-240x60\/","url":"https:\/\/www.blockmoulds.com\/fr\/produit\/insert-de-toit-240x60\/","name":"Insert de toit 240x60 - Block Moulds","isPartOf":{"@id":"https:\/\/www.blockmoulds.com\/fr\/#website"},"primaryImageOfPage":{"@id":"https:\/\/www.blockmoulds.com\/fr\/produit\/insert-de-toit-240x60\/#primaryimage"},"image":{"@id":"https:\/\/www.blockmoulds.com\/fr\/produit\/insert-de-toit-240x60\/#primaryimage"},"thumbnailUrl":"https:\/\/www.blockmoulds.com\/wp-content\/uploads\/2024\/05\/RT-240-60.jpg","datePublished":"2024-05-02T09:22:04+00:00","dateModified":"2024-05-02T09:32:43+00:00","breadcrumb":{"@id":"https:\/\/www.blockmoulds.com\/fr\/produit\/insert-de-toit-240x60\/#breadcrumb"},"inLanguage":"fr-FR","potentialAction":[{"@type":"ReadAction","target":["https:\/\/www.blockmoulds.com\/fr\/produit\/insert-de-toit-240x60\/"]}]},{"@type":"ImageObject","inLanguage":"fr-FR","@id":"https:\/\/www.blockmoulds.com\/fr\/produit\/insert-de-toit-240x60\/#primaryimage","url":"https:\/\/www.blockmoulds.com\/wp-content\/uploads\/2024\/05\/RT-240-60.jpg","contentUrl":"https:\/\/www.blockmoulds.com\/wp-content\/uploads\/2024\/05\/RT-240-60.jpg","width":900,"height":900,"caption":"mould for rooftop concrete block 240x60"},{"@type":"BreadcrumbList","@id":"https:\/\/www.blockmoulds.com\/fr\/produit\/insert-de-toit-240x60\/#breadcrumb","itemListElement":[{"@type":"ListItem","position":1,"name":"Home","item":"https:\/\/www.blockmoulds.com\/fr\/"},{"@type":"ListItem","position":2,"name":"Shop","item":"https:\/\/www.blockmoulds.com\/fr\/shop\/"},{"@type":"ListItem","position":3,"name":"Insert de toit 240&#215;60"}]},{"@type":"WebSite","@id":"https:\/\/www.blockmoulds.com\/fr\/#website","url":"https:\/\/www.blockmoulds.com\/fr\/","name":"Block Moulds","description":"Benefits of modular construction","potentialAction":[{"@type":"SearchAction","target":{"@type":"EntryPoint","urlTemplate":"https:\/\/www.blockmoulds.com\/fr\/?s={search_term_string}"},"query-input":{"@type":"PropertyValueSpecification","valueRequired":true,"valueName":"search_term_string"}}],"inLanguage":"fr-FR"}]}},"_links":{"self":[{"href":"https:\/\/www.blockmoulds.com\/fr\/wp-json\/wp\/v2\/product\/18743","targetHints":{"allow":["GET"]}}],"collection":[{"href":"https:\/\/www.blockmoulds.com\/fr\/wp-json\/wp\/v2\/product"}],"about":[{"href":"https:\/\/www.blockmoulds.com\/fr\/wp-json\/wp\/v2\/types\/product"}],"wp:featuredmedia":[{"embeddable":true,"href":"https:\/\/www.blockmoulds.com\/fr\/wp-json\/wp\/v2\/media\/18726"}],"wp:attachment":[{"href":"https:\/\/www.blockmoulds.com\/fr\/wp-json\/wp\/v2\/media?parent=18743"}],"wp:term":[{"taxonomy":"product_brand","embeddable":true,"href":"https:\/\/www.blockmoulds.com\/fr\/wp-json\/wp\/v2\/product_brand?post=18743"},{"taxonomy":"product_cat","embeddable":true,"href":"https:\/\/www.blockmoulds.com\/fr\/wp-json\/wp\/v2\/product_cat?post=18743"},{"taxonomy":"product_tag","embeddable":true,"href":"https:\/\/www.blockmoulds.com\/fr\/wp-json\/wp\/v2\/product_tag?post=18743"}],"curies":[{"name":"wp","href":"https:\/\/api.w.org\/{rel}","templated":true}]}}