{"id":18956,"date":"2024-05-20T12:35:27","date_gmt":"2024-05-20T12:35:27","guid":{"rendered":"https:\/\/www.blockmoulds.com\/shop\/rooftop-insert-240x30\/"},"modified":"2026-04-01T12:18:59","modified_gmt":"2026-04-01T12:18:59","slug":"insert-de-toit-240x30","status":"publish","type":"product","link":"https:\/\/www.blockmoulds.com\/fr\/produit\/insert-de-toit-240x30\/","title":{"rendered":"Insert de toit 240&#215;30"},"content":{"rendered":"","protected":false},"excerpt":{"rendered":"<p>Le dessus d\u2019un bloc de b\u00e9ton peut prendre une forme de toit avec cet insert. Les blocs de cette forme sont g\u00e9n\u00e9ralement utilis\u00e9s pour la derni\u00e8re rang\u00e9e d\u2019un mur. La forme du toit en pente emp\u00eache l\u2019accumulation de mat\u00e9riaux sur le dessus des murs dans les situations o\u00f9 le niveau de mat\u00e9riaux en vrac stock\u00e9 s\u2019\u00e9l\u00e8ve au-dessus de la surface plane verticale du mur. Une solution optimale pour les\u00a0<a href=\"https:\/\/www.blockmoulds.com\/fr\/utilisations\/casiers-de-stockage\/\"><strong>casiers de stockage<\/strong><\/a>\u00a0et les\u00a0<a href=\"https:\/\/www.blockmoulds.com\/fr\/utilisations\/murs-de-soutenement\/\"><strong>murs de sout\u00e8nement<\/strong><\/a>\u00a0dans l\u2019agriculture, le recyclage et l\u2019industrie du vrac.<\/p>\n<p>La forme du toit en pente est \u00e9galement parfaite pour des raisons de s\u00e9curit\u00e9 et de s\u00fbret\u00e9 car cette structure emp\u00eache les personnes de marcher sur les murs.<\/p>\n<p>Mouler des blocs plus petits avec un toit en installant une\u00a0<a href=\"https:\/\/www.blockmoulds.com\/fr\/produit\/insert-de-plaque-de-separation-de-toit-30x30\/\"><strong>plaque de s\u00e9paration de toit suppl\u00e9mentaire<\/strong><\/a>.<\/p>\n<p><em>Images non contractuelles<\/em><\/p>\n","protected":false},"featured_media":18939,"template":"","meta":[],"product_brand":[],"product_cat":[254],"product_tag":[],"class_list":{"0":"post-18956","1":"product","2":"type-product","3":"status-publish","4":"has-post-thumbnail","6":"product_cat-mould-inserts-fr","8":"first","9":"instock","10":"taxable","11":"shipping-taxable","12":"purchasable","13":"product-type-simple"},"yoast_head":"<!-- This site is optimized with the Yoast SEO plugin v27.5 - https:\/\/yoast.com\/product\/yoast-seo-wordpress\/ -->\n<title>Insert de toit 240x30 for Concrete Block Mould - Block Moulds<\/title>\n<meta name=\"robots\" content=\"index, follow, max-snippet:-1, max-image-preview:large, max-video-preview:-1\" \/>\n<link rel=\"canonical\" href=\"https:\/\/www.blockmoulds.com\/fr\/produit\/insert-de-toit-240x30\/\" \/>\n<meta property=\"og:locale\" content=\"fr_FR\" \/>\n<meta property=\"og:type\" content=\"article\" \/>\n<meta property=\"og:title\" content=\"Insert de toit 240x30 for Concrete Block Mould - Block Moulds\" \/>\n<meta property=\"og:description\" content=\"Le dessus d\u2019un bloc de b\u00e9ton peut prendre une forme de toit avec cet insert. Les blocs de cette forme sont g\u00e9n\u00e9ralement utilis\u00e9s pour la derni\u00e8re rang\u00e9e d\u2019un mur. La forme du toit en pente emp\u00eache l\u2019accumulation de mat\u00e9riaux sur le dessus des murs dans les situations o\u00f9 le niveau de mat\u00e9riaux en vrac stock\u00e9 s\u2019\u00e9l\u00e8ve au-dessus de la surface plane verticale du mur. Une solution optimale pour les\u00a0casiers de stockage\u00a0et les\u00a0murs de sout\u00e8nement\u00a0dans l\u2019agriculture, le recyclage et l\u2019industrie du vrac.  La forme du toit en pente est \u00e9galement parfaite pour des raisons de s\u00e9curit\u00e9 et de s\u00fbret\u00e9 car cette structure emp\u00eache les personnes de marcher sur les murs.  Mouler des blocs plus petits avec un toit en installant une\u00a0plaque de s\u00e9paration de toit suppl\u00e9mentaire.  Images non contractuelles\" \/>\n<meta property=\"og:url\" content=\"https:\/\/www.blockmoulds.com\/fr\/produit\/insert-de-toit-240x30\/\" \/>\n<meta property=\"og:site_name\" content=\"Block Moulds\" \/>\n<meta property=\"article:modified_time\" content=\"2026-04-01T12:18:59+00:00\" \/>\n<meta property=\"og:image\" content=\"https:\/\/www.blockmoulds.com\/wp-content\/uploads\/2024\/05\/RT-240-30.jpg\" \/>\n\t<meta property=\"og:image:width\" content=\"900\" \/>\n\t<meta property=\"og:image:height\" content=\"900\" \/>\n\t<meta property=\"og:image:type\" content=\"image\/jpeg\" \/>\n<meta name=\"twitter:card\" content=\"summary_large_image\" \/>\n<meta name=\"twitter:label1\" content=\"Dur\u00e9e de lecture estim\u00e9e\" \/>\n\t<meta name=\"twitter:data1\" content=\"1 minute\" \/>\n<script type=\"application\/ld+json\" class=\"yoast-schema-graph\">{\"@context\":\"https:\\\/\\\/schema.org\",\"@graph\":[{\"@type\":\"WebPage\",\"@id\":\"https:\\\/\\\/www.blockmoulds.com\\\/fr\\\/produit\\\/insert-de-toit-240x30\\\/\",\"url\":\"https:\\\/\\\/www.blockmoulds.com\\\/fr\\\/produit\\\/insert-de-toit-240x30\\\/\",\"name\":\"Insert de toit 240x30 for Concrete Block Mould - Block Moulds\",\"isPartOf\":{\"@id\":\"https:\\\/\\\/www.blockmoulds.com\\\/fr\\\/#website\"},\"primaryImageOfPage\":{\"@id\":\"https:\\\/\\\/www.blockmoulds.com\\\/fr\\\/produit\\\/insert-de-toit-240x30\\\/#primaryimage\"},\"image\":{\"@id\":\"https:\\\/\\\/www.blockmoulds.com\\\/fr\\\/produit\\\/insert-de-toit-240x30\\\/#primaryimage\"},\"thumbnailUrl\":\"https:\\\/\\\/www.blockmoulds.com\\\/wp-content\\\/uploads\\\/2024\\\/05\\\/RT-240-30.jpg\",\"datePublished\":\"2024-05-20T12:35:27+00:00\",\"dateModified\":\"2026-04-01T12:18:59+00:00\",\"breadcrumb\":{\"@id\":\"https:\\\/\\\/www.blockmoulds.com\\\/fr\\\/produit\\\/insert-de-toit-240x30\\\/#breadcrumb\"},\"inLanguage\":\"fr-FR\",\"potentialAction\":[{\"@type\":\"ReadAction\",\"target\":[\"https:\\\/\\\/www.blockmoulds.com\\\/fr\\\/produit\\\/insert-de-toit-240x30\\\/\"]}]},{\"@type\":\"ImageObject\",\"inLanguage\":\"fr-FR\",\"@id\":\"https:\\\/\\\/www.blockmoulds.com\\\/fr\\\/produit\\\/insert-de-toit-240x30\\\/#primaryimage\",\"url\":\"https:\\\/\\\/www.blockmoulds.com\\\/wp-content\\\/uploads\\\/2024\\\/05\\\/RT-240-30.jpg\",\"contentUrl\":\"https:\\\/\\\/www.blockmoulds.com\\\/wp-content\\\/uploads\\\/2024\\\/05\\\/RT-240-30.jpg\",\"width\":900,\"height\":900,\"caption\":\"rooftop insert for concrete block mould 240x30\"},{\"@type\":\"BreadcrumbList\",\"@id\":\"https:\\\/\\\/www.blockmoulds.com\\\/fr\\\/produit\\\/insert-de-toit-240x30\\\/#breadcrumb\",\"itemListElement\":[{\"@type\":\"ListItem\",\"position\":1,\"name\":\"Home\",\"item\":\"https:\\\/\\\/www.blockmoulds.com\\\/fr\\\/\"},{\"@type\":\"ListItem\",\"position\":2,\"name\":\"Shop\",\"item\":\"https:\\\/\\\/www.blockmoulds.com\\\/fr\\\/shop\\\/\"},{\"@type\":\"ListItem\",\"position\":3,\"name\":\"Insert de toit 240&#215;30\"}]},{\"@type\":\"WebSite\",\"@id\":\"https:\\\/\\\/www.blockmoulds.com\\\/fr\\\/#website\",\"url\":\"https:\\\/\\\/www.blockmoulds.com\\\/fr\\\/\",\"name\":\"Block Moulds\",\"description\":\"Benefits of modular construction\",\"potentialAction\":[{\"@type\":\"SearchAction\",\"target\":{\"@type\":\"EntryPoint\",\"urlTemplate\":\"https:\\\/\\\/www.blockmoulds.com\\\/fr\\\/?s={search_term_string}\"},\"query-input\":{\"@type\":\"PropertyValueSpecification\",\"valueRequired\":true,\"valueName\":\"search_term_string\"}}],\"inLanguage\":\"fr-FR\"}]}<\/script>\n<!-- \/ Yoast SEO plugin. -->","yoast_head_json":{"title":"Insert de toit 240x30 for Concrete Block Mould - Block Moulds","robots":{"index":"index","follow":"follow","max-snippet":"max-snippet:-1","max-image-preview":"max-image-preview:large","max-video-preview":"max-video-preview:-1"},"canonical":"https:\/\/www.blockmoulds.com\/fr\/produit\/insert-de-toit-240x30\/","og_locale":"fr_FR","og_type":"article","og_title":"Insert de toit 240x30 for Concrete Block Mould - Block Moulds","og_description":"Le dessus d\u2019un bloc de b\u00e9ton peut prendre une forme de toit avec cet insert. Les blocs de cette forme sont g\u00e9n\u00e9ralement utilis\u00e9s pour la derni\u00e8re rang\u00e9e d\u2019un mur. La forme du toit en pente emp\u00eache l\u2019accumulation de mat\u00e9riaux sur le dessus des murs dans les situations o\u00f9 le niveau de mat\u00e9riaux en vrac stock\u00e9 s\u2019\u00e9l\u00e8ve au-dessus de la surface plane verticale du mur. Une solution optimale pour les\u00a0casiers de stockage\u00a0et les\u00a0murs de sout\u00e8nement\u00a0dans l\u2019agriculture, le recyclage et l\u2019industrie du vrac.  La forme du toit en pente est \u00e9galement parfaite pour des raisons de s\u00e9curit\u00e9 et de s\u00fbret\u00e9 car cette structure emp\u00eache les personnes de marcher sur les murs.  Mouler des blocs plus petits avec un toit en installant une\u00a0plaque de s\u00e9paration de toit suppl\u00e9mentaire.  Images non contractuelles","og_url":"https:\/\/www.blockmoulds.com\/fr\/produit\/insert-de-toit-240x30\/","og_site_name":"Block Moulds","article_modified_time":"2026-04-01T12:18:59+00:00","og_image":[{"width":900,"height":900,"url":"https:\/\/www.blockmoulds.com\/wp-content\/uploads\/2024\/05\/RT-240-30.jpg","type":"image\/jpeg"}],"twitter_card":"summary_large_image","twitter_misc":{"Dur\u00e9e de lecture estim\u00e9e":"1 minute"},"schema":{"@context":"https:\/\/schema.org","@graph":[{"@type":"WebPage","@id":"https:\/\/www.blockmoulds.com\/fr\/produit\/insert-de-toit-240x30\/","url":"https:\/\/www.blockmoulds.com\/fr\/produit\/insert-de-toit-240x30\/","name":"Insert de toit 240x30 for Concrete Block Mould - Block Moulds","isPartOf":{"@id":"https:\/\/www.blockmoulds.com\/fr\/#website"},"primaryImageOfPage":{"@id":"https:\/\/www.blockmoulds.com\/fr\/produit\/insert-de-toit-240x30\/#primaryimage"},"image":{"@id":"https:\/\/www.blockmoulds.com\/fr\/produit\/insert-de-toit-240x30\/#primaryimage"},"thumbnailUrl":"https:\/\/www.blockmoulds.com\/wp-content\/uploads\/2024\/05\/RT-240-30.jpg","datePublished":"2024-05-20T12:35:27+00:00","dateModified":"2026-04-01T12:18:59+00:00","breadcrumb":{"@id":"https:\/\/www.blockmoulds.com\/fr\/produit\/insert-de-toit-240x30\/#breadcrumb"},"inLanguage":"fr-FR","potentialAction":[{"@type":"ReadAction","target":["https:\/\/www.blockmoulds.com\/fr\/produit\/insert-de-toit-240x30\/"]}]},{"@type":"ImageObject","inLanguage":"fr-FR","@id":"https:\/\/www.blockmoulds.com\/fr\/produit\/insert-de-toit-240x30\/#primaryimage","url":"https:\/\/www.blockmoulds.com\/wp-content\/uploads\/2024\/05\/RT-240-30.jpg","contentUrl":"https:\/\/www.blockmoulds.com\/wp-content\/uploads\/2024\/05\/RT-240-30.jpg","width":900,"height":900,"caption":"rooftop insert for concrete block mould 240x30"},{"@type":"BreadcrumbList","@id":"https:\/\/www.blockmoulds.com\/fr\/produit\/insert-de-toit-240x30\/#breadcrumb","itemListElement":[{"@type":"ListItem","position":1,"name":"Home","item":"https:\/\/www.blockmoulds.com\/fr\/"},{"@type":"ListItem","position":2,"name":"Shop","item":"https:\/\/www.blockmoulds.com\/fr\/shop\/"},{"@type":"ListItem","position":3,"name":"Insert de toit 240&#215;30"}]},{"@type":"WebSite","@id":"https:\/\/www.blockmoulds.com\/fr\/#website","url":"https:\/\/www.blockmoulds.com\/fr\/","name":"Block Moulds","description":"Benefits of modular construction","potentialAction":[{"@type":"SearchAction","target":{"@type":"EntryPoint","urlTemplate":"https:\/\/www.blockmoulds.com\/fr\/?s={search_term_string}"},"query-input":{"@type":"PropertyValueSpecification","valueRequired":true,"valueName":"search_term_string"}}],"inLanguage":"fr-FR"}]}},"_links":{"self":[{"href":"https:\/\/www.blockmoulds.com\/fr\/wp-json\/wp\/v2\/product\/18956","targetHints":{"allow":["GET"]}}],"collection":[{"href":"https:\/\/www.blockmoulds.com\/fr\/wp-json\/wp\/v2\/product"}],"about":[{"href":"https:\/\/www.blockmoulds.com\/fr\/wp-json\/wp\/v2\/types\/product"}],"wp:featuredmedia":[{"embeddable":true,"href":"https:\/\/www.blockmoulds.com\/fr\/wp-json\/wp\/v2\/media\/18939"}],"wp:attachment":[{"href":"https:\/\/www.blockmoulds.com\/fr\/wp-json\/wp\/v2\/media?parent=18956"}],"wp:term":[{"taxonomy":"product_brand","embeddable":true,"href":"https:\/\/www.blockmoulds.com\/fr\/wp-json\/wp\/v2\/product_brand?post=18956"},{"taxonomy":"product_cat","embeddable":true,"href":"https:\/\/www.blockmoulds.com\/fr\/wp-json\/wp\/v2\/product_cat?post=18956"},{"taxonomy":"product_tag","embeddable":true,"href":"https:\/\/www.blockmoulds.com\/fr\/wp-json\/wp\/v2\/product_tag?post=18956"}],"curies":[{"name":"wp","href":"https:\/\/api.w.org\/{rel}","templated":true}]}}