{"id":19334,"date":"2024-06-06T11:07:22","date_gmt":"2024-06-06T11:07:22","guid":{"rendered":"https:\/\/www.blockmoulds.com\/shop\/round-block-insert-180x60x30\/"},"modified":"2026-04-01T12:26:59","modified_gmt":"2026-04-01T12:26:59","slug":"bloc-arrondi-180x60x30","status":"publish","type":"product","link":"https:\/\/www.blockmoulds.com\/fr\/produit\/bloc-arrondi-180x60x30\/","title":{"rendered":"Bloc arrondi 180x60x30"},"content":{"rendered":"","protected":false},"excerpt":{"rendered":"<p>Souhaitez-vous construire des murs en b\u00e9ton dont les coins doivent \u00eatre arrondis ? Lorsque votre site de construction ne dispose pas de coins \u00e0 angle droit, ces blocs sont parfaits pour cr\u00e9er des <a href=\"https:\/\/www.blockmoulds.com\/fr\/utilisations\/murs-denceinte-et-clotures\/\"><strong>limites et des cl\u00f4tures.<\/strong><\/a><\/p>\n<p>Les larges montants ronds sur le dessus du bloc b\u00e9ton peuvent \u00eatre empil\u00e9s dans l&rsquo;\u00e9videment d&rsquo;un autre bloc arrondi. Les blocs peuvent \u00eatre facilement positionn\u00e9s dans l&rsquo;angle requis et permettent de construire des murs \u00e0 angles ronds.<\/p>\n<p>La plaque arrondie peut \u00e9galement \u00eatre remplac\u00e9e par des plaques arrondies pour produire des blocs de diff\u00e9rente hauteur. Cela vous permet de r\u00e9utiliser les panneaux sup\u00e9rieurs et inf\u00e9rieurs de cet ensemble d&rsquo;inserts. La plaque arrondie peut \u00e9galement \u00eatre r\u00e9utilis\u00e9e avec des panneaux sup\u00e9rieurs et inf\u00e9rieurs de diff\u00e9rentes longueurs.<\/p>\n<p>Les avantages de notre structure de construction modulable s&rsquo;appliquent \u00e9galement ici.<\/p>\n<p>Les panneaux lat\u00e9raux doivent \u00eatre <a href=\"https:\/\/www.blockmoulds.com\/fr\/shop\/?product_cat=mould-parts-fr\"><strong>achet\u00e9s s\u00e9par\u00e9ment<\/strong><\/a>.<\/p>\n","protected":false},"featured_media":19176,"template":"","meta":[],"product_brand":[],"product_cat":[254],"product_tag":[],"class_list":{"0":"post-19334","1":"product","2":"type-product","3":"status-publish","4":"has-post-thumbnail","6":"product_cat-mould-inserts-fr","8":"first","9":"instock","10":"taxable","11":"shipping-taxable","12":"purchasable","13":"product-type-simple"},"yoast_head":"<!-- This site is optimized with the Yoast SEO plugin v27.4 - https:\/\/yoast.com\/product\/yoast-seo-wordpress\/ -->\n<title>Moule pour bloc de b\u00e9ton empilable - Bloc arrondi 180x60x30 - Block Moulds<\/title>\n<meta name=\"robots\" content=\"index, follow, max-snippet:-1, max-image-preview:large, max-video-preview:-1\" \/>\n<link rel=\"canonical\" href=\"https:\/\/www.blockmoulds.com\/fr\/produit\/bloc-arrondi-180x60x30\/\" \/>\n<meta property=\"og:locale\" content=\"fr_FR\" \/>\n<meta property=\"og:type\" content=\"article\" \/>\n<meta property=\"og:title\" content=\"Moule pour bloc de b\u00e9ton empilable - Bloc arrondi 180x60x30 - Block Moulds\" \/>\n<meta property=\"og:description\" content=\"Souhaitez-vous construire des murs en b\u00e9ton dont les coins doivent \u00eatre arrondis ? Lorsque votre site de construction ne dispose pas de coins \u00e0 angle droit, ces blocs sont parfaits pour cr\u00e9er des limites et des cl\u00f4tures.  Les larges montants ronds sur le dessus du bloc b\u00e9ton peuvent \u00eatre empil\u00e9s dans l&#039;\u00e9videment d&#039;un autre bloc arrondi. Les blocs peuvent \u00eatre facilement positionn\u00e9s dans l&#039;angle requis et permettent de construire des murs \u00e0 angles ronds.  La plaque arrondie peut \u00e9galement \u00eatre remplac\u00e9e par des plaques arrondies pour produire des blocs de diff\u00e9rente hauteur. Cela vous permet de r\u00e9utiliser les panneaux sup\u00e9rieurs et inf\u00e9rieurs de cet ensemble d&#039;inserts. La plaque arrondie peut \u00e9galement \u00eatre r\u00e9utilis\u00e9e avec des panneaux sup\u00e9rieurs et inf\u00e9rieurs de diff\u00e9rentes longueurs.  Les avantages de notre structure de construction modulable s&#039;appliquent \u00e9galement ici.  Les panneaux lat\u00e9raux doivent \u00eatre achet\u00e9s s\u00e9par\u00e9ment.\" \/>\n<meta property=\"og:url\" content=\"https:\/\/www.blockmoulds.com\/fr\/produit\/bloc-arrondi-180x60x30\/\" \/>\n<meta property=\"og:site_name\" content=\"Block Moulds\" \/>\n<meta property=\"article:modified_time\" content=\"2026-04-01T12:26:59+00:00\" \/>\n<meta property=\"og:image\" content=\"https:\/\/www.blockmoulds.com\/wp-content\/uploads\/2024\/06\/RB-180-60-30.jpg\" \/>\n\t<meta property=\"og:image:width\" content=\"900\" \/>\n\t<meta property=\"og:image:height\" content=\"900\" \/>\n\t<meta property=\"og:image:type\" content=\"image\/jpeg\" \/>\n<meta name=\"twitter:card\" content=\"summary_large_image\" \/>\n<meta name=\"twitter:label1\" content=\"Dur\u00e9e de lecture estim\u00e9e\" \/>\n\t<meta name=\"twitter:data1\" content=\"1 minute\" \/>\n<script type=\"application\/ld+json\" class=\"yoast-schema-graph\">{\"@context\":\"https:\\\/\\\/schema.org\",\"@graph\":[{\"@type\":\"WebPage\",\"@id\":\"https:\\\/\\\/www.blockmoulds.com\\\/fr\\\/produit\\\/bloc-arrondi-180x60x30\\\/\",\"url\":\"https:\\\/\\\/www.blockmoulds.com\\\/fr\\\/produit\\\/bloc-arrondi-180x60x30\\\/\",\"name\":\"Moule pour bloc de b\u00e9ton empilable - Bloc arrondi 180x60x30 - Block Moulds\",\"isPartOf\":{\"@id\":\"https:\\\/\\\/www.blockmoulds.com\\\/fr\\\/#website\"},\"primaryImageOfPage\":{\"@id\":\"https:\\\/\\\/www.blockmoulds.com\\\/fr\\\/produit\\\/bloc-arrondi-180x60x30\\\/#primaryimage\"},\"image\":{\"@id\":\"https:\\\/\\\/www.blockmoulds.com\\\/fr\\\/produit\\\/bloc-arrondi-180x60x30\\\/#primaryimage\"},\"thumbnailUrl\":\"https:\\\/\\\/www.blockmoulds.com\\\/wp-content\\\/uploads\\\/2024\\\/06\\\/RB-180-60-30.jpg\",\"datePublished\":\"2024-06-06T11:07:22+00:00\",\"dateModified\":\"2026-04-01T12:26:59+00:00\",\"breadcrumb\":{\"@id\":\"https:\\\/\\\/www.blockmoulds.com\\\/fr\\\/produit\\\/bloc-arrondi-180x60x30\\\/#breadcrumb\"},\"inLanguage\":\"fr-FR\",\"potentialAction\":[{\"@type\":\"ReadAction\",\"target\":[\"https:\\\/\\\/www.blockmoulds.com\\\/fr\\\/produit\\\/bloc-arrondi-180x60x30\\\/\"]}]},{\"@type\":\"ImageObject\",\"inLanguage\":\"fr-FR\",\"@id\":\"https:\\\/\\\/www.blockmoulds.com\\\/fr\\\/produit\\\/bloc-arrondi-180x60x30\\\/#primaryimage\",\"url\":\"https:\\\/\\\/www.blockmoulds.com\\\/wp-content\\\/uploads\\\/2024\\\/06\\\/RB-180-60-30.jpg\",\"contentUrl\":\"https:\\\/\\\/www.blockmoulds.com\\\/wp-content\\\/uploads\\\/2024\\\/06\\\/RB-180-60-30.jpg\",\"width\":900,\"height\":900,\"caption\":\"mould for round concrete lego block 180x60x30\"},{\"@type\":\"BreadcrumbList\",\"@id\":\"https:\\\/\\\/www.blockmoulds.com\\\/fr\\\/produit\\\/bloc-arrondi-180x60x30\\\/#breadcrumb\",\"itemListElement\":[{\"@type\":\"ListItem\",\"position\":1,\"name\":\"Home\",\"item\":\"https:\\\/\\\/www.blockmoulds.com\\\/fr\\\/\"},{\"@type\":\"ListItem\",\"position\":2,\"name\":\"Shop\",\"item\":\"https:\\\/\\\/www.blockmoulds.com\\\/fr\\\/shop\\\/\"},{\"@type\":\"ListItem\",\"position\":3,\"name\":\"Bloc arrondi 180x60x30\"}]},{\"@type\":\"WebSite\",\"@id\":\"https:\\\/\\\/www.blockmoulds.com\\\/fr\\\/#website\",\"url\":\"https:\\\/\\\/www.blockmoulds.com\\\/fr\\\/\",\"name\":\"Block Moulds\",\"description\":\"Benefits of modular construction\",\"potentialAction\":[{\"@type\":\"SearchAction\",\"target\":{\"@type\":\"EntryPoint\",\"urlTemplate\":\"https:\\\/\\\/www.blockmoulds.com\\\/fr\\\/?s={search_term_string}\"},\"query-input\":{\"@type\":\"PropertyValueSpecification\",\"valueRequired\":true,\"valueName\":\"search_term_string\"}}],\"inLanguage\":\"fr-FR\"}]}<\/script>\n<!-- \/ Yoast SEO plugin. -->","yoast_head_json":{"title":"Moule pour bloc de b\u00e9ton empilable - Bloc arrondi 180x60x30 - Block Moulds","robots":{"index":"index","follow":"follow","max-snippet":"max-snippet:-1","max-image-preview":"max-image-preview:large","max-video-preview":"max-video-preview:-1"},"canonical":"https:\/\/www.blockmoulds.com\/fr\/produit\/bloc-arrondi-180x60x30\/","og_locale":"fr_FR","og_type":"article","og_title":"Moule pour bloc de b\u00e9ton empilable - Bloc arrondi 180x60x30 - Block Moulds","og_description":"Souhaitez-vous construire des murs en b\u00e9ton dont les coins doivent \u00eatre arrondis ? Lorsque votre site de construction ne dispose pas de coins \u00e0 angle droit, ces blocs sont parfaits pour cr\u00e9er des limites et des cl\u00f4tures.  Les larges montants ronds sur le dessus du bloc b\u00e9ton peuvent \u00eatre empil\u00e9s dans l'\u00e9videment d'un autre bloc arrondi. Les blocs peuvent \u00eatre facilement positionn\u00e9s dans l'angle requis et permettent de construire des murs \u00e0 angles ronds.  La plaque arrondie peut \u00e9galement \u00eatre remplac\u00e9e par des plaques arrondies pour produire des blocs de diff\u00e9rente hauteur. Cela vous permet de r\u00e9utiliser les panneaux sup\u00e9rieurs et inf\u00e9rieurs de cet ensemble d'inserts. La plaque arrondie peut \u00e9galement \u00eatre r\u00e9utilis\u00e9e avec des panneaux sup\u00e9rieurs et inf\u00e9rieurs de diff\u00e9rentes longueurs.  Les avantages de notre structure de construction modulable s'appliquent \u00e9galement ici.  Les panneaux lat\u00e9raux doivent \u00eatre achet\u00e9s s\u00e9par\u00e9ment.","og_url":"https:\/\/www.blockmoulds.com\/fr\/produit\/bloc-arrondi-180x60x30\/","og_site_name":"Block Moulds","article_modified_time":"2026-04-01T12:26:59+00:00","og_image":[{"width":900,"height":900,"url":"https:\/\/www.blockmoulds.com\/wp-content\/uploads\/2024\/06\/RB-180-60-30.jpg","type":"image\/jpeg"}],"twitter_card":"summary_large_image","twitter_misc":{"Dur\u00e9e de lecture estim\u00e9e":"1 minute"},"schema":{"@context":"https:\/\/schema.org","@graph":[{"@type":"WebPage","@id":"https:\/\/www.blockmoulds.com\/fr\/produit\/bloc-arrondi-180x60x30\/","url":"https:\/\/www.blockmoulds.com\/fr\/produit\/bloc-arrondi-180x60x30\/","name":"Moule pour bloc de b\u00e9ton empilable - Bloc arrondi 180x60x30 - Block Moulds","isPartOf":{"@id":"https:\/\/www.blockmoulds.com\/fr\/#website"},"primaryImageOfPage":{"@id":"https:\/\/www.blockmoulds.com\/fr\/produit\/bloc-arrondi-180x60x30\/#primaryimage"},"image":{"@id":"https:\/\/www.blockmoulds.com\/fr\/produit\/bloc-arrondi-180x60x30\/#primaryimage"},"thumbnailUrl":"https:\/\/www.blockmoulds.com\/wp-content\/uploads\/2024\/06\/RB-180-60-30.jpg","datePublished":"2024-06-06T11:07:22+00:00","dateModified":"2026-04-01T12:26:59+00:00","breadcrumb":{"@id":"https:\/\/www.blockmoulds.com\/fr\/produit\/bloc-arrondi-180x60x30\/#breadcrumb"},"inLanguage":"fr-FR","potentialAction":[{"@type":"ReadAction","target":["https:\/\/www.blockmoulds.com\/fr\/produit\/bloc-arrondi-180x60x30\/"]}]},{"@type":"ImageObject","inLanguage":"fr-FR","@id":"https:\/\/www.blockmoulds.com\/fr\/produit\/bloc-arrondi-180x60x30\/#primaryimage","url":"https:\/\/www.blockmoulds.com\/wp-content\/uploads\/2024\/06\/RB-180-60-30.jpg","contentUrl":"https:\/\/www.blockmoulds.com\/wp-content\/uploads\/2024\/06\/RB-180-60-30.jpg","width":900,"height":900,"caption":"mould for round concrete lego block 180x60x30"},{"@type":"BreadcrumbList","@id":"https:\/\/www.blockmoulds.com\/fr\/produit\/bloc-arrondi-180x60x30\/#breadcrumb","itemListElement":[{"@type":"ListItem","position":1,"name":"Home","item":"https:\/\/www.blockmoulds.com\/fr\/"},{"@type":"ListItem","position":2,"name":"Shop","item":"https:\/\/www.blockmoulds.com\/fr\/shop\/"},{"@type":"ListItem","position":3,"name":"Bloc arrondi 180x60x30"}]},{"@type":"WebSite","@id":"https:\/\/www.blockmoulds.com\/fr\/#website","url":"https:\/\/www.blockmoulds.com\/fr\/","name":"Block Moulds","description":"Benefits of modular construction","potentialAction":[{"@type":"SearchAction","target":{"@type":"EntryPoint","urlTemplate":"https:\/\/www.blockmoulds.com\/fr\/?s={search_term_string}"},"query-input":{"@type":"PropertyValueSpecification","valueRequired":true,"valueName":"search_term_string"}}],"inLanguage":"fr-FR"}]}},"_links":{"self":[{"href":"https:\/\/www.blockmoulds.com\/fr\/wp-json\/wp\/v2\/product\/19334","targetHints":{"allow":["GET"]}}],"collection":[{"href":"https:\/\/www.blockmoulds.com\/fr\/wp-json\/wp\/v2\/product"}],"about":[{"href":"https:\/\/www.blockmoulds.com\/fr\/wp-json\/wp\/v2\/types\/product"}],"wp:featuredmedia":[{"embeddable":true,"href":"https:\/\/www.blockmoulds.com\/fr\/wp-json\/wp\/v2\/media\/19176"}],"wp:attachment":[{"href":"https:\/\/www.blockmoulds.com\/fr\/wp-json\/wp\/v2\/media?parent=19334"}],"wp:term":[{"taxonomy":"product_brand","embeddable":true,"href":"https:\/\/www.blockmoulds.com\/fr\/wp-json\/wp\/v2\/product_brand?post=19334"},{"taxonomy":"product_cat","embeddable":true,"href":"https:\/\/www.blockmoulds.com\/fr\/wp-json\/wp\/v2\/product_cat?post=19334"},{"taxonomy":"product_tag","embeddable":true,"href":"https:\/\/www.blockmoulds.com\/fr\/wp-json\/wp\/v2\/product_tag?post=19334"}],"curies":[{"name":"wp","href":"https:\/\/api.w.org\/{rel}","templated":true}]}}