{"id":24936,"date":"2026-02-04T09:42:54","date_gmt":"2026-02-04T09:42:54","guid":{"rendered":"https:\/\/www.blockmoulds.com\/shop\/form-liner-boulder-stone-pattern-120x60\/"},"modified":"2026-04-01T08:09:49","modified_gmt":"2026-04-01T08:09:49","slug":"matrice-de-coffrage-motif-pierre-naturelle-120x60","status":"publish","type":"product","link":"https:\/\/www.blockmoulds.com\/fr\/produit\/matrice-de-coffrage-motif-pierre-naturelle-120x60\/","title":{"rendered":"Matrice de coffrage motif pierre naturelle 120&#215;60"},"content":{"rendered":"","protected":false},"excerpt":{"rendered":"<p>Nos matrices de coffrage pour blocs b\u00e9ton offrent \u00e0 vos blocs empilables un aspect d\u00e9coratif et textur\u00e9. Fabriqu\u00e9es en plastique ABS durable pour une utilisation r\u00e9p\u00e9t\u00e9e. Placez simplement la matrice au fond du moule avant le coulage pour obtenir un rendu naturel et d\u00e9taill\u00e9 avec des motifs nets. Parfait pour les murs de sout\u00e8nement, cl\u00f4tures et projets paysagers. Disponibles en plusieurs motifs et tailles adapt\u00e9es aux dimensions standard des blocs sur le march\u00e9.<\/p>\n","protected":false},"featured_media":24453,"template":"","meta":[],"product_brand":[],"product_cat":[341],"product_tag":[],"class_list":{"0":"post-24936","1":"product","2":"type-product","3":"status-publish","4":"has-post-thumbnail","6":"product_cat-matrices-de-coffrage","8":"first","9":"instock","10":"taxable","11":"shipping-taxable","12":"purchasable","13":"product-type-simple"},"yoast_head":"<!-- This site is optimized with the Yoast SEO plugin v27.5 - https:\/\/yoast.com\/product\/yoast-seo-wordpress\/ -->\n<title>Matrice de coffrage motif pierre naturelle 120x60 - Block Moulds<\/title>\n<meta name=\"robots\" content=\"index, follow, max-snippet:-1, max-image-preview:large, max-video-preview:-1\" \/>\n<link rel=\"canonical\" href=\"https:\/\/www.blockmoulds.com\/fr\/produit\/matrice-de-coffrage-motif-pierre-naturelle-120x60\/\" \/>\n<meta property=\"og:locale\" content=\"fr_FR\" \/>\n<meta property=\"og:type\" content=\"article\" \/>\n<meta property=\"og:title\" content=\"Matrice de coffrage motif pierre naturelle 120x60 - Block Moulds\" \/>\n<meta property=\"og:description\" content=\"Nos matrices de coffrage pour blocs b\u00e9ton offrent \u00e0 vos blocs empilables un aspect d\u00e9coratif et textur\u00e9. Fabriqu\u00e9es en plastique ABS durable pour une utilisation r\u00e9p\u00e9t\u00e9e. Placez simplement la matrice au fond du moule avant le coulage pour obtenir un rendu naturel et d\u00e9taill\u00e9 avec des motifs nets. Parfait pour les murs de sout\u00e8nement, cl\u00f4tures et projets paysagers. Disponibles en plusieurs motifs et tailles adapt\u00e9es aux dimensions standard des blocs sur le march\u00e9.\" \/>\n<meta property=\"og:url\" content=\"https:\/\/www.blockmoulds.com\/fr\/produit\/matrice-de-coffrage-motif-pierre-naturelle-120x60\/\" \/>\n<meta property=\"og:site_name\" content=\"Block Moulds\" \/>\n<meta property=\"article:modified_time\" content=\"2026-04-01T08:09:49+00:00\" \/>\n<meta property=\"og:image\" content=\"https:\/\/www.blockmoulds.com\/wp-content\/uploads\/2026\/02\/boulder-120x60-form-liner.jpg\" \/>\n\t<meta property=\"og:image:width\" content=\"900\" \/>\n\t<meta property=\"og:image:height\" content=\"900\" \/>\n\t<meta property=\"og:image:type\" content=\"image\/jpeg\" \/>\n<meta name=\"twitter:card\" content=\"summary_large_image\" \/>\n<meta name=\"twitter:label1\" content=\"Dur\u00e9e de lecture estim\u00e9e\" \/>\n\t<meta name=\"twitter:data1\" content=\"1 minute\" \/>\n<script type=\"application\/ld+json\" class=\"yoast-schema-graph\">{\"@context\":\"https:\\\/\\\/schema.org\",\"@graph\":[{\"@type\":\"WebPage\",\"@id\":\"https:\\\/\\\/www.blockmoulds.com\\\/fr\\\/produit\\\/matrice-de-coffrage-motif-pierre-naturelle-120x60\\\/\",\"url\":\"https:\\\/\\\/www.blockmoulds.com\\\/fr\\\/produit\\\/matrice-de-coffrage-motif-pierre-naturelle-120x60\\\/\",\"name\":\"Matrice de coffrage motif pierre naturelle 120x60 - Block Moulds\",\"isPartOf\":{\"@id\":\"https:\\\/\\\/www.blockmoulds.com\\\/fr\\\/#website\"},\"primaryImageOfPage\":{\"@id\":\"https:\\\/\\\/www.blockmoulds.com\\\/fr\\\/produit\\\/matrice-de-coffrage-motif-pierre-naturelle-120x60\\\/#primaryimage\"},\"image\":{\"@id\":\"https:\\\/\\\/www.blockmoulds.com\\\/fr\\\/produit\\\/matrice-de-coffrage-motif-pierre-naturelle-120x60\\\/#primaryimage\"},\"thumbnailUrl\":\"https:\\\/\\\/www.blockmoulds.com\\\/wp-content\\\/uploads\\\/2026\\\/02\\\/boulder-120x60-form-liner.jpg\",\"datePublished\":\"2026-02-04T09:42:54+00:00\",\"dateModified\":\"2026-04-01T08:09:49+00:00\",\"breadcrumb\":{\"@id\":\"https:\\\/\\\/www.blockmoulds.com\\\/fr\\\/produit\\\/matrice-de-coffrage-motif-pierre-naturelle-120x60\\\/#breadcrumb\"},\"inLanguage\":\"fr-FR\",\"potentialAction\":[{\"@type\":\"ReadAction\",\"target\":[\"https:\\\/\\\/www.blockmoulds.com\\\/fr\\\/produit\\\/matrice-de-coffrage-motif-pierre-naturelle-120x60\\\/\"]}]},{\"@type\":\"ImageObject\",\"inLanguage\":\"fr-FR\",\"@id\":\"https:\\\/\\\/www.blockmoulds.com\\\/fr\\\/produit\\\/matrice-de-coffrage-motif-pierre-naturelle-120x60\\\/#primaryimage\",\"url\":\"https:\\\/\\\/www.blockmoulds.com\\\/wp-content\\\/uploads\\\/2026\\\/02\\\/boulder-120x60-form-liner.jpg\",\"contentUrl\":\"https:\\\/\\\/www.blockmoulds.com\\\/wp-content\\\/uploads\\\/2026\\\/02\\\/boulder-120x60-form-liner.jpg\",\"width\":900,\"height\":900,\"caption\":\"Matrices de texture pour blocs b\u00e9ton 120x60\"},{\"@type\":\"BreadcrumbList\",\"@id\":\"https:\\\/\\\/www.blockmoulds.com\\\/fr\\\/produit\\\/matrice-de-coffrage-motif-pierre-naturelle-120x60\\\/#breadcrumb\",\"itemListElement\":[{\"@type\":\"ListItem\",\"position\":1,\"name\":\"Home\",\"item\":\"https:\\\/\\\/www.blockmoulds.com\\\/fr\\\/\"},{\"@type\":\"ListItem\",\"position\":2,\"name\":\"Shop\",\"item\":\"https:\\\/\\\/www.blockmoulds.com\\\/fr\\\/shop\\\/\"},{\"@type\":\"ListItem\",\"position\":3,\"name\":\"Matrice de coffrage motif pierre naturelle 120&#215;60\"}]},{\"@type\":\"WebSite\",\"@id\":\"https:\\\/\\\/www.blockmoulds.com\\\/fr\\\/#website\",\"url\":\"https:\\\/\\\/www.blockmoulds.com\\\/fr\\\/\",\"name\":\"Block Moulds\",\"description\":\"Benefits of modular construction\",\"potentialAction\":[{\"@type\":\"SearchAction\",\"target\":{\"@type\":\"EntryPoint\",\"urlTemplate\":\"https:\\\/\\\/www.blockmoulds.com\\\/fr\\\/?s={search_term_string}\"},\"query-input\":{\"@type\":\"PropertyValueSpecification\",\"valueRequired\":true,\"valueName\":\"search_term_string\"}}],\"inLanguage\":\"fr-FR\"}]}<\/script>\n<!-- \/ Yoast SEO plugin. -->","yoast_head_json":{"title":"Matrice de coffrage motif pierre naturelle 120x60 - Block Moulds","robots":{"index":"index","follow":"follow","max-snippet":"max-snippet:-1","max-image-preview":"max-image-preview:large","max-video-preview":"max-video-preview:-1"},"canonical":"https:\/\/www.blockmoulds.com\/fr\/produit\/matrice-de-coffrage-motif-pierre-naturelle-120x60\/","og_locale":"fr_FR","og_type":"article","og_title":"Matrice de coffrage motif pierre naturelle 120x60 - Block Moulds","og_description":"Nos matrices de coffrage pour blocs b\u00e9ton offrent \u00e0 vos blocs empilables un aspect d\u00e9coratif et textur\u00e9. Fabriqu\u00e9es en plastique ABS durable pour une utilisation r\u00e9p\u00e9t\u00e9e. Placez simplement la matrice au fond du moule avant le coulage pour obtenir un rendu naturel et d\u00e9taill\u00e9 avec des motifs nets. Parfait pour les murs de sout\u00e8nement, cl\u00f4tures et projets paysagers. Disponibles en plusieurs motifs et tailles adapt\u00e9es aux dimensions standard des blocs sur le march\u00e9.","og_url":"https:\/\/www.blockmoulds.com\/fr\/produit\/matrice-de-coffrage-motif-pierre-naturelle-120x60\/","og_site_name":"Block Moulds","article_modified_time":"2026-04-01T08:09:49+00:00","og_image":[{"width":900,"height":900,"url":"https:\/\/www.blockmoulds.com\/wp-content\/uploads\/2026\/02\/boulder-120x60-form-liner.jpg","type":"image\/jpeg"}],"twitter_card":"summary_large_image","twitter_misc":{"Dur\u00e9e de lecture estim\u00e9e":"1 minute"},"schema":{"@context":"https:\/\/schema.org","@graph":[{"@type":"WebPage","@id":"https:\/\/www.blockmoulds.com\/fr\/produit\/matrice-de-coffrage-motif-pierre-naturelle-120x60\/","url":"https:\/\/www.blockmoulds.com\/fr\/produit\/matrice-de-coffrage-motif-pierre-naturelle-120x60\/","name":"Matrice de coffrage motif pierre naturelle 120x60 - Block Moulds","isPartOf":{"@id":"https:\/\/www.blockmoulds.com\/fr\/#website"},"primaryImageOfPage":{"@id":"https:\/\/www.blockmoulds.com\/fr\/produit\/matrice-de-coffrage-motif-pierre-naturelle-120x60\/#primaryimage"},"image":{"@id":"https:\/\/www.blockmoulds.com\/fr\/produit\/matrice-de-coffrage-motif-pierre-naturelle-120x60\/#primaryimage"},"thumbnailUrl":"https:\/\/www.blockmoulds.com\/wp-content\/uploads\/2026\/02\/boulder-120x60-form-liner.jpg","datePublished":"2026-02-04T09:42:54+00:00","dateModified":"2026-04-01T08:09:49+00:00","breadcrumb":{"@id":"https:\/\/www.blockmoulds.com\/fr\/produit\/matrice-de-coffrage-motif-pierre-naturelle-120x60\/#breadcrumb"},"inLanguage":"fr-FR","potentialAction":[{"@type":"ReadAction","target":["https:\/\/www.blockmoulds.com\/fr\/produit\/matrice-de-coffrage-motif-pierre-naturelle-120x60\/"]}]},{"@type":"ImageObject","inLanguage":"fr-FR","@id":"https:\/\/www.blockmoulds.com\/fr\/produit\/matrice-de-coffrage-motif-pierre-naturelle-120x60\/#primaryimage","url":"https:\/\/www.blockmoulds.com\/wp-content\/uploads\/2026\/02\/boulder-120x60-form-liner.jpg","contentUrl":"https:\/\/www.blockmoulds.com\/wp-content\/uploads\/2026\/02\/boulder-120x60-form-liner.jpg","width":900,"height":900,"caption":"Matrices de texture pour blocs b\u00e9ton 120x60"},{"@type":"BreadcrumbList","@id":"https:\/\/www.blockmoulds.com\/fr\/produit\/matrice-de-coffrage-motif-pierre-naturelle-120x60\/#breadcrumb","itemListElement":[{"@type":"ListItem","position":1,"name":"Home","item":"https:\/\/www.blockmoulds.com\/fr\/"},{"@type":"ListItem","position":2,"name":"Shop","item":"https:\/\/www.blockmoulds.com\/fr\/shop\/"},{"@type":"ListItem","position":3,"name":"Matrice de coffrage motif pierre naturelle 120&#215;60"}]},{"@type":"WebSite","@id":"https:\/\/www.blockmoulds.com\/fr\/#website","url":"https:\/\/www.blockmoulds.com\/fr\/","name":"Block Moulds","description":"Benefits of modular construction","potentialAction":[{"@type":"SearchAction","target":{"@type":"EntryPoint","urlTemplate":"https:\/\/www.blockmoulds.com\/fr\/?s={search_term_string}"},"query-input":{"@type":"PropertyValueSpecification","valueRequired":true,"valueName":"search_term_string"}}],"inLanguage":"fr-FR"}]}},"_links":{"self":[{"href":"https:\/\/www.blockmoulds.com\/fr\/wp-json\/wp\/v2\/product\/24936","targetHints":{"allow":["GET"]}}],"collection":[{"href":"https:\/\/www.blockmoulds.com\/fr\/wp-json\/wp\/v2\/product"}],"about":[{"href":"https:\/\/www.blockmoulds.com\/fr\/wp-json\/wp\/v2\/types\/product"}],"wp:featuredmedia":[{"embeddable":true,"href":"https:\/\/www.blockmoulds.com\/fr\/wp-json\/wp\/v2\/media\/24453"}],"wp:attachment":[{"href":"https:\/\/www.blockmoulds.com\/fr\/wp-json\/wp\/v2\/media?parent=24936"}],"wp:term":[{"taxonomy":"product_brand","embeddable":true,"href":"https:\/\/www.blockmoulds.com\/fr\/wp-json\/wp\/v2\/product_brand?post=24936"},{"taxonomy":"product_cat","embeddable":true,"href":"https:\/\/www.blockmoulds.com\/fr\/wp-json\/wp\/v2\/product_cat?post=24936"},{"taxonomy":"product_tag","embeddable":true,"href":"https:\/\/www.blockmoulds.com\/fr\/wp-json\/wp\/v2\/product_tag?post=24936"}],"curies":[{"name":"wp","href":"https:\/\/api.w.org\/{rel}","templated":true}]}}