{"id":16022,"date":"2019-04-28T15:58:51","date_gmt":"2019-04-28T15:58:51","guid":{"rendered":"https:\/\/www.blockmoulds.com\/applicazioni\/blast-walls\/"},"modified":"2025-03-03T08:06:56","modified_gmt":"2025-03-03T08:06:56","slug":"muri-anti-esplosione","status":"publish","type":"page","link":"https:\/\/www.blockmoulds.com\/it\/applicazioni\/muri-anti-esplosione\/","title":{"rendered":"Muri anti esplosione"},"content":{"rendered":"<div class=\"wpb-content-wrapper\"><p>[vc_row full_width=&#8221;stretch_row_content&#8221; full_height=&#8221;yes&#8221; content_placement=&#8221;middle&#8221;][vc_column width=&#8221;1\/2&#8243;][vc_column_text css=&#8221;.vc_custom_1681243111349{padding-top: 30px !important;padding-right: 15px !important;padding-left: 50px !important;}&#8221;]<\/p>\n<h2 class=\"title30 font-bold text-uppercase poppins-font text-LEFT\" style=\"text-align: right;\">MURI ANTI ESPLOSIONE<br \/>\nA PREZZI CONVENIENTI<\/h2>\n<h4 style=\"text-align: right;\"><span style=\"color: #ff0000;\"><strong>____<\/strong><\/span><\/h4>\n<p style=\"text-align: right;\">Una caratteristica unica del design a incastro \u00e8 che i blocchi, una volta assemblati, svolgono la funzione di struttura permanente, che pu\u00f2 per\u00f2 essere spostata o riconfigurata con grande facilit\u00e0 e velocit\u00e0. I <a href=\"https:\/\/www.blockmoulds.com\/it\/shop\/\"><strong>nostri stampi<\/strong><\/a> consentono di produrre in modo semplice blocchi in calcestruzzo di qualit\u00e0 per pareti anti deflagrazione.<\/p>\n<p style=\"text-align: right;\">Il sistema flessibile \u00e8 indicato sia per soluzioni permanenti che temporanee. Un muro anti esplosione \u00e8 una barriera creata per proteggere strutture o edifici vulnerabili e le persone al loro interno dagli effetti di una possibile deflagrazione nelle vicinanze. Esplosione che pu\u00f2 essere generata, ad esempio, nel corso di normali operazioni militari o nell\u2019ambito di un atto di terrorismo. I blocchi prefabbricati in calcestruzzo prodotti con i nostri stampi in acciaio rappresentano un\u2019alternativa ai muri Bremer, o a T, e hanno lo stesso obiettivo.<\/p>\n<p>[\/vc_column_text][\/vc_column][vc_column width=&#8221;1\/2&#8243;][vc_single_image image=&#8221;14531&#8243; img_size=&#8221;880&#215;550&#8243; alignment=&#8221;center&#8221;][\/vc_column][\/vc_row][vc_row full_width=&#8221;stretch_row_content&#8221; full_height=&#8221;yes&#8221; equal_height=&#8221;yes&#8221; content_placement=&#8221;middle&#8221; css=&#8221;.vc_custom_1575192922309{background-color: #e5e5e5 !important;}&#8221;][vc_column width=&#8221;1\/2&#8243;][vc_single_image image=&#8221;14529&#8243; img_size=&#8221;880&#215;650&#8243; alignment=&#8221;center&#8221;][\/vc_column][vc_column width=&#8221;1\/2&#8243;][vc_column_text css=&#8221;.vc_custom_1681243138688{padding-top: 20px !important;padding-right: 50px !important;padding-left: 15px !important;}&#8221;]<\/p>\n<h2 class=\"title30 font-bold text-uppercase poppins-font text-RIGHT\" style=\"text-align: left;\">I MURI ANTI ESPLOSIONE INFONDONO UN SENSO DI SICUREZZA<\/h2>\n<h4><strong><span style=\"color: #ff0000;\">____<\/span><\/strong><\/h4>\n<p>&nbsp;<\/p>\n<p>Queste pareti proteggono da frammenti volanti, collisioni, proiettili vaganti ed esplosioni e deflagrazioni accidentali che dovessero verificarsi in diretta prossimit\u00e0 della struttura. I blocchi in calcestruzzo offrono inoltre una privacy adeguata.<\/p>\n<p>Muri di questo tipo vengono utilizzati per costruire edifici residenziali e industriali con lo scopo di contenere o ridurre al minimo l\u2019impatto di un\u2019esplosione.<\/p>\n<p>I blocchi in calcestruzzo a incastro sono facili da utilizzare e rappresentano la soluzione pi\u00f9 conveniente per la costruzione di muri anti deflagrazione.<\/p>\n<p>La gamma di prodotti <a href=\"https:\/\/www.blockmoulds.com\/it\/shop\/\"><strong>Block Moulds<\/strong><\/a> \u00e8 perfetta per creare blocchi in calcestruzzo di qualit\u00e0 di varie forme e dimensioni.[\/vc_column_text][\/vc_column][\/vc_row][vc_row equal_height=&#8221;yes&#8221;][vc_column width=&#8221;1\/2&#8243; offset=&#8221;vc_col-xs-12&#8243;][vc_gallery type=&#8221;image_grid&#8221; images=&#8221;14530,15804&#8243; img_size=&#8221;280&#215;200&#8243; onclick=&#8221;&#8221; css=&#8221;.vc_custom_1740989213098{padding-top: 25px !important;}&#8221;][\/vc_column][vc_column width=&#8221;1\/2&#8243;]\n<div class=\"wpcf7 no-js\" id=\"wpcf7-f16160-o1\" lang=\"en-US\" dir=\"ltr\" data-wpcf7-id=\"16160\">\n<div class=\"screen-reader-response\"><p role=\"status\" aria-live=\"polite\" aria-atomic=\"true\"><\/p> <ul><\/ul><\/div>\n<form action=\"\/it\/wp-json\/wp\/v2\/pages\/16022#wpcf7-f16160-o1\" method=\"post\" class=\"wpcf7-form init\" aria-label=\"Contact form\" novalidate=\"novalidate\" data-status=\"init\">\n<fieldset class=\"hidden-fields-container\"><input type=\"hidden\" name=\"_wpcf7\" value=\"16160\" \/><input type=\"hidden\" name=\"_wpcf7_version\" value=\"6.1.5\" \/><input type=\"hidden\" name=\"_wpcf7_locale\" value=\"en_US\" \/><input type=\"hidden\" name=\"_wpcf7_unit_tag\" value=\"wpcf7-f16160-o1\" \/><input type=\"hidden\" name=\"_wpcf7_container_post\" value=\"0\" \/><input type=\"hidden\" name=\"_wpcf7_posted_data_hash\" value=\"\" \/><input type=\"hidden\" name=\"_wpcf7_recaptcha_response\" value=\"\" \/>\n<\/fieldset>\n<div class=\"contact-form-page contact-form\">\n\t<h2 class=\"title18 font-bold text-uppercase rale-font\">MODULO DI CONTATTO\n\t<\/h2>\n\t<p class=\"contact-name\"><br \/>\n<span class=\"wpcf7-form-control-wrap\" data-name=\"your-name\"><input size=\"40\" maxlength=\"400\" class=\"wpcf7-form-control wpcf7-text wpcf7-validates-as-required border\" aria-required=\"true\" aria-invalid=\"false\" placeholder=\"Nome*\" value=\"\" type=\"text\" name=\"your-name\" \/><\/span>\n\t<\/p>\n\t<p class=\"contact-email\"><br \/>\n<span class=\"wpcf7-form-control-wrap\" data-name=\"your-email\"><input size=\"40\" maxlength=\"400\" class=\"wpcf7-form-control wpcf7-email wpcf7-validates-as-required wpcf7-text wpcf7-validates-as-email border\" aria-required=\"true\" aria-invalid=\"false\" placeholder=\"Email*\" value=\"\" type=\"email\" name=\"your-email\" \/><\/span>\n\t<\/p>\n\t<p class=\"contact-message\"><br \/>\n<span class=\"wpcf7-form-control-wrap\" data-name=\"your-message\"><textarea cols=\"40\" rows=\"10\" maxlength=\"2000\" class=\"wpcf7-form-control wpcf7-textarea border\" aria-invalid=\"false\" placeholder=\"Messaggio*\" name=\"your-message\"><\/textarea><\/span>\n\t<\/p>\n\t<p>Compilando il modulo di contatto acconsenti al trattamento dei dati forniti in conformit\u00e0 con i termini stabiliti nella nostra <a href=\"https:\/\/www.blockmoulds.com\/it\/informativa-sulla-privacy-e-sui-cookie\/\" target=\"_blank\">Informativa sulla privacy e in quella dedicata all\u2019uso dei cookie<\/a>\n\t<\/p>\n\t<p><span class=\"wpcf7-form-control-wrap\" data-name=\"checkbox-900\"><span class=\"wpcf7-form-control wpcf7-checkbox wpcf7-validates-as-required\"><span class=\"wpcf7-list-item first last\"><span class=\"wpcf7-list-item-label\">Sono d&#039;accordo<\/span><input type=\"checkbox\" name=\"checkbox-900[]\" value=\"Sono d&#039;accordo\" \/><\/span><\/span><\/span>\n\t<\/p>\n\n\t<p class=\"contact-submit\"><br \/>\n<input class=\"wpcf7-form-control wpcf7-submit has-spinner shop-button\" type=\"submit\" value=\"Invia\" \/>\n\t<\/p>\n<\/div><input type='hidden' class='wpcf7-pum' value='{\"closepopup\":false,\"closedelay\":0,\"openpopup\":false,\"openpopup_id\":0}' \/><div class=\"wpcf7-response-output\" aria-hidden=\"true\"><\/div>\n<\/form>\n<\/div>\n[\/vc_column][\/vc_row]<\/p>\n<\/div>","protected":false},"excerpt":{"rendered":"<p>[vc_row full_width=&#8221;stretch_row_content&#8221; full_height=&#8221;yes&#8221; content_placement=&#8221;middle&#8221;][vc_column width=&#8221;1\/2&#8243;][vc_column_text css=&#8221;.vc_custom_1681243111349{padding-top: 30px !important;padding-right: 15px !important;padding-left: 50px !important;}&#8221;] MURI ANTI ESPLOSIONE A PREZZI CONVENIENTI ____ Una caratteristica unica del design a incastro \u00e8 che i blocchi, una volta assemblati, svolgono la funzione di struttura permanente, che pu\u00f2 per\u00f2 essere spostata o riconfigurata con grande facilit\u00e0 e velocit\u00e0. I nostri stampi consentono [&hellip;]<\/p>\n","protected":false},"author":2,"featured_media":0,"parent":15995,"menu_order":0,"comment_status":"closed","ping_status":"closed","template":"","meta":{"footnotes":""},"class_list":["post-16022","page","type-page","status-publish","hentry"],"yoast_head":"<!-- This site is optimized with the Yoast SEO plugin v27.5 - https:\/\/yoast.com\/product\/yoast-seo-wordpress\/ -->\n<title>I muri anti esplosione proteggono il perimetro dalle esplosioni - Block Moulds<\/title>\n<meta name=\"description\" content=\"I muri anti esplosione hanno destinazioni d\u2019uso specifiche, dalle strutture antiterroristiche a quelle dedicate a processi chimici e industriali.\" \/>\n<meta name=\"robots\" content=\"index, follow, max-snippet:-1, max-image-preview:large, max-video-preview:-1\" \/>\n<link rel=\"canonical\" href=\"https:\/\/www.blockmoulds.com\/it\/applicazioni\/muri-anti-esplosione\/\" \/>\n<meta property=\"og:locale\" content=\"it_IT\" \/>\n<meta property=\"og:type\" content=\"article\" \/>\n<meta property=\"og:title\" content=\"I muri anti esplosione proteggono il perimetro dalle esplosioni - Block Moulds\" \/>\n<meta property=\"og:description\" content=\"I muri anti esplosione hanno destinazioni d\u2019uso specifiche, dalle strutture antiterroristiche a quelle dedicate a processi chimici e industriali.\" \/>\n<meta property=\"og:url\" content=\"https:\/\/www.blockmoulds.com\/it\/applicazioni\/muri-anti-esplosione\/\" \/>\n<meta property=\"og:site_name\" content=\"Block Moulds\" \/>\n<meta property=\"article:modified_time\" content=\"2025-03-03T08:06:56+00:00\" \/>\n<meta name=\"twitter:card\" content=\"summary_large_image\" \/>\n<meta name=\"twitter:label1\" content=\"Tempo di lettura stimato\" \/>\n\t<meta name=\"twitter:data1\" content=\"2 minuti\" \/>\n<script type=\"application\/ld+json\" class=\"yoast-schema-graph\">{\"@context\":\"https:\\\/\\\/schema.org\",\"@graph\":[{\"@type\":\"WebPage\",\"@id\":\"https:\\\/\\\/www.blockmoulds.com\\\/it\\\/applicazioni\\\/muri-anti-esplosione\\\/\",\"url\":\"https:\\\/\\\/www.blockmoulds.com\\\/it\\\/applicazioni\\\/muri-anti-esplosione\\\/\",\"name\":\"I muri anti esplosione proteggono il perimetro dalle esplosioni - Block Moulds\",\"isPartOf\":{\"@id\":\"https:\\\/\\\/www.blockmoulds.com\\\/it\\\/#website\"},\"datePublished\":\"2019-04-28T15:58:51+00:00\",\"dateModified\":\"2025-03-03T08:06:56+00:00\",\"description\":\"I muri anti esplosione hanno destinazioni d\u2019uso specifiche, dalle strutture antiterroristiche a quelle dedicate a processi chimici e industriali.\",\"breadcrumb\":{\"@id\":\"https:\\\/\\\/www.blockmoulds.com\\\/it\\\/applicazioni\\\/muri-anti-esplosione\\\/#breadcrumb\"},\"inLanguage\":\"it-IT\",\"potentialAction\":[{\"@type\":\"ReadAction\",\"target\":[\"https:\\\/\\\/www.blockmoulds.com\\\/it\\\/applicazioni\\\/muri-anti-esplosione\\\/\"]}]},{\"@type\":\"BreadcrumbList\",\"@id\":\"https:\\\/\\\/www.blockmoulds.com\\\/it\\\/applicazioni\\\/muri-anti-esplosione\\\/#breadcrumb\",\"itemListElement\":[{\"@type\":\"ListItem\",\"position\":1,\"name\":\"Home\",\"item\":\"https:\\\/\\\/www.blockmoulds.com\\\/it\\\/\"},{\"@type\":\"ListItem\",\"position\":2,\"name\":\"Applicazioni\",\"item\":\"https:\\\/\\\/www.blockmoulds.com\\\/it\\\/applicazioni\\\/\"},{\"@type\":\"ListItem\",\"position\":3,\"name\":\"Muri anti esplosione\"}]},{\"@type\":\"WebSite\",\"@id\":\"https:\\\/\\\/www.blockmoulds.com\\\/it\\\/#website\",\"url\":\"https:\\\/\\\/www.blockmoulds.com\\\/it\\\/\",\"name\":\"Block Moulds\",\"description\":\"Benefits of modular construction\",\"potentialAction\":[{\"@type\":\"SearchAction\",\"target\":{\"@type\":\"EntryPoint\",\"urlTemplate\":\"https:\\\/\\\/www.blockmoulds.com\\\/it\\\/?s={search_term_string}\"},\"query-input\":{\"@type\":\"PropertyValueSpecification\",\"valueRequired\":true,\"valueName\":\"search_term_string\"}}],\"inLanguage\":\"it-IT\"}]}<\/script>\n<!-- \/ Yoast SEO plugin. -->","yoast_head_json":{"title":"I muri anti esplosione proteggono il perimetro dalle esplosioni - Block Moulds","description":"I muri anti esplosione hanno destinazioni d\u2019uso specifiche, dalle strutture antiterroristiche a quelle dedicate a processi chimici e industriali.","robots":{"index":"index","follow":"follow","max-snippet":"max-snippet:-1","max-image-preview":"max-image-preview:large","max-video-preview":"max-video-preview:-1"},"canonical":"https:\/\/www.blockmoulds.com\/it\/applicazioni\/muri-anti-esplosione\/","og_locale":"it_IT","og_type":"article","og_title":"I muri anti esplosione proteggono il perimetro dalle esplosioni - Block Moulds","og_description":"I muri anti esplosione hanno destinazioni d\u2019uso specifiche, dalle strutture antiterroristiche a quelle dedicate a processi chimici e industriali.","og_url":"https:\/\/www.blockmoulds.com\/it\/applicazioni\/muri-anti-esplosione\/","og_site_name":"Block Moulds","article_modified_time":"2025-03-03T08:06:56+00:00","twitter_card":"summary_large_image","twitter_misc":{"Tempo di lettura stimato":"2 minuti"},"schema":{"@context":"https:\/\/schema.org","@graph":[{"@type":"WebPage","@id":"https:\/\/www.blockmoulds.com\/it\/applicazioni\/muri-anti-esplosione\/","url":"https:\/\/www.blockmoulds.com\/it\/applicazioni\/muri-anti-esplosione\/","name":"I muri anti esplosione proteggono il perimetro dalle esplosioni - Block Moulds","isPartOf":{"@id":"https:\/\/www.blockmoulds.com\/it\/#website"},"datePublished":"2019-04-28T15:58:51+00:00","dateModified":"2025-03-03T08:06:56+00:00","description":"I muri anti esplosione hanno destinazioni d\u2019uso specifiche, dalle strutture antiterroristiche a quelle dedicate a processi chimici e industriali.","breadcrumb":{"@id":"https:\/\/www.blockmoulds.com\/it\/applicazioni\/muri-anti-esplosione\/#breadcrumb"},"inLanguage":"it-IT","potentialAction":[{"@type":"ReadAction","target":["https:\/\/www.blockmoulds.com\/it\/applicazioni\/muri-anti-esplosione\/"]}]},{"@type":"BreadcrumbList","@id":"https:\/\/www.blockmoulds.com\/it\/applicazioni\/muri-anti-esplosione\/#breadcrumb","itemListElement":[{"@type":"ListItem","position":1,"name":"Home","item":"https:\/\/www.blockmoulds.com\/it\/"},{"@type":"ListItem","position":2,"name":"Applicazioni","item":"https:\/\/www.blockmoulds.com\/it\/applicazioni\/"},{"@type":"ListItem","position":3,"name":"Muri anti esplosione"}]},{"@type":"WebSite","@id":"https:\/\/www.blockmoulds.com\/it\/#website","url":"https:\/\/www.blockmoulds.com\/it\/","name":"Block Moulds","description":"Benefits of modular construction","potentialAction":[{"@type":"SearchAction","target":{"@type":"EntryPoint","urlTemplate":"https:\/\/www.blockmoulds.com\/it\/?s={search_term_string}"},"query-input":{"@type":"PropertyValueSpecification","valueRequired":true,"valueName":"search_term_string"}}],"inLanguage":"it-IT"}]}},"_links":{"self":[{"href":"https:\/\/www.blockmoulds.com\/it\/wp-json\/wp\/v2\/pages\/16022","targetHints":{"allow":["GET"]}}],"collection":[{"href":"https:\/\/www.blockmoulds.com\/it\/wp-json\/wp\/v2\/pages"}],"about":[{"href":"https:\/\/www.blockmoulds.com\/it\/wp-json\/wp\/v2\/types\/page"}],"author":[{"embeddable":true,"href":"https:\/\/www.blockmoulds.com\/it\/wp-json\/wp\/v2\/users\/2"}],"replies":[{"embeddable":true,"href":"https:\/\/www.blockmoulds.com\/it\/wp-json\/wp\/v2\/comments?post=16022"}],"version-history":[{"count":1,"href":"https:\/\/www.blockmoulds.com\/it\/wp-json\/wp\/v2\/pages\/16022\/revisions"}],"predecessor-version":[{"id":22635,"href":"https:\/\/www.blockmoulds.com\/it\/wp-json\/wp\/v2\/pages\/16022\/revisions\/22635"}],"up":[{"embeddable":true,"href":"https:\/\/www.blockmoulds.com\/it\/wp-json\/wp\/v2\/pages\/15995"}],"wp:attachment":[{"href":"https:\/\/www.blockmoulds.com\/it\/wp-json\/wp\/v2\/media?parent=16022"}],"curies":[{"name":"wp","href":"https:\/\/api.w.org\/{rel}","templated":true}]}}