{"id":16026,"date":"2019-04-28T16:06:33","date_gmt":"2019-04-28T16:06:33","guid":{"rendered":"https:\/\/www.blockmoulds.com\/applicazioni\/silage-pits\/"},"modified":"2025-03-03T08:08:33","modified_gmt":"2025-03-03T08:08:33","slug":"sili-agricoli","status":"publish","type":"page","link":"https:\/\/www.blockmoulds.com\/it\/applicazioni\/sili-agricoli\/","title":{"rendered":"Sili agricoli"},"content":{"rendered":"<div class=\"wpb-content-wrapper\"><p>[vc_row full_width=&#8221;stretch_row_content&#8221; full_height=&#8221;yes&#8221; equal_height=&#8221;yes&#8221; content_placement=&#8221;middle&#8221;][vc_column width=&#8221;1\/2&#8243;][vc_column_text css=&#8221;.vc_custom_1681243189212{padding-top: 20px !important;padding-right: 15px !important;padding-left: 50px !important;}&#8221;]<\/p>\n<h2 class=\"title30 font-bold text-uppercase poppins-font text-LEFT\" style=\"text-align: right;\">PARETI PER SILI<\/h2>\n<h4 style=\"text-align: right;\"><span style=\"color: #ff0000;\"><strong>____<\/strong><\/span><\/h4>\n<p style=\"text-align: right;\">Un silo orizzontale costruito con blocchi a incastro unisce la flessibilit\u00e0 del mattone alla velocit\u00e0 e alla durabilit\u00e0 di una costruzione prefabbricata. I moduli in calcestruzzo possono essere prodotti versando la miscela in appositi <a href=\"https:\/\/www.blockmoulds.com\/it\/shop\/\"><strong>stampi in acciaio<\/strong><\/a>.<\/p>\n<p style=\"text-align: right;\">I blocchi rappresentano una soluzione veloce, flessibile e istantanea. Il design del silo pu\u00f2 essere personalizzato in termini di forma e dimensioni. Le strutture esistenti possono essere modificate, ingrandite o spostate con facilit\u00e0. Incrementare altezza e larghezza degli scompartimenti \u00e8 semplice. Baster\u00e0 rimuovere o aggiungere pi\u00f9 blocchi a incastro.<\/p>\n<p style=\"text-align: right;\">Generalmente chiamati silos o sili orizzontali, i sili costruiti con questo sistema seguono tutti lo stesso principio.<\/p>\n<p style=\"text-align: right;\">I blocchi in calcestruzzo danno vita a una struttura stabile e resistente in grado di contenere i materiali durante lo stoccaggio e supportare le operazioni di carico e scarico. Un silo prefabbricato in calcestruzzo \u00e8 l\u2019ambiente ideale per conservare foraggio, mangimi e sabbia.<\/p>\n<p>[\/vc_column_text][\/vc_column][vc_column width=&#8221;1\/2&#8243;][vc_single_image image=&#8221;14613&#8243; img_size=&#8221;880&#215;550&#8243; alignment=&#8221;center&#8221; css_animation=&#8221;none&#8221;][\/vc_column][\/vc_row][vc_row full_width=&#8221;stretch_row_content&#8221; full_height=&#8221;yes&#8221; equal_height=&#8221;yes&#8221; content_placement=&#8221;middle&#8221; css=&#8221;.vc_custom_1575200476260{background-color: #e5e5e5 !important;}&#8221;][vc_column width=&#8221;1\/2&#8243;][vc_single_image image=&#8221;14612&#8243; img_size=&#8221;880&#215;650&#8243; alignment=&#8221;center&#8221; css_animation=&#8221;none&#8221;][\/vc_column][vc_column width=&#8221;1\/2&#8243;][vc_column_text css=&#8221;.vc_custom_1678893719275{padding-top: 20px !important;padding-right: 50px !important;padding-left: 15px !important;}&#8221;]<\/p>\n<h2 class=\"title30 font-bold text-uppercase poppins-font text-RIGHT\" style=\"text-align: left;\">I VANTAGGI DEI BLOCCHI A INCASTRO IN CALCESTRUZZO SONO TANTISSIMI<\/h2>\n<h4><strong><span style=\"color: #ff0000;\">____<\/span><\/strong><\/h4>\n<p>&nbsp;<\/p>\n<p>L\u2019assemblaggio dei blocchi in calcestruzzo pu\u00f2 essere effettuato immediatamente, a condizione che la superficie destinata a sostenere la struttura sia planare e sufficientemente resistente.<\/p>\n<p>Non \u00e8 necessario creare delle fondamenta particolari. La costruzione di un silo, quindi, pu\u00f2 essere completata in poche ore, a seconda delle dimensioni.<\/p>\n<p>Una volta posizionato l\u2019ultimo blocco, la struttura sar\u00e0 gi\u00e0 pronta all\u2019uso.<\/p>\n<p>I moduli sono versatili e durevoli, e rappresentano un metodo veloce ed economico dai molteplici vantaggi.[\/vc_column_text][\/vc_column][\/vc_row][vc_row][vc_column width=&#8221;1\/2&#8243;][vc_gallery type=&#8221;image_grid&#8221; images=&#8221;14612,14613,15815,15814&#8243; img_size=&#8221;280&#215;200&#8243; onclick=&#8221;&#8221; css=&#8221;.vc_custom_1740989302912{padding-top: 25px !important;}&#8221;][\/vc_column][vc_column width=&#8221;1\/2&#8243;]\n<div class=\"wpcf7 no-js\" id=\"wpcf7-f16160-o1\" lang=\"en-US\" dir=\"ltr\" data-wpcf7-id=\"16160\">\n<div class=\"screen-reader-response\"><p role=\"status\" aria-live=\"polite\" aria-atomic=\"true\"><\/p> <ul><\/ul><\/div>\n<form action=\"\/it\/wp-json\/wp\/v2\/pages\/16026#wpcf7-f16160-o1\" method=\"post\" class=\"wpcf7-form init\" aria-label=\"Contact form\" novalidate=\"novalidate\" data-status=\"init\">\n<fieldset class=\"hidden-fields-container\"><input type=\"hidden\" name=\"_wpcf7\" value=\"16160\" \/><input type=\"hidden\" name=\"_wpcf7_version\" value=\"6.1.5\" \/><input type=\"hidden\" name=\"_wpcf7_locale\" value=\"en_US\" \/><input type=\"hidden\" name=\"_wpcf7_unit_tag\" value=\"wpcf7-f16160-o1\" \/><input type=\"hidden\" name=\"_wpcf7_container_post\" value=\"0\" \/><input type=\"hidden\" name=\"_wpcf7_posted_data_hash\" value=\"\" \/><input type=\"hidden\" name=\"_wpcf7_recaptcha_response\" value=\"\" \/>\n<\/fieldset>\n<div class=\"contact-form-page contact-form\">\n\t<h2 class=\"title18 font-bold text-uppercase rale-font\">MODULO DI CONTATTO\n\t<\/h2>\n\t<p class=\"contact-name\"><br \/>\n<span class=\"wpcf7-form-control-wrap\" data-name=\"your-name\"><input size=\"40\" maxlength=\"400\" class=\"wpcf7-form-control wpcf7-text wpcf7-validates-as-required border\" aria-required=\"true\" aria-invalid=\"false\" placeholder=\"Nome*\" value=\"\" type=\"text\" name=\"your-name\" \/><\/span>\n\t<\/p>\n\t<p class=\"contact-email\"><br \/>\n<span class=\"wpcf7-form-control-wrap\" data-name=\"your-email\"><input size=\"40\" maxlength=\"400\" class=\"wpcf7-form-control wpcf7-email wpcf7-validates-as-required wpcf7-text wpcf7-validates-as-email border\" aria-required=\"true\" aria-invalid=\"false\" placeholder=\"Email*\" value=\"\" type=\"email\" name=\"your-email\" \/><\/span>\n\t<\/p>\n\t<p class=\"contact-message\"><br \/>\n<span class=\"wpcf7-form-control-wrap\" data-name=\"your-message\"><textarea cols=\"40\" rows=\"10\" maxlength=\"2000\" class=\"wpcf7-form-control wpcf7-textarea border\" aria-invalid=\"false\" placeholder=\"Messaggio*\" name=\"your-message\"><\/textarea><\/span>\n\t<\/p>\n\t<p>Compilando il modulo di contatto acconsenti al trattamento dei dati forniti in conformit\u00e0 con i termini stabiliti nella nostra <a href=\"https:\/\/www.blockmoulds.com\/it\/informativa-sulla-privacy-e-sui-cookie\/\" target=\"_blank\">Informativa sulla privacy e in quella dedicata all\u2019uso dei cookie<\/a>\n\t<\/p>\n\t<p><span class=\"wpcf7-form-control-wrap\" data-name=\"checkbox-900\"><span class=\"wpcf7-form-control wpcf7-checkbox wpcf7-validates-as-required\"><span class=\"wpcf7-list-item first last\"><span class=\"wpcf7-list-item-label\">Sono d&#039;accordo<\/span><input type=\"checkbox\" name=\"checkbox-900[]\" value=\"Sono d&#039;accordo\" \/><\/span><\/span><\/span>\n\t<\/p>\n\n\t<p class=\"contact-submit\"><br \/>\n<input class=\"wpcf7-form-control wpcf7-submit has-spinner shop-button\" type=\"submit\" value=\"Invia\" \/>\n\t<\/p>\n<\/div><input type='hidden' class='wpcf7-pum' value='{\"closepopup\":false,\"closedelay\":0,\"openpopup\":false,\"openpopup_id\":0}' \/><div class=\"wpcf7-response-output\" aria-hidden=\"true\"><\/div>\n<\/form>\n<\/div>\n[\/vc_column][\/vc_row]<\/p>\n<\/div>","protected":false},"excerpt":{"rendered":"<p>[vc_row full_width=&#8221;stretch_row_content&#8221; full_height=&#8221;yes&#8221; equal_height=&#8221;yes&#8221; content_placement=&#8221;middle&#8221;][vc_column width=&#8221;1\/2&#8243;][vc_column_text css=&#8221;.vc_custom_1681243189212{padding-top: 20px !important;padding-right: 15px !important;padding-left: 50px !important;}&#8221;] PARETI PER SILI ____ Un silo orizzontale costruito con blocchi a incastro unisce la flessibilit\u00e0 del mattone alla velocit\u00e0 e alla durabilit\u00e0 di una costruzione prefabbricata. I moduli in calcestruzzo possono essere prodotti versando la miscela in appositi stampi in acciaio. I [&hellip;]<\/p>\n","protected":false},"author":2,"featured_media":0,"parent":15995,"menu_order":0,"comment_status":"closed","ping_status":"closed","template":"","meta":{"footnotes":""},"class_list":["post-16026","page","type-page","status-publish","hentry"],"yoast_head":"<!-- This site is optimized with the Yoast SEO plugin v27.5 - https:\/\/yoast.com\/product\/yoast-seo-wordpress\/ -->\n<title>Sili agricoli pensati per uno stoccaggio ottimale - Block Moulds<\/title>\n<meta name=\"description\" content=\"Sili costruiti con blocchi a incastro in calcestruzzo per la conservazione di foraggio e mangimi nel settore agricolo. Scopri i prodotti Block Moulds.\" \/>\n<meta name=\"robots\" content=\"index, follow, max-snippet:-1, max-image-preview:large, max-video-preview:-1\" \/>\n<link rel=\"canonical\" href=\"https:\/\/www.blockmoulds.com\/it\/applicazioni\/sili-agricoli\/\" \/>\n<meta property=\"og:locale\" content=\"it_IT\" \/>\n<meta property=\"og:type\" content=\"article\" \/>\n<meta property=\"og:title\" content=\"Sili agricoli pensati per uno stoccaggio ottimale - Block Moulds\" \/>\n<meta property=\"og:description\" content=\"Sili costruiti con blocchi a incastro in calcestruzzo per la conservazione di foraggio e mangimi nel settore agricolo. Scopri i prodotti Block Moulds.\" \/>\n<meta property=\"og:url\" content=\"https:\/\/www.blockmoulds.com\/it\/applicazioni\/sili-agricoli\/\" \/>\n<meta property=\"og:site_name\" content=\"Block Moulds\" \/>\n<meta property=\"article:modified_time\" content=\"2025-03-03T08:08:33+00:00\" \/>\n<meta name=\"twitter:card\" content=\"summary_large_image\" \/>\n<meta name=\"twitter:label1\" content=\"Tempo di lettura stimato\" \/>\n\t<meta name=\"twitter:data1\" content=\"2 minuti\" \/>\n<script type=\"application\/ld+json\" class=\"yoast-schema-graph\">{\"@context\":\"https:\\\/\\\/schema.org\",\"@graph\":[{\"@type\":\"WebPage\",\"@id\":\"https:\\\/\\\/www.blockmoulds.com\\\/it\\\/applicazioni\\\/sili-agricoli\\\/\",\"url\":\"https:\\\/\\\/www.blockmoulds.com\\\/it\\\/applicazioni\\\/sili-agricoli\\\/\",\"name\":\"Sili agricoli pensati per uno stoccaggio ottimale - Block Moulds\",\"isPartOf\":{\"@id\":\"https:\\\/\\\/www.blockmoulds.com\\\/it\\\/#website\"},\"datePublished\":\"2019-04-28T16:06:33+00:00\",\"dateModified\":\"2025-03-03T08:08:33+00:00\",\"description\":\"Sili costruiti con blocchi a incastro in calcestruzzo per la conservazione di foraggio e mangimi nel settore agricolo. Scopri i prodotti Block Moulds.\",\"breadcrumb\":{\"@id\":\"https:\\\/\\\/www.blockmoulds.com\\\/it\\\/applicazioni\\\/sili-agricoli\\\/#breadcrumb\"},\"inLanguage\":\"it-IT\",\"potentialAction\":[{\"@type\":\"ReadAction\",\"target\":[\"https:\\\/\\\/www.blockmoulds.com\\\/it\\\/applicazioni\\\/sili-agricoli\\\/\"]}]},{\"@type\":\"BreadcrumbList\",\"@id\":\"https:\\\/\\\/www.blockmoulds.com\\\/it\\\/applicazioni\\\/sili-agricoli\\\/#breadcrumb\",\"itemListElement\":[{\"@type\":\"ListItem\",\"position\":1,\"name\":\"Home\",\"item\":\"https:\\\/\\\/www.blockmoulds.com\\\/it\\\/\"},{\"@type\":\"ListItem\",\"position\":2,\"name\":\"Applicazioni\",\"item\":\"https:\\\/\\\/www.blockmoulds.com\\\/it\\\/applicazioni\\\/\"},{\"@type\":\"ListItem\",\"position\":3,\"name\":\"Sili agricoli\"}]},{\"@type\":\"WebSite\",\"@id\":\"https:\\\/\\\/www.blockmoulds.com\\\/it\\\/#website\",\"url\":\"https:\\\/\\\/www.blockmoulds.com\\\/it\\\/\",\"name\":\"Block Moulds\",\"description\":\"Benefits of modular construction\",\"potentialAction\":[{\"@type\":\"SearchAction\",\"target\":{\"@type\":\"EntryPoint\",\"urlTemplate\":\"https:\\\/\\\/www.blockmoulds.com\\\/it\\\/?s={search_term_string}\"},\"query-input\":{\"@type\":\"PropertyValueSpecification\",\"valueRequired\":true,\"valueName\":\"search_term_string\"}}],\"inLanguage\":\"it-IT\"}]}<\/script>\n<!-- \/ Yoast SEO plugin. -->","yoast_head_json":{"title":"Sili agricoli pensati per uno stoccaggio ottimale - Block Moulds","description":"Sili costruiti con blocchi a incastro in calcestruzzo per la conservazione di foraggio e mangimi nel settore agricolo. Scopri i prodotti Block Moulds.","robots":{"index":"index","follow":"follow","max-snippet":"max-snippet:-1","max-image-preview":"max-image-preview:large","max-video-preview":"max-video-preview:-1"},"canonical":"https:\/\/www.blockmoulds.com\/it\/applicazioni\/sili-agricoli\/","og_locale":"it_IT","og_type":"article","og_title":"Sili agricoli pensati per uno stoccaggio ottimale - Block Moulds","og_description":"Sili costruiti con blocchi a incastro in calcestruzzo per la conservazione di foraggio e mangimi nel settore agricolo. Scopri i prodotti Block Moulds.","og_url":"https:\/\/www.blockmoulds.com\/it\/applicazioni\/sili-agricoli\/","og_site_name":"Block Moulds","article_modified_time":"2025-03-03T08:08:33+00:00","twitter_card":"summary_large_image","twitter_misc":{"Tempo di lettura stimato":"2 minuti"},"schema":{"@context":"https:\/\/schema.org","@graph":[{"@type":"WebPage","@id":"https:\/\/www.blockmoulds.com\/it\/applicazioni\/sili-agricoli\/","url":"https:\/\/www.blockmoulds.com\/it\/applicazioni\/sili-agricoli\/","name":"Sili agricoli pensati per uno stoccaggio ottimale - Block Moulds","isPartOf":{"@id":"https:\/\/www.blockmoulds.com\/it\/#website"},"datePublished":"2019-04-28T16:06:33+00:00","dateModified":"2025-03-03T08:08:33+00:00","description":"Sili costruiti con blocchi a incastro in calcestruzzo per la conservazione di foraggio e mangimi nel settore agricolo. Scopri i prodotti Block Moulds.","breadcrumb":{"@id":"https:\/\/www.blockmoulds.com\/it\/applicazioni\/sili-agricoli\/#breadcrumb"},"inLanguage":"it-IT","potentialAction":[{"@type":"ReadAction","target":["https:\/\/www.blockmoulds.com\/it\/applicazioni\/sili-agricoli\/"]}]},{"@type":"BreadcrumbList","@id":"https:\/\/www.blockmoulds.com\/it\/applicazioni\/sili-agricoli\/#breadcrumb","itemListElement":[{"@type":"ListItem","position":1,"name":"Home","item":"https:\/\/www.blockmoulds.com\/it\/"},{"@type":"ListItem","position":2,"name":"Applicazioni","item":"https:\/\/www.blockmoulds.com\/it\/applicazioni\/"},{"@type":"ListItem","position":3,"name":"Sili agricoli"}]},{"@type":"WebSite","@id":"https:\/\/www.blockmoulds.com\/it\/#website","url":"https:\/\/www.blockmoulds.com\/it\/","name":"Block Moulds","description":"Benefits of modular construction","potentialAction":[{"@type":"SearchAction","target":{"@type":"EntryPoint","urlTemplate":"https:\/\/www.blockmoulds.com\/it\/?s={search_term_string}"},"query-input":{"@type":"PropertyValueSpecification","valueRequired":true,"valueName":"search_term_string"}}],"inLanguage":"it-IT"}]}},"_links":{"self":[{"href":"https:\/\/www.blockmoulds.com\/it\/wp-json\/wp\/v2\/pages\/16026","targetHints":{"allow":["GET"]}}],"collection":[{"href":"https:\/\/www.blockmoulds.com\/it\/wp-json\/wp\/v2\/pages"}],"about":[{"href":"https:\/\/www.blockmoulds.com\/it\/wp-json\/wp\/v2\/types\/page"}],"author":[{"embeddable":true,"href":"https:\/\/www.blockmoulds.com\/it\/wp-json\/wp\/v2\/users\/2"}],"replies":[{"embeddable":true,"href":"https:\/\/www.blockmoulds.com\/it\/wp-json\/wp\/v2\/comments?post=16026"}],"version-history":[{"count":1,"href":"https:\/\/www.blockmoulds.com\/it\/wp-json\/wp\/v2\/pages\/16026\/revisions"}],"predecessor-version":[{"id":22641,"href":"https:\/\/www.blockmoulds.com\/it\/wp-json\/wp\/v2\/pages\/16026\/revisions\/22641"}],"up":[{"embeddable":true,"href":"https:\/\/www.blockmoulds.com\/it\/wp-json\/wp\/v2\/pages\/15995"}],"wp:attachment":[{"href":"https:\/\/www.blockmoulds.com\/it\/wp-json\/wp\/v2\/media?parent=16026"}],"curies":[{"name":"wp","href":"https:\/\/api.w.org\/{rel}","templated":true}]}}