{"id":25058,"date":"2026-04-22T13:12:34","date_gmt":"2026-04-22T13:12:34","guid":{"rendered":"https:\/\/www.blockmoulds.com\/shop\/closing-tool\/"},"modified":"2026-04-23T06:57:38","modified_gmt":"2026-04-23T06:57:38","slug":"utensile-di-chiusura","status":"publish","type":"product","link":"https:\/\/www.blockmoulds.com\/it\/shop\/utensile-di-chiusura\/","title":{"rendered":"Utensile di chiusura per stampi in calcestruzzo"},"content":{"rendered":"","protected":false},"excerpt":{"rendered":"<p>Questo utensile di chiusura \u00e8 stato progettato appositamente per rendere ancora pi\u00f9 semplice la chiusura degli <a href=\"https:\/\/www.blockmoulds.com\/it\/shop\/?product_cat=stampi-per-blocchi\"><strong>stampi per blocchi in calcestruzzo<\/strong><\/a>. Con questo utensile, \u00e8 possibile avvicinare facilmente le due parti separate a forma di L dello stampo per blocchi in calcestruzzo e chiudere completamente e facilmente gli elementi angolari. Una volta che gli elementi angolari sono completamente uniti, devono essere fissati inserendo i <a href=\"https:\/\/www.blockmoulds.com\/it\/shop\/zeppe\/\"><strong>cunei<\/strong><\/a>.<\/p>\n<section class=\"text-token-text-primary w-full focus:outline-none [--shadow-height:45px] has-data-writing-block:pointer-events-none has-data-writing-block:-mt-(--shadow-height) has-data-writing-block:pt-(--shadow-height) [&amp;:has([data-writing-block])&gt;*]:pointer-events-auto [content-visibility:auto] supports-[content-visibility:auto]:[contain-intrinsic-size:auto_100lvh] R6Vx5W_threadScrollVars scroll-mb-[calc(var(--scroll-root-safe-area-inset-bottom,0px)+var(--thread-response-height))] scroll-mt-[calc(var(--header-height)+min(200px,max(70px,20svh)))]\" dir=\"auto\" data-turn-id=\"43e9a0fe-9165-488c-9abe-9e3ea1142417\" data-testid=\"conversation-turn-2\" data-scroll-anchor=\"false\" data-turn=\"assistant\">\n<div class=\"text-base my-auto mx-auto pb-10 [--thread-content-margin:var(--thread-content-margin-xs,calc(var(--spacing)*4))] @w-sm\/main:[--thread-content-margin:var(--thread-content-margin-sm,calc(var(--spacing)*6))] @w-lg\/main:[--thread-content-margin:var(--thread-content-margin-lg,calc(var(--spacing)*16))] px-(--thread-content-margin)\">\n<div class=\"[--thread-content-max-width:40rem] @w-lg\/main:[--thread-content-max-width:48rem] mx-auto max-w-(--thread-content-max-width) flex-1 group\/turn-messages focus-visible:outline-hidden relative flex w-full min-w-0 flex-col agent-turn\">\n<div class=\"flex max-w-full flex-col gap-4 grow\">\n<div class=\"min-h-8 text-message relative flex w-full flex-col items-end gap-2 text-start break-words whitespace-normal outline-none keyboard-focused:focus-ring [.text-message+&amp;]:mt-1\" dir=\"auto\" tabindex=\"0\" data-message-author-role=\"assistant\" data-message-id=\"3b70e028-986d-456f-9729-8c716f579588\" data-turn-start-message=\"true\" data-message-model-slug=\"gpt-5-3\">\n<div class=\"flex w-full flex-col gap-1 empty:hidden\">\n<div class=\"markdown prose dark:prose-invert w-full wrap-break-word light markdown-new-styling\">\n<p data-start=\"2336\" data-end=\"3130\" data-is-last-node=\"\" data-is-only-node=\"\">Questo utensile di chiusura \u00e8 realizzato in acciaio robusto ed \u00e8 zincato a caldo per garantire una protezione superiore contro la corrosione e altre influenze esterne.<\/p>\n<p data-start=\"2336\" data-end=\"3130\" data-is-last-node=\"\" data-is-only-node=\"\">Grazie alla nostra competenza e a molti anni di esperienza degli utenti, sviluppiamo prodotti basati su una tecnologia collaudata.<\/p>\n<\/div>\n<\/div>\n<\/div>\n<\/div>\n<div class=\"z-0 flex min-h-[46px] justify-start\"><\/div>\n<\/div>\n<\/div>\n<\/section>\n<div class=\"pointer-events-none -mt-px h-px translate-y-[calc(var(--scroll-root-safe-area-inset-bottom)-14*var(--spacing))]\" aria-hidden=\"true\"><\/div>\n","protected":false},"featured_media":25041,"template":"","meta":[],"product_brand":[],"product_cat":[283],"product_tag":[],"class_list":{"0":"post-25058","1":"product","2":"type-product","3":"status-publish","4":"has-post-thumbnail","6":"product_cat-mezzi-di-sollevamento-e-accessori","8":"first","9":"instock","10":"taxable","11":"shipping-taxable","12":"purchasable","13":"product-type-simple"},"yoast_head":"<!-- This site is optimized with the Yoast SEO plugin v27.4 - https:\/\/yoast.com\/product\/yoast-seo-wordpress\/ -->\n<title>Utensile di chiusura per stampi in calcestruzzo - Block Moulds<\/title>\n<meta name=\"robots\" content=\"index, follow, max-snippet:-1, max-image-preview:large, max-video-preview:-1\" \/>\n<link rel=\"canonical\" href=\"https:\/\/www.blockmoulds.com\/it\/shop\/utensile-di-chiusura\/\" \/>\n<meta property=\"og:locale\" content=\"it_IT\" \/>\n<meta property=\"og:type\" content=\"article\" \/>\n<meta property=\"og:title\" content=\"Utensile di chiusura per stampi in calcestruzzo - Block Moulds\" \/>\n<meta property=\"og:description\" content=\"Questo utensile di chiusura \u00e8 stato progettato appositamente per rendere ancora pi\u00f9 semplice la chiusura degli stampi per blocchi in calcestruzzo. Con questo utensile, \u00e8 possibile avvicinare facilmente le due parti separate a forma di L dello stampo per blocchi in calcestruzzo e chiudere completamente e facilmente gli elementi angolari. Una volta che gli elementi angolari sono completamente uniti, devono essere fissati inserendo i cunei.         Questo utensile di chiusura \u00e8 realizzato in acciaio robusto ed \u00e8 zincato a caldo per garantire una protezione superiore contro la corrosione e altre influenze esterne. Grazie alla nostra competenza e a molti anni di esperienza degli utenti, sviluppiamo prodotti basati su una tecnologia collaudata.\" \/>\n<meta property=\"og:url\" content=\"https:\/\/www.blockmoulds.com\/it\/shop\/utensile-di-chiusura\/\" \/>\n<meta property=\"og:site_name\" content=\"Block Moulds\" \/>\n<meta property=\"article:modified_time\" content=\"2026-04-23T06:57:38+00:00\" \/>\n<meta property=\"og:image\" content=\"https:\/\/www.blockmoulds.com\/wp-content\/uploads\/2026\/04\/mould-closer.jpg\" \/>\n\t<meta property=\"og:image:width\" content=\"900\" \/>\n\t<meta property=\"og:image:height\" content=\"900\" \/>\n\t<meta property=\"og:image:type\" content=\"image\/jpeg\" \/>\n<meta name=\"twitter:card\" content=\"summary_large_image\" \/>\n<meta name=\"twitter:label1\" content=\"Tempo di lettura stimato\" \/>\n\t<meta name=\"twitter:data1\" content=\"1 minuto\" \/>\n<script type=\"application\/ld+json\" class=\"yoast-schema-graph\">{\"@context\":\"https:\\\/\\\/schema.org\",\"@graph\":[{\"@type\":\"WebPage\",\"@id\":\"https:\\\/\\\/www.blockmoulds.com\\\/it\\\/shop\\\/utensile-di-chiusura\\\/\",\"url\":\"https:\\\/\\\/www.blockmoulds.com\\\/it\\\/shop\\\/utensile-di-chiusura\\\/\",\"name\":\"Utensile di chiusura per stampi in calcestruzzo - Block Moulds\",\"isPartOf\":{\"@id\":\"https:\\\/\\\/www.blockmoulds.com\\\/it\\\/#website\"},\"primaryImageOfPage\":{\"@id\":\"https:\\\/\\\/www.blockmoulds.com\\\/it\\\/shop\\\/utensile-di-chiusura\\\/#primaryimage\"},\"image\":{\"@id\":\"https:\\\/\\\/www.blockmoulds.com\\\/it\\\/shop\\\/utensile-di-chiusura\\\/#primaryimage\"},\"thumbnailUrl\":\"https:\\\/\\\/www.blockmoulds.com\\\/wp-content\\\/uploads\\\/2026\\\/04\\\/mould-closer.jpg\",\"datePublished\":\"2026-04-22T13:12:34+00:00\",\"dateModified\":\"2026-04-23T06:57:38+00:00\",\"breadcrumb\":{\"@id\":\"https:\\\/\\\/www.blockmoulds.com\\\/it\\\/shop\\\/utensile-di-chiusura\\\/#breadcrumb\"},\"inLanguage\":\"it-IT\",\"potentialAction\":[{\"@type\":\"ReadAction\",\"target\":[\"https:\\\/\\\/www.blockmoulds.com\\\/it\\\/shop\\\/utensile-di-chiusura\\\/\"]}]},{\"@type\":\"ImageObject\",\"inLanguage\":\"it-IT\",\"@id\":\"https:\\\/\\\/www.blockmoulds.com\\\/it\\\/shop\\\/utensile-di-chiusura\\\/#primaryimage\",\"url\":\"https:\\\/\\\/www.blockmoulds.com\\\/wp-content\\\/uploads\\\/2026\\\/04\\\/mould-closer.jpg\",\"contentUrl\":\"https:\\\/\\\/www.blockmoulds.com\\\/wp-content\\\/uploads\\\/2026\\\/04\\\/mould-closer.jpg\",\"width\":900,\"height\":900,\"caption\":\"mould closer\"},{\"@type\":\"BreadcrumbList\",\"@id\":\"https:\\\/\\\/www.blockmoulds.com\\\/it\\\/shop\\\/utensile-di-chiusura\\\/#breadcrumb\",\"itemListElement\":[{\"@type\":\"ListItem\",\"position\":1,\"name\":\"Home\",\"item\":\"https:\\\/\\\/www.blockmoulds.com\\\/it\\\/\"},{\"@type\":\"ListItem\",\"position\":2,\"name\":\"Negozio\",\"item\":\"https:\\\/\\\/www.blockmoulds.com\\\/it\\\/shop\\\/\"},{\"@type\":\"ListItem\",\"position\":3,\"name\":\"Utensile di chiusura per stampi in calcestruzzo\"}]},{\"@type\":\"WebSite\",\"@id\":\"https:\\\/\\\/www.blockmoulds.com\\\/it\\\/#website\",\"url\":\"https:\\\/\\\/www.blockmoulds.com\\\/it\\\/\",\"name\":\"Block Moulds\",\"description\":\"Benefits of modular construction\",\"potentialAction\":[{\"@type\":\"SearchAction\",\"target\":{\"@type\":\"EntryPoint\",\"urlTemplate\":\"https:\\\/\\\/www.blockmoulds.com\\\/it\\\/?s={search_term_string}\"},\"query-input\":{\"@type\":\"PropertyValueSpecification\",\"valueRequired\":true,\"valueName\":\"search_term_string\"}}],\"inLanguage\":\"it-IT\"}]}<\/script>\n<!-- \/ Yoast SEO plugin. -->","yoast_head_json":{"title":"Utensile di chiusura per stampi in calcestruzzo - Block Moulds","robots":{"index":"index","follow":"follow","max-snippet":"max-snippet:-1","max-image-preview":"max-image-preview:large","max-video-preview":"max-video-preview:-1"},"canonical":"https:\/\/www.blockmoulds.com\/it\/shop\/utensile-di-chiusura\/","og_locale":"it_IT","og_type":"article","og_title":"Utensile di chiusura per stampi in calcestruzzo - Block Moulds","og_description":"Questo utensile di chiusura \u00e8 stato progettato appositamente per rendere ancora pi\u00f9 semplice la chiusura degli stampi per blocchi in calcestruzzo. Con questo utensile, \u00e8 possibile avvicinare facilmente le due parti separate a forma di L dello stampo per blocchi in calcestruzzo e chiudere completamente e facilmente gli elementi angolari. Una volta che gli elementi angolari sono completamente uniti, devono essere fissati inserendo i cunei.         Questo utensile di chiusura \u00e8 realizzato in acciaio robusto ed \u00e8 zincato a caldo per garantire una protezione superiore contro la corrosione e altre influenze esterne. Grazie alla nostra competenza e a molti anni di esperienza degli utenti, sviluppiamo prodotti basati su una tecnologia collaudata.","og_url":"https:\/\/www.blockmoulds.com\/it\/shop\/utensile-di-chiusura\/","og_site_name":"Block Moulds","article_modified_time":"2026-04-23T06:57:38+00:00","og_image":[{"width":900,"height":900,"url":"https:\/\/www.blockmoulds.com\/wp-content\/uploads\/2026\/04\/mould-closer.jpg","type":"image\/jpeg"}],"twitter_card":"summary_large_image","twitter_misc":{"Tempo di lettura stimato":"1 minuto"},"schema":{"@context":"https:\/\/schema.org","@graph":[{"@type":"WebPage","@id":"https:\/\/www.blockmoulds.com\/it\/shop\/utensile-di-chiusura\/","url":"https:\/\/www.blockmoulds.com\/it\/shop\/utensile-di-chiusura\/","name":"Utensile di chiusura per stampi in calcestruzzo - Block Moulds","isPartOf":{"@id":"https:\/\/www.blockmoulds.com\/it\/#website"},"primaryImageOfPage":{"@id":"https:\/\/www.blockmoulds.com\/it\/shop\/utensile-di-chiusura\/#primaryimage"},"image":{"@id":"https:\/\/www.blockmoulds.com\/it\/shop\/utensile-di-chiusura\/#primaryimage"},"thumbnailUrl":"https:\/\/www.blockmoulds.com\/wp-content\/uploads\/2026\/04\/mould-closer.jpg","datePublished":"2026-04-22T13:12:34+00:00","dateModified":"2026-04-23T06:57:38+00:00","breadcrumb":{"@id":"https:\/\/www.blockmoulds.com\/it\/shop\/utensile-di-chiusura\/#breadcrumb"},"inLanguage":"it-IT","potentialAction":[{"@type":"ReadAction","target":["https:\/\/www.blockmoulds.com\/it\/shop\/utensile-di-chiusura\/"]}]},{"@type":"ImageObject","inLanguage":"it-IT","@id":"https:\/\/www.blockmoulds.com\/it\/shop\/utensile-di-chiusura\/#primaryimage","url":"https:\/\/www.blockmoulds.com\/wp-content\/uploads\/2026\/04\/mould-closer.jpg","contentUrl":"https:\/\/www.blockmoulds.com\/wp-content\/uploads\/2026\/04\/mould-closer.jpg","width":900,"height":900,"caption":"mould closer"},{"@type":"BreadcrumbList","@id":"https:\/\/www.blockmoulds.com\/it\/shop\/utensile-di-chiusura\/#breadcrumb","itemListElement":[{"@type":"ListItem","position":1,"name":"Home","item":"https:\/\/www.blockmoulds.com\/it\/"},{"@type":"ListItem","position":2,"name":"Negozio","item":"https:\/\/www.blockmoulds.com\/it\/shop\/"},{"@type":"ListItem","position":3,"name":"Utensile di chiusura per stampi in calcestruzzo"}]},{"@type":"WebSite","@id":"https:\/\/www.blockmoulds.com\/it\/#website","url":"https:\/\/www.blockmoulds.com\/it\/","name":"Block Moulds","description":"Benefits of modular construction","potentialAction":[{"@type":"SearchAction","target":{"@type":"EntryPoint","urlTemplate":"https:\/\/www.blockmoulds.com\/it\/?s={search_term_string}"},"query-input":{"@type":"PropertyValueSpecification","valueRequired":true,"valueName":"search_term_string"}}],"inLanguage":"it-IT"}]}},"_links":{"self":[{"href":"https:\/\/www.blockmoulds.com\/it\/wp-json\/wp\/v2\/product\/25058","targetHints":{"allow":["GET"]}}],"collection":[{"href":"https:\/\/www.blockmoulds.com\/it\/wp-json\/wp\/v2\/product"}],"about":[{"href":"https:\/\/www.blockmoulds.com\/it\/wp-json\/wp\/v2\/types\/product"}],"wp:featuredmedia":[{"embeddable":true,"href":"https:\/\/www.blockmoulds.com\/it\/wp-json\/wp\/v2\/media\/25041"}],"wp:attachment":[{"href":"https:\/\/www.blockmoulds.com\/it\/wp-json\/wp\/v2\/media?parent=25058"}],"wp:term":[{"taxonomy":"product_brand","embeddable":true,"href":"https:\/\/www.blockmoulds.com\/it\/wp-json\/wp\/v2\/product_brand?post=25058"},{"taxonomy":"product_cat","embeddable":true,"href":"https:\/\/www.blockmoulds.com\/it\/wp-json\/wp\/v2\/product_cat?post=25058"},{"taxonomy":"product_tag","embeddable":true,"href":"https:\/\/www.blockmoulds.com\/it\/wp-json\/wp\/v2\/product_tag?post=25058"}],"curies":[{"name":"wp","href":"https:\/\/api.w.org\/{rel}","templated":true}]}}